{"id":10220,"date":"2025-06-05T17:43:21","date_gmt":"2025-06-05T20:43:21","guid":{"rendered":"https:\/\/cmfalla-caba.infd.edu.ar\/sitio\/?page_id=10220"},"modified":"2025-06-09T15:15:58","modified_gmt":"2025-06-09T18:15:58","slug":"10220-2","status":"publish","type":"page","link":"https:\/\/cmfalla-caba.infd.edu.ar\/sitio\/10220-2\/","title":{"rendered":""},"content":{"rendered":"\n<style>\n  .bloque {\n    margin-bottom: 40px;\n    font-family: system-ui, sans-serif;\n  }\n\n  h2 {\n    font-size: 28px;\n    margin-bottom: 10px;\n  }\n\n  .info-box {\n    background: #e7e7e7;\n    padding: 12px 20px;\n    border-radius: 8px;\n    font-size: 16px;\n    margin-bottom: 20px;\n  }\n\n  .lista {\n    border-left: 3px solid #207dc7;\n    padding-left: 16px;\n    margin-top: 10px;\n  }\n\n  .lista a {\n    display: block;\n    color: #207dc7;\n    text-decoration: none;\n    font-size: 18px;\n    margin-bottom: 8px;\n  }\n\n  .lista a:hover {\n    text-decoration: underline;\n  }\n\n  .aviso-online {\n    background: #207dc7;\n    color: white;\n    padding: 12px 20px;\n    border-radius: 30px;\n    margin-bottom: 20px;\n    font-size: 16px;\n    max-width: 100%;\n  }\n\n  .nota {\n    font-size: 14px;\n    color: #555;\n    margin-top: -10px;\n    margin-bottom: 20px;\n  }\n<\/style>\n\n<div class=\"bloque\">\n  <h2>Constancias y Solicitudes Presenciales<\/h2>\n  <div class=\"info-box\">\n    Para ser IMPRESAS, completadas con bol\u00edgrafo y firmadas\/selladas en Regencia.\n  <\/div>\n  <div class=\"lista\">\n    <a href=\"https:\/\/cmfalla-caba.infd.edu.ar\/sitio\/wp-content\/uploads\/2025\/06\/Constancia-Estudiante-Regular.pdf\" target=\"_blank\" rel=\"noopener\">Constancia de Estudiante Regular<\/a>\n    <a href=\"https:\/\/cmfalla-caba.infd.edu.ar\/sitio\/wp-content\/uploads\/2025\/06\/Constancia-de-Examen-para-Estudiantes.pdf\" target=\"_blank\" rel=\"noopener\">Constancia de Examen<\/a>\n    <a href=\"https:\/\/cmfalla-caba.infd.edu.ar\/sitio\/wp-content\/uploads\/2025\/06\/Constancias-de-Practicas-para-Estudiantes.docx.pdf\" target=\"_blank\" rel=\"noopener\">Constancia de Pr\u00e1cticas<\/a>\n    <a href=\"https:\/\/cmfalla-caba.infd.edu.ar\/sitio\/wp-content\/uploads\/2025\/06\/Constancia-de-Materias-en-Curso.pdf\" target=\"_blank\" rel=\"noopener\">Constancia de Materias en Curso<\/a>\n    <a href=\"https:\/\/cmfalla-caba.infd.edu.ar\/sitio\/wp-content\/uploads\/2025\/06\/Solicitud-de-Cursada-en-Calidad-de-Oyente.pdf\" target=\"_blank\" rel=\"noopener\">Solicitud de Cursada en Calidad de Oyente<\/a>\n  <\/div>\n<\/div>\n\n<div class=\"bloque\">\n  <h2>Constancias y Anal\u00edtico Parcial Online<\/h2>\n  <div class=\"aviso-online\">\n    El usuario y contrase\u00f1a del Campus Virtual del CSMMF no sirve para realizar los siguientes tr\u00e1mites.\n  <\/div>\n  <div class=\"nota\">\n    *Para aquellos\/as que tienen problemas para conseguir tramitar en esta p\u00e1gina sus anal\u00edticos parciales y\/o su constancia de estudiante regular, deben acercarse a la oficina de Registro de Alumnos\/as a cotejar y confirmar sus respectivos datos en el sistema de alumnos\/as.\n  <\/div>\n  <div class=\"lista\">\n    <a href=\"https:\/\/csmmf.kreyness.net\/cgi-bin\/alumnoregular.pl\" target=\"_blank\" rel=\"noopener\">Constancia de Estudiante Regular Online<\/a>\n    <a href=\"https:\/\/csmmf.kreyness.net\/cgi-bin\/materias-nuevo.pl\" target=\"_blank\" rel=\"noopener\">Certificado de Materias Aprobadas<\/a>\n  <\/div>\n  <div class=\"info-box\">\n    Estos tr\u00e1mites gestionados de manera ONLINE, tambi\u00e9n deben ser firmados\/sellados en Regencia.\n  <\/div>\n<\/div>\n","protected":false},"excerpt":{"rendered":"<p>Constancias y Solicitudes Presenciales Para ser IMPRESAS, completadas con bol\u00edgrafo y firmadas\/selladas en Regencia. Constancia de Estudiante Regular Constancia de Examen Constancia de Pr\u00e1cticas Constancia de Materias en Curso Solicitud de Cursada en Calidad de Oyente Constancias y Anal\u00edtico Parcial Online El usuario y contrase\u00f1a del Campus Virtual del CSMMF no sirve para realizar los &#8230; <a title=\"\" class=\"read-more\" href=\"https:\/\/cmfalla-caba.infd.edu.ar\/sitio\/10220-2\/\" aria-label=\"More on \">[+]<\/a><\/p>\n","protected":false},"author":7780,"featured_media":0,"parent":0,"menu_order":0,"comment_status":"closed","ping_status":"closed","template":"","meta":[],"acf":[],"_links":{"self":[{"href":"https:\/\/cmfalla-caba.infd.edu.ar\/sitio\/wp-json\/wp\/v2\/pages\/10220"}],"collection":[{"href":"https:\/\/cmfalla-caba.infd.edu.ar\/sitio\/wp-json\/wp\/v2\/pages"}],"about":[{"href":"https:\/\/cmfalla-caba.infd.edu.ar\/sitio\/wp-json\/wp\/v2\/types\/page"}],"author":[{"embeddable":true,"href":"https:\/\/cmfalla-caba.infd.edu.ar\/sitio\/wp-json\/wp\/v2\/users\/7780"}],"replies":[{"embeddable":true,"href":"https:\/\/cmfalla-caba.infd.edu.ar\/sitio\/wp-json\/wp\/v2\/comments?post=10220"}],"version-history":[{"count":3,"href":"https:\/\/cmfalla-caba.infd.edu.ar\/sitio\/wp-json\/wp\/v2\/pages\/10220\/revisions"}],"predecessor-version":[{"id":10228,"href":"https:\/\/cmfalla-caba.infd.edu.ar\/sitio\/wp-json\/wp\/v2\/pages\/10220\/revisions\/10228"}],"wp:attachment":[{"href":"https:\/\/cmfalla-caba.infd.edu.ar\/sitio\/wp-json\/wp\/v2\/media?parent=10220"}],"curies":[{"name":"wp","href":"https:\/\/api.w.org\/{rel}","templated":true}]}}