{"id":10229,"date":"2025-06-09T15:28:02","date_gmt":"2025-06-09T18:28:02","guid":{"rendered":"https:\/\/cmfalla-caba.infd.edu.ar\/sitio\/?page_id=10229"},"modified":"2025-06-09T15:28:04","modified_gmt":"2025-06-09T18:28:04","slug":"10229-2","status":"publish","type":"page","link":"https:\/\/cmfalla-caba.infd.edu.ar\/sitio\/10229-2\/","title":{"rendered":""},"content":{"rendered":"\n<section style=\"padding: 20px; background-color: #f9f9f9; border-left: 4px solid #0073aa;\">\n  <h2 style=\"color: #0073aa; margin-bottom: 10px;\">Alta CAMPUS VIRTUAL<\/h2>\n  <p>Para poder cursar aquellas materias en las que el docente haya creado un aula virtual, necesit\u00e1s tener un usuario en el Campus.<\/p>\n  <p>Si <strong>todav\u00eda no ten\u00e9s usuario<\/strong>, deb\u00e9s escribir a <a href=\"mailto:consultas.campuscsmmf@gmail.com\">consultas.campuscsmmf@gmail.com<\/a> con los siguientes datos:<\/p>\n  <ul style=\"margin-top: 10px;\">\n    <li>Nombre y apellido<\/li>\n    <li>DNI<\/li>\n    <li>Carrera<\/li>\n    <li>Correo electr\u00f3nico<\/li>\n  <\/ul>\n<\/section>\n","protected":false},"excerpt":{"rendered":"<p>Alta CAMPUS VIRTUAL Para poder cursar aquellas materias en las que el docente haya creado un aula virtual, necesit\u00e1s tener un usuario en el Campus. Si todav\u00eda no ten\u00e9s usuario, deb\u00e9s escribir a consultas.campuscsmmf@gmail.com con los siguientes datos: Nombre y apellido DNI Carrera Correo electr\u00f3nico<\/p>\n","protected":false},"author":7780,"featured_media":0,"parent":0,"menu_order":0,"comment_status":"closed","ping_status":"closed","template":"","meta":[],"acf":[],"_links":{"self":[{"href":"https:\/\/cmfalla-caba.infd.edu.ar\/sitio\/wp-json\/wp\/v2\/pages\/10229"}],"collection":[{"href":"https:\/\/cmfalla-caba.infd.edu.ar\/sitio\/wp-json\/wp\/v2\/pages"}],"about":[{"href":"https:\/\/cmfalla-caba.infd.edu.ar\/sitio\/wp-json\/wp\/v2\/types\/page"}],"author":[{"embeddable":true,"href":"https:\/\/cmfalla-caba.infd.edu.ar\/sitio\/wp-json\/wp\/v2\/users\/7780"}],"replies":[{"embeddable":true,"href":"https:\/\/cmfalla-caba.infd.edu.ar\/sitio\/wp-json\/wp\/v2\/comments?post=10229"}],"version-history":[{"count":1,"href":"https:\/\/cmfalla-caba.infd.edu.ar\/sitio\/wp-json\/wp\/v2\/pages\/10229\/revisions"}],"predecessor-version":[{"id":10230,"href":"https:\/\/cmfalla-caba.infd.edu.ar\/sitio\/wp-json\/wp\/v2\/pages\/10229\/revisions\/10230"}],"wp:attachment":[{"href":"https:\/\/cmfalla-caba.infd.edu.ar\/sitio\/wp-json\/wp\/v2\/media?parent=10229"}],"curies":[{"name":"wp","href":"https:\/\/api.w.org\/{rel}","templated":true}]}}