{"id":10233,"date":"2025-06-09T15:48:57","date_gmt":"2025-06-09T18:48:57","guid":{"rendered":"https:\/\/cmfalla-caba.infd.edu.ar\/sitio\/?page_id=10233"},"modified":"2025-06-09T15:48:59","modified_gmt":"2025-06-09T18:48:59","slug":"10233-2","status":"publish","type":"page","link":"https:\/\/cmfalla-caba.infd.edu.ar\/sitio\/10233-2\/","title":{"rendered":""},"content":{"rendered":"\n<section style=\"display: flex; flex-wrap: wrap; align-items: flex-start; gap: 20px; background-color: #f9f9f9; padding: 20px; border-left: 4px solid #0073aa;\">\n  <div style=\"flex: 1 1 300px;\">\n    <h2 style=\"color: #0073aa;\">Libreta de Estudiante<\/h2>\n    <p>La <strong>libreta de estudiante<\/strong> es fundamental para llevar un registro de tus notas y acreditar tu trayectoria acad\u00e9mica ante cualquier inconveniente.<\/p>\n    <p>Adem\u00e1s, es <strong>necesaria y obligatoria<\/strong> para solicitar el pr\u00e9stamo de aulas e instrumentos.<\/p>\n    <h4>\u00bfC\u00f3mo se tramita?<\/h4>\n    <p>Deb\u00e9s acercarte a la <strong>oficina de Registro de Alumnos\/as<\/strong> y dejar en un sobre o folio los siguientes elementos:<\/p>\n    <ul>\n      <li>Foto a color 4&#215;4<\/li>\n      <li>Fotocopia del DNI (frente y dorso)<\/li>\n      <li>Nota que indique en qu\u00e9 carrera est\u00e1s inscripto\/a<\/li>\n    <\/ul>\n  <\/div>\n  <div style=\"flex: 0 0 250px;\">\n    <img decoding=\"async\" src=\"https:\/\/cmfalla-caba.infd.edu.ar\/sitio\/wp-content\/uploads\/2025\/06\/IMG_9058-scaled.jpg\" alt=\"Libreta de estudiante\" style=\"width: 100%; height: auto; border-radius: 8px; box-shadow: 0 2px 6px rgba(0,0,0,0.2);\">\n  <\/div>\n<\/section>\n","protected":false},"excerpt":{"rendered":"<p>Libreta de Estudiante La libreta de estudiante es fundamental para llevar un registro de tus notas y acreditar tu trayectoria acad\u00e9mica ante cualquier inconveniente. Adem\u00e1s, es necesaria y obligatoria para solicitar el pr\u00e9stamo de aulas e instrumentos. \u00bfC\u00f3mo se tramita? Deb\u00e9s acercarte a la oficina de Registro de Alumnos\/as y dejar en un sobre o &#8230; <a title=\"\" class=\"read-more\" href=\"https:\/\/cmfalla-caba.infd.edu.ar\/sitio\/10233-2\/\" aria-label=\"More on \">[+]<\/a><\/p>\n","protected":false},"author":7780,"featured_media":0,"parent":0,"menu_order":0,"comment_status":"closed","ping_status":"closed","template":"","meta":[],"acf":[],"_links":{"self":[{"href":"https:\/\/cmfalla-caba.infd.edu.ar\/sitio\/wp-json\/wp\/v2\/pages\/10233"}],"collection":[{"href":"https:\/\/cmfalla-caba.infd.edu.ar\/sitio\/wp-json\/wp\/v2\/pages"}],"about":[{"href":"https:\/\/cmfalla-caba.infd.edu.ar\/sitio\/wp-json\/wp\/v2\/types\/page"}],"author":[{"embeddable":true,"href":"https:\/\/cmfalla-caba.infd.edu.ar\/sitio\/wp-json\/wp\/v2\/users\/7780"}],"replies":[{"embeddable":true,"href":"https:\/\/cmfalla-caba.infd.edu.ar\/sitio\/wp-json\/wp\/v2\/comments?post=10233"}],"version-history":[{"count":1,"href":"https:\/\/cmfalla-caba.infd.edu.ar\/sitio\/wp-json\/wp\/v2\/pages\/10233\/revisions"}],"predecessor-version":[{"id":10234,"href":"https:\/\/cmfalla-caba.infd.edu.ar\/sitio\/wp-json\/wp\/v2\/pages\/10233\/revisions\/10234"}],"wp:attachment":[{"href":"https:\/\/cmfalla-caba.infd.edu.ar\/sitio\/wp-json\/wp\/v2\/media?parent=10233"}],"curies":[{"name":"wp","href":"https:\/\/api.w.org\/{rel}","templated":true}]}}