{"id":10289,"date":"2025-06-15T21:40:28","date_gmt":"2025-06-16T00:40:28","guid":{"rendered":"https:\/\/cmfalla-caba.infd.edu.ar\/sitio\/?page_id=10289"},"modified":"2025-09-01T16:00:53","modified_gmt":"2025-09-01T19:00:53","slug":"canal-de-podcasts","status":"publish","type":"page","link":"https:\/\/cmfalla-caba.infd.edu.ar\/sitio\/canal-de-podcasts\/","title":{"rendered":"Canal de Podcasts"},"content":{"rendered":"\n<div class=\"wp-block-media-text alignwide is-stacked-on-mobile\" style=\"grid-template-columns:15% auto\"><figure class=\"wp-block-media-text__media\"><img decoding=\"async\" loading=\"lazy\" width=\"1080\" height=\"1080\" src=\"https:\/\/cmfalla-caba.infd.edu.ar\/sitio\/wp-content\/uploads\/2025\/09\/YOUTUBE-Notas-del-mundo-musical-sin-podcast-2.jpg\" alt=\"\" class=\"wp-image-10687 size-full\" srcset=\"https:\/\/cmfalla-caba.infd.edu.ar\/sitio\/wp-content\/uploads\/2025\/09\/YOUTUBE-Notas-del-mundo-musical-sin-podcast-2.jpg 1080w, https:\/\/cmfalla-caba.infd.edu.ar\/sitio\/wp-content\/uploads\/2025\/09\/YOUTUBE-Notas-del-mundo-musical-sin-podcast-2-1000x1000.jpg 1000w, https:\/\/cmfalla-caba.infd.edu.ar\/sitio\/wp-content\/uploads\/2025\/09\/YOUTUBE-Notas-del-mundo-musical-sin-podcast-2-500x500.jpg 500w, https:\/\/cmfalla-caba.infd.edu.ar\/sitio\/wp-content\/uploads\/2025\/09\/YOUTUBE-Notas-del-mundo-musical-sin-podcast-2-768x768.jpg 768w\" sizes=\"(max-width: 1080px) 100vw, 1080px\" \/><\/figure><div class=\"wp-block-media-text__content\">\n<p>NOTAS DE UN MUNDO MUSICAL:<br>Canal de Podcast que relaciona las distintas actividades del CSMMF con las diversas tem\u00e1ticas del mundo. M\u00e1s <a href=\"https:\/\/cmfalla-caba.infd.edu.ar\/sitio\/canal-de-podcasts-del-conservatorio\/\" data-type=\"URL\" data-id=\"https:\/\/cmfalla-caba.infd.edu.ar\/sitio\/canal-de-podcasts-del-conservatorio\/\">informaci\u00f3n<\/a>&#8230;<\/p>\n<\/div><\/div>\n\n\n\n<iframe style=\"border-radius:12px\" src=\"https:\/\/open.spotify.com\/embed\/episode\/51ATUHAzXLPNBbpMjfqahf?utm_source=generator\" width=\"100%\" height=\"152\" frameBorder=\"0\" allowfullscreen=\"\" allow=\"autoplay; clipboard-write; encrypted-media; fullscreen; picture-in-picture\" loading=\"lazy\"><\/iframe>\n\n\n\n<iframe style=\"border-radius:12px\" src=\"https:\/\/open.spotify.com\/embed\/episode\/6BlZMQXrxiZkCiaNRTxaJY?utm_source=generator\" width=\"100%\" height=\"152\" frameBorder=\"0\" allowfullscreen=\"\" allow=\"autoplay; clipboard-write; encrypted-media; fullscreen; picture-in-picture\" loading=\"lazy\"><\/iframe>\n","protected":false},"excerpt":{"rendered":"<p>NOTAS DE UN MUNDO MUSICAL:Canal de Podcast que relaciona las distintas actividades del CSMMF con las diversas tem\u00e1ticas del mundo. M\u00e1s informaci\u00f3n&#8230;<\/p>\n","protected":false},"author":3337,"featured_media":0,"parent":0,"menu_order":0,"comment_status":"closed","ping_status":"closed","template":"","meta":[],"acf":[],"_links":{"self":[{"href":"https:\/\/cmfalla-caba.infd.edu.ar\/sitio\/wp-json\/wp\/v2\/pages\/10289"}],"collection":[{"href":"https:\/\/cmfalla-caba.infd.edu.ar\/sitio\/wp-json\/wp\/v2\/pages"}],"about":[{"href":"https:\/\/cmfalla-caba.infd.edu.ar\/sitio\/wp-json\/wp\/v2\/types\/page"}],"author":[{"embeddable":true,"href":"https:\/\/cmfalla-caba.infd.edu.ar\/sitio\/wp-json\/wp\/v2\/users\/3337"}],"replies":[{"embeddable":true,"href":"https:\/\/cmfalla-caba.infd.edu.ar\/sitio\/wp-json\/wp\/v2\/comments?post=10289"}],"version-history":[{"count":8,"href":"https:\/\/cmfalla-caba.infd.edu.ar\/sitio\/wp-json\/wp\/v2\/pages\/10289\/revisions"}],"predecessor-version":[{"id":10688,"href":"https:\/\/cmfalla-caba.infd.edu.ar\/sitio\/wp-json\/wp\/v2\/pages\/10289\/revisions\/10688"}],"wp:attachment":[{"href":"https:\/\/cmfalla-caba.infd.edu.ar\/sitio\/wp-json\/wp\/v2\/media?parent=10289"}],"curies":[{"name":"wp","href":"https:\/\/api.w.org\/{rel}","templated":true}]}}