{"id":10351,"date":"2025-07-02T19:23:14","date_gmt":"2025-07-02T22:23:14","guid":{"rendered":"https:\/\/cmfalla-caba.infd.edu.ar\/sitio\/?page_id=10351"},"modified":"2025-07-02T19:23:18","modified_gmt":"2025-07-02T22:23:18","slug":"canal-de-podcasts-del-conservatorio","status":"publish","type":"page","link":"https:\/\/cmfalla-caba.infd.edu.ar\/sitio\/canal-de-podcasts-del-conservatorio\/","title":{"rendered":"Canal de Podcasts del Conservatorio"},"content":{"rendered":"\n<div class=\"wp-block-media-text alignwide is-stacked-on-mobile\" style=\"grid-template-columns:30% auto\"><figure class=\"wp-block-media-text__media\"><img decoding=\"async\" loading=\"lazy\" width=\"1900\" height=\"1900\" src=\"https:\/\/cmfalla-caba.infd.edu.ar\/sitio\/wp-content\/uploads\/2025\/06\/YOUTUBE-Notas-del-mundo-musical-sin-podcast-1900x1900.png\" alt=\"\" class=\"wp-image-10290 size-full\" srcset=\"https:\/\/cmfalla-caba.infd.edu.ar\/sitio\/wp-content\/uploads\/2025\/06\/YOUTUBE-Notas-del-mundo-musical-sin-podcast-1900x1900.png 1900w, https:\/\/cmfalla-caba.infd.edu.ar\/sitio\/wp-content\/uploads\/2025\/06\/YOUTUBE-Notas-del-mundo-musical-sin-podcast-1000x1000.png 1000w, https:\/\/cmfalla-caba.infd.edu.ar\/sitio\/wp-content\/uploads\/2025\/06\/YOUTUBE-Notas-del-mundo-musical-sin-podcast-500x500.png 500w, https:\/\/cmfalla-caba.infd.edu.ar\/sitio\/wp-content\/uploads\/2025\/06\/YOUTUBE-Notas-del-mundo-musical-sin-podcast-768x768.png 768w, https:\/\/cmfalla-caba.infd.edu.ar\/sitio\/wp-content\/uploads\/2025\/06\/YOUTUBE-Notas-del-mundo-musical-sin-podcast-1536x1536.png 1536w, https:\/\/cmfalla-caba.infd.edu.ar\/sitio\/wp-content\/uploads\/2025\/06\/YOUTUBE-Notas-del-mundo-musical-sin-podcast-2048x2048.png 2048w\" sizes=\"(max-width: 1900px) 100vw, 1900px\" \/><\/figure><div class=\"wp-block-media-text__content\">\n<p>NOTAS DE UN MUNDO MUSICAL:<br>Canal de Podcast que relaciona las distintas actividades del CSMMF con las diversas tem\u00e1ticas del mundo.<\/p>\n\n\n\n<p>El EPCA (Equipo de producci\u00f3n de contenidos audiovisuales) del CSMMF, perteneciente al claustro administrativo del escalaf\u00f3n general del Gobierno de la ciudad aut\u00f3noma de Buenos Aires, trabaja principalmente en funci\u00f3n de visibilizar y difundir todas las actividades de esta casa de estudios en su relaci\u00f3n con distintas tem\u00e1ticas, generando as\u00ed contenidos de valor para la comunidad.<\/p>\n\n\n\n<p><\/p>\n<\/div><\/div>\n","protected":false},"excerpt":{"rendered":"<p>NOTAS DE UN MUNDO MUSICAL:Canal de Podcast que relaciona las distintas actividades del CSMMF con las diversas tem\u00e1ticas del mundo. El EPCA (Equipo de producci\u00f3n de contenidos audiovisuales) del CSMMF, perteneciente al claustro administrativo del escalaf\u00f3n general del Gobierno de la ciudad aut\u00f3noma de Buenos Aires, trabaja principalmente en funci\u00f3n de visibilizar y difundir todas &#8230; <a title=\"Canal de Podcasts del Conservatorio\" class=\"read-more\" href=\"https:\/\/cmfalla-caba.infd.edu.ar\/sitio\/canal-de-podcasts-del-conservatorio\/\" aria-label=\"More on Canal de Podcasts del Conservatorio\">[+]<\/a><\/p>\n","protected":false},"author":3337,"featured_media":0,"parent":0,"menu_order":0,"comment_status":"closed","ping_status":"closed","template":"","meta":[],"acf":[],"_links":{"self":[{"href":"https:\/\/cmfalla-caba.infd.edu.ar\/sitio\/wp-json\/wp\/v2\/pages\/10351"}],"collection":[{"href":"https:\/\/cmfalla-caba.infd.edu.ar\/sitio\/wp-json\/wp\/v2\/pages"}],"about":[{"href":"https:\/\/cmfalla-caba.infd.edu.ar\/sitio\/wp-json\/wp\/v2\/types\/page"}],"author":[{"embeddable":true,"href":"https:\/\/cmfalla-caba.infd.edu.ar\/sitio\/wp-json\/wp\/v2\/users\/3337"}],"replies":[{"embeddable":true,"href":"https:\/\/cmfalla-caba.infd.edu.ar\/sitio\/wp-json\/wp\/v2\/comments?post=10351"}],"version-history":[{"count":2,"href":"https:\/\/cmfalla-caba.infd.edu.ar\/sitio\/wp-json\/wp\/v2\/pages\/10351\/revisions"}],"predecessor-version":[{"id":10355,"href":"https:\/\/cmfalla-caba.infd.edu.ar\/sitio\/wp-json\/wp\/v2\/pages\/10351\/revisions\/10355"}],"wp:attachment":[{"href":"https:\/\/cmfalla-caba.infd.edu.ar\/sitio\/wp-json\/wp\/v2\/media?parent=10351"}],"curies":[{"name":"wp","href":"https:\/\/api.w.org\/{rel}","templated":true}]}}