{"id":10600,"date":"2025-08-14T17:16:36","date_gmt":"2025-08-14T20:16:36","guid":{"rendered":"https:\/\/cmfalla-caba.infd.edu.ar\/sitio\/?page_id=10600"},"modified":"2026-02-23T16:20:46","modified_gmt":"2026-02-23T19:20:46","slug":"diplomatura-artistica-en-interpretacion-musical-solista","status":"publish","type":"page","link":"https:\/\/cmfalla-caba.infd.edu.ar\/sitio\/diplomatura-artistica-en-interpretacion-musical-solista\/","title":{"rendered":"Diplomatura Art\u00edstica en Interpretaci\u00f3n Musical Solista"},"content":{"rendered":"\n<div style=\"max-width: 1000px; margin: 40px auto; font-family: sans-serif; line-height: 1.8; font-size: 1rem; color: #2b2b2b;\">\n\n \n\n  <!-- Descripci\u00f3n con frases destacadas -->\n  <p>\n  La Diplomatura Art\u00edstica en Interpretaci\u00f3n Musical Solista se constituye como una oferta novedosa de formaci\u00f3n art\u00edstica especializada en la interpretaci\u00f3n instrumental\/vocal solista. Este post\u00edtulo ofrece la actualizaci\u00f3n de los saberes espec\u00edficos en el campo de la interpretaci\u00f3n musical, referidos a la interpretaci\u00f3n de obras por un\/a m\u00fasico\/a que act\u00faa como figura central, ya sea sin acompa\u00f1amiento o con acompa\u00f1amiento orquestal o de conjunto de c\u00e1mara, y que requiere un dominio t\u00e9cnico de alta complejidad, una profundidad interpretativa y autonom\u00eda art\u00edstica. \n<\/p>\n  <blockquote style=\"margin: 20px 0; padding: 15px 20px; background: #f3f3f3; border-left: 5px solid #666; font-style: italic; color: #444;\">\n    \u201cUn espacio pensado para actualizar saberes espec\u00edficos en la interpretaci\u00f3n musical, con un enfoque en la figura del\/a solista.\u201d\n  <\/blockquote>\n\n  <\/p>\n\n  <p>\n\n \nLa formaci\u00f3n propende a la construcci\u00f3n de un rol solista especializado tanto en la comprensi\u00f3n de las t\u00e9cnicas y recursos instrumentales\/vocales y la comprensi\u00f3n cabal de los estilos musicales, como tambi\u00e9n en el uso e interacci\u00f3n de las tecnolog\u00edas disponibles, la gesti\u00f3n de proyectos art\u00edsticos y el desarrollo de las competencias propias de lo perform\u00e1tico. En tanto aporte creativo e innovador, el plan de estudios se presenta a partir de seminarios, talleres y materias que posicionan la interpretaci\u00f3n musical solista como eje central de todas las especialidades instrumentales y canto. \n\n  <\/p>\n\n\n\n<\/a>\n  <a href=\"https:\/\/cmfalla-caba.infd.edu.ar\/sitio\/wp-content\/uploads\/2025\/08\/RS-2025-31490649-GCABA-MEDGC-DA-Interpretacion-Musical-Solista.pdf\" target=\"_blank\" style=\"display: inline-block; margin: 8px 0 15px 12px; background-color: #999999; color: white; padding: 6px 14px; border-radius: 30px; text-decoration: none; font-size: 13px;\" rel=\"noopener\">\n    Resoluci\u00f3n\n  <\/a>\n\n  <a href=\"https:\/\/cmfalla-caba.infd.edu.ar\/sitio\/wp-content\/uploads\/2025\/08\/IF-2025-28807666-GCABA-DGAHPEF-DA-Interpretacion-Musical-Solista.pdf\" target=\"_blank\" style=\"display: inline-block; margin: 8px 0 15px 12px; background-color: #999999; color: white; padding: 6px 14px; border-radius: 30px; text-decoration: none; font-size: 13px;\" rel=\"noopener\">\n    Plan de Estudios\n  <\/a>\n\n  <a href=\"https:\/\/cmfalla-caba.infd.edu.ar\/sitio\/wp-content\/uploads\/2025\/10\/DIPLO-NUEVA-Interpretacion-Musical-Solista.pdf\" target=\"_blank\" style=\"display: inline-block; margin: 8px 0 15px 12px; background-color: #999999; color: white; padding: 6px 14px; border-radius: 30px; text-decoration: none; font-size: 13px;\" rel=\"noopener\">\n    Anualizaci\u00f3n\n  <\/a>\n\n\n\n<figure class=\"wp-block-image size-large\"><img decoding=\"async\" loading=\"lazy\" width=\"1900\" height=\"1560\" src=\"https:\/\/cmfalla-caba.infd.edu.ar\/sitio\/wp-content\/uploads\/2025\/09\/IMG_0109-1900x1560.jpg\" alt=\"\" class=\"wp-image-10922\" srcset=\"https:\/\/cmfalla-caba.infd.edu.ar\/sitio\/wp-content\/uploads\/2025\/09\/IMG_0109-1900x1560.jpg 1900w, https:\/\/cmfalla-caba.infd.edu.ar\/sitio\/wp-content\/uploads\/2025\/09\/IMG_0109-1000x821.jpg 1000w, https:\/\/cmfalla-caba.infd.edu.ar\/sitio\/wp-content\/uploads\/2025\/09\/IMG_0109-768x631.jpg 768w, https:\/\/cmfalla-caba.infd.edu.ar\/sitio\/wp-content\/uploads\/2025\/09\/IMG_0109-1536x1262.jpg 1536w, https:\/\/cmfalla-caba.infd.edu.ar\/sitio\/wp-content\/uploads\/2025\/09\/IMG_0109.jpg 2048w\" sizes=\"(max-width: 1900px) 100vw, 1900px\" \/><\/figure>\n\n\n\n<!-- Oferta de instrumentos -->\n  <h3 style=\"margin-top: 40px; font-size: 22px; color: #444; border-bottom: 2px solid #ccc; padding-bottom: 6px;\">Oferta de Instrumentos<\/h3>\n  <div style=\"display: grid; grid-template-columns: repeat(auto-fill, minmax(160px, 1fr)); gap: 10px; margin-top: 15px; font-size: 0.95rem;\">\n    <div style=\"background:#f3f3f3; padding:8px; border-radius:6px; text-align:center;\">Flauta travesera<\/div>\n    <div style=\"background:#f3f3f3; padding:8px; border-radius:6px; text-align:center;\">Oboe<\/div>\n    <div style=\"background:#f3f3f3; padding:8px; border-radius:6px; text-align:center;\">Clarinete<\/div>\n    <div style=\"background:#f3f3f3; padding:8px; border-radius:6px; text-align:center;\">Fagot<\/div>\n    <div style=\"background:#f3f3f3; padding:8px; border-radius:6px; text-align:center;\">Trompa<\/div>\n    <div style=\"background:#f3f3f3; padding:8px; border-radius:6px; text-align:center;\">Trompeta<\/div>\n    <div style=\"background:#f3f3f3; padding:8px; border-radius:6px; text-align:center;\">Tromb\u00f3n<\/div>\n    <div style=\"background:#f3f3f3; padding:8px; border-radius:6px; text-align:center;\">Tuba<\/div>\n    <div style=\"background:#f3f3f3; padding:8px; border-radius:6px; text-align:center;\">Percusi\u00f3n<\/div>\n    <div style=\"background:#f3f3f3; padding:8px; border-radius:6px; text-align:center;\">Arpa<\/div>\n    <div style=\"background:#f3f3f3; padding:8px; border-radius:6px; text-align:center;\">Saxof\u00f3n<\/div>\n    <div style=\"background:#f3f3f3; padding:8px; border-radius:6px; text-align:center;\">Viol\u00edn<\/div>\n    <div style=\"background:#f3f3f3; padding:8px; border-radius:6px; text-align:center;\">Viola<\/div>\n    <div style=\"background:#f3f3f3; padding:8px; border-radius:6px; text-align:center;\">Violonchelo<\/div>\n    <div style=\"background:#f3f3f3; padding:8px; border-radius:6px; text-align:center;\">Contrabajo<\/div>\n    <div style=\"background:#f3f3f3; padding:8px; border-radius:6px; text-align:center;\">Piano<\/div>\n    <div style=\"background:#f3f3f3; padding:8px; border-radius:6px; text-align:center;\">Bandone\u00f3n<\/div>\n    <div style=\"background:#f3f3f3; padding:8px; border-radius:6px; text-align:center;\">Flauta dulce<\/div>\n    <div style=\"background:#f3f3f3; padding:8px; border-radius:6px; text-align:center;\">Guitarra<\/div>\n    <div style=\"background:#f3f3f3; padding:8px; border-radius:6px; text-align:center;\">\u00d3rgano<\/div>\n    <div style=\"background:#f3f3f3; padding:8px; border-radius:6px; text-align:center;\">Acorde\u00f3n<\/div>\n    <div style=\"background:#f3f3f3; padding:8px; border-radius:6px; text-align:center;\">Canto<\/div>\n  <\/div>\n\n\n\n<p>\n\n\n<\/p>\n\n\n\n<figure class=\"wp-block-image size-large\"><img decoding=\"async\" loading=\"lazy\" width=\"1900\" height=\"1101\" src=\"https:\/\/cmfalla-caba.infd.edu.ar\/sitio\/wp-content\/uploads\/2025\/09\/IMG_0037-1-1900x1101.jpg\" alt=\"\" class=\"wp-image-10927\" srcset=\"https:\/\/cmfalla-caba.infd.edu.ar\/sitio\/wp-content\/uploads\/2025\/09\/IMG_0037-1-1900x1101.jpg 1900w, https:\/\/cmfalla-caba.infd.edu.ar\/sitio\/wp-content\/uploads\/2025\/09\/IMG_0037-1-1000x579.jpg 1000w, https:\/\/cmfalla-caba.infd.edu.ar\/sitio\/wp-content\/uploads\/2025\/09\/IMG_0037-1-768x445.jpg 768w, https:\/\/cmfalla-caba.infd.edu.ar\/sitio\/wp-content\/uploads\/2025\/09\/IMG_0037-1-1536x890.jpg 1536w, https:\/\/cmfalla-caba.infd.edu.ar\/sitio\/wp-content\/uploads\/2025\/09\/IMG_0037-1-2048x1186.jpg 2048w\" sizes=\"(max-width: 1900px) 100vw, 1900px\" \/><\/figure>\n\n\n\n<!-- Condiciones de ingreso -->\n  <h3 style=\"margin-top: 40px; font-size: 22px; color: #444; border-bottom: 2px solid #ccc; padding-bottom: 6px;\">Condiciones de Ingreso<\/h3>\n   <p>\nSe debe poseer t\u00edtulo de Tecnicatura Superior en Interpretaci\u00f3n Musical (diferentes instrumentos) o la Tecnicatura Superior en Interpretaci\u00f3n Musical &#8211; Canto. \n <\/p>\nO bien, titulaci\u00f3n docente o universitaria con especialidad en instrumento o canto, obtenidos por instituciones regidas por la Ley N\u00b0 24.521\/95.\n <\/p>\nEn el caso de estudiantes extranjeros o de t\u00edtulos obtenidos fuera de Argentina es necesario realizar la rev\u00e1lida ante el Ministerio de Educaci\u00f3n de la Naci\u00f3n.\n <\/p>\n\n\n\n<!-- Ingreso 2026 -->\n  <h3 style=\"margin-top: 40px; font-size: 22px; color: #444; border-bottom: 2px solid #ccc; padding-bottom: 6px;\">Ingreso 2026<\/h3>\n   <p>\n1) Pre-inscripci\u00f3n online del 1 al 31 de octubre\n <\/p>\n2) Entrega de documentaci\u00f3n del 1 al 12 de diciembre, de 10 a 19 hs (Mesa de Entradas, sede central)\n <\/p>\n<strong>Documentaci\u00f3n requerida (original y copia):<\/strong>\n <\/p>\n-DNI\n <\/p>\n-T\u00edtulo o certificado anal\u00edtico final de nivel superior en la orientaci\u00f3n elegida\n <\/p>\n-Ficha de salud\n<\/p>\n\n\n\n<!-- Contacto -->\n  <div style=\"margin-top: 40px; padding: 25px; border-radius: 12px; background: #f9f9f9; box-shadow: 0 2px 8px rgba(0,0,0,0.08); text-align: center;\">\n    <h3 style=\"margin-bottom: 10px; color: #333;\">&#x1f4e7; Contacto de la carrera<\/h3>\n    <p style=\"font-size: 16px; color: #222; font-weight: bold;\">secretaria.academica.csmmf@buenosaires.gob.ar<\/p>\n  <\/div>\n\n<\/div>\n","protected":false},"excerpt":{"rendered":"<p>La Diplomatura Art\u00edstica en Interpretaci\u00f3n Musical Solista se constituye como una oferta novedosa de formaci\u00f3n art\u00edstica especializada en la interpretaci\u00f3n instrumental\/vocal solista. Este post\u00edtulo ofrece la actualizaci\u00f3n de los saberes espec\u00edficos en el campo de la interpretaci\u00f3n musical, referidos a la interpretaci\u00f3n de obras por un\/a m\u00fasico\/a que act\u00faa como figura central, ya sea sin &#8230; <a title=\"Diplomatura Art\u00edstica en Interpretaci\u00f3n Musical Solista\" class=\"read-more\" href=\"https:\/\/cmfalla-caba.infd.edu.ar\/sitio\/diplomatura-artistica-en-interpretacion-musical-solista\/\" aria-label=\"More on Diplomatura Art\u00edstica en Interpretaci\u00f3n Musical Solista\">[+]<\/a><\/p>\n","protected":false},"author":7780,"featured_media":0,"parent":0,"menu_order":0,"comment_status":"closed","ping_status":"closed","template":"","meta":[],"acf":[],"_links":{"self":[{"href":"https:\/\/cmfalla-caba.infd.edu.ar\/sitio\/wp-json\/wp\/v2\/pages\/10600"}],"collection":[{"href":"https:\/\/cmfalla-caba.infd.edu.ar\/sitio\/wp-json\/wp\/v2\/pages"}],"about":[{"href":"https:\/\/cmfalla-caba.infd.edu.ar\/sitio\/wp-json\/wp\/v2\/types\/page"}],"author":[{"embeddable":true,"href":"https:\/\/cmfalla-caba.infd.edu.ar\/sitio\/wp-json\/wp\/v2\/users\/7780"}],"replies":[{"embeddable":true,"href":"https:\/\/cmfalla-caba.infd.edu.ar\/sitio\/wp-json\/wp\/v2\/comments?post=10600"}],"version-history":[{"count":14,"href":"https:\/\/cmfalla-caba.infd.edu.ar\/sitio\/wp-json\/wp\/v2\/pages\/10600\/revisions"}],"predecessor-version":[{"id":11375,"href":"https:\/\/cmfalla-caba.infd.edu.ar\/sitio\/wp-json\/wp\/v2\/pages\/10600\/revisions\/11375"}],"wp:attachment":[{"href":"https:\/\/cmfalla-caba.infd.edu.ar\/sitio\/wp-json\/wp\/v2\/media?parent=10600"}],"curies":[{"name":"wp","href":"https:\/\/api.w.org\/{rel}","templated":true}]}}