{"id":10690,"date":"2025-09-01T17:17:41","date_gmt":"2025-09-01T20:17:41","guid":{"rendered":"https:\/\/cmfalla-caba.infd.edu.ar\/sitio\/?page_id=10690"},"modified":"2026-02-09T16:24:20","modified_gmt":"2026-02-09T19:24:20","slug":"carrera-composicion","status":"publish","type":"page","link":"https:\/\/cmfalla-caba.infd.edu.ar\/sitio\/carrera-composicion\/","title":{"rendered":"Composici\u00f3n"},"content":{"rendered":"\n<p style=\"font-size:15px\">El Conservatorio Superior de M\u00fasica Manuel de Falla ofrece desde 1966 la especialidad en Composici\u00f3n a trav\u00e9s de la cu\u00e1l propende a una formaci\u00f3n pluralista y no dogm\u00e1tica, abriendo el espectro est\u00e9tico musical. De este modo, posibilita la inserci\u00f3n del m\u00fasico-docente en el contexto art\u00edstico y educativo contempor\u00e1neo, respetando la identidad institucional propia de este Conservatorio y la experiencia de aplicaci\u00f3n de Planes de Estudio anteriores, a trav\u00e9s de los aportes de los\/as docentes, egresados\/as y alumnos\/as de las diferentes carreras.<\/p>\n\n\n\n<p style=\"font-size:15px\"><br>El\/la Profesor\/a de Educaci\u00f3n Superior en M\u00fasica debe ser un profesional de su arte que pueda expresarse a trav\u00e9s de su lenguaje. As\u00ed tambi\u00e9n que haya desarrollado y perfeccionado permanentemente la capacidad de ense\u00f1ar, los modos de producci\u00f3n, reproducci\u00f3n y recepci\u00f3n de la m\u00fasica actual, el uso de la tecnolog\u00eda y la informaci\u00f3n, la funci\u00f3n y el lugar del arte en nuestro medio, las diversas est\u00e9ticas y la identidad.<\/p>\n\n\n\n<p style=\"font-size:15px\"><br>Hasta la actualidad en la formaci\u00f3n de compositores\/as, prestigiosos maestros han propiciado desde sus c\u00e1tedras la indagaci\u00f3n sobre los procesos creativos, los fen\u00f3menos t\u00edmbricos y la implementaci\u00f3n tecnol\u00f3gica. Entre ellos se puede mencionar a Roberto Garc\u00eda Morillo, Juan Francisco Giacobbe, Jacobo Ficher, H\u00e9ctor Iglesias Villoud, Roque de Pedro, Enrique Belloc, Eva Lopszyc y Eduardo Checchi, entre otros.<\/p>\n\n\n\n<figure class=\"wp-block-embed is-type-video is-provider-youtube wp-block-embed-youtube wp-embed-aspect-16-9 wp-has-aspect-ratio\"><div class=\"wp-block-embed__wrapper\">\n<iframe loading=\"lazy\" title=\"Composici\u00f3n - CSMMF\" width=\"1200\" height=\"675\" src=\"https:\/\/www.youtube.com\/embed\/rGQOCHyns-g?feature=oembed\" frameborder=\"0\" allow=\"accelerometer; autoplay; clipboard-write; encrypted-media; gyroscope; picture-in-picture; web-share\" referrerpolicy=\"strict-origin-when-cross-origin\" allowfullscreen><\/iframe>\n<\/div><\/figure>\n\n\n\n<div class=\"wp-block-columns is-layout-flex wp-container-3\">\n<div class=\"wp-block-column is-layout-flow\"><div class=\"wp-block-image\">\n<figure class=\"aligncenter\"><img decoding=\"async\" loading=\"lazy\" width=\"2346\" height=\"1320\" src=\"https:\/\/cmfalla-caba.infd.edu.ar\/sitio\/wp-content\/uploads\/2025\/09\/Proyecto_Articulacion_Composicio\u0301n_Direccio\u0301n_ETC_II_1-edited.jpg\" alt=\"\" class=\"wp-image-10693\" srcset=\"https:\/\/cmfalla-caba.infd.edu.ar\/sitio\/wp-content\/uploads\/2025\/09\/Proyecto_Articulacion_Composicio\u0301n_Direccio\u0301n_ETC_II_1-edited.jpg 2346w, https:\/\/cmfalla-caba.infd.edu.ar\/sitio\/wp-content\/uploads\/2025\/09\/Proyecto_Articulacion_Composicio\u0301n_Direccio\u0301n_ETC_II_1-edited-1000x563.jpg 1000w, https:\/\/cmfalla-caba.infd.edu.ar\/sitio\/wp-content\/uploads\/2025\/09\/Proyecto_Articulacion_Composicio\u0301n_Direccio\u0301n_ETC_II_1-edited-1900x1069.jpg 1900w, https:\/\/cmfalla-caba.infd.edu.ar\/sitio\/wp-content\/uploads\/2025\/09\/Proyecto_Articulacion_Composicio\u0301n_Direccio\u0301n_ETC_II_1-edited-768x432.jpg 768w, https:\/\/cmfalla-caba.infd.edu.ar\/sitio\/wp-content\/uploads\/2025\/09\/Proyecto_Articulacion_Composicio\u0301n_Direccio\u0301n_ETC_II_1-edited-1536x864.jpg 1536w, https:\/\/cmfalla-caba.infd.edu.ar\/sitio\/wp-content\/uploads\/2025\/09\/Proyecto_Articulacion_Composicio\u0301n_Direccio\u0301n_ETC_II_1-edited-2048x1152.jpg 2048w\" sizes=\"(max-width: 2346px) 100vw, 2346px\" \/><\/figure><\/div><\/div>\n\n\n\n<div class=\"wp-block-column is-layout-flow\"><div class=\"wp-block-image\">\n<figure class=\"aligncenter is-resized\"><img decoding=\"async\" loading=\"lazy\" src=\"https:\/\/cmfalla-caba.infd.edu.ar\/sitio\/wp-content\/uploads\/2025\/09\/Concierto_Sabrina_Benzaquen_2-edited.jpg\" alt=\"\" class=\"wp-image-10692\" width=\"464\" height=\"277\"\/><\/figure><\/div><\/div>\n<\/div>\n\n\n\n<div class=\"wp-block-columns is-layout-flex wp-container-6\">\n<div class=\"wp-block-column has-base-3-color has-contrast-background-color has-text-color has-background is-layout-flow\">\n<p class=\"has-text-align-center\" style=\"font-size:14px\"><strong>Proyecto de Articulaci\u00f3n de las Carreras<\/strong> <br>de Composici\u00f3n y Direcci\u00f3n de Orquesta.&nbsp;<br><em>Lectura de Obras de Elementos T\u00e9cnicos el Contrapunto II.<\/em><\/p>\n<\/div>\n\n\n\n<div class=\"wp-block-column has-contrast-background-color has-background is-layout-flow\">\n<p class=\"has-text-align-center has-base-3-color has-text-color\" style=\"font-size:14px\"><strong>Concierto de Graduaci\u00f3n de Sabrina Benzaquen <\/strong><br>con la Orquesta Sinf\u00f3nica del Conservatorio Superior <br>de M\u00fasica Manuel de Falla. Director Diego Licciardi.<\/p>\n<\/div>\n<\/div>\n\n\n\n<p class=\"has-medium-font-size\"><strong>Eleg\u00eda &#8211; Reflexiones audiovisuales sobre el timbre<\/strong> &#8211; <strong>EDUARDO GABRIEL OTERO<\/strong><\/p>\n\n\n\n<figure class=\"wp-block-embed is-type-video is-provider-youtube wp-block-embed-youtube wp-embed-aspect-16-9 wp-has-aspect-ratio\"><div class=\"wp-block-embed__wrapper\">\n<iframe loading=\"lazy\" title=\"Eleg\u00eda -  Reflexiones audiovisuales sobre el timbre\" width=\"1200\" height=\"675\" src=\"https:\/\/www.youtube.com\/embed\/iA76HwTbAVg?feature=oembed\" frameborder=\"0\" allow=\"accelerometer; autoplay; clipboard-write; encrypted-media; gyroscope; picture-in-picture; web-share\" referrerpolicy=\"strict-origin-when-cross-origin\" allowfullscreen><\/iframe>\n<\/div><\/figure>\n\n\n\n<p class=\"has-small-font-size\">Eleg\u00eda surge de la b\u00fasqueda de crear una obra audiovisual que a su vez permita acercar<br>nuevos lenguajes musicales al p\u00fablico. Fue seleccionada en la convocatoria organizada por la<br>OEBA y la DGEART para obras interdisciplinarias durante el a\u00f1o 2021.<br>M\u00fasica: Eduardo Otero<br>Video: Pedro Monzo<br>Direcci\u00f3n: Sebasti\u00e1n Tellado<br>Orquesta Estudiantil de Buenos Aires (DGEART)<br>Concierto 14 de Diciembre de 2021- Estreno Mundial<\/p>\n\n\n\n<div class=\"wp-block-buttons is-layout-flex\">\n<div class=\"wp-block-button has-custom-width wp-block-button__width-100\"><a class=\"wp-block-button__link has-contrast-background-color has-background wp-element-button\">Plantel docente de Composic\u00f3n<\/a><\/div>\n<\/div>\n\n\n\n<div class=\"wp-block-columns is-layout-flex wp-container-12\">\n<div class=\"wp-block-column is-layout-flow\">\n<div class=\"wp-block-buttons is-layout-flex\">\n<div class=\"wp-block-button has-custom-width wp-block-button__width-100\"><a class=\"wp-block-button__link has-contrast-3-background-color has-background wp-element-button\">Correlatividades<\/a><\/div>\n<\/div>\n<\/div>\n\n\n\n<div class=\"wp-block-column is-layout-flow\">\n<div class=\"wp-block-buttons is-layout-flex\">\n<div class=\"wp-block-button has-custom-width wp-block-button__width-100\"><a class=\"wp-block-button__link has-background wp-element-button\" href=\"https:\/\/cmfalla-caba.infd.edu.ar\/sitio\/wp-content\/uploads\/2024\/03\/Regimen-de-CORRELATIVIDADES-Composicion.pdf\" style=\"background-color:#1990cc\" target=\"_blank\" rel=\"noreferrer noopener\">Correlatividades<\/a><\/div>\n\n\n\n<div class=\"wp-block-button has-custom-width wp-block-button__width-100\"><a class=\"wp-block-button__link has-background wp-element-button\" href=\"https:\/\/cmfalla-caba.infd.edu.ar\/sitio\/wp-content\/uploads\/2023\/12\/Regimen_de_PROMOCION_de_asignaturas_PCI_28-12-15_CD_LCH.pdf\" style=\"background-color:#1990cc\" target=\"_blank\" rel=\"noreferrer noopener\">R\u00e9gimen de Promoci\u00f3n<\/a><\/div>\n<\/div>\n<\/div>\n<\/div>\n\n\n\n<div class=\"wp-block-columns is-layout-flex wp-container-17\">\n<div class=\"wp-block-column is-layout-flow\">\n<div class=\"wp-block-columns is-layout-flex wp-container-15\">\n<div class=\"wp-block-column is-layout-flow\">\n<!-- TECNICATURA EN COMPOSICI\u00d3N--> <h2 style=\"color: #B2B2BE; border-left: 6px solid #B2B2BE; padding-left: 12px; margin-top: 40px;\">Tecnicatura Superior en Composici\u00f3n Musical<\/h2> \n\n<p><strong>Duraci\u00f3n:<\/strong> 3 a\u00f1os<\/p> \n<p><strong>EN TR\u00c1MITE<\/strong><\/p>\n<a href=\"X\"\n   style=\"display: inline-block; margin: 8px 0 15px 12px; background-color: #B2B2BE; color: white; padding: 6px 14px; border-radius: 30px; text-decoration: none; font-size: 13px;\">\nResoluci\u00f3n\n<\/a>\n\n\n<a href=\"X\"\n   style=\"display: inline-block; margin: 8px 0 15px 12px; background-color: #B2B2BE; color: white; padding: 6px 14px; border-radius: 30px; text-decoration: none; font-size: 13px;\">\nPlan de Estudios\n<\/a>\n\n<a href=\"X\"\n   style=\"display: inline-block; margin: 8px 0 15px 12px; background-color: #B2B2BE; color: white; padding: 6px 14px; border-radius: 30px; text-decoration: none; font-size: 13px;\">\nAnualizaci\u00f3n\n<\/a>\n<\/div>\n\n\n\n<div class=\"wp-block-column is-layout-flow\">\n<!-- PROFESORADOS --> <h2 style=\"color: #1990cc; border-left: 6px solid #1990cc; padding-left: 12px; margin-top: 40px;\">Profesorados en Composici\u00f3n<\/h2> \n\n\n<p><strong>Profesorado en Composici\u00f3n:<\/strong> Duraci\u00f3n de 4 a\u00f1os<\/p> <p>\n<a href=\"https:\/\/cmfalla-caba.infd.edu.ar\/sitio\/wp-content\/uploads\/2026\/02\/RS-2015-531-SSGECP-4-anos-Comp-y-Direc-Orq.pdf\"\n   style=\"display: inline-block; margin: 8px 0 15px 12px; background-color: #1990cc; color: white; padding: 6px 14px; border-radius: 30px; text-decoration: none; font-size: 13px;\">\nResoluci\u00f3n\n<\/a>\n\n\n<a href=\"https:\/\/cmfalla-caba.infd.edu.ar\/sitio\/wp-content\/uploads\/2023\/12\/Profesorado-de-Musica-con-orientacion-en-Composicion.pdf\"\n   style=\"display: inline-block; margin: 8px 0 15px 12px; background-color: #1990cc; color: white; padding: 6px 14px; border-radius: 30px; text-decoration: none; font-size: 13px;\">\nPlan de Estudios\n<\/a>\n\n<a href=\"https:\/\/cmfalla-caba.infd.edu.ar\/sitio\/wp-content\/uploads\/2024\/09\/Anualizacion-Prof-COMPO-4-2024.pdf\"\n   style=\"display: inline-block; margin: 8px 0 15px 12px; background-color: #1990cc; color: white; padding: 6px 14px; border-radius: 30px; text-decoration: none; font-size: 13px;\">\nAnualizaci\u00f3n\n<\/a>\n\n<p><strong>Profesorados en Educaci\u00f3n Superior en Composici\u00f3n:<\/strong>  Duraci\u00f3n de 5 a\u00f1os<\/p> <p>\n\n<a href=\"https:\/\/cmfalla-caba.infd.edu.ar\/sitio\/wp-content\/uploads\/2026\/02\/RS-2015-516-SSGECP-5-anos-Comp-y-Direc-Orq.pdf\"\n   style=\"display: inline-block; margin: 8px 0 15px 12px; background-color: #1990cc; color: white; padding: 6px 14px; border-radius: 30px; text-decoration: none; font-size: 13px;\">\nResoluci\u00f3n\n<\/a>\n\n\n<a href=\"https:\/\/cmfalla-caba.infd.edu.ar\/sitio\/wp-content\/uploads\/2023\/12\/Profesorado-Superior-de-Musica-con-orientacion-en-Composicion.pdf\"\n   style=\"display: inline-block; margin: 8px 0 15px 12px; background-color: #1990cc; color: white; padding: 6px 14px; border-radius: 30px; text-decoration: none; font-size: 13px;\">\nPlan de Estudios\n<\/a>\n\n<a href=\"https:\/\/cmfalla-caba.infd.edu.ar\/sitio\/wp-content\/uploads\/2024\/09\/Anualizacion-Prof-COMPO-5-2024.pdf\"\n   style=\"display: inline-block; margin: 8px 0 15px 12px; background-color: #1990cc; color: white; padding: 6px 14px; border-radius: 30px; text-decoration: none; font-size: 13px;\">\nAnualizaci\u00f3n\n<\/a>\n<\/div>\n<\/div>\n<\/div>\n<\/div>\n\n\n\n<div class=\"wp-block-buttons is-layout-flex\">\n<div class=\"wp-block-button has-custom-width wp-block-button__width-100\"><a class=\"wp-block-button__link has-background wp-element-button\" style=\"background:linear-gradient(135deg,rgb(0,0,0) 0%,rgb(129,129,129) 100%)\"><strong>Ingreso 2026 al Nivel Superior en Composici\u00f3n<\/strong><\/a><\/div>\n<\/div>\n\n\n\n<p><strong>Paso 1:<\/strong> Realizar la <strong>preinscripci\u00f3n online del 15\/12\/2025 hasta el 9\/2\/2026<\/strong>, seleccionando la carrera elegida en el siguiente link<\/p>\n\n\n\n<figure class=\"wp-block-embed is-type-wp-embed is-provider-conservatorio-superior-de-musica-quot-manuel-de-falla-quot wp-block-embed-conservatorio-superior-de-musica-quot-manuel-de-falla-quot\"><div class=\"wp-block-embed__wrapper\">\n<blockquote class=\"wp-embedded-content\" data-secret=\"x9Q2oViq5i\"><a href=\"https:\/\/cmfalla-caba.infd.edu.ar\/sitio\/ingreso-conser\/\">Ingreso 2026<\/a><\/blockquote><iframe class=\"wp-embedded-content\" sandbox=\"allow-scripts\" security=\"restricted\" style=\"position: absolute; clip: rect(1px, 1px, 1px, 1px);\" title=\"\u00abIngreso 2026\u00bb \u2014 CONSERVATORIO SUPERIOR DE MUSICA &quot;MANUEL DE FALLA&quot;\" src=\"https:\/\/cmfalla-caba.infd.edu.ar\/sitio\/ingreso-conser\/embed\/#?secret=EpPgypOaSS#?secret=x9Q2oViq5i\" data-secret=\"x9Q2oViq5i\" width=\"600\" height=\"338\" frameborder=\"0\" marginwidth=\"0\" marginheight=\"0\" scrolling=\"no\"><\/iframe>\n<\/div><\/figure>\n\n\n\n<p><\/p>\n\n\n\n<p><strong>Paso 2:<\/strong>&nbsp;<\/p>\n\n\n\n<p>Si el\/la estudiante cuenta con certificaci\u00f3n del nivel B\u00e1sico (TAP, FOBA u otros), s\u00f3lo deber\u00e1 asistir a la instancia de COLOQUIO en la orientaci\u00f3n. Ser\u00e1 contactado v\u00eda mail por la coordinadora del Departamento Acad\u00e9mico.&nbsp;<\/p>\n\n\n\n<p>Si el\/la estudiante <strong>no posee<\/strong> certificaci\u00f3n del nivel B\u00e1sico (TAP, FOBA u otros), deber\u00e1 rendir:&nbsp;<\/p>\n\n\n\n<ul>\n<li>Examen de competencias musicales comunes (Elementos T\u00e9cnicos) el d\u00eda <strong>21\/2\/2026, a las 10 hs<\/strong> en la sede central (Gallo 238, 2do piso). <a href=\"https:\/\/cmfalla-caba.infd.edu.ar\/sitio\/wp-content\/uploads\/2025\/10\/Modelo-de-examen-de-ingreso-al-ciclo-superior-2025-6-CSMMF-Carreras-clasicas-1.pdf\" data-type=\"URL\" data-id=\"https:\/\/cmfalla-caba.infd.edu.ar\/sitio\/wp-content\/uploads\/2025\/10\/Modelo-de-examen-de-ingreso-al-ciclo-superior-2025-6-CSMMF-Carreras-clasicas-1.pdf\">Ver modelo de examen<\/a>&nbsp;<\/li>\n\n\n\n<li>Examen de competencias musicales espec\u00edficas: <strong>26\/2\/2026, a las 12 hs.&nbsp;<\/strong><\/li>\n<\/ul>\n\n\n\n<p><strong>Paso 3:<\/strong> Recepci\u00f3n y entrega de la documentaci\u00f3n (Presencial): <strong>entre el 10 y el 13 de febrero de 2026<\/strong>, de 10 a 19 hs en Mesa de Entradas (Prof. Andrea Zavaroni). Se debe entregar una carpeta de 3 solapas con Apellido, nombre, mail y carrera en la que se pre-inscribi\u00f3 por el SIU Guaran\u00ed.<\/p>\n\n\n\n<p>El d\u00eda&nbsp;<strong>18 de febrero a las 18hs<\/strong>&nbsp;se realizar\u00e1 un&nbsp;<strong>encuentro orientativo<\/strong>&nbsp;para el examen de&nbsp;<strong>Formaci\u00f3n Musical 2<\/strong>&nbsp;(para quienes no acrediten TAP o FOBA)<\/p>\n\n\n\n<p><strong>Documentaci\u00f3n requerida<\/strong> (fotocopia n\u00edtida y legible, y original para constatar):<\/p>\n\n\n\n<ul>\n<li>Documento Nacional de Identidad<\/li>\n\n\n\n<li>T\u00edtulo Secundario (*)<\/li>\n\n\n\n<li>Certificado anal\u00edtico de Nivel B\u00e1sico completo (FOBA, TAP u otro)<\/li>\n\n\n\n<li>Ficha de salud (<a href=\"https:\/\/cmfalla-caba.infd.edu.ar\/sitio\/wp-content\/uploads\/2025\/09\/Ficha-de-Salud-de-mayores-de-edad-2025.pdf\">Descargar ficha<\/a>)<\/li>\n<\/ul>\n\n\n\n<p>Luego de haber con los pasos anteriores ser\u00e1n contactados por mail desde la Coordinaci\u00f3n del departamento correspondiente.<\/p>\n\n\n\n<div class=\"wp-block-columns is-layout-flex wp-container-21\">\n<div class=\"wp-block-column is-layout-flow\">\n<div style=\"max-width: 600px; margin: 40px auto; padding: 30px; text-align: center; border-radius: 16px; background: linear-gradient(135deg, #f8f9fa, #e3f2fd); box-shadow: 0 4px 16px rgba(0,0,0,0.1); font-family: sans-serif;\">\n\n  <h2 style=\"font-size: 26px; color: #262626; margin-bottom: 15px;\">&#x1f4e9; Contacto de la carrera<\/h2>\n\n  <p style=\"font-size: 18px; color: #555; margin-bottom: 25px;\">\n    \u00bfNecesit\u00e1s contactarte con el Departamento de Composici\u00f3n?\n  <\/p>\n\n  <span style=\"display: inline-block; background-color: #1565c0; color: white; padding: 14px 28px; font-size: 17px; border-radius: 10px; text-decoration: none; font-weight: bold;\">\n    &#x1f4e7; composicion.csmmf@buenosaires.gob.ar\n  <\/span>\n\n<\/div>\n<\/div>\n\n\n\n<div class=\"wp-block-column is-layout-flow\">\n<div style=\"max-width: 600px; margin: 40px auto; padding: 30px; text-align: center; border-radius: 16px; background: linear-gradient(135deg, #f8f9fa, #e3f2fd); box-shadow: 0 4px 16px rgba(0,0,0,0.1); font-family: sans-serif;\">\n\n  <h2 style=\"font-size: 26px; color: #262626; margin-bottom: 15px;\">\u00a1Conoc\u00e9 m\u00e1s de la carrera!<\/h2>\n\n  <p style=\"font-size: 18px; color: #555; margin-bottom: 25px;\">Para ver actividades y noticias del Departamento de Composici\u00f3n.<\/p>\n\n  <a href=\"https:\/\/www.instagram.com\/composicion_csmmf\/?hl=es\" target=\"_blank\" style=\"display: inline-block; background-color: #E1306C; color: white; padding: 14px 28px; font-size: 17px; border-radius: 10px; text-decoration: none; font-weight: bold; transition: background-color 0.3s ease;\" rel=\"noopener\">\n    &#x1f4f8; Seguir en Instagram\n  <\/a>\n\n<\/div>\n<\/div>\n<\/div>\n","protected":false},"excerpt":{"rendered":"<p>El Conservatorio Superior de M\u00fasica Manuel de Falla ofrece desde 1966 la especialidad en Composici\u00f3n a trav\u00e9s de la cu\u00e1l propende a una formaci\u00f3n pluralista y no dogm\u00e1tica, abriendo el espectro est\u00e9tico musical. De este modo, posibilita la inserci\u00f3n del m\u00fasico-docente en el contexto art\u00edstico y educativo contempor\u00e1neo, respetando la identidad institucional propia de este &#8230; <a title=\"Composici\u00f3n\" class=\"read-more\" href=\"https:\/\/cmfalla-caba.infd.edu.ar\/sitio\/carrera-composicion\/\" aria-label=\"More on Composici\u00f3n\">[+]<\/a><\/p>\n","protected":false},"author":7780,"featured_media":0,"parent":0,"menu_order":0,"comment_status":"closed","ping_status":"closed","template":"","meta":[],"acf":[],"_links":{"self":[{"href":"https:\/\/cmfalla-caba.infd.edu.ar\/sitio\/wp-json\/wp\/v2\/pages\/10690"}],"collection":[{"href":"https:\/\/cmfalla-caba.infd.edu.ar\/sitio\/wp-json\/wp\/v2\/pages"}],"about":[{"href":"https:\/\/cmfalla-caba.infd.edu.ar\/sitio\/wp-json\/wp\/v2\/types\/page"}],"author":[{"embeddable":true,"href":"https:\/\/cmfalla-caba.infd.edu.ar\/sitio\/wp-json\/wp\/v2\/users\/7780"}],"replies":[{"embeddable":true,"href":"https:\/\/cmfalla-caba.infd.edu.ar\/sitio\/wp-json\/wp\/v2\/comments?post=10690"}],"version-history":[{"count":48,"href":"https:\/\/cmfalla-caba.infd.edu.ar\/sitio\/wp-json\/wp\/v2\/pages\/10690\/revisions"}],"predecessor-version":[{"id":11276,"href":"https:\/\/cmfalla-caba.infd.edu.ar\/sitio\/wp-json\/wp\/v2\/pages\/10690\/revisions\/11276"}],"wp:attachment":[{"href":"https:\/\/cmfalla-caba.infd.edu.ar\/sitio\/wp-json\/wp\/v2\/media?parent=10690"}],"curies":[{"name":"wp","href":"https:\/\/api.w.org\/{rel}","templated":true}]}}