{"id":10748,"date":"2025-09-15T17:23:08","date_gmt":"2025-09-15T20:23:08","guid":{"rendered":"https:\/\/cmfalla-caba.infd.edu.ar\/sitio\/?page_id=10748"},"modified":"2026-03-20T16:22:44","modified_gmt":"2026-03-20T19:22:44","slug":"carrera-direccion-coral","status":"publish","type":"page","link":"https:\/\/cmfalla-caba.infd.edu.ar\/sitio\/carrera-direccion-coral\/","title":{"rendered":"Direcci\u00f3n Coral"},"content":{"rendered":"\n<p style=\"font-size:15px\">La orientaci\u00f3n en Direcci\u00f3n Coral se ofrece en este Conservatorio desde 1966 y tiene formaci\u00f3n docente desde 1977. Desde entonces se ha desarrollado una impronta a trav\u00e9s de la cual gran cantidad de graduados se desempe\u00f1an en salas de concierto y establecimientos educativos de todos los niveles, dando cuenta de la importancia de esta orientaci\u00f3n.<br>Actualmente, la asignatura troncal <em>Direcci\u00f3n Coral <\/em>cuenta dos c\u00e1tedras y un ensamble vocal profesional a disposici\u00f3n de cada una para el trabajo semanal, favoreciendo las instancias de aprendizaje de la especialidad.<\/p>\n\n\n\n<p style=\"font-size:15px\">De este modo, y en consonancia con las pol\u00edticas educativas que privilegian la inclusi\u00f3n, se entiende que los diversos y vastos programas de coros infantiles y juveniles de alcance nacional, y de amplio desarrollo en los \u00faltimos a\u00f1os, requieren de directores\/as de coro due\u00f1os de un nuevo perfil, en el que se valore la producci\u00f3n musical que se compagine, a la vez, con el trato con edades tempranas y con protagonistas de muy diversos contextos socioculturales.<\/p>\n\n\n\n<figure class=\"wp-block-gallery has-nested-images columns-default is-cropped wp-block-gallery-1 is-layout-flex\">\n<figure class=\"wp-block-image size-large\"><img decoding=\"async\" loading=\"lazy\" width=\"1900\" height=\"1069\" data-id=\"8066\"  src=\"https:\/\/cmfalla-caba.infd.edu.ar\/sitio\/wp-content\/uploads\/2023\/12\/DSC02544-133-web-1900x1069.jpg\" alt=\"\" class=\"wp-image-8066\" srcset=\"https:\/\/cmfalla-caba.infd.edu.ar\/sitio\/wp-content\/uploads\/2023\/12\/DSC02544-133-web-1900x1069.jpg 1900w, https:\/\/cmfalla-caba.infd.edu.ar\/sitio\/wp-content\/uploads\/2023\/12\/DSC02544-133-web-1000x563.jpg 1000w, https:\/\/cmfalla-caba.infd.edu.ar\/sitio\/wp-content\/uploads\/2023\/12\/DSC02544-133-web-768x432.jpg 768w, https:\/\/cmfalla-caba.infd.edu.ar\/sitio\/wp-content\/uploads\/2023\/12\/DSC02544-133-web-1536x864.jpg 1536w, https:\/\/cmfalla-caba.infd.edu.ar\/sitio\/wp-content\/uploads\/2023\/12\/DSC02544-133-web-2048x1153.jpg 2048w\" sizes=\"(max-width: 1900px) 100vw, 1900px\" \/><\/figure>\n\n\n\n<figure class=\"wp-block-image size-large\"><img decoding=\"async\" loading=\"lazy\" width=\"1900\" height=\"1069\" data-id=\"8067\"  src=\"https:\/\/cmfalla-caba.infd.edu.ar\/sitio\/wp-content\/uploads\/2023\/12\/DSC02310-3-web-1900x1069.jpg\" alt=\"\" class=\"wp-image-8067\" srcset=\"https:\/\/cmfalla-caba.infd.edu.ar\/sitio\/wp-content\/uploads\/2023\/12\/DSC02310-3-web-1900x1069.jpg 1900w, https:\/\/cmfalla-caba.infd.edu.ar\/sitio\/wp-content\/uploads\/2023\/12\/DSC02310-3-web-1000x563.jpg 1000w, https:\/\/cmfalla-caba.infd.edu.ar\/sitio\/wp-content\/uploads\/2023\/12\/DSC02310-3-web-768x432.jpg 768w, https:\/\/cmfalla-caba.infd.edu.ar\/sitio\/wp-content\/uploads\/2023\/12\/DSC02310-3-web-1536x864.jpg 1536w, https:\/\/cmfalla-caba.infd.edu.ar\/sitio\/wp-content\/uploads\/2023\/12\/DSC02310-3-web-2048x1153.jpg 2048w\" sizes=\"(max-width: 1900px) 100vw, 1900px\" \/><\/figure>\n\n\n\n<figure class=\"wp-block-image size-large\"><img decoding=\"async\" loading=\"lazy\" width=\"1900\" height=\"1069\" data-id=\"8071\"  src=\"https:\/\/cmfalla-caba.infd.edu.ar\/sitio\/wp-content\/uploads\/2023\/12\/DSC02343-28web-1-1900x1069.jpg\" alt=\"\" class=\"wp-image-8071\" srcset=\"https:\/\/cmfalla-caba.infd.edu.ar\/sitio\/wp-content\/uploads\/2023\/12\/DSC02343-28web-1-1900x1069.jpg 1900w, https:\/\/cmfalla-caba.infd.edu.ar\/sitio\/wp-content\/uploads\/2023\/12\/DSC02343-28web-1-1000x563.jpg 1000w, https:\/\/cmfalla-caba.infd.edu.ar\/sitio\/wp-content\/uploads\/2023\/12\/DSC02343-28web-1-768x432.jpg 768w, https:\/\/cmfalla-caba.infd.edu.ar\/sitio\/wp-content\/uploads\/2023\/12\/DSC02343-28web-1-1536x864.jpg 1536w, https:\/\/cmfalla-caba.infd.edu.ar\/sitio\/wp-content\/uploads\/2023\/12\/DSC02343-28web-1-2048x1153.jpg 2048w\" sizes=\"(max-width: 1900px) 100vw, 1900px\" \/><\/figure>\n\n\n\n<figure class=\"wp-block-image size-large\"><img decoding=\"async\" loading=\"lazy\" width=\"1900\" height=\"1069\" data-id=\"8068\"  src=\"https:\/\/cmfalla-caba.infd.edu.ar\/sitio\/wp-content\/uploads\/2023\/12\/DSC02403-58-web-1900x1069.jpg\" alt=\"\" class=\"wp-image-8068\" srcset=\"https:\/\/cmfalla-caba.infd.edu.ar\/sitio\/wp-content\/uploads\/2023\/12\/DSC02403-58-web-1900x1069.jpg 1900w, https:\/\/cmfalla-caba.infd.edu.ar\/sitio\/wp-content\/uploads\/2023\/12\/DSC02403-58-web-1000x563.jpg 1000w, https:\/\/cmfalla-caba.infd.edu.ar\/sitio\/wp-content\/uploads\/2023\/12\/DSC02403-58-web-768x432.jpg 768w, https:\/\/cmfalla-caba.infd.edu.ar\/sitio\/wp-content\/uploads\/2023\/12\/DSC02403-58-web-1536x864.jpg 1536w, https:\/\/cmfalla-caba.infd.edu.ar\/sitio\/wp-content\/uploads\/2023\/12\/DSC02403-58-web-2048x1153.jpg 2048w\" sizes=\"(max-width: 1900px) 100vw, 1900px\" \/><\/figure>\n\n\n\n<figure class=\"wp-block-image size-large\"><img decoding=\"async\" loading=\"lazy\" width=\"1900\" height=\"1069\" data-id=\"8069\"  src=\"https:\/\/cmfalla-caba.infd.edu.ar\/sitio\/wp-content\/uploads\/2023\/12\/DSC02702-191-web-1900x1069.jpg\" alt=\"\" class=\"wp-image-8069\" srcset=\"https:\/\/cmfalla-caba.infd.edu.ar\/sitio\/wp-content\/uploads\/2023\/12\/DSC02702-191-web-1900x1069.jpg 1900w, https:\/\/cmfalla-caba.infd.edu.ar\/sitio\/wp-content\/uploads\/2023\/12\/DSC02702-191-web-1000x563.jpg 1000w, https:\/\/cmfalla-caba.infd.edu.ar\/sitio\/wp-content\/uploads\/2023\/12\/DSC02702-191-web-768x432.jpg 768w, https:\/\/cmfalla-caba.infd.edu.ar\/sitio\/wp-content\/uploads\/2023\/12\/DSC02702-191-web-1536x864.jpg 1536w, https:\/\/cmfalla-caba.infd.edu.ar\/sitio\/wp-content\/uploads\/2023\/12\/DSC02702-191-web-2048x1152.jpg 2048w\" sizes=\"(max-width: 1900px) 100vw, 1900px\" \/><\/figure>\n<\/figure>\n\n\n\n<figure class=\"wp-block-embed is-type-video is-provider-youtube wp-block-embed-youtube wp-embed-aspect-16-9 wp-has-aspect-ratio\"><div class=\"wp-block-embed__wrapper\">\n<iframe loading=\"lazy\" title=\"Direcci\u00f3n Coral y Direcci\u00f3n de Orquesta - CSMMF\" width=\"1200\" height=\"675\" src=\"https:\/\/www.youtube.com\/embed\/9JSj9QHSmuQ?feature=oembed\" frameborder=\"0\" allow=\"accelerometer; autoplay; clipboard-write; encrypted-media; gyroscope; picture-in-picture; web-share\" referrerpolicy=\"strict-origin-when-cross-origin\" allowfullscreen><\/iframe>\n<\/div><\/figure>\n\n\n\n<div class=\"wp-block-columns is-layout-flex wp-container-5\">\n<div class=\"wp-block-column is-layout-flow\">\n<div class=\"wp-block-buttons is-layout-flex\">\n<div class=\"wp-block-button has-custom-width wp-block-button__width-100\"><a class=\"wp-block-button__link has-contrast-background-color has-background wp-element-button\">Plantel docente de Direcci\u00f3n Coral<\/a><\/div>\n<\/div>\n<\/div>\n<\/div>\n\n\n\n<div class=\"wp-block-columns is-layout-flex wp-container-10\">\n<div class=\"wp-block-column is-layout-flow\">\n<div class=\"wp-block-columns is-layout-flex wp-container-8\">\n<div class=\"wp-block-column is-layout-flow\">\n<!-- TECNICATURA EN DIR CORAL--> <h2 style=\"color: #2d8e64 ; border-left: 6px solid #2d8e64 ; padding-left: 12px; margin-top: 40px;\">Tecnicatura Superior en Direcci\u00f3n Coral<\/h2> \n\n<p><strong>Duraci\u00f3n:<\/strong> 3 a\u00f1os<\/p> \n\n<a href=\"https:\/\/cmfalla-caba.infd.edu.ar\/sitio\/wp-content\/uploads\/2025\/08\/RS-2025-31634531-GCABA-MEDGC-DA-Direccion-Coral.pdf\"\n   style=\"display: inline-block; margin: 8px 0 15px 12px; background-color: #2d8e64 ; color: white; padding: 6px 14px; border-radius: 30px; text-decoration: none; font-size: 13px;\">\nResoluci\u00f3n\n<\/a>\n\n\n<a href=\"https:\/\/cmfalla-caba.infd.edu.ar\/sitio\/wp-content\/uploads\/2025\/08\/IF-2025-30818406-GCABA-DGAHPEF-TS-en-Direccion-Coral.pdf\"\n   style=\"display: inline-block; margin: 8px 0 15px 12px; background-color: #2d8e64 ; color: white; padding: 6px 14px; border-radius: 30px; text-decoration: none; font-size: 13px;\">\nPlan de Estudios\n<\/a>\n\n<a href=\"https:\/\/cmfalla-caba.infd.edu.ar\/sitio\/wp-content\/uploads\/2025\/12\/TEC-NUEVAS-Dir.-Coral.pdf\"\n   style=\"display: inline-block; margin: 8px 0 15px 12px; background-color: #2d8e64 ; color: white; padding: 6px 14px; border-radius: 30px; text-decoration: none; font-size: 13px;\">\nAnualizaci\u00f3n\n<\/a>\n<\/div>\n\n\n\n<div class=\"wp-block-column is-layout-flow\">\n<!-- PROFESORADOS --> <h2 style=\"color: #1990cc; border-left: 6px solid #1990cc; padding-left: 12px; margin-top: 40px;\">Profesorados en Direcci\u00f3n Coral<\/h2> \n\n\n<p><strong>Profesorado en Direcci\u00f3n Coral:<\/strong> Duraci\u00f3n de 4 a\u00f1os<\/p> <p>\n<a href=\"https:\/\/cmfalla-caba.infd.edu.ar\/sitio\/wp-content\/uploads\/2026\/02\/RS-2015-529-SSGECPCanto-y-coral-4-anos.pdf\"\n   style=\"display: inline-block; margin: 8px 0 15px 12px; background-color: #1990cc; color: white; padding: 6px 14px; border-radius: 30px; text-decoration: none; font-size: 13px;\">\nResoluci\u00f3n\n<\/a>\n\n\n<a href=\"https:\/\/cmfalla-caba.infd.edu.ar\/sitio\/wp-content\/uploads\/2026\/02\/Profesorado-2015-Direccion-Coral4-anos.pdf\"\n   style=\"display: inline-block; margin: 8px 0 15px 12px; background-color: #1990cc; color: white; padding: 6px 14px; border-radius: 30px; text-decoration: none; font-size: 13px;\">\nPlan de Estudios\n<\/a>\n\n<a href=\"https:\/\/cmfalla-caba.infd.edu.ar\/sitio\/wp-content\/uploads\/2024\/09\/Anualizacion-Prof-DirCORAL-4-2024.pdf\"\n   style=\"display: inline-block; margin: 8px 0 15px 12px; background-color: #1990cc; color: white; padding: 6px 14px; border-radius: 30px; text-decoration: none; font-size: 13px;\">\nAnualizaci\u00f3n\n<\/a>\n\n<p><strong>Profesorados en Educaci\u00f3n Superior en Direcci\u00f3n Coral:<\/strong>  Duraci\u00f3n de 5 a\u00f1os<\/p> <p>\n\n<a href=\"https:\/\/cmfalla-caba.infd.edu.ar\/sitio\/wp-content\/uploads\/2026\/02\/RS-2015-539-SSGECPCanto-y-coral-5-anos.pdf\"\n   style=\"display: inline-block; margin: 8px 0 15px 12px; background-color: #1990cc; color: white; padding: 6px 14px; border-radius: 30px; text-decoration: none; font-size: 13px;\">\nResoluci\u00f3n\n<\/a>\n\n\n<a href=\"https:\/\/cmfalla-caba.infd.edu.ar\/sitio\/planes-curriculares-institucionales-2015\/upload\/PCI_PROFESORADO_SUPERIOR_DIRECCION_CORAL_CSMMF_2015_1.pdf\"\n   style=\"display: inline-block; margin: 8px 0 15px 12px; background-color: #1990cc; color: white; padding: 6px 14px; border-radius: 30px; text-decoration: none; font-size: 13px;\">\nPlan de Estudios\n<\/a>\n\n<a href=\"https:\/\/cmfalla-caba.infd.edu.ar\/sitio\/wp-content\/uploads\/2024\/09\/Anualizacion-Prof-DirCORAL-5-2024.pdf\"\n   style=\"display: inline-block; margin: 8px 0 15px 12px; background-color: #1990cc; color: white; padding: 6px 14px; border-radius: 30px; text-decoration: none; font-size: 13px;\">\nAnualizaci\u00f3n\n<\/a>\n<\/div>\n<\/div>\n<\/div>\n<\/div>\n\n\n\n<div class=\"wp-block-columns is-layout-flex wp-container-18\">\n<div class=\"wp-block-column is-layout-flow\">\n<div class=\"wp-block-columns is-layout-flex wp-container-16\">\n<div class=\"wp-block-column is-layout-flow\">\n<div class=\"wp-block-buttons is-layout-flex\">\n<div class=\"wp-block-button has-custom-width wp-block-button__width-100\"><a class=\"wp-block-button__link has-background wp-element-button\" href=\"https:\/\/cmfalla-caba.infd.edu.ar\/sitio\/wp-content\/uploads\/2025\/12\/correlatividades-direccion-coral.pdf\" style=\"background-color:#2d8e64\">Correlatividades<\/a><\/div>\n<\/div>\n\n\n\n<p><\/p>\n\n\n\n<div class=\"wp-block-buttons is-layout-flex\">\n<div class=\"wp-block-button has-custom-width wp-block-button__width-100 has-custom-font-size\" style=\"font-size:19px\"><a class=\"wp-block-button__link has-background wp-element-button\" href=\"https:\/\/cmfalla-caba.infd.edu.ar\/sitio\/wp-content\/uploads\/2026\/03\/Regimen-de-correspondencias-2025.pdf\" style=\"background-color:#2d8e64\"><strong>R\u00e9gimen de correspondencias<\/strong> de materias<br>a las nuevas tecnicaturas vigentes <\/a><\/div>\n<\/div>\n<\/div>\n\n\n\n<div class=\"wp-block-column is-layout-flow\">\n<div class=\"wp-block-buttons is-layout-flex\">\n<div class=\"wp-block-button has-custom-width wp-block-button__width-100\"><a class=\"wp-block-button__link has-background wp-element-button\" href=\"https:\/\/cmfalla-caba.infd.edu.ar\/sitio\/wp-content\/uploads\/2024\/03\/Regimen_de_CORRELATIVIDADES-Direccion-Coral.pdf\" style=\"background-color:#1990cc\">Correlatividades<\/a><\/div>\n\n\n\n<div class=\"wp-block-button has-custom-width wp-block-button__width-100\"><a class=\"wp-block-button__link has-background wp-element-button\" href=\"https:\/\/cmfalla-caba.infd.edu.ar\/sitio\/wp-content\/uploads\/2023\/12\/Regimen_de_PROMOCION_de_asignaturas_PCI_28-12-15_CD_LCH.pdf\" style=\"background-color:#1990cc\">R\u00e9gimen de Promoci\u00f3n<\/a><\/div>\n<\/div>\n<\/div>\n<\/div>\n<\/div>\n<\/div>\n\n\n\n<div class=\"wp-block-columns is-layout-flex wp-container-21\">\n<div class=\"wp-block-column is-layout-flow\">\n<div class=\"wp-block-buttons is-layout-flex\">\n<div class=\"wp-block-button has-custom-width wp-block-button__width-100\"><a class=\"wp-block-button__link has-background wp-element-button\" style=\"background:linear-gradient(135deg,rgb(0,0,0) 0%,rgb(129,129,129) 100%)\"><strong>Ingreso 2026 al Nivel Superior en Direcci\u00f3n Coral<\/strong><\/a><\/div>\n<\/div>\n<\/div>\n<\/div>\n\n\n\n<p><strong>Paso 1:<\/strong> Realizar la <strong>preinscripci\u00f3n online del 15\/12\/26 al 9\/2\/26<\/strong>, seleccionando la carrera elegida (ver pesta\u00f1a INGRESO 2026)<\/p>\n\n\n\n<p><strong>Paso 2:<\/strong>&nbsp;&nbsp;Si el\/la estudiante cuenta con certificaci\u00f3n del nivel B\u00e1sico (TAP, FOBA u otros), s\u00f3lo deber\u00e1 asistir a la instancia de COLOQUIO en la orientaci\u00f3n. Ser\u00e1 contactado v\u00eda mail por la coordinaci\u00f3n del Departamento Acad\u00e9mico.&nbsp;&nbsp;<\/p>\n\n\n\n<p>Si el\/la estudiante <strong>no posee<\/strong> certificaci\u00f3n del nivel B\u00e1sico (TAP, FOBA u otros), deber\u00e1 rendir:&nbsp;&nbsp;<\/p>\n\n\n\n<ul>\n<li>Examen de competencias musicales comunes (Elementos T\u00e9cnicos) el d\u00eda <strong>s\u00e1bado 21\/2\/26, a las 10 hs<\/strong> en la sede central (Gallo 238, 2do piso). <a href=\"https:\/\/cmfalla-caba.infd.edu.ar\/sitio\/wp-content\/uploads\/2025\/10\/Modelo-de-examen-de-ingreso-al-ciclo-superior-2025-6-CSMMF-Carreras-clasicas-1.pdf\">Ver modelo de examen<\/a>&nbsp;&nbsp;<\/li>\n\n\n\n<li>Examen de competencias musicales espec\u00edficas: <strong>25\/02\/2026, a las 18 hs.&nbsp;&nbsp;<\/strong><\/li>\n<\/ul>\n\n\n\n<p><strong>Paso 3:<\/strong> Recepci\u00f3n y entrega de la documentaci\u00f3n (Presencial): del <strong>10 al 13 de febrero de 2026<\/strong>, de 10 a 19 hs en Mesa de Entradas (Prof. Andrea Zavaroni). Se debe entregar una carpeta de 3 solapas con Apellido, nombre, mail y carrera en la que se pre-inscribi\u00f3 por el SIU Guaran\u00ed.<\/p>\n\n\n\n<p>El d\u00eda&nbsp;<strong>18 de febrero a las 18hs<\/strong>&nbsp;se realizar\u00e1 un&nbsp;<strong>encuentro orientativo<\/strong>&nbsp;para el examen de&nbsp;<strong>Formaci\u00f3n Musical 2<\/strong>&nbsp;(para quienes no acrediten TAP o FOBA)<\/p>\n\n\n\n<p><strong>Documentaci\u00f3n requerida<\/strong> (fotocopia n\u00edtida y legible, y original para constatar):<\/p>\n\n\n\n<ul>\n<li>Documento Nacional de Identidad<\/li>\n\n\n\n<li>T\u00edtulo Secundario (*)<\/li>\n\n\n\n<li>Certificado anal\u00edtico de Nivel B\u00e1sico completo (FOBA, TAP u otro)<\/li>\n\n\n\n<li>Ficha de salud (<a href=\"https:\/\/cmfalla-caba.infd.edu.ar\/sitio\/wp-content\/uploads\/2025\/09\/Ficha-de-Salud-de-mayores-de-edad-2025.pdf\">Descargar ficha<\/a>)<\/li>\n<\/ul>\n\n\n\n<p>Ante cualquier duda, comunicarse al mail de la Coordinaci\u00f3n.<\/p>\n\n\n\n<div class=\"wp-block-columns is-layout-flex wp-container-26\">\n<div class=\"wp-block-column is-layout-flow\">\n<div class=\"wp-block-columns is-layout-flex wp-container-24\">\n<div class=\"wp-block-column is-layout-flow\">\n<div style=\"max-width: 600px; margin: 40px auto; padding: 30px; text-align: center; border-radius: 16px; background: linear-gradient(135deg, #f8f9fa, #e3f2fd); box-shadow: 0 4px 16px rgba(0,0,0,0.1); font-family: sans-serif;\">\n\n  <h2 style=\"font-size: 26px; color: #262626; margin-bottom: 15px;\">&#x1f4e9; Contacto de la carrera<\/h2>\n\n  <p style=\"font-size: 18px; color: #555; margin-bottom: 25px;\">\n    \u00bfNecesit\u00e1s contactarte con el Departamento de Direcci\u00f3n Coral?\n  <\/p>\n\n  <span style=\"display: inline-block; background-color: #1565c0; color: white; padding: 14px 28px; font-size: 17px; border-radius: 10px; text-decoration: none; font-weight: bold;\">\n    &#x1f4e7; departamentodireccioncsmmf@gmail.com\n  <\/span>\n\n<\/div>\n<\/div>\n\n\n\n<div class=\"wp-block-column is-layout-flow\">\n<div style=\"max-width: 600px; margin: 40px auto; padding: 30px; text-align: center; border-radius: 16px; background: linear-gradient(135deg, #f8f9fa, #e3f2fd); box-shadow: 0 4px 16px rgba(0,0,0,0.1); font-family: sans-serif;\">\n\n  <h2 style=\"font-size: 26px; color: #262626; margin-bottom: 15px;\">\u00a1Conoc\u00e9 m\u00e1s de la carrera!<\/h2>\n\n  <p style=\"font-size: 18px; color: #555; margin-bottom: 25px;\">Para ver actividades y noticias del Departamento de Direcci\u00f3n Coral.<\/p>\n\n  <a href=\"https:\/\/www.instagram.com\/departamentodireccioncsmmf\/?hl=es\" target=\"_blank\" style=\"display: inline-block; background-color: #E1306C; color: white; padding: 14px 28px; font-size: 17px; border-radius: 10px; text-decoration: none; font-weight: bold; transition: background-color 0.3s ease;\" rel=\"noopener\">\n    &#x1f4f8; Seguir en Instagram\n  <\/a>\n\n<\/div>\n<\/div>\n<\/div>\n<\/div>\n<\/div>\n","protected":false},"excerpt":{"rendered":"<p>La orientaci\u00f3n en Direcci\u00f3n Coral se ofrece en este Conservatorio desde 1966 y tiene formaci\u00f3n docente desde 1977. Desde entonces se ha desarrollado una impronta a trav\u00e9s de la cual gran cantidad de graduados se desempe\u00f1an en salas de concierto y establecimientos educativos de todos los niveles, dando cuenta de la importancia de esta orientaci\u00f3n.Actualmente, &#8230; <a title=\"Direcci\u00f3n Coral\" class=\"read-more\" href=\"https:\/\/cmfalla-caba.infd.edu.ar\/sitio\/carrera-direccion-coral\/\" aria-label=\"More on Direcci\u00f3n Coral\">[+]<\/a><\/p>\n","protected":false},"author":7780,"featured_media":0,"parent":0,"menu_order":0,"comment_status":"closed","ping_status":"closed","template":"","meta":[],"acf":[],"_links":{"self":[{"href":"https:\/\/cmfalla-caba.infd.edu.ar\/sitio\/wp-json\/wp\/v2\/pages\/10748"}],"collection":[{"href":"https:\/\/cmfalla-caba.infd.edu.ar\/sitio\/wp-json\/wp\/v2\/pages"}],"about":[{"href":"https:\/\/cmfalla-caba.infd.edu.ar\/sitio\/wp-json\/wp\/v2\/types\/page"}],"author":[{"embeddable":true,"href":"https:\/\/cmfalla-caba.infd.edu.ar\/sitio\/wp-json\/wp\/v2\/users\/7780"}],"replies":[{"embeddable":true,"href":"https:\/\/cmfalla-caba.infd.edu.ar\/sitio\/wp-json\/wp\/v2\/comments?post=10748"}],"version-history":[{"count":19,"href":"https:\/\/cmfalla-caba.infd.edu.ar\/sitio\/wp-json\/wp\/v2\/pages\/10748\/revisions"}],"predecessor-version":[{"id":11679,"href":"https:\/\/cmfalla-caba.infd.edu.ar\/sitio\/wp-json\/wp\/v2\/pages\/10748\/revisions\/11679"}],"wp:attachment":[{"href":"https:\/\/cmfalla-caba.infd.edu.ar\/sitio\/wp-json\/wp\/v2\/media?parent=10748"}],"curies":[{"name":"wp","href":"https:\/\/api.w.org\/{rel}","templated":true}]}}