{"id":10754,"date":"2025-09-15T17:55:02","date_gmt":"2025-09-15T20:55:02","guid":{"rendered":"https:\/\/cmfalla-caba.infd.edu.ar\/sitio\/?page_id=10754"},"modified":"2026-03-20T16:22:22","modified_gmt":"2026-03-20T19:22:22","slug":"carrera-direccion-de-orquesta","status":"publish","type":"page","link":"https:\/\/cmfalla-caba.infd.edu.ar\/sitio\/carrera-direccion-de-orquesta\/","title":{"rendered":"Direcci\u00f3n de Orquesta"},"content":{"rendered":"\n<p style=\"font-size:15px\">El Conservatorio Superior de M\u00fasica Manuel de Falla presenta la orientaci\u00f3n en Direcci\u00f3n de Orquesta que se ofrece desde 1977 y comprende la direcci\u00f3n espec\u00edfica de grupos instrumentales desde los ensambles de c\u00e1mara hasta la orquesta sinf\u00f3nica. Ofreciendo experiencias significativas en lo art\u00edstico grupal, trascendiendo lo individual y aspirando a la realizaci\u00f3n con proyecci\u00f3n comunitaria.<\/p>\n\n\n\n<p style=\"font-size:15px\">Paralelamente, la creaci\u00f3n de nuevas orquestas de c\u00e1mara y sinf\u00f3nicas, sumado a la construcci\u00f3n de nuevas salas de concierto ac\u00fasticamente ideales, requieren de Directores\/as de Orquesta cuya formaci\u00f3n abarque un amplio universo cultural musical, acad\u00e9mico hist\u00f3rico y contempor\u00e1neo, popular \/ ciudadano y folcl\u00f3rico, habilitando para la inserci\u00f3n en la diversidad est\u00e9tica y multicultural de la actualidad, como as\u00ed tambi\u00e9n relacionado a los avances tecnol\u00f3gicos y las industrias culturales.<\/p>\n\n\n\n<div class=\"wp-block-columns is-layout-flex wp-container-3\">\n<div class=\"wp-block-column is-layout-flow\">\n<p><\/p>\n\n\n\n<p><\/p>\n\n\n\n<p style=\"font-size:15px\">Por otro lado, en consonancia con las pol\u00edticas educativas que privilegian la inclusi\u00f3n, se ha incorporado en el siguiente Plan Curricular Institucional la asignatura Direcci\u00f3n de Orquestas Infantiles y Juveniles, entendiendo que los diversos y vastos programas de orquestas infantiles y juveniles de alcance nacional, requieren de directores\/as de orquesta due\u00f1os de un nuevo perfil, en el que se valore la producci\u00f3n musical que se compagine, a la vez, con el trato con edades tempranas y con protagonistas de muy diversos contextos socioculturales.<\/p>\n<\/div>\n\n\n\n<div class=\"wp-block-column is-layout-flow\">\n<div class=\"alignnormal\"><div id=\"metaslider-id-9429\" style=\"max-width: 1000px; margin: 0 auto;\" class=\"ml-slider-3-33-0 metaslider metaslider-flex metaslider-9429 ml-slider ms-theme-default nav-hidden\" role=\"region\" aria-roledescription=\"Slideshow\" aria-label=\"Slideshow\">\n    <div id=\"metaslider_container_9429\">\n        <div id=\"metaslider_9429\" class=\"flexslider\">\n            <ul aria-live=\"polite\" class=\"slides\">\n                <li style=\"display: block; width: 100%;\" class=\"slide-9444 ms-image\" aria-roledescription=\"slide\" aria-label=\"slide-9444\"><img width=\"2560\" height=\"1707\" src=\"https:\/\/cmfalla-caba.infd.edu.ar\/sitio\/wp-content\/uploads\/2024\/10\/IMG_0128-scaled.jpg\" class=\"slider-9429 slide-9444\" alt=\"\" decoding=\"async\" loading=\"lazy\" rel=\"\" title=\"IMG_0128\" srcset=\"https:\/\/cmfalla-caba.infd.edu.ar\/sitio\/wp-content\/uploads\/2024\/10\/IMG_0128-scaled.jpg 2560w, https:\/\/cmfalla-caba.infd.edu.ar\/sitio\/wp-content\/uploads\/2024\/10\/IMG_0128-1000x667.jpg 1000w, https:\/\/cmfalla-caba.infd.edu.ar\/sitio\/wp-content\/uploads\/2024\/10\/IMG_0128-1900x1267.jpg 1900w, https:\/\/cmfalla-caba.infd.edu.ar\/sitio\/wp-content\/uploads\/2024\/10\/IMG_0128-768x512.jpg 768w, https:\/\/cmfalla-caba.infd.edu.ar\/sitio\/wp-content\/uploads\/2024\/10\/IMG_0128-1536x1024.jpg 1536w, https:\/\/cmfalla-caba.infd.edu.ar\/sitio\/wp-content\/uploads\/2024\/10\/IMG_0128-2048x1365.jpg 2048w\" sizes=\"(max-width: 2560px) 100vw, 2560px\" \/><\/li>\n                <li style=\"display: none; width: 100%;\" class=\"slide-9442 ms-image\" aria-roledescription=\"slide\" aria-label=\"slide-9442\"><img width=\"2560\" height=\"1857\" src=\"https:\/\/cmfalla-caba.infd.edu.ar\/sitio\/wp-content\/uploads\/2024\/10\/IMG_0167-scaled.jpg\" class=\"slider-9429 slide-9442\" alt=\"\" decoding=\"async\" loading=\"lazy\" rel=\"\" title=\"IMG_0167\" srcset=\"https:\/\/cmfalla-caba.infd.edu.ar\/sitio\/wp-content\/uploads\/2024\/10\/IMG_0167-scaled.jpg 2560w, https:\/\/cmfalla-caba.infd.edu.ar\/sitio\/wp-content\/uploads\/2024\/10\/IMG_0167-1000x725.jpg 1000w, https:\/\/cmfalla-caba.infd.edu.ar\/sitio\/wp-content\/uploads\/2024\/10\/IMG_0167-1900x1378.jpg 1900w, https:\/\/cmfalla-caba.infd.edu.ar\/sitio\/wp-content\/uploads\/2024\/10\/IMG_0167-768x557.jpg 768w, https:\/\/cmfalla-caba.infd.edu.ar\/sitio\/wp-content\/uploads\/2024\/10\/IMG_0167-1536x1114.jpg 1536w, https:\/\/cmfalla-caba.infd.edu.ar\/sitio\/wp-content\/uploads\/2024\/10\/IMG_0167-2048x1486.jpg 2048w\" sizes=\"(max-width: 2560px) 100vw, 2560px\" \/><\/li>\n                <li style=\"display: none; width: 100%;\" class=\"slide-9443 ms-image\" aria-roledescription=\"slide\" aria-label=\"slide-9443\"><img width=\"2560\" height=\"2109\" src=\"https:\/\/cmfalla-caba.infd.edu.ar\/sitio\/wp-content\/uploads\/2024\/10\/IMG_0138-scaled.jpg\" class=\"slider-9429 slide-9443\" alt=\"\" decoding=\"async\" loading=\"lazy\" rel=\"\" title=\"IMG_0138\" srcset=\"https:\/\/cmfalla-caba.infd.edu.ar\/sitio\/wp-content\/uploads\/2024\/10\/IMG_0138-scaled.jpg 2560w, https:\/\/cmfalla-caba.infd.edu.ar\/sitio\/wp-content\/uploads\/2024\/10\/IMG_0138-1000x824.jpg 1000w, https:\/\/cmfalla-caba.infd.edu.ar\/sitio\/wp-content\/uploads\/2024\/10\/IMG_0138-1900x1565.jpg 1900w, https:\/\/cmfalla-caba.infd.edu.ar\/sitio\/wp-content\/uploads\/2024\/10\/IMG_0138-768x633.jpg 768w, https:\/\/cmfalla-caba.infd.edu.ar\/sitio\/wp-content\/uploads\/2024\/10\/IMG_0138-1536x1266.jpg 1536w, https:\/\/cmfalla-caba.infd.edu.ar\/sitio\/wp-content\/uploads\/2024\/10\/IMG_0138-2048x1687.jpg 2048w\" sizes=\"(max-width: 2560px) 100vw, 2560px\" \/><\/li>\n                <li style=\"display: none; width: 100%;\" class=\"slide-9445 ms-image\" aria-roledescription=\"slide\" aria-label=\"slide-9445\"><img width=\"2560\" height=\"1707\" src=\"https:\/\/cmfalla-caba.infd.edu.ar\/sitio\/wp-content\/uploads\/2024\/10\/IMG_0102-scaled.jpg\" class=\"slider-9429 slide-9445\" alt=\"\" decoding=\"async\" loading=\"lazy\" rel=\"\" title=\"IMG_0102\" srcset=\"https:\/\/cmfalla-caba.infd.edu.ar\/sitio\/wp-content\/uploads\/2024\/10\/IMG_0102-scaled.jpg 2560w, https:\/\/cmfalla-caba.infd.edu.ar\/sitio\/wp-content\/uploads\/2024\/10\/IMG_0102-1000x667.jpg 1000w, https:\/\/cmfalla-caba.infd.edu.ar\/sitio\/wp-content\/uploads\/2024\/10\/IMG_0102-1900x1267.jpg 1900w, https:\/\/cmfalla-caba.infd.edu.ar\/sitio\/wp-content\/uploads\/2024\/10\/IMG_0102-768x512.jpg 768w, https:\/\/cmfalla-caba.infd.edu.ar\/sitio\/wp-content\/uploads\/2024\/10\/IMG_0102-1536x1024.jpg 1536w, https:\/\/cmfalla-caba.infd.edu.ar\/sitio\/wp-content\/uploads\/2024\/10\/IMG_0102-2048x1365.jpg 2048w\" sizes=\"(max-width: 2560px) 100vw, 2560px\" \/><\/li>\n                <li style=\"display: none; width: 100%;\" class=\"slide-9440 ms-image\" aria-roledescription=\"slide\" aria-label=\"slide-9440\"><img width=\"2560\" height=\"1895\" src=\"https:\/\/cmfalla-caba.infd.edu.ar\/sitio\/wp-content\/uploads\/2024\/10\/IMG_0193-scaled.jpg\" class=\"slider-9429 slide-9440\" alt=\"\" decoding=\"async\" loading=\"lazy\" rel=\"\" title=\"IMG_0193\" srcset=\"https:\/\/cmfalla-caba.infd.edu.ar\/sitio\/wp-content\/uploads\/2024\/10\/IMG_0193-scaled.jpg 2560w, https:\/\/cmfalla-caba.infd.edu.ar\/sitio\/wp-content\/uploads\/2024\/10\/IMG_0193-1000x740.jpg 1000w, https:\/\/cmfalla-caba.infd.edu.ar\/sitio\/wp-content\/uploads\/2024\/10\/IMG_0193-1900x1406.jpg 1900w, https:\/\/cmfalla-caba.infd.edu.ar\/sitio\/wp-content\/uploads\/2024\/10\/IMG_0193-768x568.jpg 768w, https:\/\/cmfalla-caba.infd.edu.ar\/sitio\/wp-content\/uploads\/2024\/10\/IMG_0193-1536x1137.jpg 1536w, https:\/\/cmfalla-caba.infd.edu.ar\/sitio\/wp-content\/uploads\/2024\/10\/IMG_0193-2048x1516.jpg 2048w\" sizes=\"(max-width: 2560px) 100vw, 2560px\" \/><\/li>\n                <li style=\"display: none; width: 100%;\" class=\"slide-9446 ms-image\" aria-roledescription=\"slide\" aria-label=\"slide-9446\"><img width=\"2560\" height=\"1964\" src=\"https:\/\/cmfalla-caba.infd.edu.ar\/sitio\/wp-content\/uploads\/2024\/10\/IMG_0092-scaled.jpg\" class=\"slider-9429 slide-9446\" alt=\"\" decoding=\"async\" loading=\"lazy\" rel=\"\" title=\"IMG_0092\" srcset=\"https:\/\/cmfalla-caba.infd.edu.ar\/sitio\/wp-content\/uploads\/2024\/10\/IMG_0092-scaled.jpg 2560w, https:\/\/cmfalla-caba.infd.edu.ar\/sitio\/wp-content\/uploads\/2024\/10\/IMG_0092-1000x767.jpg 1000w, https:\/\/cmfalla-caba.infd.edu.ar\/sitio\/wp-content\/uploads\/2024\/10\/IMG_0092-1900x1458.jpg 1900w, https:\/\/cmfalla-caba.infd.edu.ar\/sitio\/wp-content\/uploads\/2024\/10\/IMG_0092-768x589.jpg 768w, https:\/\/cmfalla-caba.infd.edu.ar\/sitio\/wp-content\/uploads\/2024\/10\/IMG_0092-1536x1179.jpg 1536w, https:\/\/cmfalla-caba.infd.edu.ar\/sitio\/wp-content\/uploads\/2024\/10\/IMG_0092-2048x1571.jpg 2048w\" sizes=\"(max-width: 2560px) 100vw, 2560px\" \/><\/li>\n                <li style=\"display: none; width: 100%;\" class=\"slide-9447 ms-image\" aria-roledescription=\"slide\" aria-label=\"slide-9447\"><img width=\"2560\" height=\"1849\" src=\"https:\/\/cmfalla-caba.infd.edu.ar\/sitio\/wp-content\/uploads\/2024\/10\/IMG_0081-scaled.jpg\" class=\"slider-9429 slide-9447\" alt=\"\" decoding=\"async\" loading=\"lazy\" rel=\"\" title=\"IMG_0081\" srcset=\"https:\/\/cmfalla-caba.infd.edu.ar\/sitio\/wp-content\/uploads\/2024\/10\/IMG_0081-scaled.jpg 2560w, https:\/\/cmfalla-caba.infd.edu.ar\/sitio\/wp-content\/uploads\/2024\/10\/IMG_0081-1000x722.jpg 1000w, https:\/\/cmfalla-caba.infd.edu.ar\/sitio\/wp-content\/uploads\/2024\/10\/IMG_0081-1900x1373.jpg 1900w, https:\/\/cmfalla-caba.infd.edu.ar\/sitio\/wp-content\/uploads\/2024\/10\/IMG_0081-768x555.jpg 768w, https:\/\/cmfalla-caba.infd.edu.ar\/sitio\/wp-content\/uploads\/2024\/10\/IMG_0081-1536x1110.jpg 1536w, https:\/\/cmfalla-caba.infd.edu.ar\/sitio\/wp-content\/uploads\/2024\/10\/IMG_0081-2048x1480.jpg 2048w\" sizes=\"(max-width: 2560px) 100vw, 2560px\" \/><\/li>\n            <\/ul>\n        <\/div>\n        \n    <\/div>\n<\/div><\/div>\n<\/div>\n<\/div>\n\n\n\n<div class=\"wp-block-columns is-layout-flex wp-container-11\">\n<div class=\"wp-block-column is-layout-flow\">\n<div class=\"wp-block-columns is-layout-flex wp-container-6\">\n<div class=\"wp-block-column is-layout-flow\">\n<figure class=\"wp-block-image size-large\"><img decoding=\"async\" loading=\"lazy\" width=\"1900\" height=\"1267\" src=\"https:\/\/cmfalla-caba.infd.edu.ar\/sitio\/wp-content\/uploads\/2024\/10\/IMG_0164-1900x1267.jpg\" alt=\"\" class=\"wp-image-9424\" srcset=\"https:\/\/cmfalla-caba.infd.edu.ar\/sitio\/wp-content\/uploads\/2024\/10\/IMG_0164-1900x1267.jpg 1900w, https:\/\/cmfalla-caba.infd.edu.ar\/sitio\/wp-content\/uploads\/2024\/10\/IMG_0164-1000x667.jpg 1000w, https:\/\/cmfalla-caba.infd.edu.ar\/sitio\/wp-content\/uploads\/2024\/10\/IMG_0164-768x512.jpg 768w, https:\/\/cmfalla-caba.infd.edu.ar\/sitio\/wp-content\/uploads\/2024\/10\/IMG_0164-1536x1024.jpg 1536w, https:\/\/cmfalla-caba.infd.edu.ar\/sitio\/wp-content\/uploads\/2024\/10\/IMG_0164-2048x1365.jpg 2048w\" sizes=\"(max-width: 1900px) 100vw, 1900px\" \/><\/figure>\n<\/div>\n\n\n\n<div class=\"wp-block-column is-layout-flow\">\n<figure class=\"wp-block-image size-large\"><img decoding=\"async\" loading=\"lazy\" width=\"1900\" height=\"1267\" src=\"https:\/\/cmfalla-caba.infd.edu.ar\/sitio\/wp-content\/uploads\/2024\/10\/IMG_0183-1-1900x1267.jpg\" alt=\"\" class=\"wp-image-9427\" srcset=\"https:\/\/cmfalla-caba.infd.edu.ar\/sitio\/wp-content\/uploads\/2024\/10\/IMG_0183-1-1900x1267.jpg 1900w, https:\/\/cmfalla-caba.infd.edu.ar\/sitio\/wp-content\/uploads\/2024\/10\/IMG_0183-1-1000x667.jpg 1000w, https:\/\/cmfalla-caba.infd.edu.ar\/sitio\/wp-content\/uploads\/2024\/10\/IMG_0183-1-768x512.jpg 768w, https:\/\/cmfalla-caba.infd.edu.ar\/sitio\/wp-content\/uploads\/2024\/10\/IMG_0183-1-1536x1024.jpg 1536w, https:\/\/cmfalla-caba.infd.edu.ar\/sitio\/wp-content\/uploads\/2024\/10\/IMG_0183-1-2048x1365.jpg 2048w\" sizes=\"(max-width: 1900px) 100vw, 1900px\" \/><\/figure>\n<\/div>\n<\/div>\n\n\n\n<figure class=\"wp-block-embed is-type-video is-provider-youtube wp-block-embed-youtube wp-embed-aspect-16-9 wp-has-aspect-ratio\"><div class=\"wp-block-embed__wrapper\">\n<iframe loading=\"lazy\" title=\"Direcci\u00f3n Coral y Direcci\u00f3n de Orquesta - CSMMF\" width=\"1200\" height=\"675\" src=\"https:\/\/www.youtube.com\/embed\/9JSj9QHSmuQ?feature=oembed\" frameborder=\"0\" allow=\"accelerometer; autoplay; clipboard-write; encrypted-media; gyroscope; picture-in-picture; web-share\" referrerpolicy=\"strict-origin-when-cross-origin\" allowfullscreen><\/iframe>\n<\/div><\/figure>\n\n\n\n<div class=\"wp-block-columns is-layout-flex wp-container-9\">\n<div class=\"wp-block-column is-layout-flow\">\n<div class=\"wp-block-buttons is-layout-flex\">\n<div class=\"wp-block-button has-custom-width wp-block-button__width-100\"><a class=\"wp-block-button__link has-contrast-background-color has-background wp-element-button\">Plantel docente de Direcci\u00f3n Orquestal<\/a><\/div>\n<\/div>\n<\/div>\n<\/div>\n<\/div>\n<\/div>\n\n\n\n<div class=\"wp-block-columns is-layout-flex wp-container-16\">\n<div class=\"wp-block-column is-layout-flow\">\n<div class=\"wp-block-columns is-layout-flex wp-container-14\">\n<div class=\"wp-block-column is-layout-flow\">\n<!-- TECNICATURA EN DIR ORQ--> <h2 style=\"color: #2D8E64; border-left: 6px solid #2D8E64; padding-left: 12px; margin-top: 40px;\">Tecnicatura Superior en Direcci\u00f3n de Orquesta<\/h2> \n\n<p><strong>Duraci\u00f3n:<\/strong> 3 a\u00f1os<\/p> \n\n<a href=\"https:\/\/cmfalla-caba.infd.edu.ar\/sitio\/wp-content\/uploads\/2025\/09\/RS-2025-1112-GCABA-MEDGC-TS-en-Direccion-de-Orquesta.pdf\"\n   style=\"display: inline-block; margin: 8px 0 15px 12px; background-color: #2D8E64; color: white; padding: 6px 14px; border-radius: 30px; text-decoration: none; font-size: 13px;\">\nResoluci\u00f3n\n<\/a>\n\n\n<a href=\"https:\/\/cmfalla-caba.infd.edu.ar\/sitio\/wp-content\/uploads\/2025\/09\/IF-2025-14014795-GCABA-DGEART-Tecnicatura-Superior-en-Direccion-de-Orquesta.pdf\"\n   style=\"display: inline-block; margin: 8px 0 15px 12px; background-color: #2D8E64; color: white; padding: 6px 14px; border-radius: 30px; text-decoration: none; font-size: 13px;\">\nPlan de Estudios\n<\/a>\n\n<a href=\"https:\/\/cmfalla-caba.infd.edu.ar\/sitio\/wp-content\/uploads\/2025\/10\/TEC-NUEVAS-Dir.-de-Orq.pdf\"\n   style=\"display: inline-block; margin: 8px 0 15px 12px; background-color: #2D8E64; color: white; padding: 6px 14px; border-radius: 30px; text-decoration: none; font-size: 13px;\">\nAnualizaci\u00f3n\n<\/a>\n<\/div>\n\n\n\n<div class=\"wp-block-column is-layout-flow\">\n<!-- PROFESORADOS --> <h2 style=\"color: #1990CC; border-left: 6px solid #1990CC; padding-left: 12px; margin-top: 40px;\">Profesorados en Direcci\u00f3n de Orquesta<\/h2> \n\n\n<p><strong>Profesorado en Direcci\u00f3n de Orquesta:<\/strong> Duraci\u00f3n de 4 a\u00f1os<\/p> <p>\n<a href=\"https:\/\/cmfalla-caba.infd.edu.ar\/sitio\/wp-content\/uploads\/2026\/02\/RS-2015-531-SSGECP-4-anos-Comp-y-Direc-Orq.pdf\"\n   style=\"display: inline-block; margin: 8px 0 15px 12px; background-color: #1990CC; color: white; padding: 6px 14px; border-radius: 30px; text-decoration: none; font-size: 13px;\">\nResoluci\u00f3n\n<\/a>\n\n\n<a href=\"https:\/\/cmfalla-caba.infd.edu.ar\/sitio\/wp-content\/uploads\/2026\/02\/Profesorado-2015-Direccion-de-Orquesta4-anos.pdf\"\n   style=\"display: inline-block; margin: 8px 0 15px 12px; background-color: #1990CC; color: white; padding: 6px 14px; border-radius: 30px; text-decoration: none; font-size: 13px;\">\nPlan de Estudios\n<\/a>\n\n<a href=\"https:\/\/cmfalla-caba.infd.edu.ar\/sitio\/wp-content\/uploads\/2024\/10\/Anualizacion-Prof-DirORQ-4-2024.pdf\"\n   style=\"display: inline-block; margin: 8px 0 15px 12px; background-color: #1990CC; color: white; padding: 6px 14px; border-radius: 30px; text-decoration: none; font-size: 13px;\">\nAnualizaci\u00f3n\n<\/a>\n\n<p><strong>Profesorados en Educaci\u00f3n Superior en Direcci\u00f3n de Orquesta:<\/strong>  Duraci\u00f3n de 5 a\u00f1os<\/p> <p>\n\n<a href=\"https:\/\/cmfalla-caba.infd.edu.ar\/sitio\/wp-content\/uploads\/2026\/02\/RS-2015-516-SSGECP-5-anos-Comp-y-Direc-Orq.pdf\"\n   style=\"display: inline-block; margin: 8px 0 15px 12px; background-color: #1990CC; color: white; padding: 6px 14px; border-radius: 30px; text-decoration: none; font-size: 13px;\">\nResoluci\u00f3n\n<\/a>\n\n\n<a href=\"https:\/\/cmfalla-caba.infd.edu.ar\/sitio\/planes-curriculares-institucionales-2015\/upload\/PCI_PROFESORADO_SUPERIOR_DIRECCION_DE_ORQUESTA__CSMMF___2015_1.pdf\"\n   style=\"display: inline-block; margin: 8px 0 15px 12px; background-color: #1990CC; color: white; padding: 6px 14px; border-radius: 30px; text-decoration: none; font-size: 13px;\">\nPlan de Estudios\n<\/a>\n\n<a href=\"https:\/\/cmfalla-caba.infd.edu.ar\/sitio\/wp-content\/uploads\/2024\/10\/Anualizacion-Prof-DirORQ-5-2024.pdf\"\n   style=\"display: inline-block; margin: 8px 0 15px 12px; background-color: #1990CC; color: white; padding: 6px 14px; border-radius: 30px; text-decoration: none; font-size: 13px;\">\nAnualizaci\u00f3n\n<\/a>\n<\/div>\n<\/div>\n<\/div>\n<\/div>\n\n\n\n<div class=\"wp-block-columns is-layout-flex wp-container-26\">\n<div class=\"wp-block-column is-layout-flow\">\n<div class=\"wp-block-columns is-layout-flex wp-container-24\">\n<div class=\"wp-block-column is-layout-flow\">\n<div class=\"wp-block-columns is-layout-flex wp-container-22\">\n<div class=\"wp-block-column is-layout-flow\">\n<div class=\"wp-block-buttons is-layout-flex\">\n<div class=\"wp-block-button has-custom-width wp-block-button__width-100\"><a class=\"wp-block-button__link has-background wp-element-button\" href=\"https:\/\/cmfalla-caba.infd.edu.ar\/sitio\/wp-content\/uploads\/2025\/10\/correlatividades-direccion-de-orquesta.pdf\" style=\"background-color:#2d8e64\">Correlatividades<\/a><\/div>\n<\/div>\n\n\n\n<p><\/p>\n\n\n\n<div class=\"wp-block-buttons is-layout-flex\">\n<div class=\"wp-block-button has-custom-width wp-block-button__width-100 has-custom-font-size\" style=\"font-size:19px\"><a class=\"wp-block-button__link has-background wp-element-button\" href=\"https:\/\/cmfalla-caba.infd.edu.ar\/sitio\/wp-content\/uploads\/2026\/03\/Regimen-de-correspondencias-2025.pdf\" style=\"background-color:#2d8e64\"><strong>R\u00e9gimen de correspondencias<\/strong> de materias<br>a las nuevas tecnicaturas vigentes <\/a><\/div>\n<\/div>\n<\/div>\n\n\n\n<div class=\"wp-block-column is-layout-flow\">\n<div class=\"wp-block-buttons is-layout-flex\">\n<div class=\"wp-block-button has-custom-width wp-block-button__width-100\"><a class=\"wp-block-button__link has-background wp-element-button\" href=\"https:\/\/cmfalla-caba.infd.edu.ar\/sitio\/wp-content\/uploads\/2024\/03\/Regimen_de_CORRELATIVIDADES-Direccion-de-Orquesta.pdf\" style=\"background-color:#1990cc\">Correlatividades<\/a><\/div>\n\n\n\n<div class=\"wp-block-button has-custom-width wp-block-button__width-100\"><a class=\"wp-block-button__link has-background wp-element-button\" href=\"https:\/\/cmfalla-caba.infd.edu.ar\/sitio\/wp-content\/uploads\/2023\/12\/Regimen_de_PROMOCION_de_asignaturas_PCI_28-12-15_CD_LCH.pdf\" style=\"background-color:#1990cc\" target=\"_blank\" rel=\"noreferrer noopener\">R\u00e9gimen de Promoci\u00f3n<\/a><\/div>\n<\/div>\n<\/div>\n<\/div>\n<\/div>\n<\/div>\n<\/div>\n<\/div>\n\n\n\n<div class=\"wp-block-columns is-layout-flex wp-container-29\">\n<div class=\"wp-block-column is-layout-flow\">\n<div class=\"wp-block-buttons is-layout-flex\">\n<div class=\"wp-block-button has-custom-width wp-block-button__width-100\"><a class=\"wp-block-button__link has-background wp-element-button\" style=\"background:linear-gradient(135deg,rgb(0,0,0) 0%,rgb(129,129,129) 100%)\"><strong>Ingreso 2026 al Nivel Superior en Direcci\u00f3n de Orquesta<\/strong><\/a><\/div>\n<\/div>\n<\/div>\n<\/div>\n\n\n\n<p><strong>Paso 1:<\/strong> Realizar la <strong>preinscripci\u00f3n online del 15\/12\/26 al 9\/2\/26<\/strong>, seleccionando la carrera elegida (ver pesta\u00f1a INGRESO 2026)<\/p>\n\n\n\n<p><strong>Paso 2:<\/strong>&nbsp;&nbsp;<\/p>\n\n\n\n<p>Si el\/la estudiante cuenta con certificaci\u00f3n del nivel B\u00e1sico (TAP, FOBA u otros), s\u00f3lo deber\u00e1 asistir a la instancia de COLOQUIO en la orientaci\u00f3n. Ser\u00e1 contactado v\u00eda mail por la coordinaci\u00f3n del Departamento Acad\u00e9mico.&nbsp;&nbsp;&nbsp;<\/p>\n\n\n\n<p>Si el\/la estudiante <strong>no posee<\/strong> certificaci\u00f3n del nivel B\u00e1sico (TAP, FOBA u otros), deber\u00e1 rendir:&nbsp;<\/p>\n\n\n\n<ul>\n<li>Examen de competencias musicales comunes (Elementos T\u00e9cnicos) el d\u00eda s\u00e1bado<strong> 21\/2\/26, a las 10 hs<\/strong> en la sede central (Gallo 238, 2do piso). <a href=\"https:\/\/cmfalla-caba.infd.edu.ar\/sitio\/wp-content\/uploads\/2025\/10\/Modelo-de-examen-de-ingreso-al-ciclo-superior-2025-6-CSMMF-Carreras-clasicas-1.pdf\">Ver modelo de examen<\/a>&nbsp;<\/li>\n\n\n\n<li>Examen de competencias musicales espec\u00edficas: <strong>23\/02\/2026, a las 12 hs&nbsp;<\/strong><\/li>\n<\/ul>\n\n\n\n<p><strong>Paso 3:<\/strong> Recepci\u00f3n y entrega de la documentaci\u00f3n (Presencial): <strong>del 10 al 13 de febrero de 2026<\/strong>, de 10 a 19 hs en Mesa de Entradas (Prof. Andrea Zavaroni). Se debe entregar una carpeta de 3 solapas con Apellido, nombre, mail y carrera en la que se pre-inscribi\u00f3 por el SIU Guaran\u00ed.<\/p>\n\n\n\n<p>El d\u00eda&nbsp;<strong>18 de febrero a las 18hs<\/strong>&nbsp;se realizar\u00e1 un&nbsp;<strong>encuentro orientativo<\/strong>&nbsp;para el examen de&nbsp;<strong>Formaci\u00f3n Musical 2<\/strong>&nbsp;(para quienes no acrediten TAP o FOBA)<\/p>\n\n\n\n<p><strong>Documentaci\u00f3n requerida<\/strong> (fotocopia n\u00edtida y legible, y original para constatar):<\/p>\n\n\n\n<ul>\n<li>Documento Nacional de Identidad<\/li>\n\n\n\n<li>T\u00edtulo Secundario (*)<\/li>\n\n\n\n<li>Certificado anal\u00edtico de Nivel B\u00e1sico completo (FOBA, TAP u otro)<\/li>\n\n\n\n<li>Ficha de salud (<a href=\"https:\/\/cmfalla-caba.infd.edu.ar\/sitio\/wp-content\/uploads\/2025\/09\/Ficha-de-Salud-de-mayores-de-edad-2025.pdf\">Descargar ficha<\/a>)<\/li>\n<\/ul>\n\n\n\n<p>Ante cualquier duda, consultar al mail de la Coordinaci\u00f3n<\/p>\n\n\n\n<div class=\"wp-block-columns is-layout-flex wp-container-38\">\n<div class=\"wp-block-column is-layout-flow\">\n<div class=\"wp-block-columns is-layout-flex wp-container-36\">\n<div class=\"wp-block-column is-layout-flow\">\n<div class=\"wp-block-columns is-layout-flex wp-container-34\">\n<div class=\"wp-block-column is-layout-flow\">\n<div class=\"wp-block-columns is-layout-flex wp-container-32\">\n<div class=\"wp-block-column is-layout-flow\">\n<div style=\"max-width: 600px; margin: 40px auto; padding: 30px; text-align: center; border-radius: 16px; background: linear-gradient(135deg, #f8f9fa, #e3f2fd); box-shadow: 0 4px 16px rgba(0,0,0,0.1); font-family: sans-serif;\">\n\n  <h2 style=\"font-size: 26px; color: #262626; margin-bottom: 15px;\">&#x1f4e9; Contacto de la carrera<\/h2>\n\n  <p style=\"font-size: 18px; color: #555; margin-bottom: 25px;\">\n    \u00bfNecesit\u00e1s contactarte con el Departamento de Direcci\u00f3n de Orquesta?\n  <\/p>\n\n  <span style=\"display: inline-block; background-color: #1565c0; color: white; padding: 14px 28px; font-size: 17px; border-radius: 10px; text-decoration: none; font-weight: bold;\">\n    &#x1f4e7; departamentodireccioncsmmf@gmail.com\n  <\/span>\n\n<\/div>\n<\/div>\n\n\n\n<div class=\"wp-block-column is-layout-flow\">\n<div style=\"max-width: 600px; margin: 40px auto; padding: 30px; text-align: center; border-radius: 16px; background: linear-gradient(135deg, #f8f9fa, #e3f2fd); box-shadow: 0 4px 16px rgba(0,0,0,0.1); font-family: sans-serif;\">\n\n  <h2 style=\"font-size: 26px; color: #262626; margin-bottom: 15px;\">\u00a1Conoc\u00e9 m\u00e1s de la carrera!<\/h2>\n\n  <p style=\"font-size: 18px; color: #555; margin-bottom: 25px;\">Para ver actividades y noticias del Departamento de Direcci\u00f3n de Orquesta.<\/p>\n\n  <a href=\"https:\/\/www.instagram.com\/departamentodireccioncsmmf\/?hl=es\" target=\"_blank\" style=\"display: inline-block; background-color: #E1306C; color: white; padding: 14px 28px; font-size: 17px; border-radius: 10px; text-decoration: none; font-weight: bold; transition: background-color 0.3s ease;\" rel=\"noopener\">\n    &#x1f4f8; Seguir en Instagram\n  <\/a>\n\n<\/div>\n<\/div>\n<\/div>\n<\/div>\n<\/div>\n<\/div>\n<\/div>\n<\/div>\n<\/div>\n","protected":false},"excerpt":{"rendered":"<p>El Conservatorio Superior de M\u00fasica Manuel de Falla presenta la orientaci\u00f3n en Direcci\u00f3n de Orquesta que se ofrece desde 1977 y comprende la direcci\u00f3n espec\u00edfica de grupos instrumentales desde los ensambles de c\u00e1mara hasta la orquesta sinf\u00f3nica. Ofreciendo experiencias significativas en lo art\u00edstico grupal, trascendiendo lo individual y aspirando a la realizaci\u00f3n con proyecci\u00f3n comunitaria. &#8230; <a title=\"Direcci\u00f3n de Orquesta\" class=\"read-more\" href=\"https:\/\/cmfalla-caba.infd.edu.ar\/sitio\/carrera-direccion-de-orquesta\/\" aria-label=\"More on Direcci\u00f3n de Orquesta\">[+]<\/a><\/p>\n","protected":false},"author":7780,"featured_media":0,"parent":0,"menu_order":0,"comment_status":"closed","ping_status":"closed","template":"","meta":[],"acf":[],"_links":{"self":[{"href":"https:\/\/cmfalla-caba.infd.edu.ar\/sitio\/wp-json\/wp\/v2\/pages\/10754"}],"collection":[{"href":"https:\/\/cmfalla-caba.infd.edu.ar\/sitio\/wp-json\/wp\/v2\/pages"}],"about":[{"href":"https:\/\/cmfalla-caba.infd.edu.ar\/sitio\/wp-json\/wp\/v2\/types\/page"}],"author":[{"embeddable":true,"href":"https:\/\/cmfalla-caba.infd.edu.ar\/sitio\/wp-json\/wp\/v2\/users\/7780"}],"replies":[{"embeddable":true,"href":"https:\/\/cmfalla-caba.infd.edu.ar\/sitio\/wp-json\/wp\/v2\/comments?post=10754"}],"version-history":[{"count":16,"href":"https:\/\/cmfalla-caba.infd.edu.ar\/sitio\/wp-json\/wp\/v2\/pages\/10754\/revisions"}],"predecessor-version":[{"id":11678,"href":"https:\/\/cmfalla-caba.infd.edu.ar\/sitio\/wp-json\/wp\/v2\/pages\/10754\/revisions\/11678"}],"wp:attachment":[{"href":"https:\/\/cmfalla-caba.infd.edu.ar\/sitio\/wp-json\/wp\/v2\/media?parent=10754"}],"curies":[{"name":"wp","href":"https:\/\/api.w.org\/{rel}","templated":true}]}}