{"id":10792,"date":"2025-09-15T20:46:05","date_gmt":"2025-09-15T23:46:05","guid":{"rendered":"https:\/\/cmfalla-caba.infd.edu.ar\/sitio\/?page_id=10792"},"modified":"2026-03-20T16:23:27","modified_gmt":"2026-03-20T19:23:27","slug":"carrera-etnomusicologia","status":"publish","type":"page","link":"https:\/\/cmfalla-caba.infd.edu.ar\/sitio\/carrera-etnomusicologia\/","title":{"rendered":"Etnomusicolog\u00eda"},"content":{"rendered":"\n<p style=\"font-size:15px\">La Carrera de Etnomusicolog\u00eda del Conservatorio Superior de M\u00fasica Manuel de Falla propone una formaci\u00f3n en el estudio de las m\u00fasicas populares latinoamericanas con una fuerte impronta en las pr\u00e1cticas musicales comunitarias y colectivas. Aborda el estudio de los instrumentos, danzas, metodolog\u00edas de an\u00e1lisis, pedagog\u00edas e historia de las pr\u00e1cticas musicales. En la investigaci\u00f3n art\u00edstica se conjugan las pr\u00e1cticas sonoras y musicales, los contextos socioculturales y la reflexi\u00f3n te\u00f3rica.&nbsp;<\/p>\n\n\n\n<div class=\"wp-block-columns is-layout-flex wp-container-2\">\n<div class=\"wp-block-column is-layout-flow\">\n<div class=\"alignnormal\"><div id=\"metaslider-id-9316\" style=\"max-width: 1000px; margin: 0 auto;\" class=\"ml-slider-3-33-0 metaslider metaslider-flex metaslider-9316 ml-slider ms-theme-default nav-hidden\" role=\"region\" aria-roledescription=\"Slideshow\" aria-label=\"Slideshow\">\n    <div id=\"metaslider_container_9316\">\n        <div id=\"metaslider_9316\" class=\"flexslider\">\n            <ul aria-live=\"polite\" class=\"slides\">\n                <li style=\"display: block; width: 100%;\" class=\"slide-9323 ms-image\" aria-roledescription=\"slide\" aria-label=\"slide-9323\"><img width=\"2560\" height=\"1707\" src=\"https:\/\/cmfalla-caba.infd.edu.ar\/sitio\/wp-content\/uploads\/2024\/09\/IMG_2688-scaled.jpg\" class=\"slider-9316 slide-9323\" alt=\"\" decoding=\"async\" loading=\"lazy\" rel=\"\" title=\"IMG_2688\" srcset=\"https:\/\/cmfalla-caba.infd.edu.ar\/sitio\/wp-content\/uploads\/2024\/09\/IMG_2688-scaled.jpg 2560w, https:\/\/cmfalla-caba.infd.edu.ar\/sitio\/wp-content\/uploads\/2024\/09\/IMG_2688-1000x667.jpg 1000w, https:\/\/cmfalla-caba.infd.edu.ar\/sitio\/wp-content\/uploads\/2024\/09\/IMG_2688-1900x1267.jpg 1900w, https:\/\/cmfalla-caba.infd.edu.ar\/sitio\/wp-content\/uploads\/2024\/09\/IMG_2688-768x512.jpg 768w, https:\/\/cmfalla-caba.infd.edu.ar\/sitio\/wp-content\/uploads\/2024\/09\/IMG_2688-1536x1024.jpg 1536w, https:\/\/cmfalla-caba.infd.edu.ar\/sitio\/wp-content\/uploads\/2024\/09\/IMG_2688-2048x1365.jpg 2048w\" sizes=\"(max-width: 2560px) 100vw, 2560px\" \/><\/li>\n                <li style=\"display: none; width: 100%;\" class=\"slide-9324 ms-image\" aria-roledescription=\"slide\" aria-label=\"slide-9324\"><img width=\"2560\" height=\"1707\" src=\"https:\/\/cmfalla-caba.infd.edu.ar\/sitio\/wp-content\/uploads\/2024\/09\/IMG_2206-scaled.jpeg\" class=\"slider-9316 slide-9324\" alt=\"\" decoding=\"async\" loading=\"lazy\" rel=\"\" title=\"IMG_2206\" srcset=\"https:\/\/cmfalla-caba.infd.edu.ar\/sitio\/wp-content\/uploads\/2024\/09\/IMG_2206-scaled.jpeg 2560w, https:\/\/cmfalla-caba.infd.edu.ar\/sitio\/wp-content\/uploads\/2024\/09\/IMG_2206-1000x667.jpeg 1000w, https:\/\/cmfalla-caba.infd.edu.ar\/sitio\/wp-content\/uploads\/2024\/09\/IMG_2206-1900x1267.jpeg 1900w, https:\/\/cmfalla-caba.infd.edu.ar\/sitio\/wp-content\/uploads\/2024\/09\/IMG_2206-768x512.jpeg 768w, https:\/\/cmfalla-caba.infd.edu.ar\/sitio\/wp-content\/uploads\/2024\/09\/IMG_2206-1536x1024.jpeg 1536w, https:\/\/cmfalla-caba.infd.edu.ar\/sitio\/wp-content\/uploads\/2024\/09\/IMG_2206-2048x1365.jpeg 2048w\" sizes=\"(max-width: 2560px) 100vw, 2560px\" \/><\/li>\n                <li style=\"display: none; width: 100%;\" class=\"slide-9325 ms-image\" aria-roledescription=\"slide\" aria-label=\"slide-9325\"><img width=\"2560\" height=\"1700\" src=\"https:\/\/cmfalla-caba.infd.edu.ar\/sitio\/wp-content\/uploads\/2024\/09\/DSC0738-scaled.jpeg\" class=\"slider-9316 slide-9325\" alt=\"\" decoding=\"async\" loading=\"lazy\" rel=\"\" title=\"_DSC0738\" srcset=\"https:\/\/cmfalla-caba.infd.edu.ar\/sitio\/wp-content\/uploads\/2024\/09\/DSC0738-scaled.jpeg 2560w, https:\/\/cmfalla-caba.infd.edu.ar\/sitio\/wp-content\/uploads\/2024\/09\/DSC0738-1000x664.jpeg 1000w, https:\/\/cmfalla-caba.infd.edu.ar\/sitio\/wp-content\/uploads\/2024\/09\/DSC0738-1900x1262.jpeg 1900w, https:\/\/cmfalla-caba.infd.edu.ar\/sitio\/wp-content\/uploads\/2024\/09\/DSC0738-768x510.jpeg 768w, https:\/\/cmfalla-caba.infd.edu.ar\/sitio\/wp-content\/uploads\/2024\/09\/DSC0738-1536x1020.jpeg 1536w, https:\/\/cmfalla-caba.infd.edu.ar\/sitio\/wp-content\/uploads\/2024\/09\/DSC0738-2048x1360.jpeg 2048w\" sizes=\"(max-width: 2560px) 100vw, 2560px\" \/><\/li>\n                <li style=\"display: none; width: 100%;\" class=\"slide-9326 ms-image\" aria-roledescription=\"slide\" aria-label=\"slide-9326\"><img width=\"2511\" height=\"1883\" src=\"https:\/\/cmfalla-caba.infd.edu.ar\/sitio\/wp-content\/uploads\/2024\/09\/20220807_160843.jpeg\" class=\"slider-9316 slide-9326\" alt=\"\" decoding=\"async\" loading=\"lazy\" rel=\"\" title=\"20220807_160843\" srcset=\"https:\/\/cmfalla-caba.infd.edu.ar\/sitio\/wp-content\/uploads\/2024\/09\/20220807_160843.jpeg 2511w, https:\/\/cmfalla-caba.infd.edu.ar\/sitio\/wp-content\/uploads\/2024\/09\/20220807_160843-1000x750.jpeg 1000w, https:\/\/cmfalla-caba.infd.edu.ar\/sitio\/wp-content\/uploads\/2024\/09\/20220807_160843-1900x1425.jpeg 1900w, https:\/\/cmfalla-caba.infd.edu.ar\/sitio\/wp-content\/uploads\/2024\/09\/20220807_160843-768x576.jpeg 768w, https:\/\/cmfalla-caba.infd.edu.ar\/sitio\/wp-content\/uploads\/2024\/09\/20220807_160843-1536x1152.jpeg 1536w, https:\/\/cmfalla-caba.infd.edu.ar\/sitio\/wp-content\/uploads\/2024\/09\/20220807_160843-2048x1536.jpeg 2048w\" sizes=\"(max-width: 2511px) 100vw, 2511px\" \/><\/li>\n                <li style=\"display: none; width: 100%;\" class=\"slide-9327 ms-image\" aria-roledescription=\"slide\" aria-label=\"slide-9327\"><img width=\"1280\" height=\"872\" src=\"https:\/\/cmfalla-caba.infd.edu.ar\/sitio\/wp-content\/uploads\/2024\/09\/WhatsApp-Image-2022-10-09-at-6.23.24-PM.jpeg\" class=\"slider-9316 slide-9327\" alt=\"\" decoding=\"async\" loading=\"lazy\" rel=\"\" title=\"WhatsApp Image 2022-10-09 at 6.23.24 PM\" srcset=\"https:\/\/cmfalla-caba.infd.edu.ar\/sitio\/wp-content\/uploads\/2024\/09\/WhatsApp-Image-2022-10-09-at-6.23.24-PM.jpeg 1280w, https:\/\/cmfalla-caba.infd.edu.ar\/sitio\/wp-content\/uploads\/2024\/09\/WhatsApp-Image-2022-10-09-at-6.23.24-PM-1000x681.jpeg 1000w, https:\/\/cmfalla-caba.infd.edu.ar\/sitio\/wp-content\/uploads\/2024\/09\/WhatsApp-Image-2022-10-09-at-6.23.24-PM-768x523.jpeg 768w\" sizes=\"(max-width: 1280px) 100vw, 1280px\" \/><\/li>\n                <li style=\"display: none; width: 100%;\" class=\"slide-9328 ms-image\" aria-roledescription=\"slide\" aria-label=\"slide-9328\"><img width=\"2560\" height=\"1921\" src=\"https:\/\/cmfalla-caba.infd.edu.ar\/sitio\/wp-content\/uploads\/2024\/09\/DSC0109-scaled.jpeg\" class=\"slider-9316 slide-9328\" alt=\"\" decoding=\"async\" loading=\"lazy\" rel=\"\" title=\"SONY DSC\" srcset=\"https:\/\/cmfalla-caba.infd.edu.ar\/sitio\/wp-content\/uploads\/2024\/09\/DSC0109-scaled.jpeg 2560w, https:\/\/cmfalla-caba.infd.edu.ar\/sitio\/wp-content\/uploads\/2024\/09\/DSC0109-1000x751.jpeg 1000w, https:\/\/cmfalla-caba.infd.edu.ar\/sitio\/wp-content\/uploads\/2024\/09\/DSC0109-1900x1426.jpeg 1900w, https:\/\/cmfalla-caba.infd.edu.ar\/sitio\/wp-content\/uploads\/2024\/09\/DSC0109-768x576.jpeg 768w, https:\/\/cmfalla-caba.infd.edu.ar\/sitio\/wp-content\/uploads\/2024\/09\/DSC0109-1536x1153.jpeg 1536w, https:\/\/cmfalla-caba.infd.edu.ar\/sitio\/wp-content\/uploads\/2024\/09\/DSC0109-2048x1537.jpeg 2048w\" sizes=\"(max-width: 2560px) 100vw, 2560px\" \/><div class=\"caption-wrap\"><div class=\"caption\">SONY DSC<\/div><\/div><\/li>\n            <\/ul>\n        <\/div>\n        \n    <\/div>\n<\/div><\/div>\n<\/div>\n<\/div>\n\n\n\n<figure class=\"wp-block-embed is-type-video is-provider-youtube wp-block-embed-youtube wp-embed-aspect-16-9 wp-has-aspect-ratio\"><div class=\"wp-block-embed__wrapper\">\n<iframe loading=\"lazy\" title=\"Etnomusicolog\u00eda - CSMMF\" width=\"1200\" height=\"675\" src=\"https:\/\/www.youtube.com\/embed\/3ZmD1aL8q8c?feature=oembed\" frameborder=\"0\" allow=\"accelerometer; autoplay; clipboard-write; encrypted-media; gyroscope; picture-in-picture; web-share\" referrerpolicy=\"strict-origin-when-cross-origin\" allowfullscreen><\/iframe>\n<\/div><\/figure>\n\n\n\n<p><\/p>\n\n\n\n<div class=\"wp-block-buttons is-layout-flex\">\n<div class=\"wp-block-button has-custom-width wp-block-button__width-100\"><a class=\"wp-block-button__link has-contrast-background-color has-background wp-element-button\" href=\"https:\/\/cmfalla-caba.infd.edu.ar\/sitio\/plantel-docente-etnomusicologia\/\">Plantel docente de Etnomusicolog\u00eda<\/a><\/div>\n<\/div>\n\n\n\n<div class=\"wp-block-columns is-layout-flex wp-container-10\">\n<div class=\"wp-block-column is-layout-flow\">\n<div class=\"wp-block-columns is-layout-flex wp-container-8\">\n<div class=\"wp-block-column is-layout-flow\">\n<div class=\"wp-block-columns is-layout-flex wp-container-6\">\n<div class=\"wp-block-column is-layout-flow\">\n<!-- TECNICATURA EN ETNO--> <h2 style=\"color: #2D8E64; border-left: 6px solid #2D8E64; padding-left: 12px; margin-top: 40px;\">Tecnicatura Superior en Etnomusicolog\u00eda<\/h2> \n\n<p><strong>Duraci\u00f3n:<\/strong> 3 a\u00f1os<\/p> \n\n<a href=\"https:\/\/cmfalla-caba.infd.edu.ar\/sitio\/wp-content\/uploads\/2025\/08\/RS-2025-30566357-GCABA-MEDGC-DA-Etnomusicologia.pdf\"\n   style=\"display: inline-block; margin: 8px 0 15px 12px; background-color: #2D8E64; color: white; padding: 6px 14px; border-radius: 30px; text-decoration: none; font-size: 13px;\">\nResoluci\u00f3n\n<\/a>\n\n\n<a href=\"https:\/\/cmfalla-caba.infd.edu.ar\/sitio\/wp-content\/uploads\/2025\/08\/IF-2025-28828633-GCABA-DGAHPEF-TS-en-Etnomusicologia.pdf\"\n   style=\"display: inline-block; margin: 8px 0 15px 12px; background-color: #2D8E64; color: white; padding: 6px 14px; border-radius: 30px; text-decoration: none; font-size: 13px;\">\nPlan de Estudios\n<\/a>\n\n<a href=\"https:\/\/cmfalla-caba.infd.edu.ar\/sitio\/wp-content\/uploads\/2025\/10\/TEC-NUEVAS-Etnomusicologia.pdf\"\n   style=\"display: inline-block; margin: 8px 0 15px 12px; background-color: #2D8E64; color: white; padding: 6px 14px; border-radius: 30px; text-decoration: none; font-size: 13px;\">\nAnualizaci\u00f3n\n<\/a>\n<\/div>\n\n\n\n<div class=\"wp-block-column is-layout-flow\">\n<!-- PROFESORADOS --> <h2 style=\"color: #1990CC; border-left: 6px solid #1990CC; padding-left: 12px; margin-top: 40px;\">Profesorados en Etnomusicolog\u00eda<\/h2> \n\n\n<p><strong>Profesorado en Etnomusicolog\u00eda:<\/strong> Duraci\u00f3n de 4 a\u00f1os<\/p> <p>\n<a href=\"https:\/\/cmfalla-caba.infd.edu.ar\/sitio\/wp-content\/uploads\/2026\/02\/RS-2015-513-SSGECPEtno-y-MPA-4-anos.pdf\"\n   style=\"display: inline-block; margin: 8px 0 15px 12px; background-color: #1990CC; color: white; padding: 6px 14px; border-radius: 30px; text-decoration: none; font-size: 13px;\">\nResoluci\u00f3n\n<\/a>\n\n\n<a href=\"https:\/\/cmfalla-caba.infd.edu.ar\/sitio\/wp-content\/uploads\/2026\/02\/Profesorado-2015-Etnomusicologia-4anos.pdf\"\n   style=\"display: inline-block; margin: 8px 0 15px 12px; background-color: #1990CC; color: white; padding: 6px 14px; border-radius: 30px; text-decoration: none; font-size: 13px;\">\nPlan de Estudios\n<\/a>\n\n<a href=\"https:\/\/cmfalla-caba.infd.edu.ar\/sitio\/wp-content\/uploads\/2024\/10\/Anualizacion-Prof-Etno-4-2024.pdf\"\n   style=\"display: inline-block; margin: 8px 0 15px 12px; background-color: #1990CC; color: white; padding: 6px 14px; border-radius: 30px; text-decoration: none; font-size: 13px;\">\nAnualizaci\u00f3n\n<\/a>\n\n<p><strong>Profesorados en Educaci\u00f3n Superior en Etnomusicolog\u00eda:<\/strong>  Duraci\u00f3n de 5 a\u00f1os<\/p> <p>\n\n<a href=\"https:\/\/cmfalla-caba.infd.edu.ar\/sitio\/wp-content\/uploads\/2026\/02\/RS-2015-515-SSGECPEtno-y-MPA-5-anos.pdf\"\n   style=\"display: inline-block; margin: 8px 0 15px 12px; background-color: #1990CC; color: white; padding: 6px 14px; border-radius: 30px; text-decoration: none; font-size: 13px;\">\nResoluci\u00f3n\n<\/a>\n\n\n<a href=\"https:\/\/cmfalla-caba.infd.edu.ar\/sitio\/planes-curriculares-institucionales-2015\/upload\/ETNOMUSICOLOGIA_5_AN_OS.pdf\"\n   style=\"display: inline-block; margin: 8px 0 15px 12px; background-color: #1990CC; color: white; padding: 6px 14px; border-radius: 30px; text-decoration: none; font-size: 13px;\">\nPlan de Estudios\n<\/a>\n\n<a href=\"https:\/\/cmfalla-caba.infd.edu.ar\/sitio\/wp-content\/uploads\/2024\/10\/Anualizacion-Prof-Etno-5-2024.pdf\"\n   style=\"display: inline-block; margin: 8px 0 15px 12px; background-color: #1990CC; color: white; padding: 6px 14px; border-radius: 30px; text-decoration: none; font-size: 13px;\">\nAnualizaci\u00f3n\n<\/a>\n<\/div>\n<\/div>\n<\/div>\n<\/div>\n<\/div>\n<\/div>\n\n\n\n<div class=\"wp-block-columns is-layout-flex wp-container-22\">\n<div class=\"wp-block-column is-layout-flow\">\n<div class=\"wp-block-columns is-layout-flex wp-container-20\">\n<div class=\"wp-block-column is-layout-flow\">\n<div class=\"wp-block-columns is-layout-flex wp-container-18\">\n<div class=\"wp-block-column is-layout-flow\">\n<div class=\"wp-block-columns is-layout-flex wp-container-16\">\n<div class=\"wp-block-column is-layout-flow\">\n<div class=\"wp-block-buttons is-layout-flex\">\n<div class=\"wp-block-button has-custom-width wp-block-button__width-100\"><a class=\"wp-block-button__link has-background wp-element-button\" href=\"https:\/\/cmfalla-caba.infd.edu.ar\/sitio\/wp-content\/uploads\/2025\/10\/correlatividades-etno.pdf\" style=\"background-color:#2d8e64\">Correlatividades<\/a><\/div>\n<\/div>\n\n\n\n<p><\/p>\n\n\n\n<div class=\"wp-block-buttons is-layout-flex\">\n<div class=\"wp-block-button has-custom-width wp-block-button__width-100 has-custom-font-size\" style=\"font-size:19px\"><a class=\"wp-block-button__link has-background wp-element-button\" href=\"https:\/\/cmfalla-caba.infd.edu.ar\/sitio\/wp-content\/uploads\/2026\/03\/Regimen-de-correspondencias-2025.pdf\" style=\"background-color:#2d8e64\"><strong>R\u00e9gimen de correspondencias<\/strong> de materias<br>a las nuevas tecnicaturas vigentes <\/a><\/div>\n<\/div>\n<\/div>\n\n\n\n<div class=\"wp-block-column is-layout-flow\">\n<div class=\"wp-block-buttons is-layout-flex\">\n<div class=\"wp-block-button has-custom-width wp-block-button__width-100\"><a class=\"wp-block-button__link has-background wp-element-button\" style=\"background-color:#1990cc\">Correlatividades<\/a><\/div>\n\n\n\n<div class=\"wp-block-button has-custom-width wp-block-button__width-100\"><a class=\"wp-block-button__link has-background wp-element-button\" style=\"background-color:#1990cc\">R\u00e9gimen de Promoci\u00f3n<\/a><\/div>\n<\/div>\n<\/div>\n<\/div>\n<\/div>\n<\/div>\n<\/div>\n<\/div>\n<\/div>\n<\/div>\n\n\n\n<div class=\"wp-block-buttons is-layout-flex\">\n<div class=\"wp-block-button has-custom-width wp-block-button__width-100\"><a class=\"wp-block-button__link has-background wp-element-button\" style=\"background:linear-gradient(135deg,rgb(0,0,0) 0%,rgb(129,129,129) 100%)\"><strong>Ingreso 2026 al Nivel Superior en Etnomusicolog\u00eda<\/strong><\/a><\/div>\n<\/div>\n\n\n\n<p><strong>Paso 1:<\/strong>&nbsp;Realizar la&nbsp;<strong>preinscripci\u00f3n online del 15\/12\/25 al 9\/2\/26<\/strong>, seleccionando la carrera elegida (ver pesta\u00f1a INGRESO 2026)<\/p>\n\n\n\n<p><strong>Paso 2:<\/strong>&nbsp;Si el\/la estudiante cuenta con certificaci\u00f3n del nivel B\u00e1sico (TAP, FOBA u otros), s\u00f3lo deber\u00e1 asistir a la instancia de COLOQUIO en la orientaci\u00f3n. Ser\u00e1 contactado v\u00eda mail por la coordinadora del Departamento Acad\u00e9mico.&nbsp;<\/p>\n\n\n\n<p>Si el\/la estudiante&nbsp;<strong>no posee<\/strong>&nbsp;certificaci\u00f3n del nivel B\u00e1sico (TAP, FOBA u otros), deber\u00e1 rendir:&nbsp;<\/p>\n\n\n\n<ul>\n<li>Examen de competencias musicales comunes (Elementos T\u00e9cnicos) y espec\u00edficas:&nbsp;<strong>25\/2\/26, a las 16 hs.&nbsp;<\/strong><a href=\"https:\/\/cmfalla-caba.infd.edu.ar\/sitio\/wp-content\/uploads\/2025\/10\/Examen-de-ingreso-Elmentos-Te\u0301cnicos-Etnomusicologi\u0301a-2025-6.pdf\" data-type=\"URL\" data-id=\"https:\/\/cmfalla-caba.infd.edu.ar\/sitio\/wp-content\/uploads\/2025\/10\/Examen-de-ingreso-Elmentos-Te\u0301cnicos-Etnomusicologi\u0301a-2025-6.pdf\">(Ver modelo de examen)<\/a><\/li>\n\n\n\n<li>Coloquio (asistencia obligatoria para todos los aspirantes): <strong>25\/2\/26 a las 17:30 hs.<\/strong><\/li>\n<\/ul>\n\n\n\n<p><strong>Paso 3:<\/strong>&nbsp;Recepci\u00f3n y entrega de la documentaci\u00f3n (Presencial): <strong>del&nbsp;10 al 13 de febrero de 2026<\/strong>, de 10 a 19 hs en Mesa de Entradas (Prof. Andrea Zavaroni). Se debe entregar una carpeta de 3 solapas con Apellido, nombre, mail y carrera en la que se pre-inscribi\u00f3 por el SIU Guaran\u00ed.<\/p>\n\n\n\n<p><strong>Documentaci\u00f3n requerida<\/strong>&nbsp;(fotocopia n\u00edtida y legible, y original para constatar):<\/p>\n\n\n\n<ul>\n<li>Documento Nacional de Identidad<\/li>\n\n\n\n<li>T\u00edtulo Secundario (*)<\/li>\n\n\n\n<li>Certificado anal\u00edtico de Nivel B\u00e1sico completo (FOBA, TAP u otro)<\/li>\n\n\n\n<li>Ficha de salud (<a href=\"https:\/\/cmfalla-caba.infd.edu.ar\/sitio\/wp-content\/uploads\/2025\/09\/Ficha-de-Salud-de-mayores-de-edad-2025.pdf\">Descargar ficha<\/a>)<\/li>\n<\/ul>\n\n\n\n<p>Ante cualquier duda, comunicarse v\u00eda email a <a href=\"mailto:carreraetnomusicologia@gmail.com\">carreraetnomusicologia@gmail.com<\/a><\/p>\n\n\n\n<div class=\"wp-block-columns is-layout-flex wp-container-30\">\n<div class=\"wp-block-column is-layout-flow\">\n<div class=\"wp-block-columns is-layout-flex wp-container-28\">\n<div class=\"wp-block-column is-layout-flow\">\n<div class=\"wp-block-columns is-layout-flex wp-container-26\">\n<div class=\"wp-block-column is-layout-flow\">\n<div style=\"max-width: 600px; margin: 40px auto; padding: 30px; text-align: center; border-radius: 16px; background: linear-gradient(135deg, #f8f9fa, #e3f2fd); box-shadow: 0 4px 16px rgba(0,0,0,0.1); font-family: sans-serif;\">\n\n  <h2 style=\"font-size: 26px; color: #262626; margin-bottom: 15px;\">&#x1f4e9; Contacto de la carrera<\/h2>\n\n  <p style=\"font-size: 18px; color: #555; margin-bottom: 25px;\">\n    \u00bfNecesit\u00e1s contactarte con el departamento de la carrera de Etnomusicolog\u00eda?\n  <\/p>\n\n  <span style=\"display: inline-block; background-color: #1565c0; color: white; padding: 14px 28px; font-size: 17px; border-radius: 10px; text-decoration: none; font-weight: bold;\">\n    &#x1f4e7; carreraetnomusicologia@gmail.com\n  <\/span>\n\n<\/div>\n<\/div>\n\n\n\n<div class=\"wp-block-column is-layout-flow\">\n<div style=\"max-width: 600px; margin: 40px auto; padding: 30px; text-align: center; border-radius: 16px; background: linear-gradient(135deg, #f8f9fa, #e3f2fd); box-shadow: 0 4px 16px rgba(0,0,0,0.1); font-family: sans-serif;\">\n\n  <h2 style=\"font-size: 26px; color: #262626; margin-bottom: 15px;\">\u00a1Conoc\u00e9 m\u00e1s de la carrera!<\/h2>\n\n  <p style=\"font-size: 18px; color: #555; margin-bottom: 25px;\">Para ver actividades y noticias del \u00e1rea de Etnomusicolog\u00eda.<\/p>\n\n  <a href=\"https:\/\/www.instagram.com\/etnomusicologia\/?hl=es\" target=\"_blank\" style=\"display: inline-block; background-color: #E1306C; color: white; padding: 14px 28px; font-size: 17px; border-radius: 10px; text-decoration: none; font-weight: bold; transition: background-color 0.3s ease;\" rel=\"noopener\">\n    &#x1f4f8; Seguir en Instagram\n  <\/a>\n\n<\/div>\n<\/div>\n<\/div>\n<\/div>\n<\/div>\n<\/div>\n<\/div>\n","protected":false},"excerpt":{"rendered":"<p>La Carrera de Etnomusicolog\u00eda del Conservatorio Superior de M\u00fasica Manuel de Falla propone una formaci\u00f3n en el estudio de las m\u00fasicas populares latinoamericanas con una fuerte impronta en las pr\u00e1cticas musicales comunitarias y colectivas. Aborda el estudio de los instrumentos, danzas, metodolog\u00edas de an\u00e1lisis, pedagog\u00edas e historia de las pr\u00e1cticas musicales. En la investigaci\u00f3n art\u00edstica &#8230; <a title=\"Etnomusicolog\u00eda\" class=\"read-more\" href=\"https:\/\/cmfalla-caba.infd.edu.ar\/sitio\/carrera-etnomusicologia\/\" aria-label=\"More on Etnomusicolog\u00eda\">[+]<\/a><\/p>\n","protected":false},"author":7780,"featured_media":0,"parent":0,"menu_order":0,"comment_status":"closed","ping_status":"closed","template":"","meta":[],"acf":[],"_links":{"self":[{"href":"https:\/\/cmfalla-caba.infd.edu.ar\/sitio\/wp-json\/wp\/v2\/pages\/10792"}],"collection":[{"href":"https:\/\/cmfalla-caba.infd.edu.ar\/sitio\/wp-json\/wp\/v2\/pages"}],"about":[{"href":"https:\/\/cmfalla-caba.infd.edu.ar\/sitio\/wp-json\/wp\/v2\/types\/page"}],"author":[{"embeddable":true,"href":"https:\/\/cmfalla-caba.infd.edu.ar\/sitio\/wp-json\/wp\/v2\/users\/7780"}],"replies":[{"embeddable":true,"href":"https:\/\/cmfalla-caba.infd.edu.ar\/sitio\/wp-json\/wp\/v2\/comments?post=10792"}],"version-history":[{"count":16,"href":"https:\/\/cmfalla-caba.infd.edu.ar\/sitio\/wp-json\/wp\/v2\/pages\/10792\/revisions"}],"predecessor-version":[{"id":11680,"href":"https:\/\/cmfalla-caba.infd.edu.ar\/sitio\/wp-json\/wp\/v2\/pages\/10792\/revisions\/11680"}],"wp:attachment":[{"href":"https:\/\/cmfalla-caba.infd.edu.ar\/sitio\/wp-json\/wp\/v2\/media?parent=10792"}],"curies":[{"name":"wp","href":"https:\/\/api.w.org\/{rel}","templated":true}]}}