{"id":10941,"date":"2025-09-25T16:58:42","date_gmt":"2025-09-25T19:58:42","guid":{"rendered":"https:\/\/cmfalla-caba.infd.edu.ar\/sitio\/?page_id=10941"},"modified":"2026-02-23T16:22:52","modified_gmt":"2026-02-23T19:22:52","slug":"diplomatura-artistica-en-interpretacion-de-la-musica-contemporanea","status":"publish","type":"page","link":"https:\/\/cmfalla-caba.infd.edu.ar\/sitio\/diplomatura-artistica-en-interpretacion-de-la-musica-contemporanea\/","title":{"rendered":"Diplomatura Art\u00edstica en Interpretaci\u00f3n de la M\u00fasica Contempor\u00e1nea\u00a0"},"content":{"rendered":"\n<div style=\"max-width: 1000px; margin: 40px auto; font-family: sans-serif; line-height: 1.8; font-size: 1rem; color: #2b2b2b;\">\n\n  <!-- Descripci\u00f3n -->\n  <p>\n    La Diplomatura Art\u00edstica en Interpretaci\u00f3n de la M\u00fasica Contempor\u00e1nea se constituye como \n    una oferta de formaci\u00f3n art\u00edstica especializada en la interpretaci\u00f3n de la m\u00fasica actual de \n    tradici\u00f3n escrita y experimental. Este post\u00edtulo ofrece atender a los nuevos requerimientos \n    de las pr\u00e1cticas musicales vocales e instrumentales de la actualidad, entendiendo que la \n    interpretaci\u00f3n cabal de las nuevas tendencias en las artes requiere de una formaci\u00f3n \n    espec\u00edfica que promueva una postura cr\u00edtica y reflexiva respecto a la m\u00fasica, el arte sonoro \n    y otras disciplinas perform\u00e1ticas.\n  <\/p>\n\n  <p>\n    La formaci\u00f3n propende a la construcci\u00f3n de un rol de int\u00e9rpretes especializados tanto en las \n    t\u00e9cnicas y recursos vocales\/instrumentales de la actualidad, como tambi\u00e9n en el uso e \n    interacci\u00f3n con las tecnolog\u00edas disponibles y el desarrollo de las competencias propias de lo \n    perform\u00e1tico. En tanto aporte creativo e innovador, el plan de estudios se presenta a partir \n    de ateneos, talleres y laboratorios comunes en relaci\u00f3n a las diplomaturas en direcci\u00f3n de \n    ensamble y de composici\u00f3n con nuevas tecnolog\u00edas, favoreciendo as\u00ed las experiencias \n    art\u00edsticas colaborativas y el intercambio entre estudiantes a partir del desarrollo de \n    proyectos.\n  <\/p>\n<\/a>\n  <a href=\"https:\/\/cmfalla-caba.infd.edu.ar\/sitio\/wp-content\/uploads\/2025\/08\/RS-2025-31116014-GCABA-MEDGC-DA-Interpretacion-de-la-Musica-Contemporanea.pdf\" target=\"_blank\" style=\"display: inline-block; margin: 8px 0 15px 12px; background-color: #999999; color: white; padding: 6px 14px; border-radius: 30px; text-decoration: none; font-size: 13px;\" rel=\"noopener\">\n    Resoluci\u00f3n\n  <\/a>\n\n  <a href=\"https:\/\/cmfalla-caba.infd.edu.ar\/sitio\/wp-content\/uploads\/2025\/08\/IF-2025-28811965-GCABA-DGAHPEF-DA-Interpretacion-de-la-Musica-Contemporanea.pdf\" target=\"_blank\" style=\"display: inline-block; margin: 8px 0 15px 12px; background-color: #999999; color: white; padding: 6px 14px; border-radius: 30px; text-decoration: none; font-size: 13px;\" rel=\"noopener\">\n    Plan de Estudios\n  <\/a>\n\n  <a href=\"https:\/\/cmfalla-caba.infd.edu.ar\/sitio\/wp-content\/uploads\/2025\/10\/DIPLO-NUEVA-Interpretacion-de-la-Musica-Contemporanea-1.pdf\" target=\"_blank\" style=\"display: inline-block; margin: 8px 0 15px 12px; background-color: #999999; color: white; padding: 6px 14px; border-radius: 30px; text-decoration: none; font-size: 13px;\" rel=\"noopener\">\n    Anualizaci\u00f3n\n  <\/a>\n  <!-- Oferta de instrumentos -->\n  <h3 style=\"margin-top: 40px; font-size: 22px; color: #444; border-bottom: 2px solid #ccc; padding-bottom: 6px;\">Oferta de Instrumentos<\/h3>\n  <div style=\"display: grid; grid-template-columns: repeat(auto-fill, minmax(160px, 1fr)); gap: 10px; margin-top: 15px; font-size: 0.95rem;\">\n    <div style=\"background:#f3f3f3; padding:8px; border-radius:6px; text-align:center;\">Flauta travesera<\/div>\n    <div style=\"background:#f3f3f3; padding:8px; border-radius:6px; text-align:center;\">Oboe<\/div>\n    <div style=\"background:#f3f3f3; padding:8px; border-radius:6px; text-align:center;\">Clarinete<\/div>\n    <div style=\"background:#f3f3f3; padding:8px; border-radius:6px; text-align:center;\">Fagot<\/div>\n    <div style=\"background:#f3f3f3; padding:8px; border-radius:6px; text-align:center;\">Trompa<\/div>\n    <div style=\"background:#f3f3f3; padding:8px; border-radius:6px; text-align:center;\">Trompeta<\/div>\n    <div style=\"background:#f3f3f3; padding:8px; border-radius:6px; text-align:center;\">Tromb\u00f3n<\/div>\n    <div style=\"background:#f3f3f3; padding:8px; border-radius:6px; text-align:center;\">Tuba<\/div>\n    <div style=\"background:#f3f3f3; padding:8px; border-radius:6px; text-align:center;\">Percusi\u00f3n<\/div>\n    <div style=\"background:#f3f3f3; padding:8px; border-radius:6px; text-align:center;\">Arpa<\/div>\n    <div style=\"background:#f3f3f3; padding:8px; border-radius:6px; text-align:center;\">Saxof\u00f3n<\/div>\n    <div style=\"background:#f3f3f3; padding:8px; border-radius:6px; text-align:center;\">Viol\u00edn<\/div>\n    <div style=\"background:#f3f3f3; padding:8px; border-radius:6px; text-align:center;\">Viola<\/div>\n    <div style=\"background:#f3f3f3; padding:8px; border-radius:6px; text-align:center;\">Violonchelo<\/div>\n    <div style=\"background:#f3f3f3; padding:8px; border-radius:6px; text-align:center;\">Contrabajo<\/div>\n    <div style=\"background:#f3f3f3; padding:8px; border-radius:6px; text-align:center;\">Piano<\/div>\n    <div style=\"background:#f3f3f3; padding:8px; border-radius:6px; text-align:center;\">Bandone\u00f3n<\/div>\n    <div style=\"background:#f3f3f3; padding:8px; border-radius:6px; text-align:center;\">Flauta dulce<\/div>\n    <div style=\"background:#f3f3f3; padding:8px; border-radius:6px; text-align:center;\">Guitarra<\/div>\n    <div style=\"background:#f3f3f3; padding:8px; border-radius:6px; text-align:center;\">\u00d3rgano<\/div>\n    <div style=\"background:#f3f3f3; padding:8px; border-radius:6px; text-align:center;\">Acorde\u00f3n<\/div>\n    <div style=\"background:#f3f3f3; padding:8px; border-radius:6px; text-align:center;\">Canto<\/div>\n  <\/div>\n\n  <!-- Condiciones de ingreso -->\n  <h3 style=\"margin-top: 40px; font-size: 22px; color: #444; border-bottom: 2px solid #ccc; padding-bottom: 6px;\">Condiciones de Ingreso<\/h3>\n  <p>\n    Se debe poseer t\u00edtulo de Tecnicatura Superior en Interpretaci\u00f3n Musical (diferentes \n    instrumentos) o Tecnicatura Superior en Interpretaci\u00f3n Musical &#8211; Canto.  \n  <\/p>\n  <p>\n    O bien, titulaci\u00f3n docente o universitaria con especialidad en Instrumento o Canto, \n    obtenidos por instituciones regidas por la Ley N\u00b0 24.521\/95. \n  <\/p>\n  <p>\n    En el caso de estudiantes extranjeros o de t\u00edtulos obtenidos fuera de Argentina es necesario \n    realizar la rev\u00e1lida ante el Ministerio de Educaci\u00f3n de la Naci\u00f3n.\n  <\/p>\n\n  <!-- Ingreso 2026 -->\n  <h3 style=\"margin-top: 40px; font-size: 22px; color: #444; border-bottom: 2px solid #ccc; padding-bottom: 6px;\">Ingreso 2026<\/h3>\n  <p>1) Pre-inscripci\u00f3n online del 1 al 31 de octubre<\/p>\n  <p>2) Entrega de documentaci\u00f3n del 1 al 12 de diciembre, de 10 a 19 hs (Mesa de Entradas, sede central)<\/p>\n\n  <p><strong>Documentaci\u00f3n requerida (original y copia):<\/strong><\/p>\n  <ul>\n    <li>DNI<\/li>\n    <li>T\u00edtulo o certificado anal\u00edtico final de nivel superior en la orientaci\u00f3n elegida<\/li>\n    <li>Ficha de salud<\/li>\n  <\/ul>\n\n  <!-- Contacto -->\n  <div style=\"margin-top: 40px; padding: 25px; border-radius: 12px; background: #f9f9f9; box-shadow: 0 2px 8px rgba(0,0,0,0.08); text-align: center;\">\n    <h3 style=\"margin-bottom: 10px; color: #333;\">&#x1f4e7; Contacto de la carrera<\/h3>\n    <p style=\"font-size: 16px; color: #222; font-weight: bold;\">defallacontemporanea@gmail.com<\/p>\n  <\/div>\n\n<\/div>\n\n\n\n\n\n<a href=\"https:\/\/sites.google.com\/view\/dsmc\/info\" target=\"_blank\" style=\"display: inline-block; background-color: #444; color: #fff; padding: 14px 28px; \n          font-size: 17px; border-radius: 8px; text-decoration: none; font-weight: bold; \n          transition: background-color 0.3s ease;\" rel=\"noopener\">\n  Ir a la p\u00e1gina de la Diplomatura\n<\/a>\n","protected":false},"excerpt":{"rendered":"<p>La Diplomatura Art\u00edstica en Interpretaci\u00f3n de la M\u00fasica Contempor\u00e1nea se constituye como una oferta de formaci\u00f3n art\u00edstica especializada en la interpretaci\u00f3n de la m\u00fasica actual de tradici\u00f3n escrita y experimental. Este post\u00edtulo ofrece atender a los nuevos requerimientos de las pr\u00e1cticas musicales vocales e instrumentales de la actualidad, entendiendo que la interpretaci\u00f3n cabal de las &#8230; <a title=\"Diplomatura Art\u00edstica en Interpretaci\u00f3n de la M\u00fasica Contempor\u00e1nea\u00a0\" class=\"read-more\" href=\"https:\/\/cmfalla-caba.infd.edu.ar\/sitio\/diplomatura-artistica-en-interpretacion-de-la-musica-contemporanea\/\" aria-label=\"More on Diplomatura Art\u00edstica en Interpretaci\u00f3n de la M\u00fasica Contempor\u00e1nea\u00a0\">[+]<\/a><\/p>\n","protected":false},"author":7780,"featured_media":0,"parent":0,"menu_order":0,"comment_status":"closed","ping_status":"closed","template":"","meta":[],"acf":[],"_links":{"self":[{"href":"https:\/\/cmfalla-caba.infd.edu.ar\/sitio\/wp-json\/wp\/v2\/pages\/10941"}],"collection":[{"href":"https:\/\/cmfalla-caba.infd.edu.ar\/sitio\/wp-json\/wp\/v2\/pages"}],"about":[{"href":"https:\/\/cmfalla-caba.infd.edu.ar\/sitio\/wp-json\/wp\/v2\/types\/page"}],"author":[{"embeddable":true,"href":"https:\/\/cmfalla-caba.infd.edu.ar\/sitio\/wp-json\/wp\/v2\/users\/7780"}],"replies":[{"embeddable":true,"href":"https:\/\/cmfalla-caba.infd.edu.ar\/sitio\/wp-json\/wp\/v2\/comments?post=10941"}],"version-history":[{"count":4,"href":"https:\/\/cmfalla-caba.infd.edu.ar\/sitio\/wp-json\/wp\/v2\/pages\/10941\/revisions"}],"predecessor-version":[{"id":11378,"href":"https:\/\/cmfalla-caba.infd.edu.ar\/sitio\/wp-json\/wp\/v2\/pages\/10941\/revisions\/11378"}],"wp:attachment":[{"href":"https:\/\/cmfalla-caba.infd.edu.ar\/sitio\/wp-json\/wp\/v2\/media?parent=10941"}],"curies":[{"name":"wp","href":"https:\/\/api.w.org\/{rel}","templated":true}]}}