{"id":10947,"date":"2025-09-25T17:06:37","date_gmt":"2025-09-25T20:06:37","guid":{"rendered":"https:\/\/cmfalla-caba.infd.edu.ar\/sitio\/?page_id=10947"},"modified":"2026-02-23T16:23:59","modified_gmt":"2026-02-23T19:23:59","slug":"direccion-de-ensamble-contemporaneo","status":"publish","type":"page","link":"https:\/\/cmfalla-caba.infd.edu.ar\/sitio\/direccion-de-ensamble-contemporaneo\/","title":{"rendered":"Diplomatura Art\u00edstica en\u00a0Direcci\u00f3n de Ensamble Contempor\u00e1neo"},"content":{"rendered":"\n<div style=\"max-width: 1000px; margin: 40px auto; font-family: sans-serif; line-height: 1.8; font-size: 1rem; color: #2b2b2b;\">\n\n  <!-- Descripci\u00f3n -->\n  <p>\n  La Diplomatura Art\u00edstica en Direcci\u00f3n de Ensamble Contempor\u00e1neo se constituye como una oferta de formaci\u00f3n art\u00edstica especializada en la direcci\u00f3n de ensambles contempor\u00e1neos, enfocados en la m\u00fasica actual de tradici\u00f3n escrita y experimental. Este post\u00edtulo ofrece atender a los nuevos requerimientos de las pr\u00e1cticas musicales de direcci\u00f3n de la actualidad, entendiendo que la interpretaci\u00f3n cabal de las nuevas tendencias en las artes requiere de una formaci\u00f3n espec\u00edfica que promueva una postura cr\u00edtica y reflexiva respecto a la m\u00fasica, el arte sonoro y otras disciplinas perform\u00e1ticas.\n  <\/p>\n\n  <blockquote style=\"margin: 20px 0; padding: 15px 20px; background: #f3f3f3; border-left: 5px solid #666; font-style: italic; color: #444;\">\n    \u201cUna formaci\u00f3n para la direcci\u00f3n de ensambles contempor\u00e1neos, con mirada cr\u00edtica e innovadora sobre la m\u00fasica actual.\u201d\n  <\/blockquote>\n\n  <p>\n  La formaci\u00f3n propende a la construcci\u00f3n de un rol de directores\/as especializados\/as tanto en la comprensi\u00f3n de las t\u00e9cnicas y recursos instrumentales de la actualidad como tambi\u00e9n en el uso e interacci\u00f3n de las tecnolog\u00edas disponibles, la gesti\u00f3n de proyectos y el desarrollo de las competencias propias de lo perform\u00e1tico. En tanto aporte creativo e innovador, el plan de estudios se presenta a partir de ateneos, talleres y laboratorios comunes en relaci\u00f3n a las diplomaturas en interpretaci\u00f3n de la m\u00fasica contempor\u00e1nea y de composici\u00f3n con nuevas tecnolog\u00edas, favoreciendo as\u00ed las experiencias art\u00edsticas colaborativas y el intercambio entre estudiantes a partir del desarrollo de proyectos.\n  <\/p>\n  <a href=\"https:\/\/cmfalla-caba.infd.edu.ar\/sitio\/wp-content\/uploads\/2025\/08\/RS-2025-31116182-GCABA-MEDGC-DA-Direccion-de-Ensamble-Contemporaneo.pdf\" target=\"_blank\" style=\"display: inline-block; margin: 8px 0 15px 12px; background-color: #999999; color: white; padding: 6px 14px; border-radius: 30px; text-decoration: none; font-size: 13px;\" rel=\"noopener\">\n    Resoluci\u00f3n\n  <\/a>\n\n  <a href=\"https:\/\/cmfalla-caba.infd.edu.ar\/sitio\/wp-content\/uploads\/2025\/10\/DIPLO-NUEVA-Direccion-de-Ensamble-Contemporaneo.pdf\" target=\"_blank\" style=\"display: inline-block; margin: 8px 0 15px 12px; background-color: #999999; color: white; padding: 6px 14px; border-radius: 30px; text-decoration: none; font-size: 13px;\" rel=\"noopener\">\n    Plan de Estudios\n  <\/a>\n\n  <a href=\"https:\/\/cmfalla-caba.infd.edu.ar\/sitio\/wp-content\/uploads\/2025\/08\/Anualizacion-DA-en-Direccion-de-Ensamble-Contemporaneo.pdf\" target=\"_blank\" style=\"display: inline-block; margin: 8px 0 15px 12px; background-color: #999999; color: white; padding: 6px 14px; border-radius: 30px; text-decoration: none; font-size: 13px;\" rel=\"noopener\">\n    Anualizaci\u00f3n\n  <\/a>\n\n  <!-- Condiciones de ingreso -->\n  <h3 style=\"margin-top: 40px; font-size: 22px; color: #444; border-bottom: 2px solid #ccc; padding-bottom: 6px;\">Condiciones de Ingreso<\/h3>\n  <p>\n  Se debe poseer t\u00edtulo de Tecnicatura Superior en Direcci\u00f3n de Orquesta o Tecnicatura Superior en Direcci\u00f3n Coral.  \n  <\/p>\n  <p>\n  O bien, titulaci\u00f3n docente o universitaria con especialidad en Direcci\u00f3n de Orquesta o Coral, obtenidos por instituciones regidas por la Ley N\u00b0 24.521\/95.  \n  <\/p>\n  <p>\n  En el caso de estudiantes extranjeros o de t\u00edtulos obtenidos fuera de Argentina es necesario realizar la rev\u00e1lida ante el Ministerio de Educaci\u00f3n de la Naci\u00f3n.\n  <\/p>\n\n  <!-- Ingreso 2026 -->\n  <h3 style=\"margin-top: 40px; font-size: 22px; color: #444; border-bottom: 2px solid #ccc; padding-bottom: 6px;\">Ingreso 2026<\/h3>\n  <p>1) Pre-inscripci\u00f3n online del 1 al 31 de octubre<\/p>\n  <p>2) Entrega de documentaci\u00f3n del 1 al 12 de diciembre, de 10 a 19 hs (Mesa de Entradas, sede central)<\/p>\n  \n  <p><strong>Documentaci\u00f3n requerida (original y copia):<\/strong><\/p>\n  <ul style=\"margin-left:20px;\">\n    <li>DNI<\/li>\n    <li>T\u00edtulo o certificado anal\u00edtico final de nivel superior en Direcci\u00f3n de Orquesta o Coral.<\/li>\n    <li>Ficha de salud<\/li>\n  <\/ul>\n\n  <!-- Contacto -->\n  <div style=\"margin-top: 40px; padding: 25px; border-radius: 12px; background: #f9f9f9; box-shadow: 0 2px 8px rgba(0,0,0,0.08); text-align: center;\">\n    <h3 style=\"margin-bottom: 10px; color: #333;\">&#x1f4e7; Contacto de la carrera<\/h3>\n    <p style=\"font-size: 16px; color: #222; font-weight: bold;\">defallacontemporanea@gmail.com<\/p>\n  <\/div>\n\n<\/div>\n\n\n\n<a href=\"https:\/\/sites.google.com\/view\/dsmc\/info\" target=\"_blank\" style=\"display: inline-block; background-color: #444; color: #fff; padding: 14px 28px; \n          font-size: 17px; border-radius: 8px; text-decoration: none; font-weight: bold; \n          transition: background-color 0.3s ease;\" rel=\"noopener\">\n  Ir a la p\u00e1gina de la Diplomatura\n<\/a>\n","protected":false},"excerpt":{"rendered":"<p>La Diplomatura Art\u00edstica en Direcci\u00f3n de Ensamble Contempor\u00e1neo se constituye como una oferta de formaci\u00f3n art\u00edstica especializada en la direcci\u00f3n de ensambles contempor\u00e1neos, enfocados en la m\u00fasica actual de tradici\u00f3n escrita y experimental. Este post\u00edtulo ofrece atender a los nuevos requerimientos de las pr\u00e1cticas musicales de direcci\u00f3n de la actualidad, entendiendo que la interpretaci\u00f3n cabal &#8230; <a title=\"Diplomatura Art\u00edstica en\u00a0Direcci\u00f3n de Ensamble Contempor\u00e1neo\" class=\"read-more\" href=\"https:\/\/cmfalla-caba.infd.edu.ar\/sitio\/direccion-de-ensamble-contemporaneo\/\" aria-label=\"More on Diplomatura Art\u00edstica en\u00a0Direcci\u00f3n de Ensamble Contempor\u00e1neo\">[+]<\/a><\/p>\n","protected":false},"author":7780,"featured_media":0,"parent":0,"menu_order":0,"comment_status":"closed","ping_status":"closed","template":"","meta":[],"acf":[],"_links":{"self":[{"href":"https:\/\/cmfalla-caba.infd.edu.ar\/sitio\/wp-json\/wp\/v2\/pages\/10947"}],"collection":[{"href":"https:\/\/cmfalla-caba.infd.edu.ar\/sitio\/wp-json\/wp\/v2\/pages"}],"about":[{"href":"https:\/\/cmfalla-caba.infd.edu.ar\/sitio\/wp-json\/wp\/v2\/types\/page"}],"author":[{"embeddable":true,"href":"https:\/\/cmfalla-caba.infd.edu.ar\/sitio\/wp-json\/wp\/v2\/users\/7780"}],"replies":[{"embeddable":true,"href":"https:\/\/cmfalla-caba.infd.edu.ar\/sitio\/wp-json\/wp\/v2\/comments?post=10947"}],"version-history":[{"count":4,"href":"https:\/\/cmfalla-caba.infd.edu.ar\/sitio\/wp-json\/wp\/v2\/pages\/10947\/revisions"}],"predecessor-version":[{"id":11379,"href":"https:\/\/cmfalla-caba.infd.edu.ar\/sitio\/wp-json\/wp\/v2\/pages\/10947\/revisions\/11379"}],"wp:attachment":[{"href":"https:\/\/cmfalla-caba.infd.edu.ar\/sitio\/wp-json\/wp\/v2\/media?parent=10947"}],"curies":[{"name":"wp","href":"https:\/\/api.w.org\/{rel}","templated":true}]}}