{"id":11020,"date":"2025-10-05T19:50:44","date_gmt":"2025-10-05T22:50:44","guid":{"rendered":"https:\/\/cmfalla-caba.infd.edu.ar\/sitio\/?page_id=11020"},"modified":"2026-02-17T21:54:09","modified_gmt":"2026-02-18T00:54:09","slug":"ingreso-al-nivel-superior-2026","status":"publish","type":"page","link":"https:\/\/cmfalla-caba.infd.edu.ar\/sitio\/ingreso-al-nivel-superior-2026\/","title":{"rendered":"Ingreso al Nivel Superior 2026"},"content":{"rendered":"\n<p><\/p>\n\n\n\n<p>Este nivel comprende las carreras de <strong>Tecnicaturas Superiores (3 a\u00f1os)<\/strong>, <strong>Profesorados de M\u00fasica (4 a\u00f1os)<\/strong> y <strong>Profesorados de Educaci\u00f3n Superior en M\u00fasica (5 a\u00f1os)<\/strong>, con diferentes orientaciones. Todas las carreras otorgan titulaci\u00f3n con validez nacional.<\/p>\n\n\n\n<p>Antes de continuar, se recomienda ingresar en la pesta\u00f1a de <strong>Oferta Acad\u00e9mica<\/strong> para mayor informaci\u00f3n sobre cada carrera, el perfil de egresado y las orientaciones de cada una.<\/p>\n\n\n\n<p>En este nivel se permite cursar dos carreras y orientaciones en simult\u00e1neo.<\/p>\n\n\n\n<h3 class=\"wp-block-heading\">\u00bfA qui\u00e9n est\u00e1 destinado este nivel?<\/h3>\n\n\n\n<p>Ingresantes mayores de 18 a\u00f1os de edad.<\/p>\n\n\n\n<h3 class=\"wp-block-heading\">Requisitos de ingreso<\/h3>\n\n\n\n<ul>\n<li>Poseer t\u00edtulo de estudios completos de nivel Secundario o equivalente (*).<\/li>\n\n\n\n<li>Acreditar una formaci\u00f3n musical b\u00e1sica reconocida oficialmente (<strong>TAP, FOBA u equivalentes<\/strong>). Los\/as aspirantes que no re\u00fanan este requisito deber\u00e1n rendir examen de competencias musicales equivalentes (en <em>Elementos t\u00e9cnicos<\/em> y en la <em>orientaci\u00f3n<\/em>) Por favor, ver al final de la p\u00e1gina las fechas de ex\u00e1menes y coloquios. <strong>Excepci\u00f3n<\/strong>: todos los aspirantes a ingresar a la Carrera de M\u00fasica Popular Argentina -independientemente de la titulaci\u00f3n- deben rendir audio, instrumento y coloquio.<\/li>\n<\/ul>\n\n\n\n<h3 class=\"wp-block-heading\">\u00bfCu\u00e1les son los pasos para ingresar al Conservatorio?<\/h3>\n\n\n\n<p><strong>Paso 1:<\/strong> Ingresar al siguiente link y completar con sus datos la <strong>preinscripci\u00f3n online del 15\/2\/25 al 9\/2\/2026<\/strong>, seleccionando la carrera elegida (en el desplegable del sistema figuran en orden alfab\u00e9tico): <em>Profesorado \/ Profesorado Superior \/ Tecnicatura<\/em>.<\/p>\n\n\n\n<!-- Bloque gris con botones -->\n  <div style=\"background: #eee; color: #333; padding: 18px 20px; border-radius: 8px; margin: 15px 0; font-size: 0.95rem; box-shadow: 0 2px 6px rgba(0,0,0,0.08); text-align: center; display: flex; justify-content: center; gap: 15px; flex-wrap: wrap;\">\n\n    <!-- Bot\u00f3n DESCARGAR INSTRUCTIVO -->\n    <a href=\"https:\/\/cmfalla-caba.infd.edu.ar\/sitio\/wp-content\/uploads\/2025\/10\/FALLA_INSTRUCTIVO-SIU-GUARANI-PRE-INSCRIPCION-ALUMNOS.pdf\" target=\"_blank\" style=\"display: inline-block; background-color: #666; color: #fff; padding: 10px 20px; font-size: 15px; border-radius: 6px; text-decoration: none; font-weight: bold;\" rel=\"noopener\">\n      DESCARGAR INSTRUCTIVO SIU GUARAN\u00cd\n    <\/a>\n\n    <!-- Bot\u00f3n LINK -->\n    <a href=\"https:\/\/guarani.preinscripciones.dgeart.com\" target=\"_blank\" style=\"display: inline-block; background-color: #999; color: #fff; padding: 10px 20px; font-size: 15px; border-radius: 6px; text-decoration: none; font-weight: bold;\" rel=\"noopener\">\n      LINK PREINSCRIPCI\u00d3N ONLINE\n    <\/a>\n\n  <\/div>\n\n\n\n<p><strong>Paso 2:<\/strong> Ingresar en la p\u00e1gina de la carrera elegida (en la pesta\u00f1a <strong>Oferta Acad\u00e9mica<\/strong>) y realizar los pasos indicados all\u00ed para completar el ingreso seg\u00fan la orientaci\u00f3n.<\/p>\n\n\n\n<p><strong>Paso 3:<\/strong> Recepci\u00f3n y entrega de la documentaci\u00f3n (Presencial): <strong>entre el 10 y el 13 de febrero de 2026<\/strong>, de 10.30 a 19 hs en Mesa de Entradas (Prof. Andrea Zavaroni). Se debe entregar una carpeta de 3 solapas con Apellido, nombre, mail y carrera en la que se preinscribi\u00f3 por el SIU Guaran\u00ed.<\/p>\n\n\n\n<p>El d\u00eda <strong>18 de febrero a las 18hs<\/strong> se realizar\u00e1 un <strong>encuentro orientativo<\/strong> para el examen de <strong>Formaci\u00f3n Musical 2<\/strong> (para quienes no acrediten TAP o FOBA)<\/p>\n\n\n\n<p><strong>Documentaci\u00f3n requerida<\/strong> (fotocopia n\u00edtida y legible, y original para constatar):<\/p>\n\n\n\n<ul>\n<li>Documento Nacional de Identidad<\/li>\n\n\n\n<li>T\u00edtulo Secundario (*)<\/li>\n\n\n\n<li>Certificado anal\u00edtico de Nivel B\u00e1sico completo (FOBA, TAP u otro)<\/li>\n\n\n\n<li>Ficha de salud (<a href=\"https:\/\/cmfalla-caba.infd.edu.ar\/sitio\/wp-content\/uploads\/2025\/09\/Ficha-de-Salud-de-mayores-de-edad-2025.pdf\">Descargar ficha<\/a>)<\/li>\n<\/ul>\n\n\n\n<p>Luego de la preinscripci\u00f3n ser\u00e1n contactados por mail desde la Coordinaci\u00f3n de departamento correspondiente.<\/p>\n\n\n\n<p>(*) Los mayores de 25 a\u00f1os que no re\u00fanan esta condici\u00f3n podr\u00e1n rendir una evaluaci\u00f3n y acreditar experiencia laboral acorde con los estudios que se propone iniciar, as\u00ed como aptitudes y conocimientos suficientes para cursarlos satisfactoriamente.<\/p>\n\n\n\n<figure class=\"wp-block-image size-full\"><img decoding=\"async\" loading=\"lazy\" width=\"933\" height=\"564\" src=\"https:\/\/cmfalla-caba.infd.edu.ar\/sitio\/wp-content\/uploads\/2025\/12\/image-2.png\" alt=\"\" class=\"wp-image-11205\" srcset=\"https:\/\/cmfalla-caba.infd.edu.ar\/sitio\/wp-content\/uploads\/2025\/12\/image-2.png 933w, https:\/\/cmfalla-caba.infd.edu.ar\/sitio\/wp-content\/uploads\/2025\/12\/image-2-768x464.png 768w\" sizes=\"(max-width: 933px) 100vw, 933px\" \/><\/figure>\n\n\n\n<figure class=\"wp-block-image size-full\"><img decoding=\"async\" loading=\"lazy\" width=\"1270\" height=\"241\" src=\"https:\/\/cmfalla-caba.infd.edu.ar\/sitio\/wp-content\/uploads\/2026\/02\/imagen_2026-02-11_164740436.png\" alt=\"\" class=\"wp-image-11281\" srcset=\"https:\/\/cmfalla-caba.infd.edu.ar\/sitio\/wp-content\/uploads\/2026\/02\/imagen_2026-02-11_164740436.png 1270w, https:\/\/cmfalla-caba.infd.edu.ar\/sitio\/wp-content\/uploads\/2026\/02\/imagen_2026-02-11_164740436-1000x190.png 1000w, https:\/\/cmfalla-caba.infd.edu.ar\/sitio\/wp-content\/uploads\/2026\/02\/imagen_2026-02-11_164740436-768x146.png 768w\" sizes=\"(max-width: 1270px) 100vw, 1270px\" \/><\/figure>\n\n\n\n<figure class=\"wp-block-image size-full is-resized\"><img decoding=\"async\" loading=\"lazy\" src=\"https:\/\/cmfalla-caba.infd.edu.ar\/sitio\/wp-content\/uploads\/2026\/02\/imagen_2026-02-11_164816223.png\" alt=\"\" class=\"wp-image-11282\" width=\"621\" height=\"409\" srcset=\"https:\/\/cmfalla-caba.infd.edu.ar\/sitio\/wp-content\/uploads\/2026\/02\/imagen_2026-02-11_164816223.png 898w, https:\/\/cmfalla-caba.infd.edu.ar\/sitio\/wp-content\/uploads\/2026\/02\/imagen_2026-02-11_164816223-768x505.png 768w\" sizes=\"(max-width: 621px) 100vw, 621px\" \/><\/figure>\n\n\n\n<figure class=\"wp-block-image size-full\"><img decoding=\"async\" loading=\"lazy\" width=\"930\" height=\"346\" src=\"https:\/\/cmfalla-caba.infd.edu.ar\/sitio\/wp-content\/uploads\/2025\/12\/imagen_2025-12-15_105346550.png\" alt=\"\" class=\"wp-image-11207\" srcset=\"https:\/\/cmfalla-caba.infd.edu.ar\/sitio\/wp-content\/uploads\/2025\/12\/imagen_2025-12-15_105346550.png 930w, https:\/\/cmfalla-caba.infd.edu.ar\/sitio\/wp-content\/uploads\/2025\/12\/imagen_2025-12-15_105346550-768x286.png 768w\" sizes=\"(max-width: 930px) 100vw, 930px\" \/><\/figure>\n\n\n\n<figure class=\"wp-block-image size-full\"><img decoding=\"async\" loading=\"lazy\" width=\"915\" height=\"648\" src=\"https:\/\/cmfalla-caba.infd.edu.ar\/sitio\/wp-content\/uploads\/2026\/02\/imagen_2026-02-17_215405837.png\" alt=\"\" class=\"wp-image-11294\" srcset=\"https:\/\/cmfalla-caba.infd.edu.ar\/sitio\/wp-content\/uploads\/2026\/02\/imagen_2026-02-17_215405837.png 915w, https:\/\/cmfalla-caba.infd.edu.ar\/sitio\/wp-content\/uploads\/2026\/02\/imagen_2026-02-17_215405837-768x544.png 768w\" sizes=\"(max-width: 915px) 100vw, 915px\" \/><\/figure>\n","protected":false},"excerpt":{"rendered":"<p>Este nivel comprende las carreras de Tecnicaturas Superiores (3 a\u00f1os), Profesorados de M\u00fasica (4 a\u00f1os) y Profesorados de Educaci\u00f3n Superior en M\u00fasica (5 a\u00f1os), con diferentes orientaciones. Todas las carreras otorgan titulaci\u00f3n con validez nacional. Antes de continuar, se recomienda ingresar en la pesta\u00f1a de Oferta Acad\u00e9mica para mayor informaci\u00f3n sobre cada carrera, el perfil &#8230; <a title=\"Ingreso al Nivel Superior 2026\" class=\"read-more\" href=\"https:\/\/cmfalla-caba.infd.edu.ar\/sitio\/ingreso-al-nivel-superior-2026\/\" aria-label=\"More on Ingreso al Nivel Superior 2026\">[+]<\/a><\/p>\n","protected":false},"author":7780,"featured_media":0,"parent":0,"menu_order":0,"comment_status":"closed","ping_status":"closed","template":"","meta":[],"acf":[],"_links":{"self":[{"href":"https:\/\/cmfalla-caba.infd.edu.ar\/sitio\/wp-json\/wp\/v2\/pages\/11020"}],"collection":[{"href":"https:\/\/cmfalla-caba.infd.edu.ar\/sitio\/wp-json\/wp\/v2\/pages"}],"about":[{"href":"https:\/\/cmfalla-caba.infd.edu.ar\/sitio\/wp-json\/wp\/v2\/types\/page"}],"author":[{"embeddable":true,"href":"https:\/\/cmfalla-caba.infd.edu.ar\/sitio\/wp-json\/wp\/v2\/users\/7780"}],"replies":[{"embeddable":true,"href":"https:\/\/cmfalla-caba.infd.edu.ar\/sitio\/wp-json\/wp\/v2\/comments?post=11020"}],"version-history":[{"count":13,"href":"https:\/\/cmfalla-caba.infd.edu.ar\/sitio\/wp-json\/wp\/v2\/pages\/11020\/revisions"}],"predecessor-version":[{"id":11295,"href":"https:\/\/cmfalla-caba.infd.edu.ar\/sitio\/wp-json\/wp\/v2\/pages\/11020\/revisions\/11295"}],"wp:attachment":[{"href":"https:\/\/cmfalla-caba.infd.edu.ar\/sitio\/wp-json\/wp\/v2\/media?parent=11020"}],"curies":[{"name":"wp","href":"https:\/\/api.w.org\/{rel}","templated":true}]}}