{"id":11686,"date":"2026-03-20T16:38:45","date_gmt":"2026-03-20T19:38:45","guid":{"rendered":"https:\/\/cmfalla-caba.infd.edu.ar\/sitio\/?page_id=11686"},"modified":"2026-03-20T16:42:16","modified_gmt":"2026-03-20T19:42:16","slug":"equipo-de-fotografia-y-video","status":"publish","type":"page","link":"https:\/\/cmfalla-caba.infd.edu.ar\/sitio\/equipo-de-fotografia-y-video\/","title":{"rendered":"Equipo de Fotograf\u00eda y Video"},"content":{"rendered":"\n<div style=\"max-width: 800px; margin: 30px auto; font-family: sans-serif; line-height: 1.6; color: #2b2b2b;\">\n\n  <!-- Descripci\u00f3n -->\n  <p style=\"text-align: left; font-size: 16px; margin-bottom: 25px;\">\n   Parte del registro fotogr\u00e1fico y audiovisual de las actividades institucionales, a cargo del siguiente equipo del Conservatorio, incluyendo la edici\u00f3n del material.\n  <\/p>\n\n  <!-- Bloque de cr\u00e9ditos -->\n  <div style=\"background: #f5f5f5; padding: 20px 25px; border-radius: 10px; box-shadow: 0 2px 8px rgba(0,0,0,0.08);\">\n    \n    <p style=\"margin: 10px 0; font-size: 15px;\">\n      <strong>Fotograf\u00edas:<\/strong> Andrea Zavaroni\n    <\/p>\n\n    <p style=\"margin: 10px 0; font-size: 15px;\">\n      <strong>Fotograf\u00edas y videos:<\/strong> Julieta Dur\u00e1n\n    <\/p>\n\n  <\/div>\n\n<\/div>\n","protected":false},"excerpt":{"rendered":"<p>Parte del registro fotogr\u00e1fico y audiovisual de las actividades institucionales, a cargo del siguiente equipo del Conservatorio, incluyendo la edici\u00f3n del material. Fotograf\u00edas: Andrea Zavaroni Fotograf\u00edas y videos: Julieta Dur\u00e1n<\/p>\n","protected":false},"author":7780,"featured_media":0,"parent":0,"menu_order":0,"comment_status":"closed","ping_status":"closed","template":"","meta":[],"acf":[],"_links":{"self":[{"href":"https:\/\/cmfalla-caba.infd.edu.ar\/sitio\/wp-json\/wp\/v2\/pages\/11686"}],"collection":[{"href":"https:\/\/cmfalla-caba.infd.edu.ar\/sitio\/wp-json\/wp\/v2\/pages"}],"about":[{"href":"https:\/\/cmfalla-caba.infd.edu.ar\/sitio\/wp-json\/wp\/v2\/types\/page"}],"author":[{"embeddable":true,"href":"https:\/\/cmfalla-caba.infd.edu.ar\/sitio\/wp-json\/wp\/v2\/users\/7780"}],"replies":[{"embeddable":true,"href":"https:\/\/cmfalla-caba.infd.edu.ar\/sitio\/wp-json\/wp\/v2\/comments?post=11686"}],"version-history":[{"count":3,"href":"https:\/\/cmfalla-caba.infd.edu.ar\/sitio\/wp-json\/wp\/v2\/pages\/11686\/revisions"}],"predecessor-version":[{"id":11689,"href":"https:\/\/cmfalla-caba.infd.edu.ar\/sitio\/wp-json\/wp\/v2\/pages\/11686\/revisions\/11689"}],"wp:attachment":[{"href":"https:\/\/cmfalla-caba.infd.edu.ar\/sitio\/wp-json\/wp\/v2\/media?parent=11686"}],"curies":[{"name":"wp","href":"https:\/\/api.w.org\/{rel}","templated":true}]}}