{"id":2565,"date":"2018-08-29T16:21:47","date_gmt":"2018-08-29T19:21:47","guid":{"rendered":"https:\/\/cmfalla-caba.infd.edu.ar\/sitio\/area-de-difusion\/"},"modified":"2025-07-18T18:29:05","modified_gmt":"2025-07-18T21:29:05","slug":"area-de-difusion","status":"publish","type":"page","link":"https:\/\/cmfalla-caba.infd.edu.ar\/sitio\/area-de-difusion\/","title":{"rendered":"\u00c1rea de Difusi\u00f3n"},"content":{"rendered":"<p style=\"text-align: justify;\"><span style=\"font-size: 11pt;\" data-mce-mark=\"1\">\u00c1rea de Difusi\u00f3n se ocupa de dise\u00f1ar, proponer y coordinar actividades y proyectos art\u00edsticos y acad\u00e9micos, dentro y fuera del Conservatorio. Asimismo Coordina las actividades de extensi\u00f3n, y de invitados culturales en el Conservatorio, como as\u00ed tambi\u00e9n las acciones de intercambio con otras instituciones.<\/span><\/p>\n<p style=\"text-align: left;\"><span style=\"font-size: 11pt;\" data-mce-mark=\"1\"><strong>Equipo del \u00c1rea de Difusi\u00f3n est\u00e1 integrado por:<\/strong><\/span><span style=\"font-size: 11pt;\" data-mce-mark=\"1\"><br \/><\/span><\/p>\n<p style=\"text-align: center;\"><strong>Prof. a cargo del \u00c1rea: <\/strong><\/p>\n<h6 style=\"text-align: center;\"><strong>Mg. Ana Ligia Mastruzzo<br \/><\/strong><\/h6>\n<p style=\"text-align: center;\"><span style=\"color: #808080;\" data-mce-mark=\"1\"><strong><span style=\"color: #000000; font-size: 12pt;\" data-mce-mark=\"1\">Producci\u00f3n: \u00a0<\/span><\/strong><\/span><\/p>\n<p style=\"text-align: center;\"><span style=\"color: #808080;\" data-mce-mark=\"1\"><strong><span style=\"color: #000000; font-size: 12pt;\" data-mce-mark=\"1\">Prof. Sof\u00eda Luco<br \/>Julieta Dur\u00e1n<\/span><\/strong><\/span><\/p>\n<p style=\"text-align: center;\"><span style=\"color: #808080;\" data-mce-mark=\"1\"><span style=\"color: #000000; font-size: 12pt;\" data-mce-mark=\"1\">Contacto: <\/span><\/span><em style=\"color: #808080;\"><strong><span style=\"font-size: 14pt;\" data-mce-mark=\"1\"><span style=\"color: #333333;\" data-mce-mark=\"1\">defalladifusion@gmail.com<\/span><\/span><\/strong><\/em><\/p>\n<p>\u00a0<\/p>\n\n\n<div style=\"max-width: 600px; margin: 40px auto; padding: 30px; text-align: center; border-radius: 16px; background: linear-gradient(135deg, #f8f9fa, #e3f2fd); box-shadow: 0 4px 16px rgba(0,0,0,0.1); font-family: sans-serif;\">\n\n  <h2 style=\"font-size: 26px; color: #262626; margin-bottom: 15px;\">\u00a1Conoc\u00e9 m\u00e1s de nuestra vida musical!<\/h2>\n\n  <p style=\"font-size: 18px; color: #555; margin-bottom: 25px;\">Seguinos en Instagram para ver actividades, noticias y registros del Conservatorio.<\/p>\n\n  <a href=\"https:\/\/www.instagram.com\/consermanueldefallaoficial\/?hl=es\" target=\"_blank\" style=\"display: inline-block; background-color: #E1306C; color: white; padding: 14px 28px; font-size: 17px; border-radius: 10px; text-decoration: none; font-weight: bold; transition: background-color 0.3s ease;\" rel=\"noopener\">\n    &#x1f4f8; Seguir en Instagram\n  <\/a>\n\n<\/div>\n\n","protected":false},"excerpt":{"rendered":"<p>\u00c1rea de Difusi\u00f3n se ocupa de dise\u00f1ar, proponer y coordinar actividades y proyectos art\u00edsticos y acad\u00e9micos, dentro y fuera del Conservatorio. Asimismo Coordina las actividades de extensi\u00f3n, y de invitados culturales en el Conservatorio, como as\u00ed tambi\u00e9n las acciones de intercambio con otras instituciones. Equipo del \u00c1rea de Difusi\u00f3n est\u00e1 integrado por: Prof. a cargo &#8230; <a title=\"\u00c1rea de Difusi\u00f3n\" class=\"read-more\" href=\"https:\/\/cmfalla-caba.infd.edu.ar\/sitio\/area-de-difusion\/\" aria-label=\"More on \u00c1rea de Difusi\u00f3n\">[+]<\/a><\/p>\n","protected":false},"author":3745,"featured_media":0,"parent":0,"menu_order":0,"comment_status":"closed","ping_status":"closed","template":"","meta":[],"acf":[],"_links":{"self":[{"href":"https:\/\/cmfalla-caba.infd.edu.ar\/sitio\/wp-json\/wp\/v2\/pages\/2565"}],"collection":[{"href":"https:\/\/cmfalla-caba.infd.edu.ar\/sitio\/wp-json\/wp\/v2\/pages"}],"about":[{"href":"https:\/\/cmfalla-caba.infd.edu.ar\/sitio\/wp-json\/wp\/v2\/types\/page"}],"author":[{"embeddable":true,"href":"https:\/\/cmfalla-caba.infd.edu.ar\/sitio\/wp-json\/wp\/v2\/users\/3745"}],"replies":[{"embeddable":true,"href":"https:\/\/cmfalla-caba.infd.edu.ar\/sitio\/wp-json\/wp\/v2\/comments?post=2565"}],"version-history":[{"count":29,"href":"https:\/\/cmfalla-caba.infd.edu.ar\/sitio\/wp-json\/wp\/v2\/pages\/2565\/revisions"}],"predecessor-version":[{"id":10401,"href":"https:\/\/cmfalla-caba.infd.edu.ar\/sitio\/wp-json\/wp\/v2\/pages\/2565\/revisions\/10401"}],"wp:attachment":[{"href":"https:\/\/cmfalla-caba.infd.edu.ar\/sitio\/wp-json\/wp\/v2\/media?parent=2565"}],"curies":[{"name":"wp","href":"https:\/\/api.w.org\/{rel}","templated":true}]}}