{"id":2588,"date":"2018-08-29T16:22:00","date_gmt":"2018-08-29T19:22:00","guid":{"rendered":"https:\/\/cmfalla-caba.infd.edu.ar\/sitio\/carreras-y-tecnicaturas-superiores\/"},"modified":"2024-06-30T20:32:07","modified_gmt":"2024-06-30T23:32:07","slug":"carreras-y-tecnicaturas-superiores","status":"publish","type":"page","link":"https:\/\/cmfalla-caba.infd.edu.ar\/sitio\/carreras-y-tecnicaturas-superiores\/","title":{"rendered":"Carreras y Tecnicaturas Superiores"},"content":{"rendered":"<p><style> body {font-family: 'nunito', sans-serif;}<br \/>\n<\/style>\n<\/p>\n<style>\n@import url('https:\/\/fonts.googleapis.com\/css2?family=Nunito:wght@400;700&display=swap');<\/p>\n<p>.mi-tipografia {<br \/>\n    font-family: 'Nunito', sans-serif;<br \/>\n}<br \/>\n<\/style>\n\n\n<pre class=\"wp-block-preformatted\" style=\"font-size:20px\"><strong>Profesorados y Tecnicaturas en Instrumentos Cl\u00e1sicos, Canto, \u00d3rgano, <a href=\"https:\/\/cmfalla-caba.infd.edu.ar\/sitio\/direccion-coral\/\" data-type=\"URL\" data-id=\"https:\/\/cmfalla-caba.infd.edu.ar\/sitio\/direccion-coral\/\">Direcci\u00f3n Coral<\/a>, <a href=\"https:\/\/cmfalla-caba.infd.edu.ar\/sitio\/direccion-de-orquesta\/\" data-type=\"URL\" data-id=\"https:\/\/cmfalla-caba.infd.edu.ar\/sitio\/direccion-de-orquesta\/\">Direcci\u00f3n de Orquesta<\/a> y <a href=\"https:\/\/cmfalla-caba.infd.edu.ar\/sitio\/carrera-de-composicion\/\" data-type=\"URL\" data-id=\"https:\/\/cmfalla-caba.infd.edu.ar\/sitio\/carrera-de-composicion\/\">Composici\u00f3n<\/a>\n\n<a href=\"https:\/\/cmfalla-caba.infd.edu.ar\/sitio\/produccion-musical-didactica\/\" data-type=\"URL\" data-id=\"https:\/\/cmfalla-caba.infd.edu.ar\/sitio\/produccion-musical-didactica\/\">Profesorado de Producci\u00f3n Musical Did\u00e1ctica\n<\/a>\n<a href=\"https:\/\/cmfalla-caba.infd.edu.ar\/sitio\/etnomusicologia-2\/\" data-type=\"URL\" data-id=\"https:\/\/cmfalla-caba.infd.edu.ar\/sitio\/etnomusicologia-2\/\">Etnomusicolog\u00eda<\/a>\n\n<a href=\"https:\/\/cmfalla-caba.infd.edu.ar\/sitio\/carrera-de-composicion\/\" data-type=\"URL\" data-id=\"https:\/\/cmfalla-caba.infd.edu.ar\/sitio\/carrera-de-composicion\/\">Profesorado de Composici\u00f3n<\/a>\n\n<a href=\"https:\/\/cmfalla-caba.infd.edu.ar\/sitio\/musica-popular-argentina\/\" data-type=\"URL\" data-id=\"https:\/\/cmfalla-caba.infd.edu.ar\/sitio\/musica-popular-argentina\/\">Profesorado y Tecnicatura en M\u00fasica Popular Argentina\n<\/a>\n<a href=\"https:\/\/cmfalla-caba.infd.edu.ar\/sitio\/jazz\/\" data-type=\"URL\" data-id=\"https:\/\/cmfalla-caba.infd.edu.ar\/sitio\/jazz\/\">Tecnicatura en Jazz\n<\/a>\n<a href=\"https:\/\/cmfalla-caba.infd.edu.ar\/sitio\/musica-antigua\/\" data-type=\"URL\" data-id=\"https:\/\/cmfalla-caba.infd.edu.ar\/sitio\/musica-antigua\/\">Tecnicatura en M\u00fasica Antigua\n<\/a>\n<a href=\"https:\/\/cmfalla-caba.infd.edu.ar\/sitio\/diplomatura-superior-en-musica-contemporanea\/\" data-type=\"URL\" data-id=\"https:\/\/cmfalla-caba.infd.edu.ar\/sitio\/diplomatura-superior-en-musica-contemporanea\/\">Diplomatura en M\u00fasica Contempor\u00e1nea<\/a><\/strong><\/pre>\n","protected":false},"excerpt":{"rendered":"<p>Profesorados y Tecnicaturas en Instrumentos Cl\u00e1sicos, Canto, \u00d3rgano, Direcci\u00f3n Coral, Direcci\u00f3n de Orquesta y Composici\u00f3n Profesorado de Producci\u00f3n Musical Did\u00e1ctica Etnomusicolog\u00eda Profesorado de Composici\u00f3n Profesorado y Tecnicatura en M\u00fasica Popular Argentina Tecnicatura en Jazz Tecnicatura en M\u00fasica Antigua Diplomatura en M\u00fasica Contempor\u00e1nea<\/p>\n","protected":false},"author":3745,"featured_media":0,"parent":0,"menu_order":0,"comment_status":"closed","ping_status":"closed","template":"","meta":[],"acf":[],"_links":{"self":[{"href":"https:\/\/cmfalla-caba.infd.edu.ar\/sitio\/wp-json\/wp\/v2\/pages\/2588"}],"collection":[{"href":"https:\/\/cmfalla-caba.infd.edu.ar\/sitio\/wp-json\/wp\/v2\/pages"}],"about":[{"href":"https:\/\/cmfalla-caba.infd.edu.ar\/sitio\/wp-json\/wp\/v2\/types\/page"}],"author":[{"embeddable":true,"href":"https:\/\/cmfalla-caba.infd.edu.ar\/sitio\/wp-json\/wp\/v2\/users\/3745"}],"replies":[{"embeddable":true,"href":"https:\/\/cmfalla-caba.infd.edu.ar\/sitio\/wp-json\/wp\/v2\/comments?post=2588"}],"version-history":[{"count":18,"href":"https:\/\/cmfalla-caba.infd.edu.ar\/sitio\/wp-json\/wp\/v2\/pages\/2588\/revisions"}],"predecessor-version":[{"id":8905,"href":"https:\/\/cmfalla-caba.infd.edu.ar\/sitio\/wp-json\/wp\/v2\/pages\/2588\/revisions\/8905"}],"wp:attachment":[{"href":"https:\/\/cmfalla-caba.infd.edu.ar\/sitio\/wp-json\/wp\/v2\/media?parent=2588"}],"curies":[{"name":"wp","href":"https:\/\/api.w.org\/{rel}","templated":true}]}}