{"id":2605,"date":"2018-08-29T16:22:07","date_gmt":"2018-08-29T19:22:07","guid":{"rendered":"https:\/\/cmfalla-caba.infd.edu.ar\/sitio\/historia\/"},"modified":"2023-12-08T18:02:19","modified_gmt":"2023-12-08T21:02:19","slug":"historia","status":"publish","type":"page","link":"https:\/\/cmfalla-caba.infd.edu.ar\/sitio\/historia\/","title":{"rendered":"Conservatorio Superior de M\u00fasica Manuel de Falla"},"content":{"rendered":"\n<p><\/p>\n\n\n\n<p>El <strong>Conservatorio Superior de M\u00fasica \u00abManuel de Falla\u00bb<\/strong> es una Instituci\u00f3n perteneciente a la Direcci\u00f3n General de Ense\u00f1anza Art\u00edstica (DGEART) del Ministerio de Cultura del Gobierno de la Ciudad Aut\u00f3noma de Buenos Aires. Es un Instituto Superior de Formaci\u00f3n Docente NO Universitario de gesti\u00f3n estatal. Como tal, pertenece a la Red Nacional de Formaci\u00f3n Docente coordinada y gestionada por el Instituto Nacional de Formaci\u00f3n Docente (INFD) lo que le ha posibilitado el acceso a un espacio virtual que consta de un Campus, una Web y un Blog, otorgados por el Ministerio de Educaci\u00f3n de la Naci\u00f3n.<\/p>\n\n\n\n<p>Habiendo cumplido ya su 100\u00ba Aniversario, esta Casa de Estudios ha trascendido los l\u00edmites de la Ciudad de Buenos Aires para proyectarse en el \u00e1mbito nacional e internacional en raz\u00f3n de la excelencia de la ense\u00f1anza que imparte, la de su cuerpo de profesores y el nivel de sus egresados, tanto en el \u00e1mbito art\u00edstico como docente.<\/p>\n\n\n\n<p>Como Instituci\u00f3n p\u00fablica y gratuita de nivel Superior Terciario\u00a0 brinda al final de sus carreras t\u00edtulos docentes y habilitantes para ejercer la docencia musical en todo el pa\u00eds. Es una de las Instituciones m\u00e1s antiguas, prestigiosas e importantes en la formaci\u00f3n musical de ni\u00f1os y j\u00f3venes de nuestro pa\u00eds y de Am\u00e9rica, tanto en el aspecto de la formaci\u00f3n docente como en la ense\u00f1anza instrumental, de int\u00e9rpretes, directores y compositores.<\/p>\n\n\n\n<p>Su actividad se desarrolla en la calle Gallo 238 de la Ciudad Aut\u00f3noma de Buenos Aires (CABA) donde se encuentra su Sede Central y en cinco Anexos en distintos barrios de la ciudad. Los Anexos 1, 2, 3 y 4 funcionan en edificios compartidos con escuelas primarias por lo que el horario de funcionamiento de los mismos es siempre en el turno vespertino de lunes a viernes a partir de las 18 y hasta las 22 hs. La sede central, en cambio funciona de lunes a viernes de 8 a 22 hs. y los s\u00e1bados de 8 a 20 hs.<\/p>\n\n\n\n<p><\/p>\n\n\n\n<figure class=\"wp-block-pullquote has-medium-font-size\" style=\"font-style:normal;font-weight:700\"><blockquote><p>Historia De Conservatorio Superior de M\u00fasica Manuel de Falla<\/p><\/blockquote><\/figure>\n\n\n\n<p><\/p>\n\n\n\n<p>El Conservatorio Superior de M\u00fasica \u201cManuel de Falla\u201d, formador de docentes e int\u00e9rpretes en distintas disciplinas instrumentales, nace por iniciativa del primer director y fundador de la Banda Municipal de M\u00fasica de Buenos Aires, maestro Antonino Malvagni, con el prop\u00f3sito de formar instrumentistas para la Banda Municipal de M\u00fasica que fuera creada para el Centenario Argentino (1910). En 1919 se crea la denominada Escuela Municipal Nocturna de M\u00fasica, y bajo este nombre comenz\u00f3 sus actividades en 1920. A partir de entonces, se desarroll\u00f3 ininterrumpidamente una vasta labor docente y musical que trasciende m\u00e1s all\u00e1 de las fronteras nacionales.<br>&nbsp;<br>En 1927, por Ordenanza N\u00ba 2472 del Honorable Consejo Deliberante de la Ciudad de Buenos Aires, pas\u00f3 a denominarse Conservatorio Municipal. En calidad de tal comienza a otorgar t\u00edtulos de Profesor en las diversas especialidades musicales, y t\u00edtulos de capacitaci\u00f3n profesional en los diversos instrumentos y en canto. Los t\u00edtulos y planes de estudio del Conservatorio Municipal obtuvieron reconocimiento a nivel nacional en virtud del Decreto Nacional N\u00ba 14.673\/43, ya que en dicho Decreto se acepta como v\u00e1lidos para el ejercicio de la docencia en los establecimientos dependientes del Ministerio de Justicia e Instrucci\u00f3n P\u00fablica los t\u00edtulos otorgados por el Conservatorio Municipal de M\u00fasica \u201cManuel de Falla\u201d.<br>&nbsp;<br>En 1965 se aprueba un nuevo Reglamento General (Decreto 11449\/65), como complemento necesario al tambi\u00e9n nuevo Plan de Estudios aprobado ese mismo a\u00f1o por Decreto 2838\/65. En los considerandos del Decreto 11449\/65 y en el Reglamento General se expresa taxativamente la condici\u00f3n de Instituto Superior, de nivel superior, con primer y segundo ciclos superiores de profesorado. Posteriormente, en 1988, se implementa y aprueba un nuevo Plan de Estudios que, con tres sucesivas modificatorias, mantiene las caracter\u00edsticas esenciales del Plan de Estudios de 1965 en lo que ata\u00f1e a niveles superiores.<\/p>\n\n\n\n<p>En su larga trayectoria formadora de m\u00fasicos c\u00e9lebres, el Conservatorio Manuel de Falla se ha transformado en una instituci\u00f3n se\u00f1era en el campo de la formaci\u00f3n musical. Entre sus profesores siempre se han incluido importantes compositores, directores de orquesta e instrumentistas de las diferentes especialidades. Por citar s\u00f3lo a algunos: Bruno Bandini, Carlos Guastavino, Roberto Garc\u00eda Morillo, Jacobo Fischer, H\u00e9ctor Iglesias Villoud, Juan Francisco Giacobbe. Fermina Casanova, Alicia Terzi\u00e1n y Enrique Cipolla. Pianistas de fuste como Elsa Piaggio de Tarelli, Perla Br\u00fagola, Rodolfo Caracciolo, Lydia Negri, Dora Castro, Antonio De Raco y muchos otros. Guitarristas de la talla de Jorge Mart\u00ednez Z\u00e1rate y Maria Luisa Anido. Instrumentistas de categor\u00eda como Hamlet Greco, Jorge Zubrisky, Jorge Fontenla, Domingo Rubio. Quien fuera Ciudadano Ilustre de la Ciudad de Buenos Aires, el compositor Sebasti\u00e1n Piana, fue maestro de este Conservatorio. La presencia legendaria del maestro Piana da cuenta del compromiso profundo de este Conservatorio con la m\u00fasica, tanto universal como ciudadana, desde larga data. As\u00ed, fue \u00e9sta la primera instituci\u00f3n de estudios musicales que cont\u00f3 con la c\u00e1tedra de bandone\u00f3n desde \u00e9pocas muy tempranas: desde 1954 estuvo a cargo del Maestro Pedro Maffia.<\/p>\n\n\n\n<p>Fue tradici\u00f3n que grandes m\u00fasicos ocuparan la direcci\u00f3n del Conservatorio. As\u00ed, entre otros, fueron directivos de este Conservatorio C\u00e1tulo Castillo, Pedro S\u00e1enz, Pascual Quaratino, Antonio De Raco y muchos otros m\u00fasicos ilustres.<\/p>\n\n\n\n<p>Este Conservatorio tambi\u00e9n fue pionero en la apertura de carreras musicales, m\u00e1s all\u00e1 del canto y los instrumentos. Tal el caso de las carreras de Composici\u00f3n, Direcci\u00f3n Coral y Direcci\u00f3n Orquestal.<\/p>\n\n\n\n<p>El Conservatorio \u201cManuel de Falla\u201d inici\u00f3 sus actividades en una casona de dos pisos, ubicada en la calle Sarmiento al 2500, en las proximidades del barrio de Balvanera, espacio que brindaba una atm\u00f3sfera familiar a la actividad did\u00e1ctica art\u00edstica. Luego de un breve tr\u00e1nsito por un petit hotel, m\u00e1s moderno y espacioso, ubicado en la calle Moreno esquina Piedras, a mediados de la d\u00e9cada del 40 el entonces Conservatorio Municipal de M\u00fasica \u201c Manuel de Falla\u201d se instala en una vieja casona de estilo ubicada en la entonces calle Cangallo y Pasteur, en la zona de influencia de la estaci\u00f3n Once de Septiembre.<\/p>\n\n\n\n<p>Se trataba de un solar de los a\u00f1os 20, t\u00edpica casa porte\u00f1a de dos plantas con un gran hall, habitaciones amplias a ambos lados y espacioso patio de fondo. El hall de entrada ten\u00eda sobre s\u00ed, en planta alta, una galer\u00eda en la que desembocaban las aulas de dicha planta. Sobre parte del patio de la planta baja hab\u00eda otra aula y, sobre ella, un altillo en el que se dictaba clase de canto. Cuando fue comprado el primer \u00f3rgano, bajo la direcci\u00f3n del maestro Pascual Quaratino, se construy\u00f3 en el patio una habitaci\u00f3n para albergarlo y dictar clases.<\/p>\n\n\n\n<p>Aquella casa no era propiedad de la entonces Municipalidad de la Ciudad de Buenos Aires: su propietario la recuper\u00f3 y fue demolida. El lugar se hab\u00eda adaptado a la actividad educativa, pero atento al crecimiento que operaba el Conservatorio resultaba insuficiente en capacidad e instalaciones.<\/p>\n\n\n\n<p>Durante la d\u00e9cada del 60 se gesta el proyecto cultural de la Ciudad de Buenos Aires, construy\u00e9ndose el complejo cultural Teatro San Mart\u00edn y Centro Cultural General San Mart\u00edn. En 1969 el Conservatorio se muda al sexto y s\u00e9ptimo piso del Centro Cultural, edificio donde se concentrar\u00edan los diferentes centros educativos dependientes de la Secretar\u00eda de Cultura de la Ciudad.<\/p>\n\n\n\n<p>Dicho proyecto no pudo completarse cabalmente, pero esta ubicaci\u00f3n del Conservatorio le permiti\u00f3 integrarse en un proyecto conjunto en el que compart\u00eda vecindad con Radio Municipal, la Direcci\u00f3n de Educaci\u00f3n Permanente, la Direcci\u00f3n Municipal de M\u00fasica y el Centro Cultural General San Mart\u00edn. Esta proximidad permiti\u00f3 la realizaci\u00f3n de proyectos culturales conjuntos y la interrelaci\u00f3n del Conservatorio con otros entes culturales de la Ciudad.<\/p>\n\n\n\n<p>Esa mudanza result\u00f3 fuertemente auspiciosa. Se esperaba que el Conservatorio adquiriera mayor proyecci\u00f3n en la sociedad, inserto en el contexto de un Centro como aqu\u00e9l, y eso fue lo que realmente sucedi\u00f3: se intensific\u00f3 la relaci\u00f3n del Conservatorio con L.S.1, Radio Municipal, lo que dio lugar a la intervenci\u00f3n de alumnos en diversos ciclos de conciertos radiales, tales como \u201cPeque\u00f1os Recitales\u201d, \u201cLa generaci\u00f3n que espera\u201d y otros. Cabe destacar que por aquellos a\u00f1os el Conservatorio ten\u00eda un espacio fijo, tanto en LS1 como en LRA Radio Nacional, denominado \u201cAudici\u00f3n del Conservatorio Municipal de M\u00fasica Manuel de Falla\u201d, en la que actuaban sus alumnos. El hecho de tener la sede en el Centro Cultural puso en contacto al Conservatorio con el CICMAT (Centro de experimentaci\u00f3n en M\u00fasica de Avanzada), que funcionaba en el quinto piso. Era frecuente que la c\u00e1tedra de Ac\u00fastica y Electroac\u00fastica se dictara en dicho Centro, por entonces a cargo del compositor Jos\u00e9 Maranzano. En 1970, en ocasi\u00f3n del Festival internacional de M\u00fasica Contempor\u00e1nea realizado en Buenos Aires, cuya sede principal fue el Centro Cultural General San Mart\u00edn, el Conservatorio tom\u00f3 fuerte contacto con dicho evento, con la participaci\u00f3n activa de alumnos y profesores como p\u00fablico y como int\u00e9rpretes.<\/p>\n\n\n\n<p>Durante la d\u00e9cada de los 80, el Conservatorio percibe la necesidad y, consecuentemente, comienza a desarrollar proyectos tendientes a fomentar la captaci\u00f3n temprana de ni\u00f1os con inquietudes por la educaci\u00f3n musical sistem\u00e1tica. En tal sentido, y viendo la necesidad de brindar servicios educativos que facilitaran el acercamiento de la poblaci\u00f3n, el Conservatorio extiende sus actividades formativas a diferentes Anexos, ubicados en los barrios de Palermo, Balvanera y Caballito, que al funcionar en edificios escolares permiten una mayor interrelaci\u00f3n y acercamiento comunitario.<\/p>\n\n\n\n<p>A partir de los procesos de reforma educativa que se inician en la d\u00e9cada de los 90, y con motivo de la sanci\u00f3n de la Ley de Educaci\u00f3n Superior N\u00ba 24.521, el Conservatorio Superior de M\u00fasica \u201cManuel de Falla\u201d comienza, en 1996, un proceso de transformaci\u00f3n a fin de encuadrarse en las normativas de dicha ley, en su calidad de Instituto Superior no Universitario. Dicho proceso se vio coronado por el Decreto 952\/97, que establec\u00eda las normas de su estructura organizativa, gobierno y funcionamiento.<\/p>\n\n\n\n<p>Al mismo tiempo, comienza a elaborarse un nuevo Plan de Estudios (cabe aclarar que segu\u00eda estando en vigencia, por aquel entonces, el Plan de 1988). Este nuevo Plan, si bien planteaba una transici\u00f3n que buscaba compatibilizar lo federal, lo nacional y lo local respetando el perfil propio del Conservatorio y su funci\u00f3n hist\u00f3rica, fue implementado sin la aprobaci\u00f3n por Decreto del Jefe de Gobierno, acorde al marco legal de la Ciudad Aut\u00f3noma de Buenos Aires. Esto trajo aparejado un conflicto a nivel acad\u00e9mico-institucional, ya que resultaba imposible legalizar los t\u00edtulos de los egresados. A partir del a\u00f1o 2000, tras un complejo proceso que se detallar\u00e1 m\u00e1s adelante en el punto referido al an\u00e1lisis situacional, se realiza una serie de gestiones que culminan con la convalidaci\u00f3n del Plan de Estudios por el Decreto 1586\/01, conforme a la norma.<\/p>\n\n\n\n<p>Posteriormente, por Decreto 1378\/2003, se aprueban los nuevos Planes de Estudio referidos a las Carreras de \u201cEtnomusicolog\u00eda\u201d y \u201cTango y M\u00fasica Folkl\u00f3rica\u201d. Esta \u00faltima, de reciente creaci\u00f3n, atiende a una demanda creciente de la poblaci\u00f3n y a un vac\u00edo de oferta educativa que hasta entonces detentaba la Ciudad de Buenos Aires.<\/p>\n\n\n\n<p>En otro orden de cosas, y para terminar esta breve rese\u00f1a, se hace necesario hacer una referencia al aspecto edilicio.<\/p>\n\n\n\n<p>Si bien la ubicaci\u00f3n del Conservatorio en el sexto y s\u00e9ptimo piso del Centro Cultural General San Mart\u00edn resultaba muy auspiciosa por su inserci\u00f3n y relaci\u00f3n con otros entes culturales, como as\u00ed tambi\u00e9n por la posibilidad de proyecci\u00f3n en la comunidad, visto el crecimiento que mostraba el Conservatorio tanto en carreras como en niveles el espacio qued\u00f3 prontamente insuficiente.<\/p>\n\n\n\n<p>Durante el a\u00f1o 2003 la Secretar\u00eda de Cultura de la Ciudad de Buenos Aires, por iniciativa de la Direcci\u00f3n General de Ense\u00f1anza Art\u00edstica, gestiona la compra de un nuevo edificio ubicado en el barrio de Almagro. En febrero de 2004 el Conservatorio \u201cManuel de Falla\u201d se instala provisoriamente en una nueva ubicaci\u00f3n en la calle Gallo esquina Sarmiento, lo que&nbsp;le permite seguir funcionando, hasta que se alcance el objetivo de tener un edificio propio.&nbsp;. Su nueva ubicaci\u00f3n tambi\u00e9n le facilita&nbsp; una mejor inserci\u00f3n y un aumento de su \u00e1rea de influencia educativa, ya que lo pone en condiciones de participar de un nuevo proyecto de la Ciudad tendiente a conformar un polo cultural en los alrededores del antiguo mercado de Abasto.<\/p>\n\n\n\n<p>De la misma forma, y viendo el progresivo crecimiento de poblaci\u00f3n que operaban las carreras de Tango y M\u00fasica Folkl\u00f3rica y Etnomusicolog\u00eda, \u00e9stas se instalan en otra dependencia ubicada en la calle Per\u00fa y Belgrano, en el barrio de San Telmo.<\/p>\n\n\n\n<p>De su modesto comienzo con cuarenta alumnos y siete profesores, este Conservatorio hoy cuenta con dos mil quinientos alumnos, casi trescientos profesores, y funciona en cinco sedes diferentes que cubren importantes \u00e1reas y barrios capitalinos.<\/p>\n\n\n\n<p>De un reducido grupo de carreras, limitadas a seis instrumentos de viento, hoy el Conservatorio ofrece a la comunidad m\u00e1s de treinta especialidades que cubren la totalidad del espectro musical, adem\u00e1s de talleres que, con distintos prop\u00f3sitos, satisfacen los requerimientos comunitarios planteados por la Instituci\u00f3n.<\/p>\n\n\n\n<p>Si desde un comienzo solo acept\u00f3 el repertorio caracter\u00edstico de las bandas, hoy se escucha en sus aulas el repertorio cl\u00e1sico, el tango, el folklore y la etnom\u00fasica americana.<\/p>\n","protected":false},"excerpt":{"rendered":"<p>El Conservatorio Superior de M\u00fasica \u00abManuel de Falla\u00bb es una Instituci\u00f3n perteneciente a la Direcci\u00f3n General de Ense\u00f1anza Art\u00edstica (DGEART) del Ministerio de Cultura del Gobierno de la Ciudad Aut\u00f3noma de Buenos Aires. Es un Instituto Superior de Formaci\u00f3n Docente NO Universitario de gesti\u00f3n estatal. Como tal, pertenece a la Red Nacional de Formaci\u00f3n Docente &#8230; <a title=\"Conservatorio Superior de M\u00fasica Manuel de Falla\" class=\"read-more\" href=\"https:\/\/cmfalla-caba.infd.edu.ar\/sitio\/historia\/\" aria-label=\"More on Conservatorio Superior de M\u00fasica Manuel de Falla\">[+]<\/a><\/p>\n","protected":false},"author":3745,"featured_media":0,"parent":0,"menu_order":0,"comment_status":"closed","ping_status":"closed","template":"","meta":[],"acf":[],"_links":{"self":[{"href":"https:\/\/cmfalla-caba.infd.edu.ar\/sitio\/wp-json\/wp\/v2\/pages\/2605"}],"collection":[{"href":"https:\/\/cmfalla-caba.infd.edu.ar\/sitio\/wp-json\/wp\/v2\/pages"}],"about":[{"href":"https:\/\/cmfalla-caba.infd.edu.ar\/sitio\/wp-json\/wp\/v2\/types\/page"}],"author":[{"embeddable":true,"href":"https:\/\/cmfalla-caba.infd.edu.ar\/sitio\/wp-json\/wp\/v2\/users\/3745"}],"replies":[{"embeddable":true,"href":"https:\/\/cmfalla-caba.infd.edu.ar\/sitio\/wp-json\/wp\/v2\/comments?post=2605"}],"version-history":[{"count":5,"href":"https:\/\/cmfalla-caba.infd.edu.ar\/sitio\/wp-json\/wp\/v2\/pages\/2605\/revisions"}],"predecessor-version":[{"id":7833,"href":"https:\/\/cmfalla-caba.infd.edu.ar\/sitio\/wp-json\/wp\/v2\/pages\/2605\/revisions\/7833"}],"wp:attachment":[{"href":"https:\/\/cmfalla-caba.infd.edu.ar\/sitio\/wp-json\/wp\/v2\/media?parent=2605"}],"curies":[{"name":"wp","href":"https:\/\/api.w.org\/{rel}","templated":true}]}}