{"id":2623,"date":"2018-08-29T16:22:16","date_gmt":"2018-08-29T19:22:16","guid":{"rendered":"https:\/\/cmfalla-caba.infd.edu.ar\/sitio\/cooperadora\/"},"modified":"2025-09-03T18:37:07","modified_gmt":"2025-09-03T21:37:07","slug":"cooperadora","status":"publish","type":"page","link":"https:\/\/cmfalla-caba.infd.edu.ar\/sitio\/cooperadora\/","title":{"rendered":"ASOCIACI\u00d3N COOPERADORA"},"content":{"rendered":"<p><style> body {font-family: 'nunito', sans-serif;}<br \/>\n<\/style>\n<\/p>\n<style>\n@import url('https:\/\/fonts.googleapis.com\/css2?family=Nunito:wght@400;700&display=swap');<\/p>\n<p>.mi-tipografia {<br \/>\n    font-family: 'Nunito', sans-serif;<br \/>\n}<br \/>\n<\/style>\n\n\n<div id=\"fb-root\">&nbsp;<\/div>\n\n\n\n<p><script>(function(d, s, id) {<br \/>\n  var js, fjs = d.getElementsByTagName(s)[0];<br \/>\n  if (d.getElementById(id)) return;<br \/>\n  js = d.createElement(s); js.id = id;<br \/>\n  js.src = 'https:\/\/connect.facebook.net\/es_LA\/sdk.js#xfbml=1&version=v3.2';<br \/>\n  fjs.parentNode.insertBefore(js, fjs);<br \/>\n}(document, 'script', 'facebook-jssdk'));<\/script><\/p>\n\n\n\n<p><span style=\"font-family: 'trebuchet ms', geneva; font-size: 10pt;\"><span style=\"text-decoration: underline;\" data-mce-mark=\"1\"><span style=\"color: #ffffff; text-decoration: underline;\">&nbsp; &nbsp; &nbsp; &nbsp; &nbsp; &nbsp;<\/span><\/span><\/span><a name=\"principio\"><\/a>La Asociaci\u00f3n Cooperadora del CSMMF est\u00e1 conformada de la siguiente manera seg\u00fan lo establecido en su <strong><a href=\"https:\/\/cmfalla-caba.infd.edu.ar\/aula\/archivos\/repositorio\/\/2500\/2704\/Estatuto_Cooperadora.pdf\">Estatuto<\/a><\/strong><\/p>\n\n\n\n<div class=\"wp-block-columns is-layout-flex wp-container-2\">\n<div class=\"wp-block-column is-layout-flow\">\n<p class=\"has-base-background-color has-background\"><span data-mce-mark=\"1\"><img decoding=\"async\" title=\"vi\u00f1eta\" border=\"0\" src=\"https:\/\/cmfalla-caba.infd.edu.ar\/sitio\/wp-content\/uploads\/2018\/08\/fleazdegr.gif\" alt=\"vi\u00f1eta\"><\/span>\u00a0 <span data-mce-mark=\"1\">Presidente<\/span>:\u00a0<strong>Ricardo J. Urresti<\/strong><\/p>\n\n\n\n<p class=\"has-base-background-color has-background\"><span data-mce-mark=\"1\"><img decoding=\"async\" title=\"vi\u00f1eta\" border=\"0\" src=\"https:\/\/cmfalla-caba.infd.edu.ar\/sitio\/wp-content\/uploads\/2018\/08\/fleazdegr.gif\" alt=\"vi\u00f1eta\"><\/span>\u00a0 <span data-mce-mark=\"1\">Tesorero<\/span>: <strong>Leonardo Pietrantuoni<\/strong><\/p>\n\n\n\n<p class=\"has-base-background-color has-background\"><span data-mce-mark=\"1\"><img decoding=\"async\" title=\"vi\u00f1eta\" border=\"0\" src=\"https:\/\/cmfalla-caba.infd.edu.ar\/sitio\/wp-content\/uploads\/2018\/08\/fleazdegr.gif\" alt=\"vi\u00f1eta\"><\/span>\u00a0 <span data-mce-mark=\"1\">Secretaria<\/span>:\u00a0 <strong>Mar\u00eda Poratti<\/strong> <\/p>\n\n\n\n<p class=\"has-base-background-color has-background\"><span data-mce-mark=\"1\"><img decoding=\"async\" title=\"vi\u00f1eta\" border=\"0\" src=\"https:\/\/cmfalla-caba.infd.edu.ar\/sitio\/wp-content\/uploads\/2018\/08\/fleazdegr.gif\" alt=\"vi\u00f1eta\"><\/span>&nbsp; <span data-mce-mark=\"1\">Vocal N\u00ba 1<\/span>:&nbsp;Carolina Pacelli<\/p>\n\n\n\n<p class=\"has-base-background-color has-background\"><span data-mce-mark=\"1\"><img decoding=\"async\" title=\"vi\u00f1eta\" border=\"0\" src=\"https:\/\/cmfalla-caba.infd.edu.ar\/sitio\/wp-content\/uploads\/2018\/08\/fleazdegr.gif\" alt=\"vi\u00f1eta\"><\/span>&nbsp; <span data-mce-mark=\"1\">Vocal N\u00ba 2<\/span><u>:<\/u> Luc\u00eda Fern\u00e1ndez<\/p>\n\n\n\n<p class=\"has-base-background-color has-background\"><span data-mce-mark=\"1\">&nbsp;<img decoding=\"async\" title=\"vi\u00f1eta\" border=\"0\" src=\"https:\/\/cmfalla-caba.infd.edu.ar\/sitio\/wp-content\/uploads\/2018\/08\/fleazdegr.gif\" alt=\"vi\u00f1eta\"><\/span>&nbsp; <span data-mce-mark=\"1\">Revisor de cuentas 1<\/span><u>:<\/u> Fabrizio Castro L\u00f3pez<span data-mce-mark=\"1\"><\/span><\/p>\n\n\n\n<figure class=\"wp-block-image size-full is-resized\"><img decoding=\"async\" loading=\"lazy\" src=\"https:\/\/cmfalla-caba.infd.edu.ar\/sitio\/wp-content\/uploads\/2024\/06\/lOGO-CENTENARIO-1-1.jpg\" alt=\"\" class=\"wp-image-8867\" width=\"531\" height=\"689\" srcset=\"https:\/\/cmfalla-caba.infd.edu.ar\/sitio\/wp-content\/uploads\/2024\/06\/lOGO-CENTENARIO-1-1.jpg 1249w, https:\/\/cmfalla-caba.infd.edu.ar\/sitio\/wp-content\/uploads\/2024\/06\/lOGO-CENTENARIO-1-1-771x1000.jpg 771w, https:\/\/cmfalla-caba.infd.edu.ar\/sitio\/wp-content\/uploads\/2024\/06\/lOGO-CENTENARIO-1-1-768x996.jpg 768w, https:\/\/cmfalla-caba.infd.edu.ar\/sitio\/wp-content\/uploads\/2024\/06\/lOGO-CENTENARIO-1-1-1184x1536.jpg 1184w\" sizes=\"(max-width: 531px) 100vw, 531px\" \/><\/figure>\n<\/div>\n<\/div>\n\n\n\n<p><span data-mce-mark=\"1\"><\/span><\/p>\n\n\n\n<p>La Asociaci\u00f3n Cooperadora del Conservatorio Superior de M\u00fasica Manuel de Falla cumple con informar a los alumnos de esta casa de estudios, que la COOPERADORA destina, regular y habitualmente, su colaboraci\u00f3n a cubrir gastos de:<\/p>\n\n\n\n<p><strong><em><img decoding=\"async\" title=\"vi\u00f1eta\" src=\"https:\/\/cmfalla-caba.infd.edu.ar\/sitio\/wp-content\/uploads\/2018\/08\/fleazdegr.gif\" alt=\"vi\u00f1eta\" border=\"0\">&nbsp; Reparaci\u00f3n y afinaci\u00f3n de instrumentos<\/em><\/strong><\/p>\n\n\n\n<p><strong><em><img decoding=\"async\" title=\"vi\u00f1eta\" src=\"https:\/\/cmfalla-caba.infd.edu.ar\/sitio\/wp-content\/uploads\/2018\/08\/fleazdegr.gif\" alt=\"vi\u00f1eta\" border=\"0\">&nbsp; Traslados de instrumentos y elencos estables como la Orquesta del CSMMF, el <\/em><\/strong><strong><em>Coro Institucional, el Coro del Plan de Ni\u00f1os, y dem\u00e1s ensambles y formaciones de <\/em><\/strong><strong><em>esta casa de estudios<\/em><\/strong><\/p>\n\n\n\n<p><strong><em><img decoding=\"async\" title=\"vi\u00f1eta\" src=\"https:\/\/cmfalla-caba.infd.edu.ar\/sitio\/wp-content\/uploads\/2018\/08\/fleazdegr.gif\" alt=\"vi\u00f1eta\" border=\"0\">&nbsp; Mantenimiento en general<\/em><\/strong><\/p>\n\n\n\n<p><strong><em><img decoding=\"async\" title=\"vi\u00f1eta\" src=\"https:\/\/cmfalla-caba.infd.edu.ar\/sitio\/wp-content\/uploads\/2018\/08\/fleazdegr.gif\" alt=\"vi\u00f1eta\" border=\"0\">&nbsp; Material did\u00e1ctico<\/em><\/strong><\/p>\n\n\n\n<p><strong><em><img decoding=\"async\" title=\"vi\u00f1eta\" src=\"https:\/\/cmfalla-caba.infd.edu.ar\/sitio\/wp-content\/uploads\/2018\/08\/fleazdegr.gif\" alt=\"vi\u00f1eta\" border=\"0\">&nbsp; Fotocopias<\/em><\/strong><\/p>\n\n\n\n<p><strong><em><img decoding=\"async\" title=\"vi\u00f1eta\" border=\"0\" src=\"https:\/\/cmfalla-caba.infd.edu.ar\/sitio\/wp-content\/uploads\/2018\/08\/fleazdegr.gif\" alt=\"vi\u00f1eta\">&nbsp; Reparaci\u00f3n de PC\u2019s y mantenimiento de impresoras<\/em><\/strong><\/p>\n\n\n\n<p><\/p>\n\n\n\n<div class=\"wp-block-group has-base-3-color has-accent-background-color has-text-color has-background has-medium-font-size is-layout-constrained\"><div class=\"wp-block-group__inner-container\">\n<p>La Cooperadora ofrece las siguientes opciones para el pago de la cuota anual, que es de car\u00e1cter voluntario:<\/p>\n\n\n\n<ul>\n<li><strong>Pago \u00fanico:<\/strong> $50.000.<\/li>\n\n\n\n<li><strong>Pago en dos cuotas:<\/strong> $30.000 cada cuota.<\/li>\n\n\n\n<li><strong>Pago mensual:<\/strong> $10.000 por mes.<\/li>\n<\/ul>\n\n\n\n<p>Los fondos recaudados se destinan a cubrir diversas necesidades, incluyendo el mantenimiento y reparaci\u00f3n de instrumentos musicales.<\/p>\n<\/div><\/div>\n\n\n\n<p>Pagos por MercadoPago:&nbsp;<\/p>\n\n\n\n<p>Transferir dinero al alias BOLA.GOLFO.VISTA<\/p>\n\n\n\n<p>Pagos por transferencia bancaria:&nbsp;&nbsp;<\/p>\n\n\n\n<p>&nbsp;CBU: 0290030800000000108650&nbsp;<\/p>\n\n\n\n<p>&nbsp;ALIAS: BOLA.GOLFO.VISTA<\/p>\n\n\n\n<p>(Banco Ciudad. ASO COOP CONS MUN M)&nbsp; &nbsp;&nbsp;<\/p>\n\n\n\n<hr class=\"wp-block-separator has-alpha-channel-opacity\"\/>\n\n\n\n<p>Pago en efectivo: por dep\u00f3sito en cajeros del BANCO CIUDAD&nbsp;<\/p>\n\n\n\n<p>CUENTA CORRIENTE EN PESOS Nro: 3-030-0100001086-5<\/p>\n\n\n\n<p>(Banco Ciudad. ASO COOP CONS MUN M)&nbsp; &nbsp;<\/p>\n\n\n\n<hr class=\"wp-block-separator has-alpha-channel-opacity\"\/>\n\n\n\n<div class=\"wp-block-group has-contrast-color has-text-color has-background is-layout-constrained\" style=\"background-color:#c7f7ab\"><div class=\"wp-block-group__inner-container\">\n<p style=\"font-size:21px\"><strong>Importante: Registro Obligatorio de su Contribuci\u00f3n<\/strong><\/p>\n\n\n\n<p><strong>Para asegurar que su valiosa contribuci\u00f3n a la Cooperadora sea debidamente registrada y acreditada, es indispensable seguir estos pasos:<\/strong><\/p>\n\n\n\n<ol>\n<li style=\"font-size:18px\"><strong>Conserve su comprobante de pago:<\/strong> Este documento es su prueba de contribuci\u00f3n y ser\u00e1 requerido para el registro.<\/li>\n\n\n\n<li><strong><em>Env\u00ede su comprobante a trav\u00e9s del formulario<\/em>:<\/strong> Complete el siguiente formulario y adjunte su comprobante de pago. Este paso es <strong>esencial<\/strong> para confirmar su contribuci\u00f3n y permitirnos destinar los fondos a las necesidades de nuestra comunidad.<\/li>\n<\/ol>\n\n\n\n<p class=\"has-medium-font-size\"><a href=\"https:\/\/forms.gle\/EhUFgqWs6JyRFxyu5\"><strong>https:\/\/forms.gle\/EhUFgqWs6JyRFxyu5<\/strong><\/a><\/p>\n\n\n\n<p><strong>Su colaboraci\u00f3n es fundamental para el bienestar de nuestra instituci\u00f3n, y el registro adecuado de su pago garantiza que podamos utilizar los fondos de manera eficiente y transparente.<\/strong><\/p>\n<\/div><\/div>\n\n\n\n<p><strong>Muchas gracias por su colaboraci\u00f3n en mejorar nuestros servicios y nuestra calidad de ense\u00f1anza.<\/strong><\/p>\n\n\n\n<p><strong>Contacto: <a href=\"mailto:lacoopedelfalla@gmail.com\">lacoopedelfalla@gmail.com<\/a><\/strong><\/p>\n\n\n\n<figure class=\"wp-block-table\"><table><tbody><tr><td>\n<div class=\"fb-page\" data-href=\"https:\/\/www.facebook.com\/CooperadoradelManueldeFalla\/\" data-tabs=\"timeline\" data-width=\"500\" data-height=\"650\" data-small-header=\"false\" data-adapt-container-width=\"true\" data-hide-cover=\"false\" data-show-facepile=\"true\">\n<blockquote class=\"fb-xfbml-parse-ignore\" cite=\"https:\/\/www.facebook.com\/CooperadoradelManueldeFalla\/\"><p><a href=\"https:\/\/www.facebook.com\/CooperadoradelManueldeFalla\/\">Conservatorio Superior de M\u00fasica \u00abManuel de Falla\u00bb &#8211; Asoc. Cooperadora<\/a><\/p><\/blockquote>\n<\/div>\n<\/td><td><div id=\"metaslider-id-4737\" style=\"width: 100%;\" class=\"ml-slider-3-33-0 metaslider metaslider-responsive metaslider-4737 ml-slider ms-theme-default\" role=\"region\" aria-roledescription=\"Slideshow\" aria-label=\"Slideshow\">\n    <div id=\"metaslider_container_4737\">\n        <ul id='metaslider_4737' class='rslides'>\n            <li aria-roledescription='slide' aria-labelledby='slide-0'><a href=\"https:\/\/www.instagram.com\/consermanueldefallaoficial\/\" target=\"_self\"><img src=\"https:\/\/cmfalla-caba.infd.edu.ar\/sitio\/wp-content\/uploads\/2019\/07\/inst_logo-200x200.jpg\" height=\"200\" width=\"200\" alt=\"\" class=\"slider-4737 slide-4739\" title=\"inst_logo\" \/><\/a><\/li>\n        <\/ul>\n        \n    <\/div>\n<\/div><\/td><\/tr><\/tbody><\/table><\/figure>\n","protected":false},"excerpt":{"rendered":"<p>&nbsp; &nbsp; &nbsp; &nbsp; &nbsp; &nbsp; &nbsp;La Asociaci\u00f3n Cooperadora del CSMMF est\u00e1 conformada de la siguiente manera seg\u00fan lo establecido en su Estatuto \u00a0 Presidente:\u00a0Ricardo J. Urresti \u00a0 Tesorero: Leonardo Pietrantuoni \u00a0 Secretaria:\u00a0 Mar\u00eda Poratti &nbsp; Vocal N\u00ba 1:&nbsp;Carolina Pacelli &nbsp; Vocal N\u00ba 2: Luc\u00eda Fern\u00e1ndez &nbsp;&nbsp; Revisor de cuentas 1: Fabrizio Castro L\u00f3pez La &#8230; <a title=\"ASOCIACI\u00d3N COOPERADORA\" class=\"read-more\" href=\"https:\/\/cmfalla-caba.infd.edu.ar\/sitio\/cooperadora\/\" aria-label=\"More on ASOCIACI\u00d3N COOPERADORA\">[+]<\/a><\/p>\n","protected":false},"author":3745,"featured_media":0,"parent":0,"menu_order":0,"comment_status":"closed","ping_status":"closed","template":"","meta":[],"acf":[],"_links":{"self":[{"href":"https:\/\/cmfalla-caba.infd.edu.ar\/sitio\/wp-json\/wp\/v2\/pages\/2623"}],"collection":[{"href":"https:\/\/cmfalla-caba.infd.edu.ar\/sitio\/wp-json\/wp\/v2\/pages"}],"about":[{"href":"https:\/\/cmfalla-caba.infd.edu.ar\/sitio\/wp-json\/wp\/v2\/types\/page"}],"author":[{"embeddable":true,"href":"https:\/\/cmfalla-caba.infd.edu.ar\/sitio\/wp-json\/wp\/v2\/users\/3745"}],"replies":[{"embeddable":true,"href":"https:\/\/cmfalla-caba.infd.edu.ar\/sitio\/wp-json\/wp\/v2\/comments?post=2623"}],"version-history":[{"count":66,"href":"https:\/\/cmfalla-caba.infd.edu.ar\/sitio\/wp-json\/wp\/v2\/pages\/2623\/revisions"}],"predecessor-version":[{"id":10705,"href":"https:\/\/cmfalla-caba.infd.edu.ar\/sitio\/wp-json\/wp\/v2\/pages\/2623\/revisions\/10705"}],"wp:attachment":[{"href":"https:\/\/cmfalla-caba.infd.edu.ar\/sitio\/wp-json\/wp\/v2\/media?parent=2623"}],"curies":[{"name":"wp","href":"https:\/\/api.w.org\/{rel}","templated":true}]}}