{"id":2693,"date":"2018-08-29T16:22:58","date_gmt":"2018-08-29T19:22:58","guid":{"rendered":"https:\/\/cmfalla-caba.infd.edu.ar\/sitio\/catalogos-disponibles\/"},"modified":"2026-03-10T11:02:01","modified_gmt":"2026-03-10T14:02:01","slug":"catalogos-disponibles","status":"publish","type":"page","link":"https:\/\/cmfalla-caba.infd.edu.ar\/sitio\/catalogos-disponibles\/","title":{"rendered":"Biblioteca"},"content":{"rendered":"<div class=\"Contenido-Item-Descripcion tiny_personalizado\">\n<p>El equipo de Biblioteca pone a su disposici\u00f3n los Cat\u00e1logos digitalizados de Libros y Partituras.<\/p>\n<p style=\"text-align: center;\"><em><strong>DESCARGAR CAT\u00c1LOGOS <\/strong><\/em><\/p>\n<p style=\"text-align: center;\"><em><strong>PRIMER CAT\u00c1LOGO<\/strong><\/em><a href=\"https:\/\/cmfalla-caba.infd.edu.ar\/aula\/archivos\/repositorio\/\/500\/653\/PRIMER_CATALOGO_BIBLIO.pdf\" target=\"_blank\" rel=\"noopener\"><img decoding=\"async\" title=\"Icono pdf\" src=\"https:\/\/cmfalla-caba.infd.edu.ar\/sitio\/wp-content\/uploads\/2018\/08\/icono_pdf.gif\" alt=\"Icono pdf\" border=\"0\" \/><\/a><\/p>\n<p style=\"text-align: center;\"><em><strong>SEGUNDO CAT\u00c1LOGO<\/strong><\/em> <a href=\"https:\/\/cmfalla-caba.infd.edu.ar\/aula\/archivos\/repositorio\/\/500\/654\/SEGUNDO_CATALOGO_BIBLIO.pdf\" target=\"_blank\" rel=\"noopener\"><img decoding=\"async\" title=\"Icono pdf\" src=\"https:\/\/cmfalla-caba.infd.edu.ar\/sitio\/wp-content\/uploads\/2018\/08\/icono_pdf.gif\" alt=\"Icono pdf\" border=\"0\" \/><\/a><\/p>\n<p>Asimismo les informa que el equipo de biblioteca contin\u00faa en la tarea de digitalizar sus\u00a0 cat\u00e1logos con las obras existentes en esta casa de estudios.<\/p>\n<p>Para solicitar algunas de las obras del presente cat\u00e1logo usted deber\u00e1 pedirlas por el primer n\u00famero de seis (6) d\u00edgitos que se encuentra entre asteriscos. Por ejemplo:<\/p>\n<table style=\"border: 0pt solid #000099;\" border=\"0\" width=\"523\" frame=\"above\" align=\"center\">\n<tbody>\n<tr>\n<td class=\"Resaltado1\" style=\"border: 1px solid #000099;\" align=\"center\" valign=\"middle\"><span style=\"font-size: 10pt;\">&#8211; PARTITURA*<strong>La copla perdida<\/strong>: vidala chayera\u00a0\u00a0\u00a0\u00a0\u00a0 (M\u00fasica impresa)*\u00a0 *<span style=\"color: #000000;\"><strong><span style=\"background-color: #ffff00;\">005400<\/span><\/strong><\/span>*2*1967*Pigal*<em>Navarro, Ram\u00f3n<\/em>*005836; 005958<\/span><\/td>\n<\/tr>\n<\/tbody>\n<\/table>\n<p>Los requisitos para retirar material de Biblioteca son:<\/p>\n<p>-Presentar DNI o Libreta de Alumno.<br \/>-Devolver el material solicitado en el transcurso del d\u00eda.<br \/>-El material prestado no puede ser retirado de las instalaciones del CSMMF (sede central)<\/p>\n<p>Por \u00faltimo el CSMMF le comunica que todo el material disponible es solo para fines did\u00e1cticos y pedag\u00f3gicos, y no se hace responsable por las reproducciones en las que pudieran incurrir alumnos y\/o profesores de la casa.<\/p>\n<\/div>\n<p>Los horarios de atenci\u00f3n son <strong>lunes, mi\u00e9rcoles<\/strong> y <strong>viernes<\/strong> de <strong>11.30<\/strong> a <strong>17<\/strong> hs, en la Sede Central, Gallo 238.<\/p>\n<div class=\"Contenido-Item-Descripcion tiny_personalizado\">\n<p>Saludos cordiales y que disfruten nuestro material.<\/p>\n<p style=\"text-align: right;\">Equipo de Biblioteca<\/p>\n<\/div>\n\n\n<iframe loading=\"lazy\" class=\"airtable-embed\" src=\"https:\/\/airtable.com\/embed\/app5D27u2iFJxABwG\/shrQPMwRiXsTnwdCr?viewControls=on\" frameborder=\"0\" onmousewheel=\"\" width=\"100%\" height=\"533\" style=\"background: transparent; border: 1px solid #ccc;\"><\/iframe>\n","protected":false},"excerpt":{"rendered":"<p>El equipo de Biblioteca pone a su disposici\u00f3n los Cat\u00e1logos digitalizados de Libros y Partituras. DESCARGAR CAT\u00c1LOGOS PRIMER CAT\u00c1LOGO SEGUNDO CAT\u00c1LOGO Asimismo les informa que el equipo de biblioteca contin\u00faa en la tarea de digitalizar sus\u00a0 cat\u00e1logos con las obras existentes en esta casa de estudios. Para solicitar algunas de las obras del presente cat\u00e1logo &#8230; <a title=\"Biblioteca\" class=\"read-more\" href=\"https:\/\/cmfalla-caba.infd.edu.ar\/sitio\/catalogos-disponibles\/\" aria-label=\"More on Biblioteca\">[+]<\/a><\/p>\n","protected":false},"author":3745,"featured_media":0,"parent":0,"menu_order":0,"comment_status":"closed","ping_status":"closed","template":"","meta":[],"acf":[],"_links":{"self":[{"href":"https:\/\/cmfalla-caba.infd.edu.ar\/sitio\/wp-json\/wp\/v2\/pages\/2693"}],"collection":[{"href":"https:\/\/cmfalla-caba.infd.edu.ar\/sitio\/wp-json\/wp\/v2\/pages"}],"about":[{"href":"https:\/\/cmfalla-caba.infd.edu.ar\/sitio\/wp-json\/wp\/v2\/types\/page"}],"author":[{"embeddable":true,"href":"https:\/\/cmfalla-caba.infd.edu.ar\/sitio\/wp-json\/wp\/v2\/users\/3745"}],"replies":[{"embeddable":true,"href":"https:\/\/cmfalla-caba.infd.edu.ar\/sitio\/wp-json\/wp\/v2\/comments?post=2693"}],"version-history":[{"count":3,"href":"https:\/\/cmfalla-caba.infd.edu.ar\/sitio\/wp-json\/wp\/v2\/pages\/2693\/revisions"}],"predecessor-version":[{"id":11562,"href":"https:\/\/cmfalla-caba.infd.edu.ar\/sitio\/wp-json\/wp\/v2\/pages\/2693\/revisions\/11562"}],"wp:attachment":[{"href":"https:\/\/cmfalla-caba.infd.edu.ar\/sitio\/wp-json\/wp\/v2\/media?parent=2693"}],"curies":[{"name":"wp","href":"https:\/\/api.w.org\/{rel}","templated":true}]}}