{"id":2697,"date":"2018-08-29T16:23:00","date_gmt":"2018-08-29T19:23:00","guid":{"rendered":"https:\/\/cmfalla-caba.infd.edu.ar\/sitio\/ciclo-basico-tap-pagina-mejorada\/"},"modified":"2025-10-15T17:44:07","modified_gmt":"2025-10-15T20:44:07","slug":"ciclo-basico-tap-pagina-mejorada","status":"publish","type":"page","link":"https:\/\/cmfalla-caba.infd.edu.ar\/sitio\/ciclo-basico-tap-pagina-mejorada\/","title":{"rendered":"Ciclo B\u00e1sico -Trayecto Art\u00edstico Profesional (TAP)"},"content":{"rendered":"<p><style> body {font-family: 'nunito', sans-serif;}<br \/>\n<\/style>\n<\/p>\n\n\n<p><style type=\"text\/css\"><span data-mce-type=\"bookmark\" style=\"display: inline-block; width: 0px; overflow: hidden; line-height: 0;\" class=\"mce_SELRES_start\">\ufeff<\/span><span data-mce-type=\"bookmark\" style=\"display: inline-block; width: 0px; overflow: hidden; line-height: 0;\" class=\"mce_SELRES_start\">\ufeff<\/span><br \/><!-- .style3 { font-size: 8px; color: #003466; font-weight: bold; } --><br \/><\/style><\/p>\n\n\n\n<style>\n@import url('https:\/\/fonts.googleapis.com\/css2?family=Nunito:wght@400;700&display=swap');\n\n.mi-tipografia {\n    font-family: 'Nunito', sans-serif;\n}\n<\/style>\n\n\n\n<p class=\"has-text-align-center has-base-background-color has-background has-medium-font-size\"><strong>Materias del TAP<\/strong> &#8211; Instrumentos cl\u00e1sicos<\/p>\n\n\n\n<figure class=\"wp-block-image size-large\"><img decoding=\"async\" loading=\"lazy\" width=\"1900\" height=\"990\" src=\"https:\/\/cmfalla-caba.infd.edu.ar\/sitio\/wp-content\/uploads\/2024\/09\/TAP-Instrumento-1900x990.jpg\" alt=\"\" class=\"wp-image-9258\" srcset=\"https:\/\/cmfalla-caba.infd.edu.ar\/sitio\/wp-content\/uploads\/2024\/09\/TAP-Instrumento-1900x990.jpg 1900w, https:\/\/cmfalla-caba.infd.edu.ar\/sitio\/wp-content\/uploads\/2024\/09\/TAP-Instrumento-1000x521.jpg 1000w, https:\/\/cmfalla-caba.infd.edu.ar\/sitio\/wp-content\/uploads\/2024\/09\/TAP-Instrumento-768x400.jpg 768w, https:\/\/cmfalla-caba.infd.edu.ar\/sitio\/wp-content\/uploads\/2024\/09\/TAP-Instrumento-1536x800.jpg 1536w, https:\/\/cmfalla-caba.infd.edu.ar\/sitio\/wp-content\/uploads\/2024\/09\/TAP-Instrumento-2048x1067.jpg 2048w\" sizes=\"(max-width: 1900px) 100vw, 1900px\" \/><\/figure>\n\n\n\n<p><\/p>\n\n\n\n<p class=\"has-text-align-center has-contrast-color has-base-background-color has-text-color has-background has-medium-font-size\"><strong>Materias del TAP<\/strong> &#8211; <strong>Canto<\/strong> (a partir de los 17 a\u00f1os)<\/p>\n\n\n\n<figure class=\"wp-block-image size-large\"><img decoding=\"async\" loading=\"lazy\" width=\"1900\" height=\"1062\" src=\"https:\/\/cmfalla-caba.infd.edu.ar\/sitio\/wp-content\/uploads\/2024\/09\/tap-CANTO-1900x1062.jpg\" alt=\"\" class=\"wp-image-9260\" srcset=\"https:\/\/cmfalla-caba.infd.edu.ar\/sitio\/wp-content\/uploads\/2024\/09\/tap-CANTO-1900x1062.jpg 1900w, https:\/\/cmfalla-caba.infd.edu.ar\/sitio\/wp-content\/uploads\/2024\/09\/tap-CANTO-1000x559.jpg 1000w, https:\/\/cmfalla-caba.infd.edu.ar\/sitio\/wp-content\/uploads\/2024\/09\/tap-CANTO-768x429.jpg 768w, https:\/\/cmfalla-caba.infd.edu.ar\/sitio\/wp-content\/uploads\/2024\/09\/tap-CANTO-1536x858.jpg 1536w, https:\/\/cmfalla-caba.infd.edu.ar\/sitio\/wp-content\/uploads\/2024\/09\/tap-CANTO-2048x1144.jpg 2048w\" sizes=\"(max-width: 1900px) 100vw, 1900px\" \/><\/figure>\n\n\n\n<p><strong>Programas de Elementos t\u00e9cnicos<\/strong><\/p>\n\n\n\n<div class=\"wp-block-buttons is-layout-flex\">\n<div class=\"wp-block-button\"><a class=\"wp-block-button__link has-accent-background-color has-background wp-element-button\" href=\"https:\/\/cmfalla-caba.infd.edu.ar\/sitio\/wp-content\/uploads\/2024\/09\/Programa-de-asignatura-CSMMF-AUDIOPERCEPTIVA-1.pdf\">Audioperceptiva 1<\/a><\/div>\n\n\n\n<div class=\"wp-block-button\"><a class=\"wp-block-button__link has-accent-background-color has-background wp-element-button\" href=\"https:\/\/cmfalla-caba.infd.edu.ar\/sitio\/wp-content\/uploads\/2024\/09\/Programa-de-asignatura-CSMMF-AUDIOPERCEPTIVA-2-1.pdf\">Audioperceptiva 2 <\/a><\/div>\n\n\n\n<div class=\"wp-block-button\"><a class=\"wp-block-button__link has-accent-background-color has-background wp-element-button\" href=\"https:\/\/cmfalla-caba.infd.edu.ar\/sitio\/wp-content\/uploads\/2024\/09\/Programa-de-asignatura-CSMMF-FORMACION-MUSICAL-1.pdf\">Formaci\u00f3n Musical 1<\/a><\/div>\n\n\n\n<div class=\"wp-block-button\"><a class=\"wp-block-button__link has-accent-background-color has-background wp-element-button\" href=\"https:\/\/cmfalla-caba.infd.edu.ar\/sitio\/wp-content\/uploads\/2024\/09\/Programa-de-asignatura-CSMMF-FORMACION-MUSICAL-2-2.pdf\">Formaci\u00f3n Musical 2<\/a><\/div>\n<\/div>\n\n\n\n<p><strong>\u21d2<\/strong><strong>SEDE CENTRAL:&nbsp;<\/strong><a href=\"https:\/\/www.google.com\/maps\/place\/Gallo+238,+C1172+ABF,+Buenos+Aires\/@-34.605676,-58.4136582,17z\/data=!3m1!4b1!4m6!3m5!1s0x95bcca8b3ceb55d7:0xbd9b7323762a2cd2!8m2!3d-34.605676!4d-58.4136582!16s%2Fg%2F11csl77r5h?entry=ttu\">Gallo 238 piso 2<\/a><\/p>\n\n\n\n<p><strong>Arpa \u2013 Clarinete \u2013 Canto \u2013 Fagot \u2013 Flauta dulce \u2013 Flauta traversa \u2013 Percusi\u00f3n \u2013 Saxof\u00f3n \u2013 Tromb\u00f3n \u2013 Trompeta \u2013 Trompa- Volin -Violoncello \u2013 Piano \u2013 Guitarra \u2013 \u00d3rgano<\/strong><\/p>\n\n\n\n<p>\u21d2&nbsp;<strong>ANEXO 1:&nbsp;<\/strong><a href=\"https:\/\/www.google.com\/maps\/place\/Del+Barco+Centenera+747,+C1424+AMO,+Buenos+Aires\/@-34.6280084,-58.4451223,17z\/data=!3m1!4b1!4m6!3m5!1s0x95bcca49dff847b1:0xd101609724c8c4c6!8m2!3d-34.6280129!4d-58.4402514!16s%2Fg%2F11c24xrmb1?entry=ttu\">Centenera 747<\/a>, Barrio de Caballito<\/p>\n\n\n\n<p><strong>Guitarra \u2013 Piano \u2013 Viol\u00edn \u2013 Violoncello \u2013 Canto \u2013 Flauta traversa \u2013 Clarinete \u2013 Saxof\u00f3n<\/strong><\/p>\n\n\n\n<p>\u21d2&nbsp;<strong>SEDE SALGUERO (ANEXO 2):<\/strong>&nbsp;<a href=\"https:\/\/www.google.com\/maps\/place\/Jer%C3%B3nimo+Salguero+2455,+C1425DEI+CABA\/@-34.5830496,-58.4125969,17z\/data=!3m1!4b1!4m6!3m5!1s0x95bcb57c4baacf1d:0xc16a88b3801a4871!8m2!3d-34.583054!4d-58.410022!16s%2Fg%2F11dzp20rcd?entry=ttu\">Salguero 2455<\/a>, Barrio de Palermo<\/p>\n\n\n\n<p><strong>Canto \u2013 Guitarra \u2013 Piano \u2013 Fagot \u2013 Oboe \u2013 Bandone\u00f3n \u2013 Saxo \u2013 Trompeta \u2013 Tromb\u00f3n \u2013 Trompa \u2013 Clarinete \u2013 Flauta dulce \u2013 Flauta traversa \u2013 Viol\u00edn \u2013 Violoncello \u2013 Contrabajo<\/strong><\/p>\n\n\n\n<p>\u21d2&nbsp;<strong>ANEXO&nbsp;3:&nbsp;<\/strong><a href=\"https:\/\/www.google.com\/maps\/place\/Humberto+1%C2%BA+3171,+C1231ACK+CABA\/@-34.6235474,-58.4127328,17z\/data=!3m1!4b1!4m6!3m5!1s0x95bccafdb64dd783:0x81e4a4a356f43260!8m2!3d-34.6235518!4d-58.4101579!16s%2Fg%2F11b8v83lgk?entry=ttu\">Humberto I\u00ba 3171<\/a>&nbsp;en el Barrio de Balvanera<\/p>\n\n\n\n<p><strong>Piano \u2013 Canto \u2013 Guitarra \u2013 Viol\u00edn \u2013 Viola \u2013 Violoncelo \u2013 Flauta Dulce \u2013 Flauta Traversa \u2013 Trompeta<\/strong><\/p>\n\n\n\n<p>\u21d2&nbsp;<strong>ANEXO 4:<\/strong>&nbsp;<a href=\"https:\/\/www.google.com\/maps\/place\/Camargo+725,+C1414+Villa+Crespo,+Buenos+Aires\/@-34.5985359,-58.4443903,17z\/data=!3m1!4b1!4m6!3m5!1s0x95bcca0b6ace5975:0xaf5dbc2f07cefcf7!8m2!3d-34.5985403!4d-58.4418154!16s%2Fg%2F11b8yx2_q_?entry=ttu\">Camargo 725<\/a>&nbsp;en el Barrio de Villa Crespo<\/p>\n\n\n\n<p><strong>Canto \u2013 Guitarra \u2013 Piano \u2013 Saxof\u00f3n \u2013 Trompeta \u2013 Viola \u2013 Viol\u00edn \u2013 Violoncello<\/strong><\/p>\n\n\n\n<p><strong>\u21d2<\/strong><strong>SEDE SUIPACHA:&nbsp;<\/strong><a href=\"https:\/\/www.google.com\/maps\/place\/Suipacha+443,+C1008+CABA\/@-34.6030982,-58.3820277,17z\/data=!3m1!4b1!4m6!3m5!1s0x95bccacee9e03829:0xe1c98222a8bd67c3!8m2!3d-34.6031026!4d-58.3794528!16s%2Fg%2F11bw44gzd4?entry=ttu\">Suipacha 443<\/a>, en el Barrio de Monserrat<\/p>\n\n\n\n<p><strong>Guitarra \u2013 Piano \u2013 Viol\u00edn \u2013 Viola \u2013  Flauta Dulce &#8211; Violoncello \u2013 Contrabajo \u2013 Canto \u2013 Bandone\u00f3n \u2013 Flauta dulce &#8211; Flauta Traversa \u2013 Clarinete \u2013 Oboe \u2013 Saxof\u00f3n \u2013 Trompa &#8211; Tuba.<\/strong><\/p>\n\n\n\n<p><a href=\"https:\/\/www.youtube.com\/channel\/UCKaNoBtJhladU2lm1NaCLnA\"><br>Puede visualizar videos, sobre algunos instrumentos, ingresando al canal de Youtube del CSMMF.<\/a><\/p>\n","protected":false},"excerpt":{"rendered":"<p>Materias del TAP &#8211; Instrumentos cl\u00e1sicos Materias del TAP &#8211; Canto (a partir de los 17 a\u00f1os) Programas de Elementos t\u00e9cnicos \u21d2SEDE CENTRAL:&nbsp;Gallo 238 piso 2 Arpa \u2013 Clarinete \u2013 Canto \u2013 Fagot \u2013 Flauta dulce \u2013 Flauta traversa \u2013 Percusi\u00f3n \u2013 Saxof\u00f3n \u2013 Tromb\u00f3n \u2013 Trompeta \u2013 Trompa- Volin -Violoncello \u2013 Piano \u2013 Guitarra &#8230; <a title=\"Ciclo B\u00e1sico -Trayecto Art\u00edstico Profesional (TAP)\" class=\"read-more\" href=\"https:\/\/cmfalla-caba.infd.edu.ar\/sitio\/ciclo-basico-tap-pagina-mejorada\/\" aria-label=\"More on Ciclo B\u00e1sico -Trayecto Art\u00edstico Profesional (TAP)\">[+]<\/a><\/p>\n","protected":false},"author":3745,"featured_media":0,"parent":0,"menu_order":0,"comment_status":"closed","ping_status":"closed","template":"","meta":[],"acf":[],"_links":{"self":[{"href":"https:\/\/cmfalla-caba.infd.edu.ar\/sitio\/wp-json\/wp\/v2\/pages\/2697"}],"collection":[{"href":"https:\/\/cmfalla-caba.infd.edu.ar\/sitio\/wp-json\/wp\/v2\/pages"}],"about":[{"href":"https:\/\/cmfalla-caba.infd.edu.ar\/sitio\/wp-json\/wp\/v2\/types\/page"}],"author":[{"embeddable":true,"href":"https:\/\/cmfalla-caba.infd.edu.ar\/sitio\/wp-json\/wp\/v2\/users\/3745"}],"replies":[{"embeddable":true,"href":"https:\/\/cmfalla-caba.infd.edu.ar\/sitio\/wp-json\/wp\/v2\/comments?post=2697"}],"version-history":[{"count":137,"href":"https:\/\/cmfalla-caba.infd.edu.ar\/sitio\/wp-json\/wp\/v2\/pages\/2697\/revisions"}],"predecessor-version":[{"id":11080,"href":"https:\/\/cmfalla-caba.infd.edu.ar\/sitio\/wp-json\/wp\/v2\/pages\/2697\/revisions\/11080"}],"wp:attachment":[{"href":"https:\/\/cmfalla-caba.infd.edu.ar\/sitio\/wp-json\/wp\/v2\/media?parent=2697"}],"curies":[{"name":"wp","href":"https:\/\/api.w.org\/{rel}","templated":true}]}}