{"id":2714,"date":"2018-08-29T16:23:09","date_gmt":"2018-08-29T19:23:09","guid":{"rendered":"https:\/\/cmfalla-caba.infd.edu.ar\/sitio\/prof-sup-y-tec-sup-en-organo-composicion-direccion-coral-y-direccion-orquestal-3\/"},"modified":"2022-10-19T10:46:33","modified_gmt":"2022-10-19T13:46:33","slug":"prof-sup-y-tec-sup-en-organo-composicion-direccion-coral-y-direccion-orquestal-3","status":"publish","type":"page","link":"https:\/\/cmfalla-caba.infd.edu.ar\/sitio\/prof-sup-y-tec-sup-en-organo-composicion-direccion-coral-y-direccion-orquestal-3\/","title":{"rendered":"Profesorado Superior y Tecnico Superior en \u00d3rgano, Composici\u00f3n, Direcci\u00f3n Coral, Direcci\u00f3n Orquestal, Instrumentos Cl\u00e1sicos y Canto."},"content":{"rendered":"\n<h3 class=\"wp-block-heading\"><strong><u><strong><u>Para los aspirantes con t\u00edtulo de Foba&nbsp;completo o equivalente<\/u><\/strong>.<\/u><\/strong><\/h3>\n\n\n\n<p><strong>Nivel 1\u00b0 SUPERIOR<\/strong> \u2013 PROFESORADOS Y TECNICATURAS&nbsp; &nbsp;                                                                 <\/p>\n\n\n\n<p>             <strong>    Pre-Inscripci\u00f3n    del 16 al    30 de Octubre  en el siguiente link<\/strong> <strong>:<\/strong>                         <a href=\"https:\/\/dgeart.com\/formadmisionsup.php\"> <\/a>                                                            <\/p>\n\n\n\n<p class=\"has-text-align-center\">                                                                                                                      <strong><a href=\"https:\/\/dgeart.com\/formadmisionsup.php\">https:\/\/dgeart.com\/formadmisionsup.php<\/a><\/strong><\/p>\n\n\n\n<p><\/p>\n\n\n<p style=\"text-align: justify;\">Las competencias espec\u00edficas para el ingreso a <em><span style=\"font-size: 12pt;\"><strong>\u00d3rgano, Composici\u00f3n, Direcci\u00f3n Coral y Direcci\u00f3n Orquestal<\/strong><\/span><\/em> se realizar\u00e1n:<\/p>\n<table border=\"0\" align=\"center\">\n<tbody>\n<tr align=\"center\" valign=\"middle\">\n<td align=\"center\" valign=\"middle\"><strong>CARRERAS<\/strong><\/td>\n<td align=\"center\" valign=\"middle\"><strong>INFORMACI\u00d3N<\/strong><\/td>\n<td align=\"center\" valign=\"middle\">\n<h6>PRE-INSCRIPCIONES<\/h6>\n<\/td>\n<td align=\"center\" valign=\"middle\"><strong>FECHAS DE COMPETENCIAS Y COLOQUIOS<\/strong><\/td>\n<\/tr>\n<tr align=\"left\" valign=\"top\">\n<td align=\"center\" valign=\"middle\">\n<table>\n<tbody>\n<tr>\n<td><strong>Instrumentos Cl\u00e1sicos&nbsp;<\/strong><p><\/p>\n<p><strong>Canto<\/strong><\/p>\n<p><strong>&nbsp;<\/strong><\/p>\n<\/td>\n<\/tr>\n<\/tbody>\n<\/table>\n<\/td>\n<td align=\"center\" valign=\"middle\">\n<table width=\"248\">\n<tbody>\n<tr>\n<td width=\"233\">Departamento de Instrumentos de Orquesta:<p><\/p>\n<p><a href=\"mailto:dto.intr.orq.csmmf@gmail.com\">dto.intr.orq.csmmf@gmail.com<\/a><\/p>\n<p>Departamento de Guitarra:<\/p>\n<p><a href=\"mailto:guitarracoordinacionguitarracsmmf@gmail.com\">guitarracoordinacionguitarracsmmf@gmail.com<\/a><\/p>\n<p>Departamento de Teclados:<\/p>\n<p><a href=\"mailto:departamentodeteclados@gmail.com\">departamentodeteclados@gmail.com<\/a><\/p>\n<p>Departamento de Canto:<\/p>\n<p><a href=\"mailto:coordinacioncanto@gmail.com\">coordinacioncanto@gmail.com<\/a><\/p>\n<\/td>\n<\/tr>\n<\/tbody>\n<\/table>\n<\/td>\n<td align=\"center\" valign=\"middle\"><strong><em>del 16 al 30 de Octubre de 2022<\/em><\/strong><\/td>\n<td align=\"center\" valign=\"middle\">\n<table width=\"248\">\n<tbody>\n<tr>\n<td><strong>Ente el 1 y el 7 de Diciembre de 2022<\/strong><p><\/p>\n<p><strong>&nbsp;<\/strong><\/p>\n<\/td>\n<\/tr>\n<\/tbody>\n<\/table>\n<\/td>\n<\/tr>\n<tr align=\"center\" valign=\"middle\">\n<td align=\"left\" valign=\"middle\"><strong><a title=\"VIDEO COMPOSICI\u00d3N\" href=\"https:\/\/www.youtube.com\/watch?v=sLkQ7unM1Kw\" target=\"_blank\" rel=\"noopener\">Composici\u00f3n<\/a><\/strong><p><\/p>\n<p><strong><a title=\"VIDEO DIR. CORAL\" href=\"https:\/\/www.youtube.com\/watch?v=f0tFQcFajao\" target=\"_blank\" rel=\"noopener\">Direcci\u00f3n Coral<\/a><\/strong><\/p>\n<p><strong><a title=\"Video Dir. Orquesta\" href=\"https:\/\/www.youtube.com\/watch?v=QW1ec7JXTAM\" target=\"_blank\" rel=\"noopener\">Direcci\u00f3n&nbsp;de Orquesta<\/a><\/strong><\/p>\n<p><strong><a title=\"video de \u00d2rgano\" href=\"https:\/\/www.youtube.com\/watch?v=ObgIdKjdgSU\" target=\"_blank\" rel=\"noopener\">\u00d3rgano<\/a><\/strong><\/p>\n<\/td>\n<td align=\"center\" valign=\"middle\">\n<div align=\"center\">\n<table>\n<tbody>\n<tr>\n<td><strong>Departamento de composici\u00f3n:<\/strong><p><\/p>\n<p><strong><a class=\"in-cell-link\" href=\"mailto:manueldefalladtocomposicion@gmail.com\" target=\"_blank\" rel=\"noopener\">manueldefalladtocomposicion@gmail.com<\/a>&nbsp;<\/strong><\/p>\n<p><b>Departamento<\/b><strong>&nbsp;Direcci\u00f3n Coral, y Orquestal:<\/strong><\/p>\n<p><strong><a href=\"mailto:departamentodireccioncsmmf@gmail.com\">departamentodireccioncsmmf@gmail.com<\/a>&nbsp;<\/strong><\/p>\n<p><strong>Departamento de Teclados:&nbsp;<\/strong><\/p>\n<p><strong><a href=\"mailto:departamentodeteclados@gmail.com\">departamentodeteclados@gmail.com<\/a><\/strong><\/p>\n<\/td>\n<\/tr>\n<\/tbody>\n<\/table>\n<\/div>\n<\/td>\n<td align=\"center\" valign=\"middle\"><strong><em>del 16 al 30 de Octubre de 2022<\/em><\/strong><\/td>\n<td align=\"center\" valign=\"middle\">\n<table width=\"154\">\n<tbody>\n<tr>\n<td><strong>Ente el 1 y el 7 de Diciembre de 2022.<\/strong><\/td>\n<\/tr>\n<\/tbody>\n<\/table>\n<\/td>\n<\/tr>\n<tr align=\"center\" valign=\"middle\">\n<td align=\"center\" valign=\"middle\"><strong><a title=\"Mesas Competencias Generales\" href=\"https:\/\/cmfalla-caba.infd.edu.ar\/sitio\/?page_id=5509&amp;preview=true\" target=\"_blank\" rel=\"noopener\">Tecnicatura Superior&nbsp;en M\u00fasica Antigua<\/a><\/strong><\/td>\n<td align=\"center\" valign=\"middle\">\n<div align=\"center\">\n<p><a href=\"mailto:defalla_tema@yahoo.com.ar\"><strong>defalla_tema@yahoo.com.ar<\/strong><\/a><\/p>\n<\/div>\n<\/td>\n<td align=\"center\" valign=\"middle\">\n<p align=\"center\"><strong><em>del 16 al 30 de Octubre de 2022<\/em><\/strong><\/p>\n<\/td>\n<td align=\"center\" valign=\"middle\">\n<div align=\"center\">\n<table>\n<tbody>\n<tr>\n<td><b>A confirmar en&nbsp;<\/b><b>febrero\/marzo 2023<\/b><\/td>\n<\/tr>\n<\/tbody>\n<\/table>\n<\/div>\n<\/td>\n<\/tr>\n<tr>\n<td align=\"center\" valign=\"middle\"><a href=\"https:\/\/cmfalla-caba.infd.edu.ar\/sitio\/?page_id=5511&amp;preview=true\"><strong>Tecnicatura Superior en Jazz<\/strong><\/a><\/td>\n<td align=\"center\" valign=\"middle\">\n<div align=\"center\">\n<p><strong><a href=\"mailto:defallajazz@gmail.com\">defallajazz@gmail.com<\/a><\/strong><\/p>\n<\/div>\n<\/td>\n<td align=\"center\" valign=\"middle\">\n<div align=\"center\"><strong><em>del 16 al 30 de Octubre de 2022<\/em><\/strong><\/div>\n<\/td>\n<td align=\"center\" valign=\"middle\"><b>A confirmar en&nbsp;<\/b><b>febrero\/marzo 2023<\/b><\/td>\n<\/tr>\n<tr align=\"center\" valign=\"middle\">\n<td align=\"left\" valign=\"middle\"><a href=\"https:\/\/cmfalla-caba.infd.edu.ar\/sitio\/?page_id=5504&amp;preview=true\"><strong>Profesorado en M\u00fasica Popular Argentina y Tecnicatura Superior en Folclore y Tango<\/strong><\/a><\/td>\n<td align=\"center\" valign=\"middle\"><strong><a href=\"mailto:coordinaciontyffalla@gmail.com\">coordinaciontyffalla@gmail.com<\/a><\/strong><\/td>\n<td align=\"center\" valign=\"middle\">\n<table width=\"230\">\n<tbody>\n<tr>\n<td><strong><em>del 16 al 30 de Octubre de 2022<\/em><\/strong><\/td>\n<\/tr>\n<\/tbody>\n<\/table>\n<\/td>\n<td align=\"center\" valign=\"middle\"><strong>Formaci\u00f3n Musical 2:<\/strong><p><\/p>\n<p><b>A confirmar en&nbsp;<\/b><b>febrero\/marzo 2023<\/b><\/p>\n<\/td>\n<\/tr>\n<tr>\n<td align=\"left\" valign=\"middle\"><a href=\"https:\/\/cmfalla-caba.infd.edu.ar\/sitio\/?page_id=5494&amp;preview=true\"><strong>Tecnicatura Superior&nbsp;en Etnomusicolog\u00eda y&nbsp;<\/strong><strong>Profesorado en Etnomusicolog\u00eda<\/strong><\/a><\/td>\n<td align=\"center\" valign=\"middle\"><strong><a href=\"mailto:carreraetnomusicologia@gmail.com\">carreraetnomusicologia@gmail.com<\/a>&nbsp;&nbsp;<\/strong><\/td>\n<td align=\"center\" valign=\"middle\">\n<p align=\"center\"><strong><em>del 16 al 30 de Octubre de 2022<\/em><\/strong><\/p>\n<p align=\"center\">\n<\/p><\/td>\n<td align=\"center\" valign=\"middle\"><strong>Formaci\u00f3n Musical 2:<\/strong><p><\/p>\n<p><b>A confirmar en&nbsp;<\/b><b>febrero\/marzo 2023<\/b><\/p>\n<\/td>\n<\/tr>\n<tr>\n<td align=\"center\" valign=\"middle\"><a href=\"https:\/\/cmfalla-caba.infd.edu.ar\/sitio\/produccion-musical-didactica\/\"><strong>Profesorado en Producci\u00f3n Musical Did\u00e1ctica<\/strong><\/a><\/td>\n<td align=\"center\" valign=\"middle\"><strong><a href=\"mailto:produccionmusicaldidactica@gmail.com\">produccionmusicaldidactica@gmail.com<\/a><\/strong><\/td>\n<td align=\"center\" valign=\"middle\"><strong><em>del 16 al 30 de Octubre de 2021<\/em><\/strong><\/td>\n<td align=\"center\" valign=\"middle\"><strong>Formaci\u00f3n Musical 2:<\/strong><p><\/p>\n<p><b>A confirmar en&nbsp;<\/b><b>febrero\/marzo 2023<\/b><\/p>\n<div class=\"style6\" align=\"center\">&nbsp;<\/div>\n<\/td>\n<\/tr>\n<tr>\n<td align=\"center\" valign=\"middle\"><a href=\"https:\/\/cmfalla-caba.infd.edu.ar\/sitio\/?page_id=5498&amp;preview=true\"><strong>Diplomatura Sup. en M\u00fasica Contempor\u00e1nea<\/strong><\/a><\/td>\n<td align=\"center\" valign=\"middle\"><strong><a href=\"mailto:defallacontemporanea@gmail.com\">defallacontemporanea@gmail.com<\/a>&nbsp;<\/strong><\/td>\n<td colspan=\"2\" align=\"center\" valign=\"middle\">\n<p dir=\"ltr\"><strong>&nbsp;<\/strong><\/p>\n<p dir=\"ltr\"><strong><em>del 16 al 30 de Octubre de 2022<\/em><\/strong><\/p>\n<\/td>\n<\/tr>\n<\/tbody>\n<\/table>\n<p style=\"text-align: justify;\">\n<\/p><p style=\"text-align: justify;\">\n<\/p><p style=\"text-align: justify;\">\n<\/p><table style=\"width: 700px;\" border=\"0\" align=\"left\">\n<tbody>\n<tr>\n<td style=\"background-color: #0066cc;\">&nbsp;<\/td>\n<\/tr>\n<\/tbody>\n<\/table>\n\n\n<p><\/p>\n","protected":false},"excerpt":{"rendered":"<p>Para los aspirantes con t\u00edtulo de Foba&nbsp;completo o equivalente. Nivel 1\u00b0 SUPERIOR \u2013 PROFESORADOS Y TECNICATURAS&nbsp; &nbsp; Pre-Inscripci\u00f3n del 16 al 30 de Octubre en el siguiente link : https:\/\/dgeart.com\/formadmisionsup.php Las competencias espec\u00edficas para el ingreso a \u00d3rgano, Composici\u00f3n, Direcci\u00f3n Coral y Direcci\u00f3n Orquestal se realizar\u00e1n: CARRERAS INFORMACI\u00d3N PRE-INSCRIPCIONES FECHAS DE COMPETENCIAS Y COLOQUIOS Instrumentos &#8230; <a title=\"Profesorado Superior y Tecnico Superior en \u00d3rgano, Composici\u00f3n, Direcci\u00f3n Coral, Direcci\u00f3n Orquestal, Instrumentos Cl\u00e1sicos y Canto.\" class=\"read-more\" href=\"https:\/\/cmfalla-caba.infd.edu.ar\/sitio\/prof-sup-y-tec-sup-en-organo-composicion-direccion-coral-y-direccion-orquestal-3\/\" aria-label=\"More on Profesorado Superior y Tecnico Superior en \u00d3rgano, Composici\u00f3n, Direcci\u00f3n Coral, Direcci\u00f3n Orquestal, Instrumentos Cl\u00e1sicos y Canto.\">[+]<\/a><\/p>\n","protected":false},"author":3745,"featured_media":0,"parent":0,"menu_order":0,"comment_status":"closed","ping_status":"closed","template":"","meta":[],"acf":[],"_links":{"self":[{"href":"https:\/\/cmfalla-caba.infd.edu.ar\/sitio\/wp-json\/wp\/v2\/pages\/2714"}],"collection":[{"href":"https:\/\/cmfalla-caba.infd.edu.ar\/sitio\/wp-json\/wp\/v2\/pages"}],"about":[{"href":"https:\/\/cmfalla-caba.infd.edu.ar\/sitio\/wp-json\/wp\/v2\/types\/page"}],"author":[{"embeddable":true,"href":"https:\/\/cmfalla-caba.infd.edu.ar\/sitio\/wp-json\/wp\/v2\/users\/3745"}],"replies":[{"embeddable":true,"href":"https:\/\/cmfalla-caba.infd.edu.ar\/sitio\/wp-json\/wp\/v2\/comments?post=2714"}],"version-history":[{"count":14,"href":"https:\/\/cmfalla-caba.infd.edu.ar\/sitio\/wp-json\/wp\/v2\/pages\/2714\/revisions"}],"predecessor-version":[{"id":6986,"href":"https:\/\/cmfalla-caba.infd.edu.ar\/sitio\/wp-json\/wp\/v2\/pages\/2714\/revisions\/6986"}],"wp:attachment":[{"href":"https:\/\/cmfalla-caba.infd.edu.ar\/sitio\/wp-json\/wp\/v2\/media?parent=2714"}],"curies":[{"name":"wp","href":"https:\/\/api.w.org\/{rel}","templated":true}]}}