{"id":2815,"date":"2018-08-29T16:24:13","date_gmt":"2018-08-29T19:24:13","guid":{"rendered":"https:\/\/cmfalla-caba.infd.edu.ar\/sitio\/planes-curriculares-institucionales-2015\/"},"modified":"2026-02-23T16:11:55","modified_gmt":"2026-02-23T19:11:55","slug":"planes-curriculares-institucionales-2015","status":"publish","type":"page","link":"https:\/\/cmfalla-caba.infd.edu.ar\/sitio\/planes-curriculares-institucionales-2015\/","title":{"rendered":"Planes de Estudio de Formaci\u00f3n Docente"},"content":{"rendered":"\n<div class=\"wp-block-columns is-layout-flex wp-container-5\">\n<div class=\"wp-block-column is-layout-flow\">\n<p class=\"has-text-align-center\" style=\"font-size:25px\"><strong>PROFESORADOS (4 A\u00d1OS)<\/strong><\/p>\n\n\n\n<div class=\"wp-block-columns is-layout-flex wp-container-2\">\n<div class=\"wp-block-column is-layout-flow\">\n<figure class=\"wp-block-table is-style-regular\" style=\"font-size:12px\"><table class=\"has-contrast-color has-text-color has-background\" style=\"background-color:#d4f0fe\"><tbody><tr><td> <strong style=\"font-size: revert; text-align: center; font-family: inherit; background-color: initial; color: var(--contrast);\">RESOLUCIONES<\/strong> <\/td><td class=\"has-text-align-left\" data-align=\"left\">                                   <strong>PCI<\/strong><\/td><td> <strong style=\"font-size: revert; text-align: center; font-family: inherit; background-color: initial; color: var(--contrast);\">ANUALIZACIONES<\/strong> <\/td><\/tr><tr><td> <p style=\"text-align: center;\"><a href=\"https:\/\/cmfalla-caba.infd.edu.ar\/sitio\/wp-content\/uploads\/2026\/02\/RS-2015-535-SSGECP-4-anos-Instrumento-y-PMD.pdf\"><strong>RESOL-2015-535-SSGECP<\/strong><\/a><\/p> <\/td><td class=\"has-text-align-left\" data-align=\"left\"> <ul><li><a href=\"upload\/1._PCI_PROFESORADO_de_MUSICA_ARPA__CSMMF_2015.pdf\">Profesorado de M\u00fasica &#8211; Arpa<\/a> <\/li><li><a href=\"upload\/2._PCI_PROFESORADO_de_MUSICA_BANDONEON__CSMMF_2015.pdf\">Profesorado de M\u00fasica &#8211; Bandone\u00f3n<\/a> <\/li><li><a href=\"upload\/3._PCI_PROFESORADO_de_MUSICA_CLARINETE__CSMMF_2015.pdf\">Profesorado de M\u00fasica &#8211; Clarinete<\/a> <\/li><li><a href=\"upload\/4._PCI_PROFESORADO_de_MUSICA_CONTRABAJO_CSMMF_2015.pdf\">Profesorado de M\u00fasica &#8211; Contrabajo<\/a> <\/li><li><a href=\"upload\/5._PCI_PROFESORADO_de_MUSICA_FAGOT_CSMMF_2015.pdf\">Profesorado de M\u00fasica &#8211; Fagot<\/a> <\/li><li><a href=\"upload\/6._PCI_PROFESORADO_de_MUSICA_FLAUTA_DULCE__CSMMF_2015.pdf\">Profesorado de M\u00fasica &#8211; Flauta Dulce<\/a> <\/li><li><a href=\"upload\/11._PCI_PROFESORADO_de_MUSICA_PIANO__CSMMF_2015.pdf\">Profesorado de M\u00fasica &#8211; Piano<\/a> <\/li><li><a href=\"upload\/10._PCI_PROFESORADO_de_MUSICA_PERCUSION__CSMMF_2015.pdf\">Profesorado de M\u00fasica &#8211; Percusi\u00f3n<\/a> <\/li><li><a href=\"upload\/9._PCI_PROFESORADO_de_MUSICA_OBOE__CSMMF_2015.pdf\">Profesorado de M\u00fasica &#8211; Oboe<\/a> <\/li><li><a href=\"upload\/8._PCI_PROFESORADO_de_MUSICA_GUITARRA_CSMMF_2015_1.pdf\">Profesorado de M\u00fasica &#8211; Guitarra<\/a> <\/li><li><a href=\"upload\/7._PCI_PROFESORADO_de_MUSICA_FLAUTA_TRAVESERA_CSMMF_2015.pdf\">Profesorado de M\u00fasica &#8211; Flauta Travesera<\/a> <\/li><li><a href=\"upload\/13._PCI_PROFESORADO_de_MUSICA_TROMBON__CSMMF_2015.pdf\">Profesorado de M\u00fasica &#8211; Tromb\u00f3n<\/a> <\/li><li><a href=\"upload\/12._PCI_PROFESORADO_de_MUSICA_SAXOFON__CSMMF_2015.pdf\">Profesorado de M\u00fasica &#8211; Saxof\u00f3n<\/a> <\/li><li><a href=\"upload\/15._PCI_PROFESORADO_de_MUSICA_TROMPETA__CSMMF_2015.pdf\">Profesorado de M\u00fasica &#8211; Trompeta<\/a> <\/li><li><a href=\"upload\/14._PCI_PROFESORADO_de_MUSICA_TROMPA__CSMMF_2015_1.pdf\">Profesorado de M\u00fasica &#8211; Trompa<\/a> <\/li><li><a href=\"upload\/17._PCI_PROFESORADO_de_MUSICA_VIOLA__CSMMF_2015.pdf\">Profesorado de M\u00fasica &#8211; Viola<\/a> <\/li><li><a href=\"upload\/16._PCI_PROFESORADO_de_MUSICA_TUBA__CSMMF_2015.pdf\">Profesorado de M\u00fasica &#8211; Tuba<\/a> <\/li><li><a href=\"upload\/20._PCI_PROFESORADO_de_MUSICA_PROD_MUSICAL_DIDACTICA_CSMMF_2015_1.pdf\">Profesorado de M\u00fasica &#8211; Producci\u00f3n Musical Did\u00e1ctica<\/a> <\/li><li><a href=\"upload\/19._PCI_PROFESORADO_de_MUSICA_VIOLONCHELO__CSMMF_2015.pdf\">Profesorado de M\u00fasica &#8211; Violonchelo<\/a> <\/li><li><a href=\"upload\/18._PCI_PROFESORADO_de_MUSICA_VIOLIN__CSMMF_2015.pdf\">Profesorado de M\u00fasica &#8211; Viol\u00edn<\/a><span style=\"font-family: inherit; font-size: inherit; font-weight: inherit; color: var(--contrast);\"> <\/span><\/li><\/ul><\/td><td> <p><a href=\"https:\/\/cmfalla-caba.infd.edu.ar\/sitio\/wp-content\/uploads\/2024\/10\/Anualizacion-Prof-INSTRUMENTOdeORQ-4-2024.pdf\" data-type=\"URL\" data-id=\"https:\/\/cmfalla-caba.infd.edu.ar\/sitio\/wp-content\/uploads\/2024\/10\/Anualizacion-Prof-INSTRUMENTOdeORQ-4-2024.pdf\">Instrumentos de la Orquesta<\/a><\/p> <p><a href=\"https:\/\/cmfalla-caba.infd.edu.ar\/sitio\/wp-content\/uploads\/2024\/10\/Anualizacion-Prof-INSTRUMENTO-4-2024-1.pdf\" data-type=\"URL\" data-id=\"https:\/\/cmfalla-caba.infd.edu.ar\/sitio\/wp-content\/uploads\/2024\/10\/Anualizacion-Prof-INSTRUMENTO-4-2024-1.pdf\">Guitarra<\/a><\/p> <p><a href=\"https:\/\/cmfalla-caba.infd.edu.ar\/sitio\/wp-content\/uploads\/2024\/10\/Anualizacion-Prof-INSTRUMENTO-4-2024-1.pdf\" data-type=\"URL\" data-id=\"https:\/\/cmfalla-caba.infd.edu.ar\/sitio\/wp-content\/uploads\/2024\/10\/Anualizacion-Prof-INSTRUMENTO-4-2024-1.pdf\">Piano<\/a><\/p> <p><a href=\"https:\/\/cmfalla-caba.infd.edu.ar\/sitio\/wp-content\/uploads\/2024\/10\/Anualizacion-Prof-INSTRUMENTO-4-2024-1.pdf\" data-type=\"URL\" data-id=\"https:\/\/cmfalla-caba.infd.edu.ar\/sitio\/wp-content\/uploads\/2024\/10\/Anualizacion-Prof-INSTRUMENTO-4-2024-1.pdf\">Flauta Dulce<\/a><\/p> <p><a href=\"https:\/\/cmfalla-caba.infd.edu.ar\/sitio\/wp-content\/uploads\/2024\/10\/Anualizacion-Prof-INSTRUMENTO-4-2024-1.pdf\" data-type=\"URL\" data-id=\"https:\/\/cmfalla-caba.infd.edu.ar\/sitio\/wp-content\/uploads\/2024\/10\/Anualizacion-Prof-INSTRUMENTO-4-2024-1.pdf\">Bandone\u00f3n<\/a><\/p> <p><a href=\"https:\/\/cmfalla-caba.infd.edu.ar\/sitio\/wp-content\/uploads\/2024\/10\/Anualizacion-Prof-PMD-4-2024.pdf\" data-type=\"URL\" data-id=\"https:\/\/cmfalla-caba.infd.edu.ar\/sitio\/wp-content\/uploads\/2024\/10\/Anualizacion-Prof-PMD-4-2024.pdf\">Producci\u00f3n Musical Did\u00e1ctica<\/a><\/p> <\/td><\/tr><tr><td> <p style=\"text-align: center;\"><a href=\"https:\/\/cmfalla-caba.infd.edu.ar\/sitio\/wp-content\/uploads\/2026\/02\/RS-2015-513-SSGECPEtno-y-MPA-4-anos.pdf\">RESOL-2015-513-SSGECP<\/a><\/p> <\/td><td class=\"has-text-align-left\" data-align=\"left\">  <ul><li><a href=\"https:\/\/cmfalla-caba.infd.edu.ar\/sitio\/wp-content\/uploads\/2026\/02\/Profesorado-2015-Etnomusicologia-4anos.pdf\">Profesorado de M\u00fasica&nbsp; &#8211; Etnomusicolog\u00eda<\/a> <\/li><\/ul><ul><li><a href=\"https:\/\/cmfalla-caba.infd.edu.ar\/sitio\/wp-content\/uploads\/2026\/02\/Profesorado-2015-MPA-4-anos.pdf\">Profesorado de M\u00fasica Popular Argentina<\/a><\/li> <span style=\"font-family: inherit; font-size: inherit; font-weight: inherit;\"> <\/span><\/ul><\/td><td><br><a href=\"https:\/\/cmfalla-caba.infd.edu.ar\/sitio\/wp-content\/uploads\/2024\/10\/Anualizacion-Prof-Etno-4-2024.pdf\" data-type=\"URL\" data-id=\"https:\/\/cmfalla-caba.infd.edu.ar\/sitio\/wp-content\/uploads\/2024\/10\/Anualizacion-Prof-Etno-4-2024.pdf\">Etnomusicolog\u00eda <\/a><p><a href=\"https:\/\/cmfalla-caba.infd.edu.ar\/sitio\/wp-content\/uploads\/2024\/10\/Anualizacion-Prof-MPA-4-2024.pdf\" data-type=\"URL\" data-id=\"https:\/\/cmfalla-caba.infd.edu.ar\/sitio\/wp-content\/uploads\/2024\/10\/Anualizacion-Prof-MPA-4-2024.pdf\">M\u00fasica Popular Argentina<\/a><\/p><\/td><\/tr><tr><td> <p style=\"text-align: center;\"><a href=\"https:\/\/cmfalla-caba.infd.edu.ar\/sitio\/wp-content\/uploads\/2026\/02\/RS-2015-529-SSGECPCanto-y-coral-4-anos.pdf\">RESOL-2015-529-SSGECP<\/a><span style=\"font-family: inherit; font-size: inherit; font-weight: inherit; background-color: initial; color: var(--contrast);\"> <\/span><\/p><\/td><td class=\"has-text-align-left\" data-align=\"left\">  <ul><li><a href=\"https:\/\/cmfalla-caba.infd.edu.ar\/sitio\/wp-content\/uploads\/2026\/02\/Profesorado-2015-Canto-4-anos.pdf\" data-type=\"URL\" data-id=\"https:\/\/cmfalla-caba.infd.edu.ar\/sitio\/wp-content\/uploads\/2026\/02\/Profesorado-2015-Canto-4-anos.pdf\">Profesorado de M\u00fasica &#8211; Canto<\/a> <\/li><\/ul><ul><li><a href=\"https:\/\/cmfalla-caba.infd.edu.ar\/sitio\/wp-content\/uploads\/2026\/02\/Profesorado-2015-Direccion-Coral4-anos.pdf\">Profesorado de M\u00fasica &#8211; Direcci\u00f3n Coral<\/a> <span style=\"font-family: inherit; font-size: inherit; font-weight: inherit; color: var(--contrast);\"> <\/span><\/li><\/ul><\/td><td><a href=\"https:\/\/cmfalla-caba.infd.edu.ar\/sitio\/wp-content\/uploads\/2024\/10\/Anualizacion-Prof-Canto-4-2024.pdf\" data-type=\"URL\" data-id=\"https:\/\/cmfalla-caba.infd.edu.ar\/sitio\/wp-content\/uploads\/2024\/10\/Anualizacion-Prof-Canto-4-2024.pdf\">Canto <\/a><p><a href=\"https:\/\/cmfalla-caba.infd.edu.ar\/sitio\/wp-content\/uploads\/2024\/09\/Anualizacion-Prof-DirCORAL-4-2024.pdf\" data-type=\"URL\" data-id=\"https:\/\/cmfalla-caba.infd.edu.ar\/sitio\/wp-content\/uploads\/2024\/09\/Anualizacion-Prof-DirCORAL-4-2024.pdf\">Direcci\u00f3n Coral<\/a><\/p><\/td><\/tr><tr><td> <p style=\"text-align: center;\"><a href=\"https:\/\/cmfalla-caba.infd.edu.ar\/sitio\/wp-content\/uploads\/2026\/02\/RS-2015-531-SSGECP-4-anos-Comp-y-Direc-Orq.pdf\">RESOL-2015-531-SSGECP<\/a><\/p> <\/td><td class=\"has-text-align-left\" data-align=\"left\">  <ul><li><a href=\"https:\/\/cmfalla-caba.infd.edu.ar\/sitio\/wp-content\/uploads\/2026\/02\/Profesorado-2015-Direccion-de-Orquesta4-anos.pdf\">Profesorado de M\u00fasica &#8211; Direcci\u00f3n de Orquesta<\/a> <\/li><\/ul><ul><li><a href=\"https:\/\/cmfalla-caba.infd.edu.ar\/sitio\/wp-content\/uploads\/2026\/02\/Profesorado-2015-Composicion4-anos.pdf\">Profesorado de M\u00fasica &#8211; Composici\u00f3n<\/a><\/li> <\/ul><\/td><td><a href=\"https:\/\/cmfalla-caba.infd.edu.ar\/sitio\/wp-content\/uploads\/2024\/10\/Anualizacion-Prof-DirORQ-4-2024.pdf\" data-type=\"URL\" data-id=\"https:\/\/cmfalla-caba.infd.edu.ar\/sitio\/wp-content\/uploads\/2024\/10\/Anualizacion-Prof-DirORQ-4-2024.pdf\">Direcci\u00f3n Orquestal<\/a> <p><a href=\"https:\/\/cmfalla-caba.infd.edu.ar\/sitio\/wp-content\/uploads\/2024\/09\/Anualizacion-Prof-COMPO-4-2024.pdf\" data-type=\"URL\" data-id=\"https:\/\/cmfalla-caba.infd.edu.ar\/sitio\/wp-content\/uploads\/2024\/09\/Anualizacion-Prof-COMPO-4-2024.pdf\">Composici\u00f3n<\/a><\/p> <\/td><\/tr><\/tbody><\/table><figcaption class=\"wp-element-caption\"><strong>REGIMEN DE CORRELATIVIDADES, DE PROMOCI\u00d3N Y DE EQUIVALENCIAS<\/strong>: <br>en la Biblioteca del Campus<\/figcaption><\/figure>\n<\/div>\n<\/div>\n<\/div>\n\n\n\n<div class=\"wp-block-column is-layout-flow\">\n<p class=\"has-text-align-center\" style=\"font-size:25px\"><strong><strong>PROFESORADOS (5 A\u00d1OS)<\/strong><\/strong><\/p>\n\n\n\n<figure class=\"wp-block-table is-style-regular\" style=\"font-size:12px\"><table class=\"has-background\" style=\"background-color:#ebd4ff\"><tbody><tr><td> <strong>RESOLUCIONES<span style=\"font-size: inherit; text-align: center; font-family: inherit; font-weight: inherit;\"> <\/span><\/strong>  <\/td><td>                                      <strong>PCI<\/strong><\/td><td><strong>     ANUALIZACIONES<span style=\"font-size: inherit; text-align: center; font-family: inherit; font-weight: inherit;\"> <\/span><\/strong><\/td><\/tr><tr><td> <p style=\"text-align: center;\"><a href=\"https:\/\/cmfalla-caba.infd.edu.ar\/sitio\/wp-content\/uploads\/2026\/02\/RS-2015-542-SSGECP-5-anos-Instrumento-y-PMD.pdf\">RESOL-2015-542-SSGECP<\/a><\/p> <\/td><td>  <ul><li><a href=\"https:\/\/cmfalla-caba.infd.edu.ar\/sitio\/wp-content\/uploads\/2026\/02\/Profesorado-Superior-2015-Arpa.pdf\">Profesorado Superior en Arpa<\/a> <\/li><\/ul><ul><li><a href=\"https:\/\/cmfalla-caba.infd.edu.ar\/sitio\/wp-content\/uploads\/2026\/02\/Profesorado-Superior-2015-Bandoneon.pdf\">Profesorado Superior en Bandone\u00f3n<\/a> <\/li><\/ul><ul><li><a href=\"https:\/\/cmfalla-caba.infd.edu.ar\/sitio\/wp-content\/uploads\/2026\/02\/Profesorado-Superior-2015-Clarinete.pdf\">Profesorado Superior en Clarinete<\/a> <\/li><\/ul><ul><li><a href=\"https:\/\/cmfalla-caba.infd.edu.ar\/sitio\/wp-content\/uploads\/2026\/02\/Profesorado-Superior-2015-Contrabajo.pdf\" data-type=\"URL\" data-id=\"https:\/\/cmfalla-caba.infd.edu.ar\/sitio\/wp-content\/uploads\/2026\/02\/Profesorado-Superior-2015-Contrabajo.pdf\">Profesorado Superior en Contrabajo<\/a><\/li><\/ul><ul><li> <a href=\"https:\/\/cmfalla-caba.infd.edu.ar\/sitio\/wp-content\/uploads\/2026\/02\/Profesorado-Superior-2015-Fagot.pdf\">Profesorado Superior en Fagot<\/a><\/li><\/ul><ul><li> <a href=\"https:\/\/cmfalla-caba.infd.edu.ar\/sitio\/wp-content\/uploads\/2026\/02\/Profesorado-Superior-2015-Flauta-Dulce.pdf\">Profesorado Superior en Flauta Dulce<\/a> <\/li><\/ul><ul><li><a href=\"https:\/\/cmfalla-caba.infd.edu.ar\/sitio\/wp-content\/uploads\/2026\/02\/Profesorado-Superior-2015-Flauta-Traversa.pdf\">Profesorado Superior en Flauta Travesera<\/a><\/li><\/ul><ul><li> <a href=\"https:\/\/cmfalla-caba.infd.edu.ar\/sitio\/wp-content\/uploads\/2026\/02\/Profesorado-Superior-2015-Guitarra.pdf\">Profesorado Superior en Guitarra<\/a><\/li><\/ul><ul><li> <a href=\"https:\/\/cmfalla-caba.infd.edu.ar\/sitio\/wp-content\/uploads\/2026\/02\/Profesorado-Superior-2015-Oboe.pdf\">Profesorado Superior en Oboe<\/a> <\/li><\/ul><ul><li><a href=\"https:\/\/cmfalla-caba.infd.edu.ar\/sitio\/wp-content\/uploads\/2026\/02\/Profesorado-Superior-2015-Percusion.pdf\">Profesorado Superior en Percusi\u00f3n<\/a><\/li><\/ul><ul><li> <a href=\"https:\/\/cmfalla-caba.infd.edu.ar\/sitio\/wp-content\/uploads\/2026\/02\/Profesorado-Superior-2015-Piano.pdf\">Profesorado Superior en Piano<\/a><\/li><\/ul><ul><li> <a href=\"https:\/\/cmfalla-caba.infd.edu.ar\/sitio\/wp-content\/uploads\/2026\/02\/Profesorado-Superior-2015-PMD-5-anos.pdf\">Profesorado Superior en Producci\u00f3n Musical Did\u00e1ctica<\/a> <\/li><\/ul><ul><li><a href=\"https:\/\/cmfalla-caba.infd.edu.ar\/sitio\/wp-content\/uploads\/2026\/02\/Profesorado-Superior-2015-Saxofon.pdf\">Profesorado Superior en Saxof\u00f3n<\/a><\/li><\/ul><ul><li> <a href=\"https:\/\/cmfalla-caba.infd.edu.ar\/sitio\/wp-content\/uploads\/2026\/02\/Profesorado-Superior-2015-Trombon.pdf\">Profesorado Superior en Tromb\u00f3n<\/a> <\/li><\/ul><ul><li><a href=\"https:\/\/cmfalla-caba.infd.edu.ar\/sitio\/wp-content\/uploads\/2026\/02\/Profesorado-Superior-2015-Trompa.pdf\">Profesorado Superior en Trompa<\/a><\/li><\/ul><ul><li> <a href=\"https:\/\/cmfalla-caba.infd.edu.ar\/sitio\/wp-content\/uploads\/2026\/02\/Profesorado-Superior-2015-Trompeta.pdf\">Profesorado Superior en Trompeta<\/a><\/li><\/ul><ul><li> <a href=\"https:\/\/cmfalla-caba.infd.edu.ar\/sitio\/wp-content\/uploads\/2026\/02\/Profesorado-Superior-2015-Tuba.pdf\">Profesorado Superior en Tuba<\/a><\/li><\/ul><ul><li> <a href=\"https:\/\/cmfalla-caba.infd.edu.ar\/sitio\/wp-content\/uploads\/2026\/02\/Profesorado-Superior-2015-Viola.pdf\">Profesorado Superior en Viola<\/a> <\/li><\/ul><ul><li><a href=\"https:\/\/cmfalla-caba.infd.edu.ar\/sitio\/wp-content\/uploads\/2026\/02\/Profesorado-Superior-2015-VIolin.pdf\">Profesorado Superior en Viol\u00edn<\/a> <\/li><\/ul><ul><li><a href=\"https:\/\/cmfalla-caba.infd.edu.ar\/sitio\/wp-content\/uploads\/2026\/02\/Profesorado-Superior-2015-Violonchelo.pdf\">Profesorado Superior en Violonchelo<\/a> <\/li><\/ul> <\/td><td><a href=\"https:\/\/cmfalla-caba.infd.edu.ar\/sitio\/wp-content\/uploads\/2025\/04\/Anualizacion-Prof-INSTRUMENTOdeORQ-5-2024.pdf\" data-type=\"URL\" data-id=\"https:\/\/cmfalla-caba.infd.edu.ar\/sitio\/wp-content\/uploads\/2025\/04\/Anualizacion-Prof-INSTRUMENTOdeORQ-5-2024.pdf\">Instrumentos de la Orquesta <\/a><p>&nbsp;<\/p> <p><a href=\"https:\/\/cmfalla-caba.infd.edu.ar\/sitio\/wp-content\/uploads\/2024\/10\/Anualizacion-Prof-INSTRUMENTO-5-2024.pdf\" data-type=\"URL\" data-id=\"https:\/\/cmfalla-caba.infd.edu.ar\/sitio\/wp-content\/uploads\/2024\/10\/Anualizacion-Prof-INSTRUMENTO-5-2024.pdf\">Guitarra\/Piano\/Flauta Dulce\/Bandone\u00f3n<\/a><\/p> <p><a href=\"https:\/\/cmfalla-caba.infd.edu.ar\/sitio\/wp-content\/uploads\/2024\/10\/Anualizacion-Prof-PMD-5-2024.pdf\" data-type=\"URL\" data-id=\"https:\/\/cmfalla-caba.infd.edu.ar\/sitio\/wp-content\/uploads\/2024\/10\/Anualizacion-Prof-PMD-5-2024.pdf\">Producci\u00f3n Musical Did\u00e1ctica<\/a><\/p> <\/td><\/tr><tr><td> <p style=\"text-align: center;\"><a href=\"https:\/\/cmfalla-caba.infd.edu.ar\/sitio\/wp-content\/uploads\/2026\/02\/RS-2015-515-SSGECPEtno-y-MPA-5-anos.pdf\">RESOL-2015-515-SSGECP<\/a><\/p> <\/td><td>  <ul><li><a href=\"upload\/ETNOMUSICOLOGIA_5_AN_OS.pdf\">Profesorado Superior en Etnomusicolog\u00eda<\/a> <\/li><\/ul><ul><li><a href=\"upload\/Musica__Popular_Argentina__ACORDEON_5_AN_OS.pdf\">Profesorado Superior en M\u00fasica Popular Argentina &#8211; Acorde\u00f3n<\/a> <\/li><\/ul><ul><li><a href=\"upload\/Musica_Popular_Argentina_BAJO_ELECTRICO_5_AN_OS.pdf\">Profesorado Superior en MPA &#8211; Bajo El\u00e9ctrico<\/a> <\/li><\/ul><ul><li><a href=\"upload\/Musica_Popular_Argentina__BANDONEON_5_AN_OS.pdf\">Profesorado Superior en MPA &#8211; Bandone\u00f3n<\/a> <\/li><\/ul><ul><li><a href=\"upload\/Musica_Popular_Argentina_CANTO_5_AN_OS.pdf\">Profesorado Superior en <\/a><a href=\"upload\/Musica_Popular_Argentina__BANDONEON_5_AN_OS.pdf\">MPA<\/a><a href=\"upload\/Musica_Popular_Argentina_CANTO_5_AN_OS.pdf\"> &#8211; Canto<\/a> <\/li><\/ul><ul><li><a href=\"upload\/Musica_Popular__Argentina_CHARANGO_5_AN_OS.pdf\">Profesorado Superior en <\/a><a href=\"upload\/Musica_Popular_Argentina__BANDONEON_5_AN_OS.pdf\">MPA<\/a><a href=\"upload\/Musica_Popular__Argentina_CHARANGO_5_AN_OS.pdf\"> &#8211; Charango<\/a> <\/li><\/ul><ul><li><a href=\"https:\/\/cmfalla-caba.infd.edu.ar\/sitio\/wp-content\/uploads\/2026\/02\/Profesorado_de_Ed_Sup_en_Musica_MPA_Clarinete.pdf\">Profesorado Superior en <\/a><a href=\"upload\/Musica_Popular_Argentina__BANDONEON_5_AN_OS.pdf\">MPA<\/a> &#8211; Clarinete <\/li><\/ul><ul><li><a href=\"upload\/Musica_Popular_Argentina_CONTRABAJO_5_AN_OS.pdf\">Profesorado Superior en <\/a><a href=\"upload\/Musica_Popular_Argentina__BANDONEON_5_AN_OS.pdf\">MPA<\/a><a href=\"upload\/Musica_Popular_Argentina_CONTRABAJO_5_AN_OS.pdf\"> &#8211; Contrabajo<\/a> <\/li><\/ul><ul><li><a href=\"upload\/Musica_Popular_Argentina_FLAUTA_5_AN_OS.pdf\">Profesorado Superior en M\u00fasica Popular Argentina &#8211; Flauta<\/a> <\/li><\/ul><ul><li><a href=\"upload\/Musica_Popular_Argentina_GUITARRA_5_AN_OS.pdf\">Profesorado Superior en <\/a><a href=\"upload\/Musica_Popular_Argentina__BANDONEON_5_AN_OS.pdf\">MPA<\/a><a href=\"upload\/Musica_Popular_Argentina_GUITARRA_5_AN_OS.pdf\"> &#8211; Guitarra<\/a> <\/li><\/ul><ul><li><a href=\"upload\/Musica_Popular_Argentina_PERCUSION_5_AN_OS.pdf\">Profesorado Superior en <\/a><a href=\"upload\/Musica_Popular_Argentina__BANDONEON_5_AN_OS.pdf\">MPA<\/a><a href=\"upload\/Musica_Popular_Argentina_PERCUSION_5_AN_OS.pdf\"> &#8211; Percusi\u00f3n<\/a> <\/li><\/ul><ul><li><a href=\"upload\/Musica_Popular_Argentina_PIANO_5_AN_OS.pdf\">Profesorado Superior en M\u00fasica Popular Argentina &#8211; Piano<\/a> <\/li><\/ul><ul><li><a href=\"upload\/Musica_Popular_Argentina_SAXOFON_5_AN_OS.pdf\">Profesorado Superior en <\/a><a href=\"upload\/Musica_Popular_Argentina__BANDONEON_5_AN_OS.pdf\">MPA<\/a><a href=\"upload\/Musica_Popular_Argentina_SAXOFON_5_AN_OS.pdf\"> &#8211; Saxof\u00f3n<\/a> <\/li><\/ul><ul><li><a href=\"upload\/Musica_Popular_Argentina_VIOLA_5_AN_OS.pdf\">Profesorado Superior en M\u00fasica Popular Argentina &#8211; Viola<\/a> <\/li><\/ul><ul><li><a href=\"upload\/Musica_Popular_Argentina_VIOLIN_5_AN_OS.pdf\">Profesorado Superior en M\u00fasica Popular Argentina &#8211; Viol\u00edn<\/a> <\/li><\/ul><ul><li><a href=\"upload\/Musica_Popular_Argentina_VIOLONCHELO_5_AN_OS.pdf\">Profesorado Superior en M\u00fasica Popular Argentina &#8211; Violonchelo<\/a><\/li> <\/ul><\/td><td><a href=\"https:\/\/cmfalla-caba.infd.edu.ar\/sitio\/wp-content\/uploads\/2024\/10\/Anualizacion-Prof-MPA-5-2024.pdf\" data-type=\"URL\" data-id=\"https:\/\/cmfalla-caba.infd.edu.ar\/sitio\/wp-content\/uploads\/2024\/10\/Anualizacion-Prof-MPA-5-2024.pdf\">M\u00fasica Popular Argentina <\/a><p>&nbsp;<\/p> <p><a href=\"https:\/\/cmfalla-caba.infd.edu.ar\/sitio\/wp-content\/uploads\/2024\/10\/Anualizacion-Prof-Etno-5-2024.pdf\" data-type=\"URL\" data-id=\"https:\/\/cmfalla-caba.infd.edu.ar\/sitio\/wp-content\/uploads\/2024\/10\/Anualizacion-Prof-Etno-5-2024.pdf\">Etnomusicolog\u00eda<\/a><\/p> <\/td><\/tr><tr><td> <p style=\"text-align: center;\"><a href=\"https:\/\/cmfalla-caba.infd.edu.ar\/sitio\/wp-content\/uploads\/2026\/02\/RS-2015-539-SSGECPCanto-y-coral-5-anos.pdf\">RESOL-2015-539-SSGECP<\/a><span style=\"font-family: inherit; font-size: inherit; font-weight: inherit;\"> <\/span><\/p><\/td><td><ul><li><a href=\"upload\/PCI_PROFESORADO_SUPERIOR_CANTO_CSMMF_2015_2.pdf\">Profesorado Superior en Canto<\/a> <\/li><li><a href=\"upload\/PCI_PROFESORADO_SUPERIOR_DIRECCION_CORAL_CSMMF_2015_1.pdf\">Profesorado Superior en Direcci\u00f3n Coral<\/a> <\/li><li><a href=\"upload\/PCI_PROFESORADO_SUPERIOR_ORGANO_CSMMF_2015_1.pdf\">Profesorado Superior de Organo<\/a><\/li> <span style=\"font-family: inherit; font-size: inherit; font-weight: inherit;\"> <\/span><\/ul><\/td><td><a href=\"https:\/\/cmfalla-caba.infd.edu.ar\/sitio\/wp-content\/uploads\/2024\/10\/Anualizacion-Prof-Canto-5-2024.pdf\" data-type=\"URL\" data-id=\"https:\/\/cmfalla-caba.infd.edu.ar\/sitio\/wp-content\/uploads\/2024\/10\/Anualizacion-Prof-Canto-5-2024.pdf\">Canto <\/a><p><a href=\"https:\/\/cmfalla-caba.infd.edu.ar\/sitio\/wp-content\/uploads\/2024\/09\/Anualizacion-Prof-DirCORAL-5-2024.pdf\" data-type=\"URL\" data-id=\"https:\/\/cmfalla-caba.infd.edu.ar\/sitio\/wp-content\/uploads\/2024\/09\/Anualizacion-Prof-DirCORAL-5-2024.pdf\">Direcci\u00f3n Coral<\/a><\/p><br><p><a href=\"https:\/\/cmfalla-caba.infd.edu.ar\/sitio\/wp-content\/uploads\/2024\/10\/Anualizacion-Prof-Organo-5-2024.pdf\" data-type=\"URL\" data-id=\"https:\/\/cmfalla-caba.infd.edu.ar\/sitio\/wp-content\/uploads\/2024\/10\/Anualizacion-Prof-Organo-5-2024.pdf\">\u00d3rgano<\/a><\/p> <\/td><\/tr><tr><td> <p style=\"text-align: center;\"><a href=\"https:\/\/cmfalla-caba.infd.edu.ar\/sitio\/wp-content\/uploads\/2026\/02\/RS-2015-516-SSGECP-5-anos-Comp-y-Direc-Orq.pdf\">RESOL-2015-516-SSGECP<\/a><span style=\"font-family: inherit; font-size: inherit; font-weight: inherit;\"> <\/span><\/p><\/td><td>  <ul><li><a href=\"upload\/PCI_PROFESORADO_SUPERIOR__COMPOSICION_CSMMF_2015.pdf\">Profesorado Superior en Composici\u00f3n<\/a> <\/li><li><a href=\"upload\/PCI_PROFESORADO_SUPERIOR_DIRECCION_DE_ORQUESTA__CSMMF___2015_1.pdf\">Profesorado Superior en Direcci\u00f3n de Orquesta<\/a> <\/li><\/ul> <\/td><td><a href=\"https:\/\/cmfalla-caba.infd.edu.ar\/sitio\/wp-content\/uploads\/2024\/09\/Anualizacion-Prof-COMPO-5-2024.pdf\" data-type=\"URL\" data-id=\"https:\/\/cmfalla-caba.infd.edu.ar\/sitio\/wp-content\/uploads\/2024\/09\/Anualizacion-Prof-COMPO-5-2024.pdf\">Composici\u00f3n <\/a><p><a href=\"https:\/\/cmfalla-caba.infd.edu.ar\/sitio\/wp-content\/uploads\/2024\/10\/Anualizacion-Prof-DirORQ-5-2024.pdf\" data-type=\"URL\" data-id=\"https:\/\/cmfalla-caba.infd.edu.ar\/sitio\/wp-content\/uploads\/2024\/10\/Anualizacion-Prof-DirORQ-5-2024.pdf\">Direcci\u00f3n Orquestal<\/a><\/p><\/td><\/tr><\/tbody><\/table><figcaption class=\"wp-element-caption\"><strong>REGIMEN DE CORRELATIVIDADES, DE PROMOCI\u00d3N Y DE EQUIVALENCIAS<\/strong>: <br>en la Biblioteca del Campus <a href=\"https:\/\/cmfalla-caba.infd.edu.ar\/aula\/archivos.cgi?wAccion=vergrupo&amp;wIdGrupo=1395&amp;id_curso=25\">\u00abDocumentos Anexos del PCI\u00bb<\/a><\/figcaption><\/figure>\n<\/div>\n<\/div>\n","protected":false},"excerpt":{"rendered":"<p>PROFESORADOS (4 A\u00d1OS) RESOLUCIONES PCI ANUALIZACIONES RESOL-2015-535-SSGECP Profesorado de M\u00fasica &#8211; Arpa Profesorado de M\u00fasica &#8211; Bandone\u00f3n Profesorado de M\u00fasica &#8211; Clarinete Profesorado de M\u00fasica &#8211; Contrabajo Profesorado de M\u00fasica &#8211; Fagot Profesorado de M\u00fasica &#8211; Flauta Dulce Profesorado de M\u00fasica &#8211; Piano Profesorado de M\u00fasica &#8211; Percusi\u00f3n Profesorado de M\u00fasica &#8211; Oboe Profesorado de &#8230; <a title=\"Planes de Estudio de Formaci\u00f3n Docente\" class=\"read-more\" href=\"https:\/\/cmfalla-caba.infd.edu.ar\/sitio\/planes-curriculares-institucionales-2015\/\" aria-label=\"More on Planes de Estudio de Formaci\u00f3n Docente\">[+]<\/a><\/p>\n","protected":false},"author":3745,"featured_media":0,"parent":0,"menu_order":0,"comment_status":"closed","ping_status":"closed","template":"","meta":[],"acf":[],"_links":{"self":[{"href":"https:\/\/cmfalla-caba.infd.edu.ar\/sitio\/wp-json\/wp\/v2\/pages\/2815"}],"collection":[{"href":"https:\/\/cmfalla-caba.infd.edu.ar\/sitio\/wp-json\/wp\/v2\/pages"}],"about":[{"href":"https:\/\/cmfalla-caba.infd.edu.ar\/sitio\/wp-json\/wp\/v2\/types\/page"}],"author":[{"embeddable":true,"href":"https:\/\/cmfalla-caba.infd.edu.ar\/sitio\/wp-json\/wp\/v2\/users\/3745"}],"replies":[{"embeddable":true,"href":"https:\/\/cmfalla-caba.infd.edu.ar\/sitio\/wp-json\/wp\/v2\/comments?post=2815"}],"version-history":[{"count":41,"href":"https:\/\/cmfalla-caba.infd.edu.ar\/sitio\/wp-json\/wp\/v2\/pages\/2815\/revisions"}],"predecessor-version":[{"id":11369,"href":"https:\/\/cmfalla-caba.infd.edu.ar\/sitio\/wp-json\/wp\/v2\/pages\/2815\/revisions\/11369"}],"wp:attachment":[{"href":"https:\/\/cmfalla-caba.infd.edu.ar\/sitio\/wp-json\/wp\/v2\/media?parent=2815"}],"curies":[{"name":"wp","href":"https:\/\/api.w.org\/{rel}","templated":true}]}}