{"id":286,"date":"2016-10-31T13:17:59","date_gmt":"2016-10-31T16:17:59","guid":{"rendered":"https:\/\/cmfalla-caba.infd.edu.ar\/sitio\/?page_id=286"},"modified":"2026-03-20T16:49:36","modified_gmt":"2026-03-20T19:49:36","slug":"inicio","status":"publish","type":"page","link":"https:\/\/cmfalla-caba.infd.edu.ar\/sitio\/","title":{"rendered":""},"content":{"rendered":"\n<figure class=\"wp-block-image size-full\"><img decoding=\"async\" loading=\"lazy\" width=\"1000\" height=\"313\" src=\"https:\/\/cmfalla-caba.infd.edu.ar\/sitio\/wp-content\/uploads\/2026\/03\/Banner.gif\" alt=\"\" class=\"wp-image-11671\"\/><\/figure>\n\n\n<p><style> body {font-family: 'nunito', sans-serif;}<br \/>\n<\/style>\n<\/p>\n\n\n\n\n<p><style> @import url('https:\/\/fonts.googleapis.com\/css2?family=Nunito:wght@400;700&amp;amp;display=swap'); .mi-tipografia {     font-family: 'Nunito', sans-serif; } <\/style><\/p>\n\n\n\n<div class=\"wp-block-columns is-layout-flex wp-container-5\">\n<div class=\"wp-block-column is-layout-flow\" style=\"flex-basis:100%\">\n<p><style type=\"text\/css\"><span data-mce-type=\"bookmark\" style=\"display: inline-block; width: 0px; overflow: hidden; line-height: 0;\" class=\"mce_SELRES_start\">\ufeff<\/span><span data-mce-type=\"bookmark\" style=\"display: inline-block; width: 0px; overflow: hidden; line-height: 0;\" class=\"mce_SELRES_start\">\ufeff<\/span><span data-mce-type=\"bookmark\" style=\"display: inline-block; width: 0px; overflow: hidden; line-height: 0;\" class=\"mce_SELRES_start\">\ufeff<\/span><br \/>.color {<br \/>\tcolor: #F00;<br \/>}<br \/>.sans {<br \/>\tfont-family: \"Comic Sans MS\", cursive;<br \/>}<br \/><\/style><\/p>\n\n\n<div id=\"metaslider-id-7775\" style=\"max-width: 1000px; margin: 0 auto;\" class=\"ml-slider-3-33-0 metaslider metaslider-flex metaslider-7775 ml-slider ms-theme-default nav-hidden\" role=\"region\" aria-roledescription=\"Slideshow\" aria-label=\"Slideshow\">\n    <div id=\"metaslider_container_7775\">\n        <div id=\"metaslider_7775\" class=\"flexslider\">\n            <ul aria-live=\"polite\" class=\"slides\">\n                <li style=\"display: block; width: 100%;\" class=\"slide-7808 ms-image\" aria-roledescription=\"slide\" aria-label=\"slide-7808\"><img width=\"1000\" height=\"295\" src=\"https:\/\/cmfalla-caba.infd.edu.ar\/sitio\/wp-content\/uploads\/2023\/12\/CCK-CORO-Y-ORQ-4.jpg\" class=\"slider-7775 slide-7808\" alt=\"\" decoding=\"async\" loading=\"lazy\" rel=\"\" title=\"CCK-CORO-Y-ORQ\" srcset=\"https:\/\/cmfalla-caba.infd.edu.ar\/sitio\/wp-content\/uploads\/2023\/12\/CCK-CORO-Y-ORQ-4.jpg 1000w, https:\/\/cmfalla-caba.infd.edu.ar\/sitio\/wp-content\/uploads\/2023\/12\/CCK-CORO-Y-ORQ-4-768x227.jpg 768w\" sizes=\"(max-width: 1000px) 100vw, 1000px\" \/><\/li>\n                <li style=\"display: none; width: 100%;\" class=\"slide-7809 ms-image\" aria-roledescription=\"slide\" aria-label=\"slide-7809\"><img width=\"1000\" height=\"295\" src=\"https:\/\/cmfalla-caba.infd.edu.ar\/sitio\/wp-content\/uploads\/2023\/12\/CCK-ETNO-4.jpg\" class=\"slider-7775 slide-7809\" alt=\"\" decoding=\"async\" loading=\"lazy\" rel=\"\" title=\"CCK-ETNO\" srcset=\"https:\/\/cmfalla-caba.infd.edu.ar\/sitio\/wp-content\/uploads\/2023\/12\/CCK-ETNO-4.jpg 1000w, https:\/\/cmfalla-caba.infd.edu.ar\/sitio\/wp-content\/uploads\/2023\/12\/CCK-ETNO-4-768x227.jpg 768w\" sizes=\"(max-width: 1000px) 100vw, 1000px\" \/><\/li>\n                <li style=\"display: none; width: 100%;\" class=\"slide-7810 ms-image\" aria-roledescription=\"slide\" aria-label=\"slide-7810\"><img width=\"1000\" height=\"295\" src=\"https:\/\/cmfalla-caba.infd.edu.ar\/sitio\/wp-content\/uploads\/2023\/12\/CCK-Orq-5.jpg\" class=\"slider-7775 slide-7810\" alt=\"\" decoding=\"async\" loading=\"lazy\" rel=\"\" title=\"CCK-Orq\" srcset=\"https:\/\/cmfalla-caba.infd.edu.ar\/sitio\/wp-content\/uploads\/2023\/12\/CCK-Orq-5.jpg 1000w, https:\/\/cmfalla-caba.infd.edu.ar\/sitio\/wp-content\/uploads\/2023\/12\/CCK-Orq-5-768x227.jpg 768w\" sizes=\"(max-width: 1000px) 100vw, 1000px\" \/><\/li>\n                <li style=\"display: none; width: 100%;\" class=\"slide-7811 ms-image\" aria-roledescription=\"slide\" aria-label=\"slide-7811\"><img width=\"1000\" height=\"295\" src=\"https:\/\/cmfalla-caba.infd.edu.ar\/sitio\/wp-content\/uploads\/2023\/12\/CCK-Orq-2-4.jpg\" class=\"slider-7775 slide-7811\" alt=\"\" decoding=\"async\" loading=\"lazy\" rel=\"\" title=\"CCK-Orq-2\" srcset=\"https:\/\/cmfalla-caba.infd.edu.ar\/sitio\/wp-content\/uploads\/2023\/12\/CCK-Orq-2-4.jpg 1000w, https:\/\/cmfalla-caba.infd.edu.ar\/sitio\/wp-content\/uploads\/2023\/12\/CCK-Orq-2-4-768x227.jpg 768w\" sizes=\"(max-width: 1000px) 100vw, 1000px\" \/><\/li>\n            <\/ul>\n        <\/div>\n        \n    <\/div>\n<\/div>\n\n\n\n<h4 class=\"wp-block-heading\">&nbsp;<\/h4>\n\n\n\n<link href=\"https:\/\/fonts.googleapis.com\/css2?family=Montserrat:wght@400;700&#038;display=swap\" rel=\"stylesheet\">\n\n<style>\n  .font-montserrat {\n    font-family: 'Montserrat', sans-serif;\n  }\n<\/style>\n\n\n\n\n\n<style>\n  .shadow-image {\n    box-shadow: 0 8px 16px rgba(0, 0, 0, 0.5);\n  }\n<\/style>\n\n\n\n<p>El <strong>Conservatorio Superior de M\u00fasica \u00abManuel de Falla\u00bb<\/strong> es una Instituci\u00f3n perteneciente a la Direcci\u00f3n General de Ense\u00f1anza Art\u00edstica (DGEART) del Ministerio de Cultura del Gobierno de la Ciudad Aut\u00f3noma de Buenos Aires. Es un Instituto Superior de Formaci\u00f3n Docente NO Universitario de gesti\u00f3n estatal. Habiendo cumplido ya su 100\u00ba aniversario, esta casa de estudios ha trascendido los l\u00edmites de la Ciudad para proyectarse en el \u00e1mbito nacional e internacional en raz\u00f3n de la excelencia de la ense\u00f1anza que imparte, la de su cuerpo de profesores y el nivel de sus egresados, tanto en el \u00e1mbito art\u00edstico como docente. <a href=\"https:\/\/cmfalla-caba.infd.edu.ar\/sitio\/historia\/\">Leer m\u00e1s&#8230;<\/a><\/p>\n\n\n\n<p>El Conservatorio Superior de M\u00fasica \u201cManuel de Falla\u201d (CSMMF) promueve la formaci\u00f3n integral y sistem\u00e1tica en&nbsp;el campo de la m\u00fasica en los siguientes niveles:<\/p>\n\n\n\n<figure class=\"wp-block-table is-style-stripes has-small-font-size\"><table><tbody><tr><td><strong>SEDE<\/strong><\/td><td><strong>DIRECCI\u00d3N<\/strong><\/td><td><strong>TEL\u00c9FONOS<\/strong><\/td><td><strong>MAILS<\/strong><\/td><td><strong>HORARIOS<\/strong><\/td><\/tr><tr><td><strong>Sede Central<sup>1<\/sup><\/strong><\/td><td><strong>Gallo 238 &#8211; 2\u00b0 piso &#8211; CABA<\/strong><\/td><td><strong>4865-9005 al 08<\/strong><\/td><td><a href=\"mailto:regenciasedecentral@gmail.com\">regenciasedecentral@gmail.com<\/a> <p><a rel=\"noopener\" href=\"mailto:regenciasabado@gmail.com\" target=\"_blank\">regenciasabado@gmail.com<\/a><\/p><\/td><td><p><strong>Lunes a viernes de 8 hs. a 22 hs.<\/strong><\/p><p><strong>S\u00e1bados de 8 hs. a 20 hs.<\/strong><\/p><\/td><\/tr><tr><td><strong>Anexo 1<\/strong><\/td><td><strong>Centenera 747 &#8211; CABA<\/strong><\/td><td><strong>4432-1429&nbsp;<\/strong><\/td><td>&nbsp;<a href=\"mailto:manueldefallaanexo1@gmail.com\" target=\"_blank\" rel=\"noopener\">manueldefallaanexo1@gmail.<wbr>com<\/a><\/td><td><strong>Lunes a viernes de 17.30 hs. a 22.20 hs<\/strong><\/td><\/tr><tr><td><strong>Anexo 2<\/strong><\/td><td><strong>Salguero 2455 &#8211; CABA<\/strong><\/td><td><strong>4804-2359\/1386<\/strong><\/td><td>&nbsp;<a href=\"mailto:regenciaanexo2@gmail.com\" target=\"_blank\" rel=\"noopener\">regenciaanexo2@gmail.com<\/a><\/td><td><strong>Lunes a viernes de 18 hs. a 22 hs.<\/strong><\/td><\/tr><tr><td><strong>Anexo 3<\/strong><\/td><td><strong>Humberto 1\u00ba 3171 &#8211; CABA<\/strong><\/td><td><strong>4931-1541<\/strong><\/td><td><a href=\"mailto:csmmfanexo3@gmail.com\">csmmfanexo3@gmail.com<\/a><\/td><td><strong>Lunes a viernes de 18 hs. a 22 hs.<\/strong><\/td><\/tr><tr><td><strong>Anexo 4<\/strong><\/td><td><strong>Camargo 725 &#8211; CABA<\/strong><\/td><td><strong>4854-4277<\/strong><\/td><td><a href=\"mailto:anexo4manueldefalla@gmail.com\">anexo4manueldefalla@gmail.com<\/a><\/td><td><strong>Lunes a viernes de 18 hs. a 22 hs.<\/strong><\/td><\/tr><tr><td><strong>Sede Suipacha<\/strong><\/td><td><strong>Suipacha 443 &#8211; CABA<\/strong><\/td><td><strong>4326-3377<\/strong><\/td><td><a href=\"mailto:sedesuipacha@gmail.com\">sedesuipacha@gmail.com<\/a><\/td><td><strong>Lunes a viernes de 8 hs. a 22 hs.<\/strong><\/td><\/tr><\/tbody><\/table><\/figure>\n\n\n\n<iframe loading=\"lazy\" src=\"https:\/\/www.google.com\/maps\/d\/u\/1\/embed?mid=1v6jge4K7ghGGHxvnWS800pA2AxuOVkQ&amp;ehbc=2E312F&amp;noprof=1\" width=\"640\" height=\"480\"><\/iframe>\n\n\n\n<p class=\"has-text-align-center\"><span style=\"font-size: 10pt; font-family: 'trebuchet ms', geneva;\"><strong>&nbsp;&nbsp;<sup>1<\/sup> Ubicaci\u00f3n geogr\u00e1fica Sede Central <\/strong><\/span><span style=\"font-size: 10pt; font-family: 'trebuchet ms', geneva;\"><strong><a href=\"http:\/\/maps.google.com.ar\/maps?f=d&amp;source=embed&amp;saddr=Gallo+238,+Ciudad+Aut%F3noma+de+Buenos+Aires,+Capital+Federal&amp;daddr=&amp;hl=es&amp;geocode=&amp;mra=ls&amp;sll=-34.603594,-58.414457&amp;sspn=0.004468,0.008948&amp;ie=UTF8&amp;ll=-34.606099,-58.41367&amp;spn=0.006295,0.007648\" target=\"_blank\" rel=\"noopener\">Ver mapa a mayor escala<\/a><\/strong><\/span><\/p>\n\n\n\n<div class=\"wp-block-columns is-layout-flex wp-container-3\">\n<div class=\"wp-block-column is-layout-flow\">\n<iframe loading=\"lazy\" width=\"560\" height=\"315\" src=\"https:\/\/www.youtube.com\/embed\/v47gHEOQuCQ?si=s1xfluAXBfb35P7D\" title=\"YouTube video player\" frameborder=\"0\" allow=\"accelerometer; autoplay; clipboard-write; encrypted-media; gyroscope; picture-in-picture; web-share\" referrerpolicy=\"strict-origin-when-cross-origin\" allowfullscreen><\/iframe>\n<\/div>\n\n\n\n<div class=\"wp-block-column is-layout-flow\">\n<figure class=\"wp-block-image size-full is-resized\"><a href=\"https:\/\/buenosaires.gob.ar\/cultura\/ensenanza-artistica\/conservatorio-superior-de-musica-manuel-de-falla\"><img decoding=\"async\" loading=\"lazy\" src=\"https:\/\/cmfalla-caba.infd.edu.ar\/sitio\/wp-content\/uploads\/2025\/07\/rrss_dgeart_BA.jpg\" alt=\"\" class=\"wp-image-10369\" width=\"307\" height=\"306\" srcset=\"https:\/\/cmfalla-caba.infd.edu.ar\/sitio\/wp-content\/uploads\/2025\/07\/rrss_dgeart_BA.jpg 668w, https:\/\/cmfalla-caba.infd.edu.ar\/sitio\/wp-content\/uploads\/2025\/07\/rrss_dgeart_BA-500x500.jpg 500w\" sizes=\"(max-width: 307px) 100vw, 307px\" \/><\/a><\/figure>\n<\/div>\n<\/div>\n<\/div>\n<\/div>\n\n\n\n<p><\/p>\n\n\n\n<p class=\"has-text-align-center has-accent-color has-base-background-color has-text-color has-background\"><strong><a href=\"mailto:info.csmmf@buenosaires.gob.ar\">info.csmmf@buenosaires.gob.ar<\/a> <\/strong><\/p>\n\n\n\n<p><\/p>\n\n\n\n<p class=\"has-text-align-center has-base-background-color has-background\"><a href=\"https:\/\/cmfalla-caba.infd.edu.ar\/sitio\/contacto-4\/\" data-type=\"page\" data-id=\"8837\"><strong>Contacto<\/strong> de regencias y departamentos<\/a><\/p>\n\n\n\n<p><\/p>\n","protected":false},"excerpt":{"rendered":"<p>&nbsp; El Conservatorio Superior de M\u00fasica \u00abManuel de Falla\u00bb es una Instituci\u00f3n perteneciente a la Direcci\u00f3n General de Ense\u00f1anza Art\u00edstica (DGEART) del Ministerio de Cultura del Gobierno de la Ciudad Aut\u00f3noma de Buenos Aires. Es un Instituto Superior de Formaci\u00f3n Docente NO Universitario de gesti\u00f3n estatal. Habiendo cumplido ya su 100\u00ba aniversario, esta casa de &#8230; <a title=\"\" class=\"read-more\" href=\"https:\/\/cmfalla-caba.infd.edu.ar\/sitio\/\" aria-label=\"More on \">[+]<\/a><\/p>\n","protected":false},"author":954,"featured_media":0,"parent":0,"menu_order":0,"comment_status":"closed","ping_status":"closed","template":"","meta":[],"acf":[],"_links":{"self":[{"href":"https:\/\/cmfalla-caba.infd.edu.ar\/sitio\/wp-json\/wp\/v2\/pages\/286"}],"collection":[{"href":"https:\/\/cmfalla-caba.infd.edu.ar\/sitio\/wp-json\/wp\/v2\/pages"}],"about":[{"href":"https:\/\/cmfalla-caba.infd.edu.ar\/sitio\/wp-json\/wp\/v2\/types\/page"}],"author":[{"embeddable":true,"href":"https:\/\/cmfalla-caba.infd.edu.ar\/sitio\/wp-json\/wp\/v2\/users\/954"}],"replies":[{"embeddable":true,"href":"https:\/\/cmfalla-caba.infd.edu.ar\/sitio\/wp-json\/wp\/v2\/comments?post=286"}],"version-history":[{"count":312,"href":"https:\/\/cmfalla-caba.infd.edu.ar\/sitio\/wp-json\/wp\/v2\/pages\/286\/revisions"}],"predecessor-version":[{"id":11694,"href":"https:\/\/cmfalla-caba.infd.edu.ar\/sitio\/wp-json\/wp\/v2\/pages\/286\/revisions\/11694"}],"wp:attachment":[{"href":"https:\/\/cmfalla-caba.infd.edu.ar\/sitio\/wp-json\/wp\/v2\/media?parent=286"}],"curies":[{"name":"wp","href":"https:\/\/api.w.org\/{rel}","templated":true}]}}