{"id":3112,"date":"2018-09-07T12:09:13","date_gmt":"2018-09-07T15:09:13","guid":{"rendered":"https:\/\/cmfalla-caba.infd.edu.ar\/sitio\/?page_id=3112"},"modified":"2023-09-28T13:21:59","modified_gmt":"2023-09-28T16:21:59","slug":"plan-nyn","status":"publish","type":"page","link":"https:\/\/cmfalla-caba.infd.edu.ar\/sitio\/plan-nyn\/","title":{"rendered":"Plan Ni\u00f1as y Ni\u00f1os"},"content":{"rendered":"<p>\u00a0<\/p>\n<p><u>MUESTRAS DE INSTRUMENTOS: <\/u><\/p>\n<p>-Los instrumentos de la Orquesta Sinf\u00f3nica-Natha Quirico- Partes\u00a0 1 y 2\u200b\u00a0<a href=\"https:\/\/www.youtube.com\/watch?v=wll6hBYzOKU\"><strong>https:\/\/www.youtube.com\/watch?v=wll6hBYzOKU<\/strong><\/a>\u00a0<a href=\"https:\/\/www.youtube.com\/watch?v=KmTqbL07i_g\"><strong>https:\/\/www.youtube.com\/watch?v=KmTqbL07i_g<\/strong><\/a><\/p>\n<p>-Pedro y el Lobo- Serguei Prokofiev- Orquesta Sinf\u00f3nica Juvenil Jos\u00e9 de San Martin\u00a0<a href=\"https:\/\/www.youtube.com\/watch?v=YSYYpVw_6aY\"><strong>https:\/\/www.youtube.com\/watch?v=YSYYpVw_6aY<\/strong><\/a><\/p>\n<p>&#8211;<a href=\"https:\/\/www.youtube.com\/channel\/UCKaNoBtJhladU2lm1NaCLnA\">Pueden\u00a0 visualizar otros videos de INSTRUMENTOS y CLASES DEL PLAN NI\u00d1AS Y NI\u00d1OS, ingresando<\/a>\u200b\u00a0\u200b<a href=\"https:\/\/www.youtube.com\/channel\/UCKaNoBtJhladU2lm1NaCLnA\">al<\/a>\u200b canal de Youtube: <a href=\"https:\/\/www.youtube.com\/results?search_query=conservatorio+manuel+de+falla+plan+ni%C3%B1os\">conservatorio manuel de falla plan ni\u00f1os &#8211; YouTube<\/a><\/p>\n<p>Tambi\u00e9n recomendamos visitar los enlaces de la INTRODUCCI\u00d3N A LOS INSTRUMENTOS que realizan los Profesores de nuestro Conservatorio:<\/p>\n<p><strong>PERCUSI\u00d3N<\/strong>\u200b: https:\/\/www.youtube.com\/watch?v=_BuXrTwPQDc<\/p>\n<p><strong>TROMPETA:<\/strong>\u200b \u00a0https:\/\/www.youtube.com\/watch?v=IxDN7q3bBAQ<\/p>\n<p><strong>OBOE:<\/strong>\u200b \u00a0https:\/\/www.youtube.com\/watch?v=N7NEIfAHeWk<\/p>\n<p><strong>CLARINETE:<\/strong>\u200b \u00a0https:\/\/www.youtube.com\/watch?v=AweiEMGZTD4<\/p>\n<p><strong>VIOLA:<\/strong>\u200b \u00a0https:\/\/www.youtube.com\/watch?v=1WD9qTtP-rU<u>\u00a0<\/u><\/p>\n<h1><a href=\"https:\/\/www.youtube.com\/watch?v=wEbOH9EB2c0\">PRESENTACI\u00d3N<\/a><\/h1>\n<p>En 1998 fue fundado el \u200b<strong>Plan de Extensi\u00f3n para la Iniciaci\u00f3n Musical de Ni\u00f1os\u00a0 <\/strong>del Conservatorio Superior de M\u00fasica Manuel de Falla -CSMMF-, hoy <strong>\u00a0<u>Plan de Ni\u00f1as y Ni\u00f1os<\/u><\/strong>. En \u00e9l,\u00a0 las ni\u00f1as \u00a0y ni\u00f1os <strong>entre 8 y 13<\/strong>\u200b\u00a0\u00a0<strong>a\u00f1os<\/strong>\u200b reciben \u200b<strong>formaci\u00f3n musical temprana correspondiente al Nivel Inicial <\/strong>\u200ben el marco de nuestra Instituci\u00f3n de Nivel Superior Terciario no universitario, dependiente de la Direcci\u00f3n General de Ense\u00f1anza Art\u00edstica -DGEArt- del Ministerio de Cultura del Gobierno de la Ciudad Aut\u00f3noma de Buenos Aires.<\/p>\n<p><strong>Aclaraci\u00f3n: <\/strong>LAS Y LOS J\u00d3VENES CON 14 A\u00d1OS CUMPLIDOS AL 30 de junio de 2022 DEBER\u00c1N INSCRIBIRSE\u00a0 AL CICLO B\u00c1SICO TAP Trayecto Art\u00edstico Profesional-Plan de J\u00f3venes y Adultos.<\/p>\n<h4><strong>\u00bfD\u00f3nde se cursa y en qu\u00e9 horarios?\u00a0<\/strong><\/h4>\n<p>El <strong><u>Plan Ni\u00f1as y Ni\u00f1os\u00a0 2023 <\/u><\/strong>se cursa en cuatro sedes del CSMMF: ANEXO I, ANEXO II, ANEXO III: en turno VESPERTINO y\u200b<strong>\u00a0 <\/strong>\u200ben SEDE CENTRAL: en turnos MA\u00d1ANA y TARDE.<\/p>\n<h4>\u00bfC\u00f3mo es la formaci\u00f3n musical?<\/h4>\n<p>Las\/los\u00a0 alumnas\/os se inician en la M\u00fasica a partir de la pr\u00e1ctica de \u200b<strong>un (1) instrumento<\/strong>\u200b a su elecci\u00f3n entre: VIOL\u00cdN, VIOLA, VIOLONCELLO, CONTRABAJO, FLAUTA TRAVERSA, CLARINETE, OBOE, FAGOT, SAXOF\u00d3N, TROMPETA, TROMB\u00d3N, TROMPA O CORNO, PIANO, GUITARRA, FLAUTA DULCE, BANDONE\u00d3N, ARPA Y PERCUSI\u00d3N.<\/p>\n<p><strong>En la presencialidad<\/strong>\u200b, la formaci\u00f3n musical integral de las ni\u00f1as y los ni\u00f1os se desarrolla a trav\u00e9s de cuatro espacios curriculares obligatorios\u200b<strong>: <\/strong>\u200bINSTRUMENTO, LENGUAJE MUSICAL, EDUCACI\u00d3N VOCAL y EXPRESI\u00d3N CORPORAL. En todas las asignaturas el aprendizaje es vivencial y grupal.<\/p>\n<p>A\u00a0 medida que las\/os alumnas\/os avanzan en sus estudios musicales, se promueve su participaci\u00f3n en el CORO y la\u00a0ORQUESTA\u200b<strong>. <\/strong>Son \u200bespacios curriculares \u200b<strong>con modalidad de Taller<\/strong>\u200b, en los que se realiza la pr\u00e1ctica musical vocal e instrumental de conjunto, complementaria en la formaci\u00f3n musical integral. Los mismos se desarrollan \u200b<strong>en todas las Sedes y turnos del Plan Ni\u00f1as y Ni\u00f1os.<\/strong><\/p>\n<h4>\u00bfC\u00f3mo es el sistema de cursado de las materias?<\/h4>\n<p>El sistema de cursado de las asignaturas es\u200b<strong> MODULAR<\/strong>\u200b, desarroll\u00e1ndose los contenidos de cada una de ellas en \u200b<strong>4 M\u00d3DULOS<\/strong>\u200b. Dichos m\u00f3dulos son equivalentes al nivel inicial que se dicta en los dos primeros a\u00f1os del CICLO B\u00c1SICO TAP (Trayecto Art\u00edstico Profesional del Plan de J\u00f3venes y Adultos).<\/p>\n<p><strong>La duraci\u00f3n de cursado promedio de cada m\u00f3dulo hasta completar la incorporaci\u00f3n de sus contenidos, suele ser de 2 a 3 cuatrimestres, dependiendo de\u00a0 la asignatura y del proceso de aprendizaje de cada ni\u00f1o\/a<\/strong>\u200b.<\/p>\n<p>Se realizan evaluaciones en todas las asignaturas al promediar y al finalizar el ciclo lectivo.<\/p>\n<h4>\u00bfCu\u00e1l es la carga horaria de cursada?<\/h4>\n<p><b>L<\/b>as\/os ni\u00f1as\/os cursan dos veces por semana: Instrumento durante 40 min. y LENGUAJE MUSICAL durante 80 min. y una vez por semana: EDUCACI\u00d3N VOCAL durante 40 min. y EXPRESI\u00d3N CORPORAL durante 40 min. \u200b<strong>La carga horaria total de cursado semanal es de 5 hs 20 min, distribuida en 2 \u00f3 3 veces por semana, de acuerdo a la organizaci\u00f3n de cada sede. <\/strong><\/p>\n<p>Los TALLERES DE CORO Y ORQUESTA, son de 1h 20 min.,<strong> siendo <\/strong>\u00a0\u200b<strong>la carga horaria total de cursado semanal de 8 hs, distribuida en 2 \u00f3 3 veces por semana. <\/strong><\/p>\n<p>Las alumnas y alumnos deber\u00e1n asistir a por lo menos el \u200b<strong>75% de las clases<\/strong>\u200b de cada asignatura a fin de mantener su condici\u00f3n de \u200b<strong>alumnos regulares<\/strong>\u200b.<\/p>\n<h4>\u00bfEs necesario contar con el instrumento?<\/h4>\n<p>La pr\u00e1ctica del INSTRUMENTO y el estudio musical por fuera del horario de las clases son necesarios para el progreso del alumnas\/os.<\/p>\n<p>El acompa\u00f1amiento y la participaci\u00f3n de la familia en el proceso de aprendizaje musical son muy importantes.<\/p>\n<p>El fruto de dicho proceso se comparte con las familias en conciertos, muestras y clases abiertas a mitad y al finalizar el ciclo lectivo.<\/p>\n<p>El Coro y la Orquesta de las Sedes del Plan Ni\u00f1os brindan su producci\u00f3n musical conjunta en\u00a0 2 \u00f3 3 conciertos anuales.<\/p>\n<h4>\u00bfA qu\u00e9 edad finaliza el Plan Ni\u00f1as y Ni\u00f1os?<\/h4>\n<p>A los 14 a\u00f1os, las alumnas y los\u00a0 alumnos pasan a la modalidad de J\u00f3venes y Adultos, continuando sus estudios musicales en el\u00a0 Ciclo B\u00e1sico \u00f3 TAP -Trayecto Art\u00edstico Profesional- Plan de J\u00f3venes y Adultos del CSMMF, en el nivel de conocimientos alcanzado hasta ese momento.<\/p>\n<h3 style=\"text-align: center;\"><strong>ESQUEMA GENERAL DEL PLAN NI\u00d1AS y NI\u00d1OS<\/strong><\/h3>\n<p style=\"text-align: center;\"><strong>SEDES, D\u00cdAS, HORARIOS e INSTRUMENTOS\u00a0<\/strong><\/p>\n<p style=\"text-align: center;\">\u00a0<\/p>\n<table width=\"544\">\n<tbody>\n<tr>\n<td width=\"109\"><strong>ANEXO I<\/strong><\/td>\n<td width=\"435\">Av. del Barco Centenera 741 \u2013 TE:4432-1429\n<p>\u00a0<\/p>\n<p>Martes y jueves de 17:00 a 19:40<\/p>\n<p>Coro y Orquesta: Martes y Jueves de 19:40 a 21:00<\/p>\n<p><u>INSTRUMENTOS<\/u><\/p>\n<p><strong>Clarinete, Flauta traversa, Guitarra, Piano, Viol\u00edn y Violoncello <\/strong><\/p>\n<\/td>\n<\/tr>\n<tr>\n<td width=\"109\"><strong>ANEXO II<\/strong><\/td>\n<td width=\"435\">Salguero 2455 \u2013 TE:4804-2359\/1386\n<p>\u00a0<\/p>\n<p>Lunes y Mi\u00e9rcoles de 18:00 a 20:40<\/p>\n<p>\u00a0 \u00a0 \u00a0 \u00a0 \u00a0 \u00a0 \u00a0 \u00a0 \u00a0 \u00a0 \u00a0 \u00a0 \u00a0 o<\/p>\n<p>Martes y Viernes de 18:00 a 20:40<\/p>\n<p>Coro y Orquesta: Jueves de 18:00 a 20:40<\/p>\n<p><u>INSTRUMENTOS<\/u><\/p>\n<p><strong>Bandone\u00f3n, Clarinete, Contrabajo, Fagot, Flauta dulce,\u00a0 <\/strong><\/p>\n<p><strong>Flauta traversa, Guitarra, Oboe, Piano, Saxof\u00f3n, Tromb\u00f3n, Trompa o Corno,\u00a0 <\/strong><\/p>\n<p><strong>Trompeta, Viola, Viol\u00edn y Violoncello<\/strong><\/p>\n<\/td>\n<\/tr>\n<\/tbody>\n<\/table>\n<table width=\"520\">\n<tbody>\n<tr>\n<td width=\"109\"><strong>ANEXO III<\/strong><\/td>\n<td width=\"410\">Humberto Primo 3171 \u2013 TE:4931-1541\n<p>\u00a0<\/p>\n<p>Martes, Mi\u00e9rcoles y Viernes de 17:40 a 20:20<\/p>\n<p>Coro y Orquesta: Mi\u00e9rcoles 17:40 a 20:20<\/p>\n<p><u>INSTRUMENTOS<\/u><\/p>\n<p><strong>Flauta Dulce, Flauta Traversa, Guitarra, Piano,\u00a0 <\/strong><\/p>\n<p><strong>Viola, Viol\u00edn, Violoncello y Trompeta <\/strong><\/p>\n<\/td>\n<\/tr>\n<tr>\n<td width=\"109\"><strong>SEDE <\/strong>\n<p>\u00a0<\/p>\n<p><strong>CENTRAL<\/strong><\/p>\n<\/td>\n<td width=\"410\">Gallo 238 \u2013 TE: 4865-9005 Int. 25\n<p>\u00a0<\/p>\n<p>TURNO MA\u00d1ANA\u00a0 \u00a0Martes y Viernes de 8:00 a 10:40<\/p>\n<p>Coro y Orquesta: Martes y Viernes de 10:40 a 12:00<\/p>\n<p><u>INSTRUMENTOS<\/u><\/p>\n<p><strong>Arpa, Guitarra, Percusi\u00f3n, Piano, Viola, Viol\u00edn y Violoncello <\/strong><\/p>\n<p>TURNO TARDE\u00a0 \u00a0Martes y Viernes de 14:00 a 16:40<\/p>\n<p>Coro y Orquesta: Martes y Viernes de 16:40 a 18:00<\/p>\n<p><u>INSTRUMENTOS<\/u><\/p>\n<p><strong>Arpa, Clarinete, Flauta traversa, Guitarra, Percusi\u00f3n, Piano, Saxof\u00f3n, Viol\u00edn y Violoncello<\/strong><\/p>\n<\/td>\n<\/tr>\n<\/tbody>\n<\/table>\n<p>Recomendamos a las\/os ni\u00f1as y\u00a0 ni\u00f1os y a sus familias la visita de los siguientes enlaces como introducci\u00f3n al Plan de Ni\u00f1as y Ni\u00f1os y a los Instrumentos:<\/p>\n<p><strong>Encontrar\u00e1n parte de la producci\u00f3n musical que se desarrolla en el Plan Ni\u00f1as y Ni\u00f1os<\/strong><\/p>\n<p>Los instrumentos de la Orquesta Sinf\u00f3nica-Natha Quirico- Partes\u00a0 1 y 2\u200b <a href=\"https:\/\/www.youtube.com\/watch?v=wll6hBYzOKU\"><strong>https:\/\/www.youtube.com\/watch?v=wll6hBYzOKU<\/strong><\/a> <a href=\"https:\/\/www.youtube.com\/watch?v=KmTqbL07i_g\"><strong>https:\/\/www.youtube.com\/watch?v=KmTqbL07i_g<\/strong><\/a><\/p>\n<p>Pedro y el Lobo- Serguei Prokofiev- Orquesta Sinf\u00f3nica Juvenil Jos\u00e9 de San Martin <a href=\"https:\/\/www.youtube.com\/watch?v=YSYYpVw_6aY\"><strong>https:\/\/www.youtube.com\/watch?v=YSYYpVw_6aY<\/strong><\/a><\/p>\n<p><a href=\"https:\/\/www.youtube.com\/channel\/UCKaNoBtJhladU2lm1NaCLnA\"><strong>Puede visualizar videos de otros INSTRUMENTOS ingresando<\/strong><\/a><u>\u200b<\/u> <u>\u200b<\/u><a href=\"https:\/\/www.youtube.com\/channel\/UCKaNoBtJhladU2lm1NaCLnA\"><strong>al<\/strong><\/a><u>\u200b<\/u> <u>\u200b<\/u><a href=\"https:\/\/www.youtube.com\/channel\/UCKaNoBtJhladU2lm1NaCLnA\"><strong>CANAL de<\/strong><\/a> <a href=\"https:\/\/www.youtube.com\/channel\/UCKaNoBtJhladU2lm1NaCLnA\"><strong>Youtube del CSMMF<\/strong><\/a><\/p>\n<p>Tambi\u00e9n recomendamos visitar los enlaces de la INTRODUCCI\u00d3N A LOS INSTRUMENTOS que realizan los Profesores de nuestro Conservatorio:<\/p>\n<p><strong>PERCUSI\u00d3N<\/strong>\u200b: \u00a0\u00a0https:\/\/www.youtube.com\/watch?v=_BuXrTwPQDc<\/p>\n<p><strong>ARPA:<\/strong>\u200b \u00a0https:\/\/www.youtube.com\/watch?v=F5uDlpXWu8Q<\/p>\n<p><strong>TROMPETA:<\/strong>\u200b \u00a0https:\/\/www.youtube.com\/watch?v=IxDN7q3bBAQ<\/p>\n<p><strong>OBOE:<\/strong>\u200b \u00a0https:\/\/www.youtube.com\/watch?v=N7NEIfAHeWk<\/p>\n<p><strong>CLARINETE:<\/strong>\u200b \u00a0https:\/\/www.youtube.com\/watch?v=AweiEMGZTD4<\/p>\n<p><strong>VIOLA:<\/strong>\u200b \u00a0https:\/\/www.youtube.com\/watch?v=1WD9qTtP-rU<\/p>\n<p>Si despu\u00e9s de haber le\u00eddo atentamente la informaci\u00f3n anterior, \u00e9sta NO responde sus preguntas, puede formularlas a la <strong>Coordinaci\u00f3n del Departamento Ni\u00f1as y Ni\u00f1os<\/strong>:\u200b<\/p>\n<p style=\"text-align: center;\"><strong>departamentonyncsmmf@gmail.com<\/strong><\/p>\n<p><strong><u>NOTA<\/u><\/strong>:<u>\u200b<\/u> la presente direcci\u00f3n de correo est\u00e1 habilitada para recibir y dar respuesta a las consultas <strong>exclusivamente<\/strong>\u200b\u00a0durante el ciclo lectivo. En el mes de enero y la primera quincena\u200b del mes de febrero, no se atender\u00e1 por receso de actividades.<\/p>\n<table width=\"654\">\n<tbody>\n<tr>\n<td width=\"654\">\u00a0<\/td>\n<\/tr>\n<\/tbody>\n<\/table>\n\n\n<p><\/p>\n","protected":false},"excerpt":{"rendered":"<p>\u00a0 MUESTRAS DE INSTRUMENTOS: -Los instrumentos de la Orquesta Sinf\u00f3nica-Natha Quirico- Partes\u00a0 1 y 2\u200b\u00a0https:\/\/www.youtube.com\/watch?v=wll6hBYzOKU\u00a0https:\/\/www.youtube.com\/watch?v=KmTqbL07i_g -Pedro y el Lobo- Serguei Prokofiev- Orquesta Sinf\u00f3nica Juvenil Jos\u00e9 de San Martin\u00a0https:\/\/www.youtube.com\/watch?v=YSYYpVw_6aY &#8211;Pueden\u00a0 visualizar otros videos de INSTRUMENTOS y CLASES DEL PLAN NI\u00d1AS Y NI\u00d1OS, ingresando\u200b\u00a0\u200bal\u200b canal de Youtube: conservatorio manuel de falla plan ni\u00f1os &#8211; YouTube Tambi\u00e9n recomendamos &#8230; <a title=\"Plan Ni\u00f1as y Ni\u00f1os\" class=\"read-more\" href=\"https:\/\/cmfalla-caba.infd.edu.ar\/sitio\/plan-nyn\/\" aria-label=\"More on Plan Ni\u00f1as y Ni\u00f1os\">[+]<\/a><\/p>\n","protected":false},"author":3745,"featured_media":0,"parent":0,"menu_order":0,"comment_status":"closed","ping_status":"closed","template":"","meta":[],"acf":[],"_links":{"self":[{"href":"https:\/\/cmfalla-caba.infd.edu.ar\/sitio\/wp-json\/wp\/v2\/pages\/3112"}],"collection":[{"href":"https:\/\/cmfalla-caba.infd.edu.ar\/sitio\/wp-json\/wp\/v2\/pages"}],"about":[{"href":"https:\/\/cmfalla-caba.infd.edu.ar\/sitio\/wp-json\/wp\/v2\/types\/page"}],"author":[{"embeddable":true,"href":"https:\/\/cmfalla-caba.infd.edu.ar\/sitio\/wp-json\/wp\/v2\/users\/3745"}],"replies":[{"embeddable":true,"href":"https:\/\/cmfalla-caba.infd.edu.ar\/sitio\/wp-json\/wp\/v2\/comments?post=3112"}],"version-history":[{"count":59,"href":"https:\/\/cmfalla-caba.infd.edu.ar\/sitio\/wp-json\/wp\/v2\/pages\/3112\/revisions"}],"predecessor-version":[{"id":7561,"href":"https:\/\/cmfalla-caba.infd.edu.ar\/sitio\/wp-json\/wp\/v2\/pages\/3112\/revisions\/7561"}],"wp:attachment":[{"href":"https:\/\/cmfalla-caba.infd.edu.ar\/sitio\/wp-json\/wp\/v2\/media?parent=3112"}],"curies":[{"name":"wp","href":"https:\/\/api.w.org\/{rel}","templated":true}]}}