{"id":4694,"date":"2019-04-26T14:23:44","date_gmt":"2019-04-26T17:23:44","guid":{"rendered":"https:\/\/cmfalla-caba.infd.edu.ar\/sitio\/?page_id=4694"},"modified":"2025-05-20T16:12:17","modified_gmt":"2025-05-20T19:12:17","slug":"convenio-especifico-damus-una-csmmf-dgeart","status":"publish","type":"page","link":"https:\/\/cmfalla-caba.infd.edu.ar\/sitio\/convenio-especifico-damus-una-csmmf-dgeart\/","title":{"rendered":"Convenio Espec\u00edfico                                                                                Damus (UNA)-Manuel de Falla (Dgeart)"},"content":{"rendered":"<p><style> body {font-family: 'nunito', sans-serif;}<br \/>\n<\/style>\n<\/p>\n<style>\n@import url('https:\/\/fonts.googleapis.com\/css2?family=Nunito:wght@400;700&display=swap');<\/p>\n<p>.mi-tipografia {<br \/>\n    font-family: 'Nunito', sans-serif;<br \/>\n}<br \/>\n<\/style>\n\n\n<p class=\"has-text-align-center\">                                        <\/p>\n\n\n\n<p class=\"has-text-align-center\">El acuerdo de reciprocidad entre el&nbsp;Departamento de Artes Musicales (DAMus), perteneciente a la Universidad Nacional de las Artes (UNA) y el Conservatorio Superior de M\u00fasica \u201cManuel de Falla\u201d, perteneciente a la Direcci\u00f3n General Art\u00edstica (DGEART), reconocen&nbsp;equivalencias entre las asignaturas correspondientes a los planes de estudios de las carreras con orientaci\u00f3n CANTO y\/o INSTRUMENTO*.<\/p>\n\n\n\n<p>Los\/as graduados\/as de las licenciaturas del DAMus, podr\u00e1n obtener el t\u00edtulo otorgado por el Profesorado del CSMMF, que a continuaci\u00f3n se detalla:<\/p>\n\n\n\n<p>\u2013 Profesor\/a de Educaci\u00f3n Superior en M\u00fasica en diferentes Orientaciones instrumentales o canto.<\/p>\n\n\n\n<p>Planes:<\/p>\n\n\n\n<p>\u2013 RS SSGECP 542\/2015<\/p>\n\n\n\n<p>\u2013 RS SSGECP 539\/2015<\/p>\n\n\n\n<p>Solamente podr\u00e1n formar parte del Convenio los\/as graduados\/as de ambas instituciones, es decir, que ya completaron todo el plan de estudios y tienen su t\u00edtulo o certificado de t\u00edtulo en tr\u00e1mite.<\/p>\n\n\n\n<p><strong>Disposici\u00f3n Dgeart del Convenio<\/strong><\/p>\n\n\n\n<p><a href=\"https:\/\/cmfalla-caba.infd.edu.ar\/aula\/archivos\/repositorio\/\/3000\/3167\/DI-2022-12381088-GCABA-DGEART.pdf\">https:\/\/cmfalla-caba.infd.edu.ar\/aula\/archivos\/repositorio\/\/3000\/3167\/DI-2022-12381088-GCABA-DGEART.pdf<\/a><br><br><strong>Cuadro de  Equivalencias de Espacios Curriculares<\/strong><\/p>\n\n\n\n<p><a href=\"https:\/\/cmfalla-caba.infd.edu.ar\/aula\/archivos\/repositorio\/\/3000\/3169\/DI-2022-11822715-GCABA-DGEART1.pdf\">https:\/\/cmfalla-caba.infd.edu.ar\/aula\/archivos\/repositorio\/\/3000\/3169\/DI-2022-11822715-GCABA-DGEART1.pdf<\/a><\/p>\n\n\n\n<p><strong>Cuadro de Equivalencias de Espacios Curriculares<\/strong><\/p>\n\n\n\n<p><a href=\"https:\/\/cmfalla-caba.infd.edu.ar\/aula\/archivos\/repositorio\/\/3000\/3168\/DI-2022-11823041-GCABA-DGEART1.pdf\">https:\/\/cmfalla-caba.infd.edu.ar\/aula\/archivos\/repositorio\/\/3000\/3168\/DI-2022-11823041-GCABA-DGEART1.pdf<\/a><\/p>\n\n\n\n<p class=\"has-text-align-left\"><strong>Documentaci\u00f3n a presentar:<\/strong><\/p>\n\n\n\n<ul>\n<li>Carpeta de 3 solapas y folio oficio.<\/li>\n\n\n\n<li>Fotocopia del DNI.<\/li>\n\n\n\n<li>Fotocopia del T\u00edtulo o Certificado de t\u00edtulo en tr\u00e1mite expedido por el DAMus.<\/li>\n\n\n\n<li>Fotocopia de T\u00edtulo secundario.<\/li>\n<\/ul>\n\n\n\n<p>Todas las fotocopias deber\u00e1n estar acompa\u00f1adas por los originales, para la verificaci\u00f3n.<\/p>\n\n\n\n<p><strong>Entrega de documentaci\u00f3n: <\/strong><\/p>\n\n\n\n<p>Se realiza en Sede central .<\/p>\n\n\n\n<p>Desde el  7 hasta el  17 de febrero en el horario de 9:00 a 15:00 horas.<\/p>\n\n\n\n<p>Consultas:<\/p>\n\n\n\n<ul>\n<li>Para los\/as graduados\/as del DAMus escribir a: <a href=\"mailto:mesadeentradasCSMMF@buenosaires.gob.ar\">mesadeentradasCSMMF@buenosaires.gob.ar<\/a><\/li>\n<\/ul>\n\n\n\n<ul>\n<li>Para los\/as graduados\/as del CSMMF escribir a: <a href=\"mailto:damusconvenios@gmail.com\">damusconvenios@gmail.com<\/a><\/li>\n<\/ul>\n\n\n\n<p><\/p>\n\n\n\n<p><\/p>\n\n\n\n<h2 class=\"wp-block-heading\"><\/h2>\n","protected":false},"excerpt":{"rendered":"<p>El acuerdo de reciprocidad entre el&nbsp;Departamento de Artes Musicales (DAMus), perteneciente a la Universidad Nacional de las Artes (UNA) y el Conservatorio Superior de M\u00fasica \u201cManuel de Falla\u201d, perteneciente a la Direcci\u00f3n General Art\u00edstica (DGEART), reconocen&nbsp;equivalencias entre las asignaturas correspondientes a los planes de estudios de las carreras con orientaci\u00f3n CANTO y\/o INSTRUMENTO*. Los\/as graduados\/as &#8230; <a title=\"Convenio Espec\u00edfico                                                                                Damus (UNA)-Manuel de Falla (Dgeart)\" class=\"read-more\" href=\"https:\/\/cmfalla-caba.infd.edu.ar\/sitio\/convenio-especifico-damus-una-csmmf-dgeart\/\" aria-label=\"More on Convenio Espec\u00edfico                                                                                Damus (UNA)-Manuel de Falla (Dgeart)\">[+]<\/a><\/p>\n","protected":false},"author":3745,"featured_media":0,"parent":0,"menu_order":0,"comment_status":"closed","ping_status":"closed","template":"","meta":[],"acf":[],"_links":{"self":[{"href":"https:\/\/cmfalla-caba.infd.edu.ar\/sitio\/wp-json\/wp\/v2\/pages\/4694"}],"collection":[{"href":"https:\/\/cmfalla-caba.infd.edu.ar\/sitio\/wp-json\/wp\/v2\/pages"}],"about":[{"href":"https:\/\/cmfalla-caba.infd.edu.ar\/sitio\/wp-json\/wp\/v2\/types\/page"}],"author":[{"embeddable":true,"href":"https:\/\/cmfalla-caba.infd.edu.ar\/sitio\/wp-json\/wp\/v2\/users\/3745"}],"replies":[{"embeddable":true,"href":"https:\/\/cmfalla-caba.infd.edu.ar\/sitio\/wp-json\/wp\/v2\/comments?post=4694"}],"version-history":[{"count":14,"href":"https:\/\/cmfalla-caba.infd.edu.ar\/sitio\/wp-json\/wp\/v2\/pages\/4694\/revisions"}],"predecessor-version":[{"id":10179,"href":"https:\/\/cmfalla-caba.infd.edu.ar\/sitio\/wp-json\/wp\/v2\/pages\/4694\/revisions\/10179"}],"wp:attachment":[{"href":"https:\/\/cmfalla-caba.infd.edu.ar\/sitio\/wp-json\/wp\/v2\/media?parent=4694"}],"curies":[{"name":"wp","href":"https:\/\/api.w.org\/{rel}","templated":true}]}}