{"id":5504,"date":"2020-10-23T12:54:45","date_gmt":"2020-10-23T15:54:45","guid":{"rendered":"https:\/\/cmfalla-caba.infd.edu.ar\/sitio\/?page_id=5504"},"modified":"2026-03-20T16:45:08","modified_gmt":"2026-03-20T19:45:08","slug":"musica-popular-argentina","status":"publish","type":"page","link":"https:\/\/cmfalla-caba.infd.edu.ar\/sitio\/musica-popular-argentina\/","title":{"rendered":"M\u00fasica Popular Argentina"},"content":{"rendered":"\n<p><style type=\"text\/css\"><span data-mce-type=\"bookmark\" style=\"display: inline-block; width: 0px; overflow: hidden; line-height: 0;\" class=\"mce_SELRES_start\">\ufeff<\/span><span data-mce-type=\"bookmark\" style=\"display: inline-block; width: 0px; overflow: hidden; line-height: 0;\" class=\"mce_SELRES_start\">\ufeff<\/span><br \/><!-- .style3 { font-size: 8px; color: #003466; font-weight: bold; } --><br \/><\/style><\/p>\n\n\n\n<p style=\"font-size:15px\">La Carrera de M\u00fasica Popular Argentina, es un espacio en el cual se abordan los lenguajes que hacen a la identidad de las m\u00fasicas de nuestro pa\u00eds (Folklore y Tango). Viol\u00edn, Viola, Violonchelo, Contrabajo, Bajo El\u00e9ctrico, Guitarra, Charango, Flauta, Clarinete, Saxo, Acorde\u00f3n, Bandone\u00f3n, Piano, Canto, son los instrumentos que integran este abanico sonoro y que brindan la posibilidad, no s\u00f3lo de un perfeccionamiento t\u00e9cnico en cada uno de esos instrumentos y el acceso a los saberes que hacen al manejo de los c\u00f3digos propios de nuestra m\u00fasica, sino tambi\u00e9n, el tr\u00e1nsito por experiencias de m\u00fasica colectiva, en distintos espacios (Ensambles de Tango y Folklore, Orquesta, etc.) y el abordaje al manejo de las herramientas pedag\u00f3gicas, necesarias para la transmisi\u00f3n de esos saberes.<\/p>\n\n\n\n<div class=\"wp-block-columns is-layout-flex wp-container-3\">\n<div class=\"wp-block-column is-layout-flow\">\n<figure class=\"wp-block-image size-full is-style-default\"><img decoding=\"async\" loading=\"lazy\" width=\"1280\" height=\"850\" src=\"https:\/\/cmfalla-caba.infd.edu.ar\/sitio\/wp-content\/uploads\/2023\/12\/6.jpg\" alt=\"\" class=\"wp-image-7925\" srcset=\"https:\/\/cmfalla-caba.infd.edu.ar\/sitio\/wp-content\/uploads\/2023\/12\/6.jpg 1280w, https:\/\/cmfalla-caba.infd.edu.ar\/sitio\/wp-content\/uploads\/2023\/12\/6-1000x664.jpg 1000w, https:\/\/cmfalla-caba.infd.edu.ar\/sitio\/wp-content\/uploads\/2023\/12\/6-768x510.jpg 768w\" sizes=\"(max-width: 1280px) 100vw, 1280px\" \/><\/figure>\n<\/div>\n\n\n\n<div class=\"wp-block-column is-layout-flow\">\n<figure class=\"wp-block-image size-full is-style-default\"><img decoding=\"async\" loading=\"lazy\" width=\"587\" height=\"455\" src=\"https:\/\/cmfalla-caba.infd.edu.ar\/sitio\/wp-content\/uploads\/2025\/09\/bando.jpg\" alt=\"\" class=\"wp-image-10897\"\/><\/figure>\n<\/div>\n<\/div>\n\n\n\n<figure class=\"wp-block-embed is-type-video is-provider-youtube wp-block-embed-youtube wp-embed-aspect-16-9 wp-has-aspect-ratio\"><div class=\"wp-block-embed__wrapper\">\n<iframe loading=\"lazy\" title=\"M\u00fasica Popular Argentina - CSMMF\" width=\"1200\" height=\"675\" src=\"https:\/\/www.youtube.com\/embed\/wrVIYTfnYis?feature=oembed\" frameborder=\"0\" allow=\"accelerometer; autoplay; clipboard-write; encrypted-media; gyroscope; picture-in-picture; web-share\" referrerpolicy=\"strict-origin-when-cross-origin\" allowfullscreen><\/iframe>\n<\/div><\/figure>\n\n\n\n<figure class=\"wp-block-embed is-type-video is-provider-youtube wp-block-embed-youtube wp-embed-aspect-16-9 wp-has-aspect-ratio\"><div class=\"wp-block-embed__wrapper\">\n<iframe loading=\"lazy\" title=\"Orquesta de Tango del Falla | Tango BA Festival 2025\" width=\"1200\" height=\"675\" src=\"https:\/\/www.youtube.com\/embed\/RQFr9iW8eyY?feature=oembed\" frameborder=\"0\" allow=\"accelerometer; autoplay; clipboard-write; encrypted-media; gyroscope; picture-in-picture; web-share\" referrerpolicy=\"strict-origin-when-cross-origin\" allowfullscreen><\/iframe>\n<\/div><\/figure>\n\n\n\n<div class=\"wp-block-buttons is-layout-flex\">\n<div class=\"wp-block-button has-custom-width wp-block-button__width-100\"><a class=\"wp-block-button__link has-contrast-background-color has-background wp-element-button\">Plantel docente de M\u00fasica Popular Argentina<\/a><\/div>\n<\/div>\n\n\n\n<div class=\"wp-block-columns is-layout-flex wp-container-12\">\n<div class=\"wp-block-column is-layout-flow\">\n<!-- TANGO --> <h2 style=\"color: #2d8e64; border-left: 6px solid #2d8e64; padding-left: 12px; margin-top: 40px;\">Tecnicatura Superior en Tango<\/h2> \n\n\n<p><strong>Duraci\u00f3n:<\/strong> 3 a\u00f1os<\/p> <p><strong>Orientaciones:<\/strong> <p><em>Acorde\u00f3n, Bajo El\u00e9ctrico, Bandone\u00f3n, Canto, Charango, Clarinete, Contrabajo, Flauta Traversa, Guitarra, Percusi\u00f3n, Piano, Saxo, Viola, Viol\u00edn, Violonchelo<\/em><\/p> \n\n<a href=\"https:\/\/cmfalla-caba.infd.edu.ar\/aula\/archivos\/repositorio\/\/3000\/3238\/RS-2023-4783-GCABA-MEDGC.pdf\" target=\"_blank\" style=\"display: inline-block; margin: 8px 0 15px 12px; background-color: #2d8e64; color: white; padding: 6px 14px; border-radius: 30px; text-decoration: none; font-size: 13px;\" rel=\"noopener\">\n  Resoluci\u00f3n\n<\/a>\n\n<a href=\"https:\/\/cmfalla-caba.infd.edu.ar\/aula\/archivos\/repositorio\/\/3000\/3239\/IF-2022-11713691-GCABA-DGEART.pdf\" target=\"_blank\" style=\"display: inline-block; margin: 8px 0 15px 12px; background-color: #2d8e64; color: white; padding: 6px 14px; border-radius: 30px; text-decoration: none; font-size: 13px;\" rel=\"noopener\">\nPlan de Estudios\n<\/a>\n\n<a href=\"https:\/\/cmfalla-caba.infd.edu.ar\/sitio\/wp-content\/uploads\/2025\/10\/TEC-NUEVAS-Tango-corregida.pdf\"_blank\"\n   style=\"display: inline-block; margin: 8px 0 15px 12px; background-color: #2d8e64; color: white; padding: 6px 14px; border-radius: 30px; text-decoration: none; font-size: 13px;\">\nAnualizaci\u00f3n\n<\/a>\n\n\n\n<div class=\"wp-block-buttons is-layout-flex\">\n<div class=\"wp-block-button has-custom-width wp-block-button__width-100\"><a class=\"wp-block-button__link has-background wp-element-button\" href=\"https:\/\/cmfalla-caba.infd.edu.ar\/sitio\/wp-content\/uploads\/2025\/10\/correlatividades-tango.pdf\" style=\"background-color:#2d8e64\">Correlatividades<\/a><\/div>\n<\/div>\n\n\n\n<!-- FOLCLORE--> <h2 style=\"color: #2d8e64; border-left: 6px solid #2d8e64; padding-left: 12px; margin-top: 40px;\">Tecnicatura Superior en Folclore<\/h2> \n\n\n<p><strong>Duraci\u00f3n:<\/strong> 3 a\u00f1os<\/p> <p><strong>Orientaciones:<\/strong> <p><em>Acorde\u00f3n, Bajo El\u00e9ctrico, Bandone\u00f3n, Canto, Charango, Clarinete, Contrabajo, Flauta Traversa, Guitarra, Percusi\u00f3n, Piano, Saxo, Viola, Viol\u00edn, Violonchelo<\/em><\/p> \n\n<a href=\"https:\/\/cmfalla-caba.infd.edu.ar\/aula\/archivos\/repositorio\/\/3000\/3154\/RS-2022-5100-GCABA-MEDGC_Folclore_1.pdf\" target=\"_blank\" style=\"display: inline-block; margin: 8px 0 15px 12px; background-color: #2d8e64; color: white; padding: 6px 14px; border-radius: 30px; text-decoration: none; font-size: 13px;\" rel=\"noopener\">\n  Resoluci\u00f3n\n<\/a>\n\n<a href=\"https:\/\/cmfalla-caba.infd.edu.ar\/sitio\/wp-content\/uploads\/2026\/02\/IF-2022-11712327-GCABA-DGEART_Folclore.pdf\" style=\"display: inline-block; margin: 8px 0 15px 12px; background-color: #2d8e64; color: white; padding: 6px 14px; border-radius: 30px; text-decoration: none; font-size: 13px;\" rel=\"noopener\">\n  Plan de Estudios\n<\/a>\n\n<a href=\"https:\/\/cmfalla-caba.infd.edu.ar\/sitio\/wp-content\/uploads\/2025\/10\/TEC-NUEVAS-Folclore-corregida.pdf\"_blank\"\n   style=\"display: inline-block; margin: 8px 0 15px 12px; background-color: #2d8e64; color: white; padding: 6px 14px; border-radius: 30px; text-decoration: none; font-size: 13px;\">\nAnualizaci\u00f3n\n<\/a>\n\n\n\n<div class=\"wp-block-buttons is-layout-flex\">\n<div class=\"wp-block-button has-custom-width wp-block-button__width-100\"><a class=\"wp-block-button__link has-background wp-element-button\" href=\"https:\/\/cmfalla-caba.infd.edu.ar\/sitio\/wp-content\/uploads\/2025\/10\/correlatividades-folclore.pdf\" style=\"background-color:#2d8e64\">Correlatividades<\/a><\/div>\n<\/div>\n\n\n\n<p><\/p>\n\n\n\n<div class=\"wp-block-buttons is-layout-flex\">\n<div class=\"wp-block-button has-custom-width wp-block-button__width-100 has-custom-font-size\" style=\"font-size:19px\"><a class=\"wp-block-button__link has-background wp-element-button\" href=\"https:\/\/cmfalla-caba.infd.edu.ar\/sitio\/wp-content\/uploads\/2026\/03\/Regimen-de-correspondencias-2025.pdf\" style=\"background-color:#2d8e64\"><strong>R\u00e9gimen de correspondencias<\/strong> de materias<br>a las nuevas tecnicaturas vigentes <\/a><\/div>\n<\/div>\n<\/div>\n\n\n\n<div class=\"wp-block-column is-layout-flow\">\n<!-- PROFESORADOS --> <h2 style=\"color: #1990CC; border-left: 6px solid #1990CC; padding-left: 12px; margin-top: 40px;\">Profesorados en M\u00fasica Popular Argentina<\/h2> \n\n\n<p><strong>Profesorado en M\u00fasica Popular Argentina:<\/strong> Duraci\u00f3n de 4 a\u00f1os<\/p> <p>\n<a href=\"https:\/\/cmfalla-caba.infd.edu.ar\/sitio\/wp-content\/uploads\/2026\/02\/RS-2015-513-SSGECPEtno-y-MPA-4-anos.pdf\"\n   style=\"display: inline-block; margin: 8px 0 15px 12px; background-color: #1990CC; color: white; padding: 6px 14px; border-radius: 30px; text-decoration: none; font-size: 13px;\">\nResoluci\u00f3n\n<\/a>\n\n\n<a href=\"https:\/\/cmfalla-caba.infd.edu.ar\/sitio\/wp-content\/uploads\/2026\/02\/Profesorado-2015-MPA-4-anos.pdf\"\n   style=\"display: inline-block; margin: 8px 0 15px 12px; background-color: #1990CC; color: white; padding: 6px 14px; border-radius: 30px; text-decoration: none; font-size: 13px;\">\nPlan de Estudios\n<\/a>\n\n<a href=\"https:\/\/cmfalla-caba.infd.edu.ar\/sitio\/wp-content\/uploads\/2024\/10\/Anualizacion-Prof-MPA-4-2024.pdf\"\n   style=\"display: inline-block; margin: 8px 0 15px 12px; background-color: #1990CC; color: white; padding: 6px 14px; border-radius: 30px; text-decoration: none; font-size: 13px;\">\nAnualizaci\u00f3n\n<\/a>\n\n<p><strong>Profesorados en Educaci\u00f3n Superior en M\u00fasica Popular Argentina:<\/strong>  Duraci\u00f3n de 5 a\u00f1os<\/p> <p>\n\n<a href=\"https:\/\/cmfalla-caba.infd.edu.ar\/sitio\/wp-content\/uploads\/2026\/02\/RS-2015-515-SSGECPEtno-y-MPA-5-anos.pdf\"\n   style=\"display: inline-block; margin: 8px 0 15px 12px; background-color: #1990CC; color: white; padding: 6px 14px; border-radius: 30px; text-decoration: none; font-size: 13px;\">\nResoluci\u00f3n\n<\/a>\n\n\n<a href=\"https:\/\/cmfalla-caba.infd.edu.ar\/sitio\/planes-curriculares-institucionales-2015\/\"\n   style=\"display: inline-block; margin: 8px 0 15px 12px; background-color: #1990CC; color: white; padding: 6px 14px; border-radius: 30px; text-decoration: none; font-size: 13px;\">\nPlan de Estudios\n<\/a>\n\n<a href=\"https:\/\/cmfalla-caba.infd.edu.ar\/sitio\/wp-content\/uploads\/2024\/10\/Anualizacion-Prof-MPA-5-2024.pdf\"\n   style=\"display: inline-block; margin: 8px 0 15px 12px; background-color: #1990CC; color: white; padding: 6px 14px; border-radius: 30px; text-decoration: none; font-size: 13px;\">\nAnualizaci\u00f3n\n<\/a>\n\n\n\n<div class=\"wp-block-buttons is-layout-flex\">\n<div class=\"wp-block-button has-custom-width wp-block-button__width-100\"><a class=\"wp-block-button__link has-background wp-element-button\" href=\"https:\/\/cmfalla-caba.infd.edu.ar\/sitio\/wp-content\/uploads\/2024\/03\/Regimen_de_CORRELATIVIDADES-Musica-Popular-Argentina.pdf\" style=\"background-color:#1990cc\">Correlatividades<\/a><\/div>\n<\/div>\n\n\n\n<p\/>\n\n\n\n<div class=\"wp-block-buttons is-vertical is-layout-flex wp-container-10\">\n<div class=\"wp-block-button has-custom-width wp-block-button__width-100\"><a class=\"wp-block-button__link has-background wp-element-button\" href=\"https:\/\/cmfalla-caba.infd.edu.ar\/sitio\/wp-content\/uploads\/2023\/12\/Regimen_de_PROMOCION_de_asignaturas_PCI_28-12-15_CD_LCH.pdf\" style=\"background-color:#1990cc\">R\u00e9gimen de Promoci\u00f3n<\/a><\/div>\n<\/div>\n<\/div>\n<\/div>\n\n\n\n<div class=\"wp-block-buttons is-layout-flex\">\n<div class=\"wp-block-button has-custom-width wp-block-button__width-100\"><a class=\"wp-block-button__link has-contrast-background-color has-background wp-element-button\">Coordinaci\u00f3n: Fabi\u00e1n Bertero<\/a><\/div>\n<\/div>\n\n\n\n<div class=\"wp-block-columns is-layout-flex wp-container-18\">\n<div class=\"wp-block-column is-layout-flow\">\n<div class=\"wp-block-columns is-layout-flex wp-container-16\">\n<div class=\"wp-block-column is-layout-flow\">\n<div style=\"max-width: 600px; margin: 40px auto; padding: 30px; text-align: center; border-radius: 16px; background: linear-gradient(135deg, #f8f9fa, #e3f2fd); box-shadow: 0 4px 16px rgba(0,0,0,0.1); font-family: sans-serif;\">\n\n  <h2 style=\"font-size: 26px; color: #262626; margin-bottom: 15px;\">&#x1f4e9; Contacto de la carrera<\/h2>\n\n  <p style=\"font-size: 18px; color: #555; margin-bottom: 25px;\">\n    \u00bfNecesit\u00e1s contactarte con el departamento de la carrera de M\u00fasica Popular Argentina?\n  <\/p>\n\n  <span style=\"display: inline-block; background-color: #1565c0; color: white; padding: 14px 28px; font-size: 17px; border-radius: 10px; text-decoration: none; font-weight: bold;\">\n    &#x1f4e7; coordinaciontangoyfolclore@gmail.com\n  <\/span>\n\n<\/div>\n<\/div>\n\n\n\n<div class=\"wp-block-column is-layout-flow\">\n<div style=\"max-width: 600px; margin: 40px auto; padding: 30px; text-align: center; border-radius: 16px; background: linear-gradient(135deg, #f8f9fa, #e3f2fd); box-shadow: 0 4px 16px rgba(0,0,0,0.1); font-family: sans-serif;\">\n\n  <h2 style=\"font-size: 26px; color: #262626; margin-bottom: 15px;\">\u00a1Conoc\u00e9 m\u00e1s de la carrera!<\/h2>\n\n  <p style=\"font-size: 18px; color: #555; margin-bottom: 25px;\">Para ver actividades y noticias del Departamento de M\u00fasica Popular Argentina.<\/p>\n\n  <a href=\"https:\/\/www.instagram.com\/carrerampa.csmmf\/\" target=\"_blank\" style=\"display: inline-block; background-color: #E1306C; color: white; padding: 14px 28px; font-size: 17px; border-radius: 10px; text-decoration: none; font-weight: bold; transition: background-color 0.3s ease;\" rel=\"noopener\">\n    &#x1f4f8; Seguir en Instagram\n  <\/a>\n\n<\/div>\n<\/div>\n<\/div>\n<\/div>\n<\/div>\n\n\n\n<div class=\"wp-block-buttons is-layout-flex\">\n<div class=\"wp-block-button has-custom-width wp-block-button__width-100\"><a class=\"wp-block-button__link has-background wp-element-button\" style=\"border-radius:0px;background:linear-gradient(135deg,rgb(0,0,0) 0%,rgb(129,129,129) 100%)\">Ingreso 2026 al Nivel Superior en M\u00fasica Popular Argentina<\/a><\/div>\n<\/div>\n\n\n\n<p>Una vez realizada la pre-inscripci\u00f3n online (del 15\/12\/25 al 9\/2\/26), leer atentamente las fechas e instancias espec\u00edficas de los coloquios de ingreso a M\u00fasica Popular Argentina<\/p>\n\n\n\n<p><strong>FECHAS DE EX\u00c1MENES DE INGRESO<\/strong><\/p>\n\n\n\n<figure class=\"wp-block-image size-full\"><img decoding=\"async\" loading=\"lazy\" width=\"926\" height=\"538\" src=\"https:\/\/cmfalla-caba.infd.edu.ar\/sitio\/wp-content\/uploads\/2025\/12\/image-5.png\" alt=\"\" class=\"wp-image-11229\" srcset=\"https:\/\/cmfalla-caba.infd.edu.ar\/sitio\/wp-content\/uploads\/2025\/12\/image-5.png 926w, https:\/\/cmfalla-caba.infd.edu.ar\/sitio\/wp-content\/uploads\/2025\/12\/image-5-768x446.png 768w\" sizes=\"(max-width: 926px) 100vw, 926px\" \/><\/figure>\n\n\n\n<p><strong>PROCESO DE ADMISI\u00d3N<\/strong><\/p>\n\n\n\n<p>Se realizar\u00e1 un coloquio com\u00fan a TODOS los aspirantes a ingreso, dividido en dos partes:<\/p>\n\n\n\n<p>1\u00ba Parte: <strong>EVALUACI\u00d3N DE RECONOCIMIENTO AUDITIVO<\/strong>:<\/p>\n\n\n\n<ul>\n<li>Reconocimiento auditivo de acordes\/texturas, modos (mayor y menor), tipos de escalas (direccionalidad\/movimiento), ritmos (ternarios, binarios, polirritmias).&nbsp;<\/li>\n\n\n\n<li>Quienes no obtengan un resultado satisfactorio en esta primera instancia, tendr\u00e1n una segunda instancia de recuperatorio en febrero\/marzo.&nbsp;&nbsp;&nbsp;<\/li>\n\n\n\n<li>Esta instancia debe estar aprobada para pasar a la siguiente etapa.<\/li>\n\n\n\n<li><strong>EJEMPLO DE EXAMEN DE IDENTIFICACI\u00d3N AUDITIVA: <\/strong><a href=\"https:\/\/drive.google.com\/file\/d\/1VyQHgZXwjTaD5C3IKRh3O9d-H-tZ-X4f\/view?usp=sharing\">https:\/\/drive.google.com\/file\/d\/1VyQHgZXwjTaD5C3IKRh3O9d-H-tZ-X4f\/view?usp=sharing<\/a>&nbsp;<\/li>\n<\/ul>\n\n\n\n<p>2\u00ba Parte: <strong>EVALUACI\u00d3N DE INSTRUMENTO<\/strong>:<\/p>\n\n\n\n<ul>\n<li>Ejecuci\u00f3n de las obras solicitadas, en las que se evaluar\u00e1: interpretaci\u00f3n musical y elementos t\u00e9cnicos de la especialidad en la m\u00fasica popular.&nbsp;&nbsp;&nbsp;<\/li>\n\n\n\n<li>Quienes obtengan un resultado satisfactorio en ambas instancias, obtendr\u00e1n un puntaje y pasar\u00e1n autom\u00e1ticamente a formar parte de un orden de m\u00e9rito que ser\u00e1 tenido en cuenta al momento de otorgar las vacantes.&nbsp;<\/li>\n\n\n\n<li>Se aprueba con puntaje de 70 (setenta) a 100 (cien). Quien obtenga menos de 70 (setenta) puntos, quedar\u00e1 en lista de espera.&nbsp;&nbsp;<\/li>\n<\/ul>\n\n\n\n<h5 class=\"wp-block-heading\"><strong>Obras a interpretar en el coloquio:<\/strong><\/h5>\n\n\n\n<p><strong>PIANO<\/strong>: 2 obras del siguiente link. Si el ingreso es a profesorado, una obra de tango y una de folclore. Si es ingreso a tecnicatura, 2 obras del g\u00e9nero correspondiente:<\/p>\n\n\n\n<figure class=\"wp-block-embed\"><div class=\"wp-block-embed__wrapper\">\nhttps:\/\/drive.google.com\/drive\/folders\/1fi2_pW6uWSaWiW2Tn26-20_qAAwP072D?usp=drive_link\n<\/div><\/figure>\n\n\n\n<hr class=\"wp-block-separator has-alpha-channel-opacity\"\/>\n\n\n\n<p><strong>PERCUSI\u00d3N<\/strong>: Descargar el instructivo del siguiente link:<\/p>\n\n\n\n<figure class=\"wp-block-embed\"><div class=\"wp-block-embed__wrapper\">\nhttps:\/\/drive.google.com\/file\/d\/1XWk4TIqdCuWlNxck6J5QGN9LQfzbD1LK\/view?usp=drive_link\n<\/div><\/figure>\n\n\n\n<hr class=\"wp-block-separator has-alpha-channel-opacity\"\/>\n\n\n\n<p><strong>CANTO<\/strong>:&nbsp; 2 obras del siguiente link. Si el ingreso es a profesorado, 1 obra de tango y 1 de folclore. Si es ingreso a tecnicatura, 2 obras del g\u00e9nero correspondiente:<\/p>\n\n\n\n<figure class=\"wp-block-embed\"><div class=\"wp-block-embed__wrapper\">\nhttps:\/\/drive.google.com\/drive\/folders\/10KljWr8yYpntDCQSYtj0P9M9uqaofF6Q?usp=drive_link\n<\/div><\/figure>\n\n\n\n<hr class=\"wp-block-separator has-alpha-channel-opacity\"\/>\n\n\n\n<p><strong>BANDONE\u00d3N<\/strong>:&nbsp; 2 obras del siguiente link. Si el ingreso es a profesorado, 1 obra de tango y 1 de folclore. Si es ingreso a tecnicatura, 2 obras del g\u00e9nero correspondiente:<\/p>\n\n\n\n<figure class=\"wp-block-embed\"><div class=\"wp-block-embed__wrapper\">\nhttps:\/\/drive.google.com\/drive\/folders\/1O1cKRFpzMSodzas3LH99ZSb_6PMB7LNS?usp=drive_link\n<\/div><\/figure>\n\n\n\n<hr class=\"wp-block-separator has-alpha-channel-opacity\"\/>\n\n\n\n<p><strong>BAJO EL\u00c9CTRICO:<\/strong>&nbsp; 2 obras del siguiente link. Si el ingreso es a profesorado, 1 obra de tango y 1 de folclore. Si es ingreso a tecnicatura, 2 obras del g\u00e9nero correspondiente: &nbsp; <a href=\"https:\/\/drive.google.com\/drive\/folders\/15GKnQUy8POtINU-aygJvo9zDISKO8NDo?usp=drive_link\">https:\/\/drive.google.com\/drive\/folders\/15GKnQUy8POtINU-aygJvo9zDISKO8NDo?usp=drive_link<\/a><\/p>\n\n\n\n<hr class=\"wp-block-separator has-alpha-channel-opacity\"\/>\n\n\n\n<p><strong>SAXO<\/strong>:&nbsp; 2 obras del siguiente link. Si el ingreso es a profesorado, 1 obra de tango y 1 de folclore. Si es ingreso a tecnicatura, 2 obras del g\u00e9nero correspondiente:<\/p>\n\n\n\n<figure class=\"wp-block-embed\"><div class=\"wp-block-embed__wrapper\">\nhttps:\/\/drive.google.com\/drive\/folders\/1ZyqSxG2XeiLwVXr3gDSKAzs3vfeJqhaV?usp=drive_link\n<\/div><\/figure>\n\n\n\n<hr class=\"wp-block-separator has-alpha-channel-opacity\"\/>\n\n\n\n<p><strong>CHARANGO<\/strong>: Interpretar 2 obras a elecci\u00f3n del siguiente link:<\/p>\n\n\n\n<figure class=\"wp-block-embed\"><div class=\"wp-block-embed__wrapper\">\nhttps:\/\/drive.google.com\/drive\/folders\/19S28d3OjXlv9U6DLQZVGizvl48MlLD4v?usp=drive_link\n<\/div><\/figure>\n\n\n\n<hr class=\"wp-block-separator has-alpha-channel-opacity\"\/>\n\n\n\n<p><strong>ACORDE\u00d3N: <\/strong>2 obras del siguiente link. Si el ingreso es a profesorado, 1 obra de tango y 1 de folclore. Si es ingreso a tecnicatura, 2 obras del g\u00e9nero correspondiente:<\/p>\n\n\n\n<figure class=\"wp-block-embed\"><div class=\"wp-block-embed__wrapper\">\nhttps:\/\/drive.google.com\/drive\/folders\/1NIdlU4JqJ5abLqVQS5W9jaItHj-AgGq6?usp=drive_link\n<\/div><\/figure>\n\n\n\n<hr class=\"wp-block-separator has-alpha-channel-opacity\"\/>\n\n\n\n<p><strong>CLARINETE:<\/strong> 2 obras del siguiente link. Si el ingreso es a profesorado, 1 obra de tango y 1 de folclore. Si es ingreso a tecnicatura, 2 obras del g\u00e9nero correspondiente:&nbsp; <a href=\"https:\/\/drive.google.com\/drive\/folders\/1fWedyvxQ4y1L-o4P87IgsZpO281dvBDO?usp=sharing\">https:\/\/drive.google.com\/drive\/folders\/1fWedyvxQ4y1L-o4P87IgsZpO281dvBDO?usp=sharing<\/a>&nbsp;&nbsp;&nbsp;&nbsp;<\/p>\n\n\n\n<hr class=\"wp-block-separator has-alpha-channel-opacity\"\/>\n\n\n\n<p><strong>VIOL\u00cdN: <\/strong>Interpretar 3 obras.<\/p>\n\n\n\n<p>1 del siguiente link a elecci\u00f3n:<\/p>\n\n\n\n<figure class=\"wp-block-embed\"><div class=\"wp-block-embed__wrapper\">\nhttps:\/\/drive.google.com\/drive\/folders\/1NIU7997mDCQpytQuEJBwo_eHG-os-kza?usp=sharing\n<\/div><\/figure>\n\n\n\n<p>2 obras del siguiente link. Si el ingreso es a profesorado, 1 obra de tango y 1 de folclore. Si es ingreso a tecnicatura, 2 obras del g\u00e9nero correspondiente:<\/p>\n\n\n\n<figure class=\"wp-block-embed\"><div class=\"wp-block-embed__wrapper\">\nhttps:\/\/drive.google.com\/drive\/folders\/1W0RGQML8htvnhmG-z63ET97BELJ_KBLP?usp=sharing\n<\/div><\/figure>\n\n\n\n<hr class=\"wp-block-separator has-alpha-channel-opacity\"\/>\n\n\n\n<p><strong>VIOLA: <\/strong>Interpretar 3 obras.<\/p>\n\n\n\n<p>1 mov de la obra del siguiente link a elecci\u00f3n:<\/p>\n\n\n\n<figure class=\"wp-block-embed\"><div class=\"wp-block-embed__wrapper\">\nhttps:\/\/drive.google.com\/drive\/folders\/1fSNf_BZhpe22T-X2Bfp3ThxUBSHFJkTq?usp=sharing\n<\/div><\/figure>\n\n\n\n<p>2 obras del siguiente link. Si el ingreso es a profesorado, 1 obra de tango y 1 de folclore. Si es ingreso a tecnicatura, 2 obras del g\u00e9nero correspondiente:<\/p>\n\n\n\n<figure class=\"wp-block-embed\"><div class=\"wp-block-embed__wrapper\">\nhttps:\/\/drive.google.com\/drive\/folders\/1UDq_QVgWDvvkBK5rWxmAZOqotUDxyyeV?usp=sharing\n<\/div><\/figure>\n\n\n\n<hr class=\"wp-block-separator has-alpha-channel-opacity\"\/>\n\n\n\n<p><strong>CELLO: <\/strong>Interpretar 3 obras.<\/p>\n\n\n\n<p>1 del siguiente link a elecci\u00f3n:<\/p>\n\n\n\n<figure class=\"wp-block-embed\"><div class=\"wp-block-embed__wrapper\">\nhttps:\/\/drive.google.com\/drive\/folders\/1CQgsxl_JVwmzXe3fyi0ahhhX8y4o_dD1?usp=sharing\n<\/div><\/figure>\n\n\n\n<p>2 obras del siguiente link. Si el ingreso es a profesorado, 1 obra de tango y 1 de folclore. Si es ingreso a tecnicatura, 2 obras del g\u00e9nero correspondiente:<\/p>\n\n\n\n<figure class=\"wp-block-embed\"><div class=\"wp-block-embed__wrapper\">\nhttps:\/\/drive.google.com\/drive\/folders\/1lsNQfQWkZmmIq2LVs5IZv6WtoNB3Cl9k?usp=drive_link\n<\/div><\/figure>\n\n\n\n<hr class=\"wp-block-separator has-alpha-channel-opacity\"\/>\n\n\n\n<p><strong>FLAUTA: <\/strong>Interpretar 3 obras.<\/p>\n\n\n\n<p>1 del siguiente link a elecci\u00f3n:<\/p>\n\n\n\n<figure class=\"wp-block-embed\"><div class=\"wp-block-embed__wrapper\">\nhttps:\/\/drive.google.com\/drive\/folders\/1qtT84DyEA3z7r1FOLOl60oWi0rVJTQvW?usp=sharing\n<\/div><\/figure>\n\n\n\n<p>2 obras del siguiente link. Si el ingreso es a profesorado, 1 obra de tango y 1 de folclore. Si es ingreso a tecnicatura, 2 obras del g\u00e9nero correspondiente:<\/p>\n\n\n\n<figure class=\"wp-block-embed\"><div class=\"wp-block-embed__wrapper\">\nhttps:\/\/drive.google.com\/drive\/folders\/14L4zazp1Xi6Wxiiaa4gkZQWPmG0jxQYs?usp=sharing\n<\/div><\/figure>\n\n\n\n<hr class=\"wp-block-separator has-alpha-channel-opacity\"\/>\n\n\n\n<p><strong>GUITARRA<\/strong>: 2 obras del siguiente link. Si el ingreso es a profesorado, 1 obra de tango y 1 de folclore. Si es ingreso a tecnicatura, 2 obras del g\u00e9nero correspondiente:<\/p>\n\n\n\n<figure class=\"wp-block-embed\"><div class=\"wp-block-embed__wrapper\">\nhttps:\/\/drive.google.com\/drive\/folders\/1yN9EKcSR4YnnvcsHyIyoUDRj_ZFBNTjt?usp=sharing\n<\/div><\/figure>\n\n\n\n<hr class=\"wp-block-separator has-alpha-channel-opacity\"\/>\n\n\n\n<p><strong>CONTRABAJO: <\/strong>Si el ingreso es a profesorado, una obra de tango y una de folclore. Si es ingreso a tecnicatura, 1 obra del g\u00e9nero correspondiente:&nbsp;&nbsp;&nbsp;<\/p>\n\n\n\n<figure class=\"wp-block-embed\"><div class=\"wp-block-embed__wrapper\">\nhttps:\/\/drive.google.com\/drive\/folders\/1_ZXyBse-A1b-akGfgHVuwGhCFQsKVQUF?usp=drive_link\n<\/div><\/figure>\n\n\n\n<hr class=\"wp-block-separator has-alpha-channel-opacity\"\/>\n\n\n\n<p>CONSULTAS:<br>Fabi\u00e1n Bertero (Coordinador de la carrera de MPA).<br>Mail de contacto: coordinaciontangoyfolclore@gmail.com&nbsp;<\/p>\n","protected":false},"excerpt":{"rendered":"<p>La Carrera de M\u00fasica Popular Argentina, es un espacio en el cual se abordan los lenguajes que hacen a la identidad de las m\u00fasicas de nuestro pa\u00eds (Folklore y Tango). Viol\u00edn, Viola, Violonchelo, Contrabajo, Bajo El\u00e9ctrico, Guitarra, Charango, Flauta, Clarinete, Saxo, Acorde\u00f3n, Bandone\u00f3n, Piano, Canto, son los instrumentos que integran este abanico sonoro y que &#8230; <a title=\"M\u00fasica Popular Argentina\" class=\"read-more\" href=\"https:\/\/cmfalla-caba.infd.edu.ar\/sitio\/musica-popular-argentina\/\" aria-label=\"More on M\u00fasica Popular Argentina\">[+]<\/a><\/p>\n","protected":false},"author":3050,"featured_media":0,"parent":0,"menu_order":0,"comment_status":"closed","ping_status":"closed","template":"","meta":[],"acf":[],"_links":{"self":[{"href":"https:\/\/cmfalla-caba.infd.edu.ar\/sitio\/wp-json\/wp\/v2\/pages\/5504"}],"collection":[{"href":"https:\/\/cmfalla-caba.infd.edu.ar\/sitio\/wp-json\/wp\/v2\/pages"}],"about":[{"href":"https:\/\/cmfalla-caba.infd.edu.ar\/sitio\/wp-json\/wp\/v2\/types\/page"}],"author":[{"embeddable":true,"href":"https:\/\/cmfalla-caba.infd.edu.ar\/sitio\/wp-json\/wp\/v2\/users\/3050"}],"replies":[{"embeddable":true,"href":"https:\/\/cmfalla-caba.infd.edu.ar\/sitio\/wp-json\/wp\/v2\/comments?post=5504"}],"version-history":[{"count":81,"href":"https:\/\/cmfalla-caba.infd.edu.ar\/sitio\/wp-json\/wp\/v2\/pages\/5504\/revisions"}],"predecessor-version":[{"id":11691,"href":"https:\/\/cmfalla-caba.infd.edu.ar\/sitio\/wp-json\/wp\/v2\/pages\/5504\/revisions\/11691"}],"wp:attachment":[{"href":"https:\/\/cmfalla-caba.infd.edu.ar\/sitio\/wp-json\/wp\/v2\/media?parent=5504"}],"curies":[{"name":"wp","href":"https:\/\/api.w.org\/{rel}","templated":true}]}}