{"id":5509,"date":"2020-10-22T16:23:34","date_gmt":"2020-10-22T19:23:34","guid":{"rendered":"https:\/\/cmfalla-caba.infd.edu.ar\/sitio\/?page_id=5509"},"modified":"2026-02-11T16:51:12","modified_gmt":"2026-02-11T19:51:12","slug":"musica-antigua","status":"publish","type":"page","link":"https:\/\/cmfalla-caba.infd.edu.ar\/sitio\/musica-antigua\/","title":{"rendered":"M\u00daSICA ANTIGUA"},"content":{"rendered":"\n<p><span style=\"font-size: 12.0pt;\">La Tecnicatura Superior en M\u00fasica Antigua del Conservatorio Superior de M\u00fasica \u201cManuel de Falla\u201d -\u00fanica en su g\u00e9nero en Hispanoam\u00e9rica-, brinda formaci\u00f3n sistem\u00e1tica e integral en los lenguajes Medieval, Renacentista, Barroco y Precl\u00e1sico.<\/span><\/p>\n\n\n\n<p>Responde as\u00ed al creciente inter\u00e9s que despierta la interpretaci\u00f3n contextualizada de dichos repertorios, que requiere, tanto para la ejecuci\u00f3n de instrumentos antiguos como para el canto, habilidades y destrezas t\u00e9cnicas particularmente diferenciadas de las de los estilos posteriores. La Tecnicatura del CSMMF ofrece formaci\u00f3n en Canto, Viol\u00edn barroco, Violoncello barroco, Viola da gamba, La\u00fad, Oboe barroco, Flauta travesera barroca, Clave y Bajo continuo.<\/p>\n\n\n\n<p>Duraci\u00f3n: tres a\u00f1os<\/p>\n\n\n\n<p>T\u00edtulo: <a href=\"https:\/\/cmfalla-caba.infd.edu.ar\/aula\/archivos\/repositorio\/\/2500\/2576\/Anualizaciones_MUSICA_ANTIGUA.pdf\">T\u00e9cnico Superior en M\u00fasica Antigua<\/a><\/p>\n\n\n\n<figure class=\"wp-block-embed is-type-video is-provider-youtube wp-block-embed-youtube wp-embed-aspect-16-9 wp-has-aspect-ratio\"><div class=\"wp-block-embed__wrapper\">\n<iframe loading=\"lazy\" title=\"CARRERA DE M\u00daSICA ANTIGUA INGRESO 2021\" width=\"1200\" height=\"675\" src=\"https:\/\/www.youtube.com\/embed\/x_1e0MiLjis?feature=oembed\" frameborder=\"0\" allow=\"accelerometer; autoplay; clipboard-write; encrypted-media; gyroscope; picture-in-picture; web-share\" referrerpolicy=\"strict-origin-when-cross-origin\" allowfullscreen><\/iframe>\n<\/div><\/figure>\n\n\n\n<hr class=\"wp-block-separator has-alpha-channel-opacity\"\/>\n\n\n\n<div class=\"wp-block-file\"><object class=\"wp-block-file__embed\" data=\"https:\/\/cmfalla-caba.infd.edu.ar\/sitio\/wp-content\/uploads\/2025\/10\/ANTIGUA-Anualizaciones-nuevas-1.pdf\" type=\"application\/pdf\" style=\"width:100%;height:600px\" aria-label=\"Incrustado de ANTIGUA-Anualizaciones-nuevas-1.\"><\/object><a id=\"wp-block-file--media-d8f3df50-8a13-4beb-b757-6951738d9219\" href=\"https:\/\/cmfalla-caba.infd.edu.ar\/sitio\/wp-content\/uploads\/2025\/10\/ANTIGUA-Anualizaciones-nuevas-1.pdf\">ANTIGUA-Anualizaciones-nuevas-1<\/a><a href=\"https:\/\/cmfalla-caba.infd.edu.ar\/sitio\/wp-content\/uploads\/2025\/10\/ANTIGUA-Anualizaciones-nuevas-1.pdf\" class=\"wp-block-file__button wp-element-button\" download aria-describedby=\"wp-block-file--media-d8f3df50-8a13-4beb-b757-6951738d9219\">Descarga<\/a><\/div>\n\n\n\n<p class=\"has-text-align-center has-base-3-color has-accent-background-color has-text-color has-background\"><strong>INGRESO 2026<\/strong><\/p>\n\n\n\n<p>Desde el 15\/12\/25 al 9\/2\/26 se reabrir\u00e1 la&nbsp;<strong>pre-inscripci\u00f3n online<\/strong>&nbsp;para el ingreso al Nivel Superior, ingresando desde el siguiente link:&nbsp;<\/p>\n\n\n\n<figure class=\"wp-block-embed is-type-wp-embed is-provider-conservatorio-superior-de-musica-quot-manuel-de-falla-quot wp-block-embed-conservatorio-superior-de-musica-quot-manuel-de-falla-quot\"><div class=\"wp-block-embed__wrapper\">\n<blockquote class=\"wp-embedded-content\" data-secret=\"vhZHDbBiqL\"><a href=\"https:\/\/cmfalla-caba.infd.edu.ar\/sitio\/ingreso-conser\/\">Ingreso 2026<\/a><\/blockquote><iframe class=\"wp-embedded-content\" sandbox=\"allow-scripts\" security=\"restricted\" style=\"position: absolute; clip: rect(1px, 1px, 1px, 1px);\" title=\"\u00abIngreso 2026\u00bb \u2014 CONSERVATORIO SUPERIOR DE MUSICA &quot;MANUEL DE FALLA&quot;\" src=\"https:\/\/cmfalla-caba.infd.edu.ar\/sitio\/ingreso-conser\/embed\/#?secret=naaup4EKoE#?secret=vhZHDbBiqL\" data-secret=\"vhZHDbBiqL\" width=\"600\" height=\"338\" frameborder=\"0\" marginwidth=\"0\" marginheight=\"0\" scrolling=\"no\"><\/iframe>\n<\/div><figcaption class=\"wp-element-caption\">Luego de inscribirse v\u00eda SIU GUARAN\u00cd, seguir leyendo la informaci\u00f3n de esta p\u00e1gina.<\/figcaption><\/figure>\n\n\n\n<p><strong>Documentaci\u00f3n requerida para ingresar al nivel Superior<\/strong><\/p>\n\n\n\n<p>Luego de completar la pre-inscripci\u00f3n online, es necesario presentar la siguiente documentaci\u00f3n en Regencia de la Sede Central del Conservatorio (Gallo 238 \u2013 2\u00b0 piso)<\/p>\n\n\n\n<p><strong>Carpeta de 3 solapas con nombre, apellido, mail y carrera a la que se pre-inscribi\u00f3, que incluya una fotocopia n\u00edtida y legible de:<\/strong><\/p>\n\n\n\n<ul>\n<li>Documento Nacional de Identidad&nbsp;&nbsp;<\/li>\n\n\n\n<li>T\u00edtulo Secundario<\/li>\n\n\n\n<li>Certificado Anal\u00edtico Final del nivel B\u00e1sico (TAP \/ FOBA u otros)<\/li>\n<\/ul>\n\n\n\n<p>En todos los casos se debe mostrar la documentaci\u00f3n original para constatar su veracidad. En caso contrario, no se recibir\u00e1 la carpeta con las fotocopias.<\/p>\n\n\n\n<p><strong>Proceso de Admisi\u00f3n&nbsp;<\/strong><\/p>\n\n\n\n<p>Quienes completen la preinscripci\u00f3n online recibir\u00e1n en sus correos electr\u00f3nicos -desde los Departamentos Acad\u00e9micos- informaci\u00f3n y asesoramiento sobre las fechas indicadas en el siguiente cuadro para los ex\u00e1menes de competencias musicales y el Coloquio de la Carrera (Obligatorio)<\/p>\n\n\n\n<ul>\n<li>Si el\/la estudiante cuenta con certificaci\u00f3n del nivel B\u00e1sico (TAP, FOBA u otros), solo deber\u00e1 asistir a la instancia de Coloquio de la carrera elegida. Ser\u00e1 contactado v\u00eda mail por el\/la coordinador\/a del Departamento Acad\u00e9mico seg\u00fan la carrera elegida.<\/li>\n\n\n\n<li>Si el\/la estudiante no posee certificaci\u00f3n del nivel B\u00e1sico (TAP, FOBA u otros), deber\u00e1 rendir un examen de competencias musicales comunes (Formaci\u00f3n Musical) y espec\u00edficas (sobre el instrumento elegido).<\/li>\n<\/ul>\n\n\n\n<p>El examen de competencias generales (<strong>Formaci\u00f3n Musical<\/strong> 2) se realizar\u00e1 el 21 de febrero de 2026 a las 10:00hs en sede central<\/p>\n\n\n\n<p>Para los COLOQUIOS ESPEC\u00cdFICOS de CANTO e INSTRUMENTO se conversar\u00e1 sobre la experiencia de los aspirantes al ingreso en la pr\u00e1ctica de la m\u00fasica que se estudiar\u00e1 en la Carrera. Los COLOQUIOS ESPEC\u00cdFICOS&nbsp;se realizar\u00e1n sobre el INSTRUMENTO ANTIGUO. La Instituci\u00f3n cuenta con Instrumentos para estudio dentro del Conservatorio.<\/p>\n\n\n\n<p>Fechas y horarios de los ex\u00e1menes de ingreso 2026<\/p>\n\n\n\n<figure class=\"wp-block-image size-full is-resized\"><img decoding=\"async\" loading=\"lazy\" src=\"https:\/\/cmfalla-caba.infd.edu.ar\/sitio\/wp-content\/uploads\/2026\/02\/imagen_2026-02-11_165036834.png\" alt=\"\" class=\"wp-image-11284\" width=\"622\" height=\"409\" srcset=\"https:\/\/cmfalla-caba.infd.edu.ar\/sitio\/wp-content\/uploads\/2026\/02\/imagen_2026-02-11_165036834.png 898w, https:\/\/cmfalla-caba.infd.edu.ar\/sitio\/wp-content\/uploads\/2026\/02\/imagen_2026-02-11_165036834-768x505.png 768w\" sizes=\"(max-width: 622px) 100vw, 622px\" \/><\/figure>\n\n\n\n<p>Tambi\u00e9n contamos con TALLERES DE&nbsp;INSTRUMENTO, para aqu\u00e9llos que aun no est\u00e9n en condiciones de ingresar a la Carrera.<\/p>\n\n\n\n<p><strong>&nbsp;&nbsp;COMPETENCIAS GENERALES MUSICALES<\/strong>: r<strong>equisitos para el COLOQUIO seg\u00fan INSTRUMENTO:<\/strong><\/p>\n\n\n\n<p><img decoding=\"async\" src=\"https:\/\/cmfalla-caba.infd.edu.ar\/sitio\/wp-content\/uploads\/2018\/08\/play_blue.png\" alt=\"vi\u00f1eta\">&nbsp;<strong>Canto<\/strong>: tres obras en distinto idioma.<\/p>\n\n\n\n<p><strong>Sugerencias:<\/strong><\/p>\n\n\n\n<p><img decoding=\"async\" src=\"https:\/\/cmfalla-caba.infd.edu.ar\/sitio\/wp-content\/uploads\/2018\/08\/pto.png\" alt=\"pto.nar\">&nbsp;Monodia italiana: C Monteverdi, T Merula<\/p>\n\n\n\n<p><img decoding=\"async\" src=\"https:\/\/cmfalla-caba.infd.edu.ar\/sitio\/wp-content\/uploads\/2018\/08\/pto.png\" alt=\"pto.nar\">&nbsp;\u00d3pera: G Haendel, J B Lully, J Ph Rameau<\/p>\n\n\n\n<p><img decoding=\"async\" src=\"https:\/\/cmfalla-caba.infd.edu.ar\/sitio\/wp-content\/uploads\/2018\/08\/pto.png\" alt=\"pto.nar\">&nbsp;Canci\u00f3n Inglesa, Air de cour, Frottola, Canci\u00f3n espa\u00f1ola<\/p>\n\n\n\n<p><img decoding=\"async\" src=\"https:\/\/cmfalla-caba.infd.edu.ar\/sitio\/wp-content\/uploads\/2018\/08\/pto.png\" alt=\"pto.nar\">&nbsp;Motete o aria de oratorio en lat\u00edn.<\/p>\n\n\n\n<p>Para los aspirantes que NO tengan el TAP aprobado, deber\u00e1n demostrar conocimientos de fon\u00e9tica italiana, alemana y francesa (se pueden consultar los Programas de estas materias en BIBLIOTECA).&nbsp;La Carrera tiene continuista acompa\u00f1ante, pero los alumnos que as\u00ed lo deseen podr\u00e1n concurrir con su pianista o continuista acompa\u00f1ante.&nbsp;Habitualmente el clave se encuentra en diapas\u00f3n la 415.<\/p>\n\n\n\n<p><strong>&nbsp;La\u00fad y cuerdas pulsadas del renacimiento:&nbsp;<\/strong>Tres (3) obras del periodo Renacentista y\/o Barroco preferentemente de distintos periodos y estilos, comprendiendo 10 minutos de m\u00fasica.&nbsp;Opcional pieza de bajo continuo-<strong><em>Pueden presentarse con la\u00fades, vihuela, guitarra barroca, tiorba<\/em><\/strong>&nbsp;(se preguntar\u00e1 si tiene conocimientos de bajo continuo)<\/p>\n\n\n\n<p><strong>&nbsp;Flauta Travesera Barroca<\/strong><\/p>\n\n\n\n<p><img decoding=\"async\" src=\"https:\/\/cmfalla-caba.infd.edu.ar\/sitio\/wp-content\/uploads\/2018\/08\/pto.png\" alt=\"pto.nar\">&nbsp;Escalas de re mayor, sol mayor, do mayor y fa mayor.<\/p>\n\n\n\n<p><img decoding=\"async\" src=\"https:\/\/cmfalla-caba.infd.edu.ar\/sitio\/wp-content\/uploads\/2018\/08\/pto.png\" alt=\"pto.nar\">&nbsp;Articulaci\u00f3n T-R<\/p>\n\n\n\n<p><img decoding=\"async\" src=\"https:\/\/cmfalla-caba.infd.edu.ar\/sitio\/wp-content\/uploads\/2018\/08\/pto.png\" alt=\"pto.nar\">&nbsp;Cualquier obra f\u00e1cil del repertorio barroco en esas tonalidades.<\/p>\n\n\n\n<p><strong>&nbsp;Sugerencias<\/strong><\/p>\n\n\n\n<p><img decoding=\"async\" src=\"https:\/\/cmfalla-caba.infd.edu.ar\/sitio\/wp-content\/uploads\/2018\/08\/pto.png\" alt=\"pto.nar\">Joseph Bodin de Boismortier: Petites sonates Op. XIII<\/p>\n\n\n\n<p><img decoding=\"async\" src=\"https:\/\/cmfalla-caba.infd.edu.ar\/sitio\/wp-content\/uploads\/2018\/08\/pto.png\" alt=\"pto.nar\">&nbsp;Michel Blavet: 1er recueil de pi\u00e9ces, Petites airs, Brunettes, etc.<\/p>\n\n\n\n<p><img decoding=\"async\" src=\"https:\/\/cmfalla-caba.infd.edu.ar\/sitio\/wp-content\/uploads\/2018\/08\/pto.png\" alt=\"pto.nar\">&nbsp;Michel Blavet: Six Sonates pour deux fl\u00fbtes traversieres sans Basse<\/p>\n\n\n\n<p><img decoding=\"async\" src=\"https:\/\/cmfalla-caba.infd.edu.ar\/sitio\/wp-content\/uploads\/2018\/08\/pto.png\" alt=\"pto.nar\">&nbsp;Johann Agrell: Duos para dos flautas solas.<\/p>\n\n\n\n<p><img decoding=\"async\" src=\"https:\/\/cmfalla-caba.infd.edu.ar\/sitio\/wp-content\/uploads\/2018\/08\/fleazdegr.gif\" alt=\"vi\u00f1eta\">&nbsp;&nbsp;<strong>Violoncello Barroco:&nbsp;<\/strong>Una sonata barroca.&nbsp;Dos movimientos de una de las Suites de&nbsp; J.S. BachSe solicitar\u00e1 una breve rese\u00f1a de lo que ha hecho el alumno hasta \u00e9se momento en cuanto a t\u00e9cnica (manejo de todas las posiciones).<\/p>\n\n\n\n<p><strong>&nbsp;&nbsp;Flauta Dulce<\/strong>&nbsp;Dos obras a elecci\u00f3n. Las mismas deber\u00e1n ser una del SXVII y otra del SXVIII (una de ellas preferentemente del repertorio para instrumento solo y sin acompa\u00f1amiento).<\/p>\n\n\n\n<p><img decoding=\"async\" src=\"https:\/\/cmfalla-caba.infd.edu.ar\/sitio\/wp-content\/uploads\/2018\/08\/play_blue.png\" alt=\"vi\u00f1eta\">&nbsp;Autores sugeridos:<\/p>\n\n\n\n<p><img decoding=\"async\" src=\"https:\/\/cmfalla-caba.infd.edu.ar\/sitio\/wp-content\/uploads\/2018\/08\/pto.png\" alt=\"pto.nar\">&nbsp;Georg Frideric&nbsp;Haendel<\/p>\n\n\n\n<p><img decoding=\"async\" src=\"https:\/\/cmfalla-caba.infd.edu.ar\/sitio\/wp-content\/uploads\/2018\/08\/pto.png\" alt=\"pto.nar\">&nbsp;Johann Sebastian&nbsp;Bach<\/p>\n\n\n\n<p><img decoding=\"async\" src=\"https:\/\/cmfalla-caba.infd.edu.ar\/sitio\/wp-content\/uploads\/2018\/08\/pto.png\" alt=\"pto.nar\">&nbsp;Georg Philip Telemann<\/p>\n\n\n\n<p><img decoding=\"async\" src=\"https:\/\/cmfalla-caba.infd.edu.ar\/sitio\/wp-content\/uploads\/2018\/08\/pto.png\" alt=\"pto.nar\">&nbsp;Paolo Benedetto&nbsp;Bellinzani<\/p>\n\n\n\n<p><img decoding=\"async\" src=\"https:\/\/cmfalla-caba.infd.edu.ar\/sitio\/wp-content\/uploads\/2018\/08\/pto.png\" alt=\"pto.nar\">&nbsp;Francesco&nbsp;Mancini<\/p>\n\n\n\n<p><img decoding=\"async\" src=\"https:\/\/cmfalla-caba.infd.edu.ar\/sitio\/wp-content\/uploads\/2018\/08\/pto.png\" alt=\"pto.nar\">&nbsp;Francesco Maria&nbsp;Veracini<\/p>\n\n\n\n<p><img decoding=\"async\" src=\"https:\/\/cmfalla-caba.infd.edu.ar\/sitio\/wp-content\/uploads\/2018\/08\/pto.png\" alt=\"pto.nar\">&nbsp;Benedetto Marcello<\/p>\n\n\n\n<p><img decoding=\"async\" src=\"https:\/\/cmfalla-caba.infd.edu.ar\/sitio\/wp-content\/uploads\/2018\/08\/pto.png\" alt=\"pto.nar\">&nbsp;Jacob Van Eyck<\/p>\n\n\n\n<p><img decoding=\"async\" src=\"https:\/\/cmfalla-caba.infd.edu.ar\/sitio\/wp-content\/uploads\/2018\/08\/pto.png\" alt=\"pto.nar\">&nbsp;Giovanni&nbsp;Bassano<\/p>\n\n\n\n<p><img decoding=\"async\" src=\"https:\/\/cmfalla-caba.infd.edu.ar\/sitio\/wp-content\/uploads\/2018\/08\/pto.png\" alt=\"pto.nar\">&nbsp;Aurelio Virgiliano<\/p>\n\n\n\n<p><img decoding=\"async\" src=\"https:\/\/cmfalla-caba.infd.edu.ar\/sitio\/wp-content\/uploads\/2018\/08\/pto.png\" alt=\"pto.nar\">&nbsp;Diego Ortiz<\/p>\n\n\n\n<p><strong>&nbsp;&nbsp;Viol\u00edn \/Viola Barroca<\/strong><\/p>\n\n\n\n<p>Escalas mayores y menores de tres octavas con sus arpegios<\/p>\n\n\n\n<p><img decoding=\"async\" src=\"https:\/\/cmfalla-caba.infd.edu.ar\/sitio\/wp-content\/uploads\/2018\/08\/play_blue.png\" alt=\"vi\u00f1eta\">&nbsp;Dos obras del periodo barroco a elecci\u00f3n:<\/p>\n\n\n\n<p><img decoding=\"async\" src=\"https:\/\/cmfalla-caba.infd.edu.ar\/sitio\/wp-content\/uploads\/2018\/08\/play_blue.png\" alt=\"vi\u00f1eta\">&nbsp;Autores sugeridos:<\/p>\n\n\n\n<p><img decoding=\"async\" src=\"https:\/\/cmfalla-caba.infd.edu.ar\/sitio\/wp-content\/uploads\/2018\/08\/pto.png\" alt=\"pto.nar\">&nbsp;G F. Haendel<\/p>\n\n\n\n<p><img decoding=\"async\" src=\"https:\/\/cmfalla-caba.infd.edu.ar\/sitio\/wp-content\/uploads\/2018\/08\/pto.png\" alt=\"pto.nar\">&nbsp;G Ph. Telemann<\/p>\n\n\n\n<p><img decoding=\"async\" src=\"https:\/\/cmfalla-caba.infd.edu.ar\/sitio\/wp-content\/uploads\/2018\/08\/pto.png\" alt=\"pto.nar\">&nbsp;Arcangelo Corelli<\/p>\n\n\n\n<p><strong>&nbsp;&nbsp;Viola da Gamba<\/strong><\/p>\n\n\n\n<p><img decoding=\"async\" src=\"https:\/\/cmfalla-caba.infd.edu.ar\/sitio\/wp-content\/uploads\/2018\/08\/play_blue.png\" alt=\"vi\u00f1eta\">&nbsp;Dos movimientos a elecci\u00f3n de cualquiera de los 5 libros Marin Marais.<br><img decoding=\"async\" src=\"https:\/\/cmfalla-caba.infd.edu.ar\/sitio\/wp-content\/uploads\/2018\/08\/play_blue.png\" alt=\"vi\u00f1eta\">&nbsp;Una pieza inglesa del siglo XVII en estilo lira a elecci\u00f3n (Hume, Simpson, Young, etc)<\/p>\n\n\n\n<p><img decoding=\"async\" src=\"https:\/\/cmfalla-caba.infd.edu.ar\/sitio\/wp-content\/uploads\/2018\/08\/play_blue.png\" alt=\"vi\u00f1eta\">&nbsp;Lectura a primera vista de una pieza impuesta (tiempo de preparaci\u00f3n sin instrumento 10 minutos)<\/p>\n\n\n\n<p>&nbsp;<strong>&nbsp;&nbsp;Clave y Bajo Continuo en Clave&nbsp;<\/strong><\/p>\n\n\n\n<p><img decoding=\"async\" src=\"https:\/\/cmfalla-caba.infd.edu.ar\/sitio\/wp-content\/uploads\/2018\/08\/play_blue.png\" alt=\"vi\u00f1eta\">&nbsp;Tres (3) piezas de diferentes estilos<\/p>\n\n\n\n<p><strong>&nbsp;&nbsp;Sugerencias<\/strong><\/p>\n\n\n\n<p><img decoding=\"async\" src=\"https:\/\/cmfalla-caba.infd.edu.ar\/sitio\/wp-content\/uploads\/2018\/08\/pto.png\" alt=\"pto.nar\">&nbsp;J.S. Bach: una invenci\u00f3n o sinfon\u00eda<\/p>\n\n\n\n<p><img decoding=\"async\" src=\"https:\/\/cmfalla-caba.infd.edu.ar\/sitio\/wp-content\/uploads\/2018\/08\/pto.png\" alt=\"pto.nar\">&nbsp;F. Couperin<\/p>\n\n\n\n<p><img decoding=\"async\" src=\"https:\/\/cmfalla-caba.infd.edu.ar\/sitio\/wp-content\/uploads\/2018\/08\/pto.png\" alt=\"pto.nar\">&nbsp;Una pieza del estilo antiguo (tocata, ricercare o fantasia del siglo XVII)<br>D. Scarlatti, Sonata<\/p>\n\n\n\n<p><img decoding=\"async\" src=\"https:\/\/cmfalla-caba.infd.edu.ar\/sitio\/wp-content\/uploads\/2018\/08\/pto.png\" alt=\"pto.nar\">&nbsp;Es importante es ver tres piezas lo m\u00e1s diferenciadas posible a\u00fan cuando los aspirantes a ingresar tengan la Formaci\u00f3n B\u00e1sica cumplida ser\u00e1n citados a pruebas instrumentales (o de canto) a fin de establecer un orden de m\u00e9rito por si hubiera menos vacantes que ingresantes.&nbsp;<\/p>\n\n\n\n<hr class=\"wp-block-separator has-alpha-channel-opacity\"\/>\n\n\n\n<p class=\"has-text-align-center\">&nbsp;<\/p>\n","protected":false},"excerpt":{"rendered":"<p>La Tecnicatura Superior en M\u00fasica Antigua del Conservatorio Superior de M\u00fasica \u201cManuel de Falla\u201d -\u00fanica en su g\u00e9nero en Hispanoam\u00e9rica-, brinda formaci\u00f3n sistem\u00e1tica e integral en los lenguajes Medieval, Renacentista, Barroco y Precl\u00e1sico. Responde as\u00ed al creciente inter\u00e9s que despierta la interpretaci\u00f3n contextualizada de dichos repertorios, que requiere, tanto para la ejecuci\u00f3n de instrumentos antiguos &#8230; <a title=\"M\u00daSICA ANTIGUA\" class=\"read-more\" href=\"https:\/\/cmfalla-caba.infd.edu.ar\/sitio\/musica-antigua\/\" aria-label=\"More on M\u00daSICA ANTIGUA\">[+]<\/a><\/p>\n","protected":false},"author":3050,"featured_media":0,"parent":0,"menu_order":0,"comment_status":"closed","ping_status":"closed","template":"","meta":[],"acf":[],"_links":{"self":[{"href":"https:\/\/cmfalla-caba.infd.edu.ar\/sitio\/wp-json\/wp\/v2\/pages\/5509"}],"collection":[{"href":"https:\/\/cmfalla-caba.infd.edu.ar\/sitio\/wp-json\/wp\/v2\/pages"}],"about":[{"href":"https:\/\/cmfalla-caba.infd.edu.ar\/sitio\/wp-json\/wp\/v2\/types\/page"}],"author":[{"embeddable":true,"href":"https:\/\/cmfalla-caba.infd.edu.ar\/sitio\/wp-json\/wp\/v2\/users\/3050"}],"replies":[{"embeddable":true,"href":"https:\/\/cmfalla-caba.infd.edu.ar\/sitio\/wp-json\/wp\/v2\/comments?post=5509"}],"version-history":[{"count":37,"href":"https:\/\/cmfalla-caba.infd.edu.ar\/sitio\/wp-json\/wp\/v2\/pages\/5509\/revisions"}],"predecessor-version":[{"id":11285,"href":"https:\/\/cmfalla-caba.infd.edu.ar\/sitio\/wp-json\/wp\/v2\/pages\/5509\/revisions\/11285"}],"wp:attachment":[{"href":"https:\/\/cmfalla-caba.infd.edu.ar\/sitio\/wp-json\/wp\/v2\/media?parent=5509"}],"curies":[{"name":"wp","href":"https:\/\/api.w.org\/{rel}","templated":true}]}}