{"id":6643,"date":"2022-03-21T15:43:01","date_gmt":"2022-03-21T18:43:01","guid":{"rendered":"https:\/\/cmfalla-caba.infd.edu.ar\/sitio\/?page_id=6643"},"modified":"2026-03-30T12:35:37","modified_gmt":"2026-03-30T15:35:37","slug":"equipo-interdisciplinario-de-prevencion-de-violencia-de-genero-y-convivencia-institucional","status":"publish","type":"page","link":"https:\/\/cmfalla-caba.infd.edu.ar\/sitio\/equipo-interdisciplinario-de-prevencion-de-violencia-de-genero-y-convivencia-institucional\/","title":{"rendered":"Equipo Interdisciplinario de Prevenci\u00f3n de Violencia de G\u00e9nero y Convivencia Institucional"},"content":{"rendered":"\n<h2 class=\"wp-block-heading\"><strong>1 &#8211; Sobre el Equipo<\/strong><strong><\/strong><\/h2>\n\n\n\n<p>El Equipo se orienta a la prevenci\u00f3n y el abordaje de la violencia de g\u00e9nero y el fortalecimiento de la convivencia institucional del Conservatorio Superior de M\u00fasica \u00abManuel de Falla\u00bb.<br>Fue creado en principio para garantizar la adecuada aplicaci\u00f3n del Protocolo para Situaciones de Violencia de G\u00e9nero de la DGEART.<\/p>\n\n\n\n<p>Los ejes centrales de acci\u00f3n son:<\/p>\n\n\n\n<p>1- <strong>Intervenci\u00f3n<\/strong> ante situaciones de discriminaci\u00f3n y\/o violencia entre integrantes de la comunidad educativa<\/p>\n\n\n\n<p>2- <strong>Prevenci\u00f3n<\/strong> a trav\u00e9s de capacitaciones, talleres y espacios de reflexi\u00f3n, di\u00e1logo y formaci\u00f3n<\/p>\n\n\n\n<p>El accionar del Equipo se realiza bajo los principios de:<\/p>\n\n\n\n<ul>\n<li>a) respeto y privacidad, valorando la voluntad de la persona en las acciones que decida realizar y los datos que quiera mantener en reserva; <\/li>\n\n\n\n<li>b) no revictimizaci\u00f3n, evitando la reiteraci\u00f3n innecesaria del relato de los hechos y la exposici\u00f3n p\u00fablica; <\/li>\n\n\n\n<li>c) confidencialidad, que abarca a todas las personas intervinientes.<\/li>\n<\/ul>\n\n\n\n<h2 class=\"wp-block-heading\"><strong>2 &#8211; Tareas<\/strong><\/h2>\n\n\n\n<ul>\n<li>Recepci\u00f3n de consultas y denuncias. Espacio de asesoramiento y contenci\u00f3n para toda la comunidad educativa en temas de violencia y\/o discriminaci\u00f3n por razones de g\u00e9nero y violencia institucional.<\/li>\n\n\n\n<li>Acciones de reparaci\u00f3n. Intervenciones con enfoque pedag\u00f3gico.<\/li>\n\n\n\n<li>Capacitaci\u00f3n. Prevenci\u00f3n de las violencias y promoci\u00f3n de la diversidad y la igualdad de g\u00e9nero, hacia la construcci\u00f3n de v\u00ednculos respetuosos y libres de discriminaci\u00f3n.<\/li>\n\n\n\n<li>Sensibilizaci\u00f3n. Revisi\u00f3n de pr\u00e1cticas y discursos naturalizados. Promover la visibilizaci\u00f3n de los distintos tipos de violencias a partir de observar, escuchar y acompa\u00f1ar a la comunidad educativa.<\/li>\n<\/ul>\n\n\n\n<h2 class=\"wp-block-heading\"><strong><br>3 &#8211; Integrantes<\/strong><br><\/h2>\n\n\n\n<p class=\"has-text-align-center has-medium-font-size\">Lic. Prof. Luciana Perez<br>Mag. Lic. Prof. Mar\u00eda Giuggiolini<\/p>\n\n\n\n<h2 class=\"wp-block-heading\"><strong>4 &#8211; Protocolo<\/strong>s, Leyes y Normativas<\/h2>\n\n\n\n<p><strong><br><\/strong><a href=\"https:\/\/cmfalla-caba.infd.edu.ar\/sitio\/protocolo-situaciones-violencia-de-genero\/\">PROTOCOLO DE ACCI\u00d3N INSTITUCIONAL PARA LOS INSTITUTOS PERTENECIENTES A&nbsp;LA DIRECCI\u00d3N GENERAL DE ENSE\u00d1ANZA ART\u00cdSTICA DEL MINISTERIO DE CULTURA&nbsp;DE LA CIUDAD DE BUENOS AIRES PARA LA PREVENCI\u00d3N E INTERVENCI\u00d3N ANTE&nbsp;SITUACIONES DE VIOLENCIA DE G\u00c9NERO Y DISCRIMINACI\u00d3N BASADA EN LA&nbsp;ORIENTACI\u00d3N SEXUAL E IDENTIDAD DE GENERO O SU EXPRESION<\/a> <\/p>\n\n\n\n<p><a href=\"https:\/\/cmfalla-caba.infd.edu.ar\/aula\/archivos\/repositorio\/\/1000\/1056\/REGIMEN_DE_CONVIVENCIA_PARA_EL_CSMMF.pdf\">REGIMEN DE CONVIVENCIA PARA EL CSMMF<\/a><\/p>\n\n\n\n<p><a href=\"https:\/\/cmfalla-caba.infd.edu.ar\/aula\/archivos\/repositorio\/\/3000\/3101\/Lineamientos_curriculares_para_la_ESI__2018.pdf\">LINEAMIENTOS CURRICULARES PARA LA E.S.I.<\/a><\/p>\n\n\n\n<p><a href=\"https:\/\/cmfalla-caba.infd.edu.ar\/aula\/archivos\/repositorio\/\/3000\/3098\/Ley_26.150_-Programa_Nacional_de_Educacion_Sexual_Integral.pdf\">LEY 26.150 PROGRAMA NACIONAL DE EDUCACI\u00d3N SEXUAL INTEGRAL<\/a><\/p>\n\n\n\n<p><a href=\"https:\/\/cmfalla-caba.infd.edu.ar\/aula\/archivos\/repositorio\/\/3000\/3099\/Ley_26.485_Ley_de_Proteccion_Integral_de_Mujeres_Argentina.pdf\">LEY 26.485 PROTECCI\u00d3N INTEGRAL DE MUJERES<\/a><\/p>\n\n\n\n<p><a href=\"https:\/\/cmfalla-caba.infd.edu.ar\/aula\/archivos\/repositorio\/\/3000\/3100\/Ley-Ciudad-1225__violencia_laboral__2003.pdf\">LEY 1.225 DE LA CABA SOBRE VIOLENCIA LABORAL<\/a><\/p>\n\n\n\n<p class=\"has-large-font-size\"><strong>5 &#8211; Informaci\u00f3n importante para estudiantes&nbsp;<\/strong><\/p>\n\n\n\n<p>R\u00c9GIMEN TRANSITORIO DE ASISTENCIA Y MODALIDADES DE&nbsp;APROBACI\u00d3N DE UNIDADES CURRICULARES<\/p>\n\n\n\n<p><strong>Referencia: DI-2014-161-DGEART,&nbsp;<\/strong>S\/&nbsp;REGIMEN&nbsp;ACAD\u00c9MICO MARCO (RAM) \u2013 INSTITUTOS SUPERIORES-DGEART- MC \u2013 G.C.B.A.<\/p>\n\n\n\n<p><strong>Art\u00edculo 32: Destinatarios<\/strong><br>Podr\u00e1n solicitar la inscripci\u00f3n al r\u00e9gimen transitorio de asistencia, regularidad y modalidades de aprobaci\u00f3n de unidades curriculares, los estudiantes que:<br>1) Se encuentren en una situaci\u00f3n psicof\u00edsica que les impida de modo transitorio o permanente cumplir con&nbsp;el RAM;<br>2) Alguno de los hijos y\/o familiares a cargo del estudiante se encuentre en situaci\u00f3n psicof\u00edsica que&nbsp;involucre cuidados especiales por parte de aquel;<br>3) Padres, madres y\/o tutores en el per\u00edodo de nacimiento, lactancia y primera infancia (con hijos de hasta&nbsp;dos (2) a\u00f1os de edad).<\/p>\n\n\n\n<p><strong>Art\u00edculo 33: Documentaci\u00f3n exigida<\/strong><br>La documentaci\u00f3n respaldatoria de la solicitud de inscripci\u00f3n a este r\u00e9gimen ser\u00e1n el diagn\u00f3stico y\/o&nbsp;certificado del profesional matriculado o la partida de nacimiento, seg\u00fan corresponda.<\/p>\n\n\n\n<p><strong>Art\u00edculo 34: Asistencia<\/strong><br>Los estudiantes que se inscriban en este r\u00e9gimen tendr\u00e1n justificadas las inasistencias:<br>1) Por el per\u00edodo que establece el certificado m\u00e9dico;<br>2) Por un cuatrimestre con opci\u00f3n a un segundo, en caso de que tengan que desempe\u00f1ar el rol de padres,&nbsp;madre y\/o tutor de reci\u00e9n nacidos.<\/p>\n\n\n\n<p><strong>Art\u00edculo 35: Modalidades de aprobaci\u00f3n de unidades curriculares<\/strong><br>Los profesores brindar\u00e1n modalidades alternativas de seguimiento del aprendizaje, y de evaluaci\u00f3n parcial y&nbsp;final para los estudiantes que se encuentren inscriptos en este r\u00e9gimen, las que ser\u00e1n estipuladas en el RAI&nbsp;de cada instituci\u00f3n.<br>Quedan exceptuados de estas modalidades las unidades curriculares \u201ctaller\u201d, \u201ctrabajo de campo\u201d y&nbsp;\u201cpr\u00e1cticas docentes\u201d.<\/p>\n\n\n\n<p><strong>Por consultas comunicarse con el Equipo de G\u00e9nero y Convivencia o la Secretar\u00eda Acad\u00e9mica del Conservatorio.<\/strong><\/p>\n\n\n\n<p class=\"has-text-align-center has-base-3-color has-contrast-2-background-color has-text-color has-background has-medium-font-size\"><strong>Algunas de las actividades realizadas por el Equipo:<\/strong><\/p>\n\n\n\n<p><strong>&#8211; Ciclo de Talleres para estudiantes del Plan Ni\u00f1os y Ni\u00f1as :&nbsp;\u201cConvivencia y valoraci\u00f3n de la diversidad\u201d&nbsp;<\/strong>(A\u00f1o 2024) El ciclo tuvo como objetivo desarrollar y fortalecer los aprendizajes en torno a la valoraci\u00f3n de la diversidad y el rechazo por todas las formas de discriminaci\u00f3n, en el marco de las propuestas de la Educaci\u00f3n Sexual Integral.<\/p>\n\n\n\n<p><strong>&#8211; Encuentro para estudiantes y centros de estudiantes de los institutos art\u00edsticos de la&nbsp;DGEART&nbsp;<\/strong>para conversar sobre acuerdos de convivencia, en el marco de la Semana Caleidoscopio.&nbsp;(A\u00f1o 2024)<\/p>\n\n\n\n<p><strong>&#8211; Capacitaciones para Regencias.&nbsp;<\/strong>&nbsp;En&nbsp;el marco de las Jornadas Institucionales se realizaron&nbsp;talleres de capacitaci\u00f3n para&nbsp;Regentes y Coordinadores de Departamentos.&nbsp;(A\u00f1os 2023 y 2024)<\/p>\n\n\n\n<p><strong>&#8211; Capacitaci\u00f3n para el Consejo Directivo.&nbsp;<\/strong>Se abordaron los siguientes temas: perspectiva de g\u00e9nero, diversidad y violencia de g\u00e9nero.&nbsp;(A\u00f1o 2022)&nbsp;&nbsp;<\/p>\n\n\n\n<p><strong>&#8211; Conversatorio \u00ab<\/strong><strong>La Direcci\u00f3n Orquestal: formaci\u00f3n, inserci\u00f3n laboral y proyectos alternativos desde la perspectiva de g\u00e9nero\u00bb&nbsp;<\/strong>(2022)<\/p>\n\n\n\n<p><strong>&#8211; Ciclo de Talleres para estudiantes: \u00abHablemos de violencia de g\u00e9nero\u00bb<\/strong>. (2022) Espacio de encuentro, escucha, debate y reflexi\u00f3n en pos de construir una instituci\u00f3n libre de violencias.<\/p>\n\n\n\n<p><strong>&#8211; Ciclo de Talleres para<\/strong><strong>&nbsp;estudiantes:&nbsp;\u00bfDe qu\u00e9 se trata la Educaci\u00f3n Sexual Integral (ESI)?<\/strong>&nbsp;(2023)<\/p>\n\n\n\n<p><strong>&#8211; Encuentro para la diversidad<\/strong>&nbsp;(2023 y 2024). En el marco de la Semana del Orgullo CABA&nbsp;se realiz\u00f3 un encuentro orientado a personas de la comunidad LGBTIQ+&nbsp;para celebrar la diversidad y conversar e intercambiar inquietudes y propuestas sobre las experiencias y trayectorias formativas y art\u00edsticas en el Conservatorio.<br><strong>&#8211; Capacitaci\u00f3n a&nbsp;docentes&nbsp;en Educaci\u00f3n Sexual Integral.&nbsp;<\/strong>Taller:&nbsp;\u00ab<em>Tejiendo puentes: la ESI en la ense\u00f1anza de la m\u00fasica<\/em>\u00bb (2023)<\/p>\n\n\n\n<p><strong>&#8211; Instalaci\u00f3n de un Banco Rojo.&nbsp;<\/strong><em>\u00abEn memoria de todas las mujeres asesinadas por quienes&nbsp;dec\u00edan&nbsp;&#8216;amarlas'\u00bb.&nbsp;<\/em>(2024)<\/p>\n\n\n\n<p><strong>&#8211; Conversatorio: \u00abTejer v\u00ednculos y construir confianza: tareas indispensables para la ESI\u00bb&nbsp;<\/strong>(2024) Invitada:&nbsp;<strong>Liliana Maltz<\/strong>&nbsp;&#8211; Lic. en Ciencias de la Educaci\u00f3n, escritora, capacitadora especialista en ESI.&nbsp;<\/p>\n\n\n\n<p><strong>&#8211; Jornada y concierto: \u00abExperiencias de investigaci\u00f3n, producci\u00f3n y gesti\u00f3n sobre m\u00fasica y g\u00e9nero\u00bb&nbsp;<\/strong>(2024) Panel integrado por:&nbsp;Luc\u00eda Zicos,&nbsp;Daniel Duarte Loza,&nbsp;Victoria Polti,&nbsp;Florencia Ciliberto,&nbsp;Clara Parodi, Flavia Guzm\u00e1n y Paula C\u00e9sar,&nbsp;Mar\u00eda Giuggiolini y Luciana Perez.&nbsp;Moderadora:&nbsp;Adriana Galizio. Concierto: Orquesta Argentina de Mujeres \u00abCelia Torr\u00e1\u00bb.<\/p>\n\n\n\n<div class=\"wp-block-columns is-layout-flex wp-container-4\">\n<div class=\"wp-block-column is-layout-flow\">\n<figure class=\"wp-block-image size-large\"><img decoding=\"async\" loading=\"lazy\" width=\"1900\" height=\"1425\" src=\"https:\/\/cmfalla-caba.infd.edu.ar\/sitio\/wp-content\/uploads\/2024\/11\/20240604_180920-1900x1425.jpg\" alt=\"\" class=\"wp-image-9610\" srcset=\"https:\/\/cmfalla-caba.infd.edu.ar\/sitio\/wp-content\/uploads\/2024\/11\/20240604_180920-1900x1425.jpg 1900w, https:\/\/cmfalla-caba.infd.edu.ar\/sitio\/wp-content\/uploads\/2024\/11\/20240604_180920-1000x750.jpg 1000w, https:\/\/cmfalla-caba.infd.edu.ar\/sitio\/wp-content\/uploads\/2024\/11\/20240604_180920-768x576.jpg 768w, https:\/\/cmfalla-caba.infd.edu.ar\/sitio\/wp-content\/uploads\/2024\/11\/20240604_180920-1536x1152.jpg 1536w, https:\/\/cmfalla-caba.infd.edu.ar\/sitio\/wp-content\/uploads\/2024\/11\/20240604_180920-2048x1536.jpg 2048w\" sizes=\"(max-width: 1900px) 100vw, 1900px\" \/><\/figure>\n<\/div>\n\n\n\n<div class=\"wp-block-column is-layout-flow\">\n<figure class=\"wp-block-image size-large\"><img decoding=\"async\" loading=\"lazy\" width=\"1900\" height=\"1433\" src=\"https:\/\/cmfalla-caba.infd.edu.ar\/sitio\/wp-content\/uploads\/2024\/11\/3-1900x1433.jpg\" alt=\"\" class=\"wp-image-9611\" srcset=\"https:\/\/cmfalla-caba.infd.edu.ar\/sitio\/wp-content\/uploads\/2024\/11\/3-1900x1433.jpg 1900w, https:\/\/cmfalla-caba.infd.edu.ar\/sitio\/wp-content\/uploads\/2024\/11\/3-1000x754.jpg 1000w, https:\/\/cmfalla-caba.infd.edu.ar\/sitio\/wp-content\/uploads\/2024\/11\/3-768x579.jpg 768w, https:\/\/cmfalla-caba.infd.edu.ar\/sitio\/wp-content\/uploads\/2024\/11\/3-1536x1158.jpg 1536w, https:\/\/cmfalla-caba.infd.edu.ar\/sitio\/wp-content\/uploads\/2024\/11\/3-2048x1544.jpg 2048w\" sizes=\"(max-width: 1900px) 100vw, 1900px\" \/><\/figure>\n<\/div>\n\n\n\n<div class=\"wp-block-column is-layout-flow\">\n<figure class=\"wp-block-image size-large\"><img decoding=\"async\" loading=\"lazy\" width=\"1900\" height=\"1368\" src=\"https:\/\/cmfalla-caba.infd.edu.ar\/sitio\/wp-content\/uploads\/2024\/11\/2-1900x1368.jpg\" alt=\"\" class=\"wp-image-9612\" srcset=\"https:\/\/cmfalla-caba.infd.edu.ar\/sitio\/wp-content\/uploads\/2024\/11\/2-1900x1368.jpg 1900w, https:\/\/cmfalla-caba.infd.edu.ar\/sitio\/wp-content\/uploads\/2024\/11\/2-1000x720.jpg 1000w, https:\/\/cmfalla-caba.infd.edu.ar\/sitio\/wp-content\/uploads\/2024\/11\/2-768x553.jpg 768w, https:\/\/cmfalla-caba.infd.edu.ar\/sitio\/wp-content\/uploads\/2024\/11\/2-1536x1106.jpg 1536w, https:\/\/cmfalla-caba.infd.edu.ar\/sitio\/wp-content\/uploads\/2024\/11\/2-2048x1475.jpg 2048w\" sizes=\"(max-width: 1900px) 100vw, 1900px\" \/><\/figure>\n<\/div>\n<\/div>\n\n\n\n<div class=\"wp-block-columns is-layout-flex wp-container-8\">\n<div class=\"wp-block-column is-layout-flow\">\n<figure class=\"wp-block-image size-large\"><img decoding=\"async\" loading=\"lazy\" width=\"1900\" height=\"1877\" src=\"https:\/\/cmfalla-caba.infd.edu.ar\/sitio\/wp-content\/uploads\/2024\/11\/5-1900x1877.jpg\" alt=\"\" class=\"wp-image-9613\" srcset=\"https:\/\/cmfalla-caba.infd.edu.ar\/sitio\/wp-content\/uploads\/2024\/11\/5-1900x1877.jpg 1900w, https:\/\/cmfalla-caba.infd.edu.ar\/sitio\/wp-content\/uploads\/2024\/11\/5-1000x988.jpg 1000w, https:\/\/cmfalla-caba.infd.edu.ar\/sitio\/wp-content\/uploads\/2024\/11\/5-768x759.jpg 768w, https:\/\/cmfalla-caba.infd.edu.ar\/sitio\/wp-content\/uploads\/2024\/11\/5-1536x1518.jpg 1536w, https:\/\/cmfalla-caba.infd.edu.ar\/sitio\/wp-content\/uploads\/2024\/11\/5-2048x2024.jpg 2048w\" sizes=\"(max-width: 1900px) 100vw, 1900px\" \/><\/figure>\n<\/div>\n\n\n\n<div class=\"wp-block-column is-layout-flow\">\n<figure class=\"wp-block-image size-full\"><img decoding=\"async\" loading=\"lazy\" width=\"1299\" height=\"818\" src=\"https:\/\/cmfalla-caba.infd.edu.ar\/sitio\/wp-content\/uploads\/2024\/11\/foto1.jpg\" alt=\"\" class=\"wp-image-9614\" srcset=\"https:\/\/cmfalla-caba.infd.edu.ar\/sitio\/wp-content\/uploads\/2024\/11\/foto1.jpg 1299w, https:\/\/cmfalla-caba.infd.edu.ar\/sitio\/wp-content\/uploads\/2024\/11\/foto1-1000x630.jpg 1000w, https:\/\/cmfalla-caba.infd.edu.ar\/sitio\/wp-content\/uploads\/2024\/11\/foto1-768x484.jpg 768w\" sizes=\"(max-width: 1299px) 100vw, 1299px\" \/><\/figure>\n<\/div>\n\n\n\n<div class=\"wp-block-column is-layout-flow\">\n<figure class=\"wp-block-image size-full\"><img decoding=\"async\" loading=\"lazy\" width=\"1600\" height=\"1200\" src=\"https:\/\/cmfalla-caba.infd.edu.ar\/sitio\/wp-content\/uploads\/2024\/11\/IMG-20220804-WA0031.jpg\" alt=\"\" class=\"wp-image-9615\" srcset=\"https:\/\/cmfalla-caba.infd.edu.ar\/sitio\/wp-content\/uploads\/2024\/11\/IMG-20220804-WA0031.jpg 1600w, https:\/\/cmfalla-caba.infd.edu.ar\/sitio\/wp-content\/uploads\/2024\/11\/IMG-20220804-WA0031-1000x750.jpg 1000w, https:\/\/cmfalla-caba.infd.edu.ar\/sitio\/wp-content\/uploads\/2024\/11\/IMG-20220804-WA0031-768x576.jpg 768w, https:\/\/cmfalla-caba.infd.edu.ar\/sitio\/wp-content\/uploads\/2024\/11\/IMG-20220804-WA0031-1536x1152.jpg 1536w\" sizes=\"(max-width: 1600px) 100vw, 1600px\" \/><\/figure>\n<\/div>\n<\/div>\n\n\n\n<div class=\"wp-block-columns is-layout-flex wp-container-12\">\n<div class=\"wp-block-column is-layout-flow\">\n<figure class=\"wp-block-image size-full\"><img decoding=\"async\" loading=\"lazy\" width=\"1600\" height=\"1200\" src=\"https:\/\/cmfalla-caba.infd.edu.ar\/sitio\/wp-content\/uploads\/2024\/11\/IMG-20220805-WA0024.jpg\" alt=\"\" class=\"wp-image-9616\" srcset=\"https:\/\/cmfalla-caba.infd.edu.ar\/sitio\/wp-content\/uploads\/2024\/11\/IMG-20220805-WA0024.jpg 1600w, https:\/\/cmfalla-caba.infd.edu.ar\/sitio\/wp-content\/uploads\/2024\/11\/IMG-20220805-WA0024-1000x750.jpg 1000w, https:\/\/cmfalla-caba.infd.edu.ar\/sitio\/wp-content\/uploads\/2024\/11\/IMG-20220805-WA0024-768x576.jpg 768w, https:\/\/cmfalla-caba.infd.edu.ar\/sitio\/wp-content\/uploads\/2024\/11\/IMG-20220805-WA0024-1536x1152.jpg 1536w\" sizes=\"(max-width: 1600px) 100vw, 1600px\" \/><\/figure>\n<\/div>\n\n\n\n<div class=\"wp-block-column is-layout-flow\">\n<figure class=\"wp-block-image size-full\"><img decoding=\"async\" loading=\"lazy\" width=\"1280\" height=\"1007\" src=\"https:\/\/cmfalla-caba.infd.edu.ar\/sitio\/wp-content\/uploads\/2024\/11\/IMG-20220516-WA0011-1.jpg\" alt=\"\" class=\"wp-image-9618\" srcset=\"https:\/\/cmfalla-caba.infd.edu.ar\/sitio\/wp-content\/uploads\/2024\/11\/IMG-20220516-WA0011-1.jpg 1280w, https:\/\/cmfalla-caba.infd.edu.ar\/sitio\/wp-content\/uploads\/2024\/11\/IMG-20220516-WA0011-1-1000x787.jpg 1000w, https:\/\/cmfalla-caba.infd.edu.ar\/sitio\/wp-content\/uploads\/2024\/11\/IMG-20220516-WA0011-1-768x604.jpg 768w\" sizes=\"(max-width: 1280px) 100vw, 1280px\" \/><\/figure>\n<\/div>\n\n\n\n<div class=\"wp-block-column is-layout-flow\">\n<figure class=\"wp-block-image size-large\"><img decoding=\"async\" loading=\"lazy\" width=\"1900\" height=\"1425\" src=\"https:\/\/cmfalla-caba.infd.edu.ar\/sitio\/wp-content\/uploads\/2024\/11\/1-1-1900x1425.jpg\" alt=\"\" class=\"wp-image-9619\" srcset=\"https:\/\/cmfalla-caba.infd.edu.ar\/sitio\/wp-content\/uploads\/2024\/11\/1-1-1900x1425.jpg 1900w, https:\/\/cmfalla-caba.infd.edu.ar\/sitio\/wp-content\/uploads\/2024\/11\/1-1-1000x750.jpg 1000w, https:\/\/cmfalla-caba.infd.edu.ar\/sitio\/wp-content\/uploads\/2024\/11\/1-1-768x576.jpg 768w, https:\/\/cmfalla-caba.infd.edu.ar\/sitio\/wp-content\/uploads\/2024\/11\/1-1-1536x1152.jpg 1536w, https:\/\/cmfalla-caba.infd.edu.ar\/sitio\/wp-content\/uploads\/2024\/11\/1-1-2048x1536.jpg 2048w\" sizes=\"(max-width: 1900px) 100vw, 1900px\" \/><\/figure>\n<\/div>\n<\/div>\n\n\n\n<h2 class=\"wp-block-heading has-text-align-center has-base-3-color has-contrast-2-background-color has-text-color has-background\"><strong>Contacto<\/strong><\/h2>\n\n\n\n<h3 class=\"wp-block-heading has-text-align-center\"><a href=\"mailto:equipogenero.csmmf@gmail.com\" target=\"_blank\" rel=\"noreferrer noopener\">equipogenero.csmmf@gmail.com<\/a><\/h3>\n\n\n\n<figure class=\"wp-block-image size-large\"><img decoding=\"async\" loading=\"lazy\" width=\"1080\" height=\"1080\" src=\"https:\/\/cmfalla-caba.infd.edu.ar\/sitio\/wp-content\/uploads\/2022\/05\/Flyer_equipogenero.jpg\" alt=\"\" class=\"wp-image-6676\" srcset=\"https:\/\/cmfalla-caba.infd.edu.ar\/sitio\/wp-content\/uploads\/2022\/05\/Flyer_equipogenero.jpg 1080w, https:\/\/cmfalla-caba.infd.edu.ar\/sitio\/wp-content\/uploads\/2022\/05\/Flyer_equipogenero-1000x1000.jpg 1000w, https:\/\/cmfalla-caba.infd.edu.ar\/sitio\/wp-content\/uploads\/2022\/05\/Flyer_equipogenero-500x500.jpg 500w, https:\/\/cmfalla-caba.infd.edu.ar\/sitio\/wp-content\/uploads\/2022\/05\/Flyer_equipogenero-768x768.jpg 768w\" sizes=\"(max-width: 1080px) 100vw, 1080px\" \/><\/figure>\n\n\n\n<figure class=\"wp-block-image size-large\"><img decoding=\"async\" src=\"blob:https:\/\/cmfalla-caba.infd.edu.ar\/58e43d44-8d59-4537-8a62-c4595179e969\" alt=\"\"\/><\/figure>\n\n\n\n<figure class=\"wp-block-image size-large\"><img decoding=\"async\" loading=\"lazy\" width=\"1344\" height=\"1900\" src=\"https:\/\/cmfalla-caba.infd.edu.ar\/sitio\/wp-content\/uploads\/2022\/05\/a3_IDENTIDAD_GENERO-09-1-1344x1900.jpg\" alt=\"\" class=\"wp-image-6682\" srcset=\"https:\/\/cmfalla-caba.infd.edu.ar\/sitio\/wp-content\/uploads\/2022\/05\/a3_IDENTIDAD_GENERO-09-1-1344x1900.jpg 1344w, https:\/\/cmfalla-caba.infd.edu.ar\/sitio\/wp-content\/uploads\/2022\/05\/a3_IDENTIDAD_GENERO-09-1-707x1000.jpg 707w, https:\/\/cmfalla-caba.infd.edu.ar\/sitio\/wp-content\/uploads\/2022\/05\/a3_IDENTIDAD_GENERO-09-1-768x1086.jpg 768w, https:\/\/cmfalla-caba.infd.edu.ar\/sitio\/wp-content\/uploads\/2022\/05\/a3_IDENTIDAD_GENERO-09-1-1086x1536.jpg 1086w, https:\/\/cmfalla-caba.infd.edu.ar\/sitio\/wp-content\/uploads\/2022\/05\/a3_IDENTIDAD_GENERO-09-1-1448x2048.jpg 1448w, https:\/\/cmfalla-caba.infd.edu.ar\/sitio\/wp-content\/uploads\/2022\/05\/a3_IDENTIDAD_GENERO-09-1-scaled.jpg 1810w\" sizes=\"(max-width: 1344px) 100vw, 1344px\" \/><\/figure>\n","protected":false},"excerpt":{"rendered":"<p>1 &#8211; Sobre el Equipo El Equipo se orienta a la prevenci\u00f3n y el abordaje de la violencia de g\u00e9nero y el fortalecimiento de la convivencia institucional del Conservatorio Superior de M\u00fasica \u00abManuel de Falla\u00bb.Fue creado en principio para garantizar la adecuada aplicaci\u00f3n del Protocolo para Situaciones de Violencia de G\u00e9nero de la DGEART. Los &#8230; <a title=\"Equipo Interdisciplinario de Prevenci\u00f3n de Violencia de G\u00e9nero y Convivencia Institucional\" class=\"read-more\" href=\"https:\/\/cmfalla-caba.infd.edu.ar\/sitio\/equipo-interdisciplinario-de-prevencion-de-violencia-de-genero-y-convivencia-institucional\/\" aria-label=\"More on Equipo Interdisciplinario de Prevenci\u00f3n de Violencia de G\u00e9nero y Convivencia Institucional\">[+]<\/a><\/p>\n","protected":false},"author":3050,"featured_media":0,"parent":0,"menu_order":0,"comment_status":"closed","ping_status":"closed","template":"","meta":[],"acf":[],"_links":{"self":[{"href":"https:\/\/cmfalla-caba.infd.edu.ar\/sitio\/wp-json\/wp\/v2\/pages\/6643"}],"collection":[{"href":"https:\/\/cmfalla-caba.infd.edu.ar\/sitio\/wp-json\/wp\/v2\/pages"}],"about":[{"href":"https:\/\/cmfalla-caba.infd.edu.ar\/sitio\/wp-json\/wp\/v2\/types\/page"}],"author":[{"embeddable":true,"href":"https:\/\/cmfalla-caba.infd.edu.ar\/sitio\/wp-json\/wp\/v2\/users\/3050"}],"replies":[{"embeddable":true,"href":"https:\/\/cmfalla-caba.infd.edu.ar\/sitio\/wp-json\/wp\/v2\/comments?post=6643"}],"version-history":[{"count":14,"href":"https:\/\/cmfalla-caba.infd.edu.ar\/sitio\/wp-json\/wp\/v2\/pages\/6643\/revisions"}],"predecessor-version":[{"id":11750,"href":"https:\/\/cmfalla-caba.infd.edu.ar\/sitio\/wp-json\/wp\/v2\/pages\/6643\/revisions\/11750"}],"wp:attachment":[{"href":"https:\/\/cmfalla-caba.infd.edu.ar\/sitio\/wp-json\/wp\/v2\/media?parent=6643"}],"curies":[{"name":"wp","href":"https:\/\/api.w.org\/{rel}","templated":true}]}}