{"id":6725,"date":"2022-08-01T15:53:45","date_gmt":"2022-08-01T18:53:45","guid":{"rendered":"https:\/\/cmfalla-caba.infd.edu.ar\/sitio\/?page_id=6725"},"modified":"2026-03-30T12:28:30","modified_gmt":"2026-03-30T15:28:30","slug":"matriculacion-ciclo-superior","status":"publish","type":"page","link":"https:\/\/cmfalla-caba.infd.edu.ar\/sitio\/matriculacion-ciclo-superior\/","title":{"rendered":"Matriculaci\u00f3n 2026 &#8211; Nivel Superior"},"content":{"rendered":"\n<p><\/p>\n\n\n\n<p class=\"has-text-align-center has-base-3-color has-contrast-2-background-color has-text-color has-background has-medium-font-size\"><strong>El per\u00edodo de matriculaci\u00f3n del 1er cuatrimestre del Nivel Superior ya finaliz\u00f3<\/strong><\/p>\n\n\n\n<figure class=\"wp-block-image size-large\"><img decoding=\"async\" loading=\"lazy\" width=\"1900\" height=\"1016\" src=\"https:\/\/cmfalla-caba.infd.edu.ar\/sitio\/wp-content\/uploads\/2026\/03\/MATRICULACION-Nivel-Superior-33-1900x1016.jpg\" alt=\"\" class=\"wp-image-11471\" srcset=\"https:\/\/cmfalla-caba.infd.edu.ar\/sitio\/wp-content\/uploads\/2026\/03\/MATRICULACION-Nivel-Superior-33-1900x1016.jpg 1900w, https:\/\/cmfalla-caba.infd.edu.ar\/sitio\/wp-content\/uploads\/2026\/03\/MATRICULACION-Nivel-Superior-33-1000x534.jpg 1000w, https:\/\/cmfalla-caba.infd.edu.ar\/sitio\/wp-content\/uploads\/2026\/03\/MATRICULACION-Nivel-Superior-33-768x410.jpg 768w, https:\/\/cmfalla-caba.infd.edu.ar\/sitio\/wp-content\/uploads\/2026\/03\/MATRICULACION-Nivel-Superior-33-1536x821.jpg 1536w, https:\/\/cmfalla-caba.infd.edu.ar\/sitio\/wp-content\/uploads\/2026\/03\/MATRICULACION-Nivel-Superior-33-2048x1095.jpg 2048w\" sizes=\"(max-width: 1900px) 100vw, 1900px\" \/><\/figure>\n\n\n\n<div class=\"wp-block-columns is-layout-flex wp-container-3\">\n<div class=\"wp-block-column is-layout-flow\">\n<figure class=\"wp-block-image size-large\"><img decoding=\"async\" loading=\"lazy\" width=\"1520\" height=\"1900\" src=\"https:\/\/cmfalla-caba.infd.edu.ar\/sitio\/wp-content\/uploads\/2026\/03\/MATRICULACION-Nivel-Superior-25-3-1520x1900.jpg\" alt=\"\" class=\"wp-image-11526\" srcset=\"https:\/\/cmfalla-caba.infd.edu.ar\/sitio\/wp-content\/uploads\/2026\/03\/MATRICULACION-Nivel-Superior-25-3-1520x1900.jpg 1520w, https:\/\/cmfalla-caba.infd.edu.ar\/sitio\/wp-content\/uploads\/2026\/03\/MATRICULACION-Nivel-Superior-25-3-800x1000.jpg 800w, https:\/\/cmfalla-caba.infd.edu.ar\/sitio\/wp-content\/uploads\/2026\/03\/MATRICULACION-Nivel-Superior-25-3-768x960.jpg 768w, https:\/\/cmfalla-caba.infd.edu.ar\/sitio\/wp-content\/uploads\/2026\/03\/MATRICULACION-Nivel-Superior-25-3-1229x1536.jpg 1229w, https:\/\/cmfalla-caba.infd.edu.ar\/sitio\/wp-content\/uploads\/2026\/03\/MATRICULACION-Nivel-Superior-25-3-1638x2048.jpg 1638w, https:\/\/cmfalla-caba.infd.edu.ar\/sitio\/wp-content\/uploads\/2026\/03\/MATRICULACION-Nivel-Superior-25-3-scaled.jpg 2048w\" sizes=\"(max-width: 1520px) 100vw, 1520px\" \/><\/figure>\n<\/div>\n\n\n\n<div class=\"wp-block-column is-layout-flow\">\n<figure class=\"wp-block-image size-large\"><img decoding=\"async\" loading=\"lazy\" width=\"1520\" height=\"1900\" src=\"https:\/\/cmfalla-caba.infd.edu.ar\/sitio\/wp-content\/uploads\/2026\/03\/MATRICULACION-Nivel-Superior-26-1-1520x1900.jpg\" alt=\"\" class=\"wp-image-11525\" srcset=\"https:\/\/cmfalla-caba.infd.edu.ar\/sitio\/wp-content\/uploads\/2026\/03\/MATRICULACION-Nivel-Superior-26-1-1520x1900.jpg 1520w, https:\/\/cmfalla-caba.infd.edu.ar\/sitio\/wp-content\/uploads\/2026\/03\/MATRICULACION-Nivel-Superior-26-1-800x1000.jpg 800w, https:\/\/cmfalla-caba.infd.edu.ar\/sitio\/wp-content\/uploads\/2026\/03\/MATRICULACION-Nivel-Superior-26-1-768x960.jpg 768w, https:\/\/cmfalla-caba.infd.edu.ar\/sitio\/wp-content\/uploads\/2026\/03\/MATRICULACION-Nivel-Superior-26-1-1229x1536.jpg 1229w, https:\/\/cmfalla-caba.infd.edu.ar\/sitio\/wp-content\/uploads\/2026\/03\/MATRICULACION-Nivel-Superior-26-1-1638x2048.jpg 1638w, https:\/\/cmfalla-caba.infd.edu.ar\/sitio\/wp-content\/uploads\/2026\/03\/MATRICULACION-Nivel-Superior-26-1-scaled.jpg 2048w\" sizes=\"(max-width: 1520px) 100vw, 1520px\" \/><\/figure>\n<\/div>\n<\/div>\n\n\n\n<div class=\"wp-block-columns is-layout-flex wp-container-6\">\n<div class=\"wp-block-column is-layout-flow\">\n<figure class=\"wp-block-image size-large\"><img decoding=\"async\" loading=\"lazy\" width=\"1520\" height=\"1900\" src=\"https:\/\/cmfalla-caba.infd.edu.ar\/sitio\/wp-content\/uploads\/2026\/03\/MATRICULACION-Nivel-Superior-27-1-1520x1900.jpg\" alt=\"\" class=\"wp-image-11527\" srcset=\"https:\/\/cmfalla-caba.infd.edu.ar\/sitio\/wp-content\/uploads\/2026\/03\/MATRICULACION-Nivel-Superior-27-1-1520x1900.jpg 1520w, https:\/\/cmfalla-caba.infd.edu.ar\/sitio\/wp-content\/uploads\/2026\/03\/MATRICULACION-Nivel-Superior-27-1-800x1000.jpg 800w, https:\/\/cmfalla-caba.infd.edu.ar\/sitio\/wp-content\/uploads\/2026\/03\/MATRICULACION-Nivel-Superior-27-1-768x960.jpg 768w, https:\/\/cmfalla-caba.infd.edu.ar\/sitio\/wp-content\/uploads\/2026\/03\/MATRICULACION-Nivel-Superior-27-1-1229x1536.jpg 1229w, https:\/\/cmfalla-caba.infd.edu.ar\/sitio\/wp-content\/uploads\/2026\/03\/MATRICULACION-Nivel-Superior-27-1-1638x2048.jpg 1638w, https:\/\/cmfalla-caba.infd.edu.ar\/sitio\/wp-content\/uploads\/2026\/03\/MATRICULACION-Nivel-Superior-27-1-scaled.jpg 2048w\" sizes=\"(max-width: 1520px) 100vw, 1520px\" \/><\/figure>\n<\/div>\n\n\n\n<div class=\"wp-block-column is-layout-flow\">\n<figure class=\"wp-block-image size-large\"><img decoding=\"async\" loading=\"lazy\" width=\"1520\" height=\"1900\" src=\"https:\/\/cmfalla-caba.infd.edu.ar\/sitio\/wp-content\/uploads\/2026\/03\/MATRICULACION-Nivel-Superior-28-1-1520x1900.jpg\" alt=\"\" class=\"wp-image-11528\" srcset=\"https:\/\/cmfalla-caba.infd.edu.ar\/sitio\/wp-content\/uploads\/2026\/03\/MATRICULACION-Nivel-Superior-28-1-1520x1900.jpg 1520w, https:\/\/cmfalla-caba.infd.edu.ar\/sitio\/wp-content\/uploads\/2026\/03\/MATRICULACION-Nivel-Superior-28-1-800x1000.jpg 800w, https:\/\/cmfalla-caba.infd.edu.ar\/sitio\/wp-content\/uploads\/2026\/03\/MATRICULACION-Nivel-Superior-28-1-768x960.jpg 768w, https:\/\/cmfalla-caba.infd.edu.ar\/sitio\/wp-content\/uploads\/2026\/03\/MATRICULACION-Nivel-Superior-28-1-1229x1536.jpg 1229w, https:\/\/cmfalla-caba.infd.edu.ar\/sitio\/wp-content\/uploads\/2026\/03\/MATRICULACION-Nivel-Superior-28-1-1638x2048.jpg 1638w, https:\/\/cmfalla-caba.infd.edu.ar\/sitio\/wp-content\/uploads\/2026\/03\/MATRICULACION-Nivel-Superior-28-1-scaled.jpg 2048w\" sizes=\"(max-width: 1520px) 100vw, 1520px\" \/><\/figure>\n<\/div>\n<\/div>\n\n\n\n<div class=\"wp-block-columns is-layout-flex wp-container-9\">\n<div class=\"wp-block-column is-layout-flow\">\n<figure class=\"wp-block-image size-large\"><img decoding=\"async\" loading=\"lazy\" width=\"1520\" height=\"1900\" src=\"https:\/\/cmfalla-caba.infd.edu.ar\/sitio\/wp-content\/uploads\/2026\/03\/MATRICULACION-Nivel-Superior-29-1-1520x1900.jpg\" alt=\"\" class=\"wp-image-11529\" srcset=\"https:\/\/cmfalla-caba.infd.edu.ar\/sitio\/wp-content\/uploads\/2026\/03\/MATRICULACION-Nivel-Superior-29-1-1520x1900.jpg 1520w, https:\/\/cmfalla-caba.infd.edu.ar\/sitio\/wp-content\/uploads\/2026\/03\/MATRICULACION-Nivel-Superior-29-1-800x1000.jpg 800w, https:\/\/cmfalla-caba.infd.edu.ar\/sitio\/wp-content\/uploads\/2026\/03\/MATRICULACION-Nivel-Superior-29-1-768x960.jpg 768w, https:\/\/cmfalla-caba.infd.edu.ar\/sitio\/wp-content\/uploads\/2026\/03\/MATRICULACION-Nivel-Superior-29-1-1229x1536.jpg 1229w, https:\/\/cmfalla-caba.infd.edu.ar\/sitio\/wp-content\/uploads\/2026\/03\/MATRICULACION-Nivel-Superior-29-1-1638x2048.jpg 1638w, https:\/\/cmfalla-caba.infd.edu.ar\/sitio\/wp-content\/uploads\/2026\/03\/MATRICULACION-Nivel-Superior-29-1-scaled.jpg 2048w\" sizes=\"(max-width: 1520px) 100vw, 1520px\" \/><\/figure>\n<\/div>\n\n\n\n<div class=\"wp-block-column is-layout-flow\">\n<figure class=\"wp-block-image size-large\"><img decoding=\"async\" loading=\"lazy\" width=\"1520\" height=\"1900\" src=\"https:\/\/cmfalla-caba.infd.edu.ar\/sitio\/wp-content\/uploads\/2026\/03\/MATRICULACION-Nivel-Superior-30-1-1520x1900.jpg\" alt=\"\" class=\"wp-image-11530\" srcset=\"https:\/\/cmfalla-caba.infd.edu.ar\/sitio\/wp-content\/uploads\/2026\/03\/MATRICULACION-Nivel-Superior-30-1-1520x1900.jpg 1520w, https:\/\/cmfalla-caba.infd.edu.ar\/sitio\/wp-content\/uploads\/2026\/03\/MATRICULACION-Nivel-Superior-30-1-800x1000.jpg 800w, https:\/\/cmfalla-caba.infd.edu.ar\/sitio\/wp-content\/uploads\/2026\/03\/MATRICULACION-Nivel-Superior-30-1-768x960.jpg 768w, https:\/\/cmfalla-caba.infd.edu.ar\/sitio\/wp-content\/uploads\/2026\/03\/MATRICULACION-Nivel-Superior-30-1-1229x1536.jpg 1229w, https:\/\/cmfalla-caba.infd.edu.ar\/sitio\/wp-content\/uploads\/2026\/03\/MATRICULACION-Nivel-Superior-30-1-1638x2048.jpg 1638w, https:\/\/cmfalla-caba.infd.edu.ar\/sitio\/wp-content\/uploads\/2026\/03\/MATRICULACION-Nivel-Superior-30-1-scaled.jpg 2048w\" sizes=\"(max-width: 1520px) 100vw, 1520px\" \/><\/figure>\n<\/div>\n<\/div>\n\n\n\n<div class=\"wp-block-columns is-layout-flex wp-container-12\">\n<div class=\"wp-block-column is-layout-flow\">\n<figure class=\"wp-block-image size-large\"><img decoding=\"async\" loading=\"lazy\" width=\"1520\" height=\"1900\" src=\"https:\/\/cmfalla-caba.infd.edu.ar\/sitio\/wp-content\/uploads\/2026\/03\/MATRICULACION-Nivel-Superior-31-1-1520x1900.jpg\" alt=\"\" class=\"wp-image-11531\" srcset=\"https:\/\/cmfalla-caba.infd.edu.ar\/sitio\/wp-content\/uploads\/2026\/03\/MATRICULACION-Nivel-Superior-31-1-1520x1900.jpg 1520w, https:\/\/cmfalla-caba.infd.edu.ar\/sitio\/wp-content\/uploads\/2026\/03\/MATRICULACION-Nivel-Superior-31-1-800x1000.jpg 800w, https:\/\/cmfalla-caba.infd.edu.ar\/sitio\/wp-content\/uploads\/2026\/03\/MATRICULACION-Nivel-Superior-31-1-768x960.jpg 768w, https:\/\/cmfalla-caba.infd.edu.ar\/sitio\/wp-content\/uploads\/2026\/03\/MATRICULACION-Nivel-Superior-31-1-1229x1536.jpg 1229w, https:\/\/cmfalla-caba.infd.edu.ar\/sitio\/wp-content\/uploads\/2026\/03\/MATRICULACION-Nivel-Superior-31-1-1638x2048.jpg 1638w, https:\/\/cmfalla-caba.infd.edu.ar\/sitio\/wp-content\/uploads\/2026\/03\/MATRICULACION-Nivel-Superior-31-1-scaled.jpg 2048w\" sizes=\"(max-width: 1520px) 100vw, 1520px\" \/><\/figure>\n<\/div>\n\n\n\n<div class=\"wp-block-column is-layout-flow\">\n<figure class=\"wp-block-image size-large\"><img decoding=\"async\" loading=\"lazy\" width=\"1520\" height=\"1900\" src=\"https:\/\/cmfalla-caba.infd.edu.ar\/sitio\/wp-content\/uploads\/2026\/03\/MATRICULACION-Nivel-Superior-32-1520x1900.jpg\" alt=\"\" class=\"wp-image-11532\" srcset=\"https:\/\/cmfalla-caba.infd.edu.ar\/sitio\/wp-content\/uploads\/2026\/03\/MATRICULACION-Nivel-Superior-32-1520x1900.jpg 1520w, https:\/\/cmfalla-caba.infd.edu.ar\/sitio\/wp-content\/uploads\/2026\/03\/MATRICULACION-Nivel-Superior-32-800x1000.jpg 800w, https:\/\/cmfalla-caba.infd.edu.ar\/sitio\/wp-content\/uploads\/2026\/03\/MATRICULACION-Nivel-Superior-32-768x960.jpg 768w, https:\/\/cmfalla-caba.infd.edu.ar\/sitio\/wp-content\/uploads\/2026\/03\/MATRICULACION-Nivel-Superior-32-1229x1536.jpg 1229w, https:\/\/cmfalla-caba.infd.edu.ar\/sitio\/wp-content\/uploads\/2026\/03\/MATRICULACION-Nivel-Superior-32-1638x2048.jpg 1638w, https:\/\/cmfalla-caba.infd.edu.ar\/sitio\/wp-content\/uploads\/2026\/03\/MATRICULACION-Nivel-Superior-32-scaled.jpg 2048w\" sizes=\"(max-width: 1520px) 100vw, 1520px\" \/><\/figure>\n<\/div>\n<\/div>\n","protected":false},"excerpt":{"rendered":"<p>El per\u00edodo de matriculaci\u00f3n del 1er cuatrimestre del Nivel Superior ya finaliz\u00f3<\/p>\n","protected":false},"author":3745,"featured_media":0,"parent":0,"menu_order":0,"comment_status":"closed","ping_status":"closed","template":"","meta":[],"acf":[],"_links":{"self":[{"href":"https:\/\/cmfalla-caba.infd.edu.ar\/sitio\/wp-json\/wp\/v2\/pages\/6725"}],"collection":[{"href":"https:\/\/cmfalla-caba.infd.edu.ar\/sitio\/wp-json\/wp\/v2\/pages"}],"about":[{"href":"https:\/\/cmfalla-caba.infd.edu.ar\/sitio\/wp-json\/wp\/v2\/types\/page"}],"author":[{"embeddable":true,"href":"https:\/\/cmfalla-caba.infd.edu.ar\/sitio\/wp-json\/wp\/v2\/users\/3745"}],"replies":[{"embeddable":true,"href":"https:\/\/cmfalla-caba.infd.edu.ar\/sitio\/wp-json\/wp\/v2\/comments?post=6725"}],"version-history":[{"count":79,"href":"https:\/\/cmfalla-caba.infd.edu.ar\/sitio\/wp-json\/wp\/v2\/pages\/6725\/revisions"}],"predecessor-version":[{"id":11748,"href":"https:\/\/cmfalla-caba.infd.edu.ar\/sitio\/wp-json\/wp\/v2\/pages\/6725\/revisions\/11748"}],"wp:attachment":[{"href":"https:\/\/cmfalla-caba.infd.edu.ar\/sitio\/wp-json\/wp\/v2\/media?parent=6725"}],"curies":[{"name":"wp","href":"https:\/\/api.w.org\/{rel}","templated":true}]}}