{"id":7050,"date":"2022-11-29T18:03:41","date_gmt":"2022-11-29T21:03:41","guid":{"rendered":"https:\/\/cmfalla-caba.infd.edu.ar\/sitio\/?page_id=7050"},"modified":"2023-12-18T15:55:53","modified_gmt":"2023-12-18T18:55:53","slug":"mesas-de-examenes-2","status":"publish","type":"page","link":"https:\/\/cmfalla-caba.infd.edu.ar\/sitio\/mesas-de-examenes-2\/","title":{"rendered":"Mesas de Examen"},"content":{"rendered":"\n<p><strong>Mesas de examen turno febrero<\/strong><\/p>\n\n\n\n<p>Inscripci\u00f3n presencial a ex\u00e1menes regulares, previos y libres del: <strong>8 al 10 de febrero 2024<\/strong><\/p>\n\n\n\n<p>Ex\u00e1menes de estudiantes regulares, previo y libres del: <strong>19 al 24 de febrero de 2024<\/strong><\/p>\n\n\n\n<p><\/p>\n\n\n\n<p><\/p>\n","protected":false},"excerpt":{"rendered":"<p>Mesas de examen turno febrero Inscripci\u00f3n presencial a ex\u00e1menes regulares, previos y libres del: 8 al 10 de febrero 2024 Ex\u00e1menes de estudiantes regulares, previo y libres del: 19 al 24 de febrero de 2024<\/p>\n","protected":false},"author":3745,"featured_media":0,"parent":0,"menu_order":0,"comment_status":"closed","ping_status":"closed","template":"","meta":[],"acf":[],"_links":{"self":[{"href":"https:\/\/cmfalla-caba.infd.edu.ar\/sitio\/wp-json\/wp\/v2\/pages\/7050"}],"collection":[{"href":"https:\/\/cmfalla-caba.infd.edu.ar\/sitio\/wp-json\/wp\/v2\/pages"}],"about":[{"href":"https:\/\/cmfalla-caba.infd.edu.ar\/sitio\/wp-json\/wp\/v2\/types\/page"}],"author":[{"embeddable":true,"href":"https:\/\/cmfalla-caba.infd.edu.ar\/sitio\/wp-json\/wp\/v2\/users\/3745"}],"replies":[{"embeddable":true,"href":"https:\/\/cmfalla-caba.infd.edu.ar\/sitio\/wp-json\/wp\/v2\/comments?post=7050"}],"version-history":[{"count":19,"href":"https:\/\/cmfalla-caba.infd.edu.ar\/sitio\/wp-json\/wp\/v2\/pages\/7050\/revisions"}],"predecessor-version":[{"id":7989,"href":"https:\/\/cmfalla-caba.infd.edu.ar\/sitio\/wp-json\/wp\/v2\/pages\/7050\/revisions\/7989"}],"wp:attachment":[{"href":"https:\/\/cmfalla-caba.infd.edu.ar\/sitio\/wp-json\/wp\/v2\/media?parent=7050"}],"curies":[{"name":"wp","href":"https:\/\/api.w.org\/{rel}","templated":true}]}}