{"id":7577,"date":"2023-09-29T13:18:04","date_gmt":"2023-09-29T16:18:04","guid":{"rendered":"https:\/\/cmfalla-caba.infd.edu.ar\/sitio\/?page_id=7577"},"modified":"2025-02-24T21:39:10","modified_gmt":"2025-02-25T00:39:10","slug":"consejo-directivo-2021-2023","status":"publish","type":"page","link":"https:\/\/cmfalla-caba.infd.edu.ar\/sitio\/consejo-directivo-2021-2023\/","title":{"rendered":"Consejo Directivo 2024-2026"},"content":{"rendered":"\n<p><\/p>\n\n\n\n<figure class=\"wp-block-table\"><table class=\"has-very-light-gray-to-cyan-bluish-gray-gradient-background has-background\"><tbody><tr><td><strong>CLAUSTRO DOCENTE:<\/strong><br>Contacto:<br><a href=\"mailto:claustrodocentesconsejo@gmail.com\">claustrodocentesconsejo@gmail.com<br><\/a><br><br><br><\/td><td><strong>Titulares<\/strong><br>Lautaro Soria<br>Fabiana Judith Israel<br>Valeria T\u00e1rtara<br>Gabriela Bernasconi<br>Florencia Bernales<br>Ana Ligia Mastruzzo<br>Mar\u00eda Eugenia Caretti<br>&nbsp;<br><strong>Suplentes<br><\/strong>Graciela Garc\u00eda<br>Alicia Viviana Moran<br>Mar\u00eda Lorena Rojas<br>Emiliano Rodriguez<br>Adriana Cerletti<br>Lorena Ienni<br>Victoria Polti<\/td><\/tr><tr><td><strong>CLAUSTRO ESTUDIANTES:<\/strong><br>Contacto:<br><a href=\"mailto:claustroestudiantescd@gmail.com\">claustroestudiantescd@gmail.com<\/a><br><\/td><td><strong>Titulares<\/strong><br>B\u00e1rbara In\u00e9s Streger<br>Mar\u00eda Dulce Garrido<br>Paula Paz<br>Mateo Bertini<br>Franco Leiva<br>&nbsp;<br><strong>Suplentes<\/strong><br>Juan Mauro Mascare\u00f1o<br>Gabriela Freyre<br>Delfina Zambosco<br>Bruno Hassan<br>Indiana Branchesi<\/td><\/tr><tr><td><strong>CLAUSTRO GRADUADOS\/AS:<\/strong><br><\/td><td><strong>TITULAR<\/strong><br>Diego C\u00e1ceres<br><strong>SUPLENTE<\/strong><br>Mar\u00eda Emilia Tisera<\/td><\/tr><tr><td><strong>CLAUSTRO ADMINISTRATIVOS:<\/strong><\/td><td><strong>TITULAR<\/strong><br>Mar\u00eda Lilian Bueno<br><strong>SUPLENTE<br><\/strong>Nicol\u00e1s MuntaabskI<\/td><\/tr><\/tbody><\/table><\/figure>\n\n\n\n<figure class=\"wp-block-image size-full is-resized\"><img decoding=\"async\" loading=\"lazy\" src=\"https:\/\/cmfalla-caba.infd.edu.ar\/sitio\/wp-content\/uploads\/2020\/09\/logo-falla-blanco-fondo-azul.jpg\" alt=\"\" class=\"wp-image-5468\" width=\"237\" height=\"129\" srcset=\"https:\/\/cmfalla-caba.infd.edu.ar\/sitio\/wp-content\/uploads\/2020\/09\/logo-falla-blanco-fondo-azul.jpg 948w, https:\/\/cmfalla-caba.infd.edu.ar\/sitio\/wp-content\/uploads\/2020\/09\/logo-falla-blanco-fondo-azul-768x418.jpg 768w\" sizes=\"(max-width: 237px) 100vw, 237px\" \/><\/figure>\n","protected":false},"excerpt":{"rendered":"<p>CLAUSTRO DOCENTE:Contacto:claustrodocentesconsejo@gmail.com TitularesLautaro SoriaFabiana Judith IsraelValeria T\u00e1rtaraGabriela BernasconiFlorencia BernalesAna Ligia MastruzzoMar\u00eda Eugenia Caretti&nbsp;SuplentesGraciela Garc\u00edaAlicia Viviana MoranMar\u00eda Lorena RojasEmiliano RodriguezAdriana CerlettiLorena IenniVictoria Polti CLAUSTRO ESTUDIANTES:Contacto:claustroestudiantescd@gmail.com TitularesB\u00e1rbara In\u00e9s StregerMar\u00eda Dulce GarridoPaula PazMateo BertiniFranco Leiva&nbsp;SuplentesJuan Mauro Mascare\u00f1oGabriela FreyreDelfina ZamboscoBruno HassanIndiana Branchesi CLAUSTRO GRADUADOS\/AS: TITULARDiego C\u00e1ceresSUPLENTEMar\u00eda Emilia Tisera CLAUSTRO ADMINISTRATIVOS: TITULARMar\u00eda Lilian BuenoSUPLENTENicol\u00e1s MuntaabskI<\/p>\n","protected":false},"author":954,"featured_media":0,"parent":0,"menu_order":0,"comment_status":"closed","ping_status":"closed","template":"","meta":[],"acf":[],"_links":{"self":[{"href":"https:\/\/cmfalla-caba.infd.edu.ar\/sitio\/wp-json\/wp\/v2\/pages\/7577"}],"collection":[{"href":"https:\/\/cmfalla-caba.infd.edu.ar\/sitio\/wp-json\/wp\/v2\/pages"}],"about":[{"href":"https:\/\/cmfalla-caba.infd.edu.ar\/sitio\/wp-json\/wp\/v2\/types\/page"}],"author":[{"embeddable":true,"href":"https:\/\/cmfalla-caba.infd.edu.ar\/sitio\/wp-json\/wp\/v2\/users\/954"}],"replies":[{"embeddable":true,"href":"https:\/\/cmfalla-caba.infd.edu.ar\/sitio\/wp-json\/wp\/v2\/comments?post=7577"}],"version-history":[{"count":6,"href":"https:\/\/cmfalla-caba.infd.edu.ar\/sitio\/wp-json\/wp\/v2\/pages\/7577\/revisions"}],"predecessor-version":[{"id":9845,"href":"https:\/\/cmfalla-caba.infd.edu.ar\/sitio\/wp-json\/wp\/v2\/pages\/7577\/revisions\/9845"}],"wp:attachment":[{"href":"https:\/\/cmfalla-caba.infd.edu.ar\/sitio\/wp-json\/wp\/v2\/media?parent=7577"}],"curies":[{"name":"wp","href":"https:\/\/api.w.org\/{rel}","templated":true}]}}