{"id":7839,"date":"2023-12-09T17:12:53","date_gmt":"2023-12-09T20:12:53","guid":{"rendered":"https:\/\/cmfalla-caba.infd.edu.ar\/sitio\/?page_id=7839"},"modified":"2025-09-08T15:58:54","modified_gmt":"2025-09-08T18:58:54","slug":"plantel-docente-carrera-de-produccion-musical-didactica","status":"publish","type":"page","link":"https:\/\/cmfalla-caba.infd.edu.ar\/sitio\/plantel-docente-carrera-de-produccion-musical-didactica\/","title":{"rendered":"Plantel docente &#8211; Carrera de Producci\u00f3n Musical Did\u00e1ctica"},"content":{"rendered":"\n<pre class=\"wp-block-preformatted\">Conjunto Musical Did\u00e1ctico 1 y 2 - <strong>Ignacio Propato<\/strong>\n\nConjunto Musical Did\u00e1ctico 3 y 4 - <strong>Mar\u00eda Laura Otheguy<\/strong>\n\nFlauta Dulce Educaci\u00f3n\/Complementario - <strong>Pamela Monkobodsky<\/strong>\n\nCanto Educaci\u00f3n\/Complementario - <strong>Magal\u00ed Robledo<\/strong>\n\nPiano Educaci\u00f3n \/ Complementario - <strong>Bruno Cruells<\/strong>\n\nGuitarra Educaci\u00f3n - <strong>Mat\u00edas Schurjin<\/strong>\n\nSeminario de Problem\u00e1ticas Educativo-Musicales - <strong>Daniel Duarte Loza<\/strong>\n\nArmon\u00eda y Arreglos\/Arreglos Musicales - <strong>Ra\u00fal Fiorino<\/strong>\n\nHistoria de la M\u00fasica Argentina y Latinoamericana - <strong>Ang\u00e9lica Adorni<\/strong>\n\nDid\u00e1ctica de la Educaci\u00f3n Art\u00edstica - <strong>Alejandro Band\u00edn<\/strong><\/pre>\n","protected":false},"excerpt":{"rendered":"<p>Conjunto Musical Did\u00e1ctico 1 y 2 &#8211; Ignacio Propato Conjunto Musical Did\u00e1ctico 3 y 4 &#8211; Mar\u00eda Laura Otheguy Flauta Dulce Educaci\u00f3n\/Complementario &#8211; Pamela Monkobodsky Canto Educaci\u00f3n\/Complementario &#8211; Magal\u00ed Robledo Piano Educaci\u00f3n \/ Complementario &#8211; Bruno Cruells Guitarra Educaci\u00f3n &#8211; Mat\u00edas Schurjin Seminario de Problem\u00e1ticas Educativo-Musicales &#8211; Daniel Duarte Loza Armon\u00eda y Arreglos\/Arreglos Musicales &#8211; &#8230; <a title=\"Plantel docente &#8211; Carrera de Producci\u00f3n Musical Did\u00e1ctica\" class=\"read-more\" href=\"https:\/\/cmfalla-caba.infd.edu.ar\/sitio\/plantel-docente-carrera-de-produccion-musical-didactica\/\" aria-label=\"More on Plantel docente &#8211; Carrera de Producci\u00f3n Musical Did\u00e1ctica\">[+]<\/a><\/p>\n","protected":false},"author":3337,"featured_media":0,"parent":0,"menu_order":0,"comment_status":"closed","ping_status":"closed","template":"","meta":[],"acf":[],"_links":{"self":[{"href":"https:\/\/cmfalla-caba.infd.edu.ar\/sitio\/wp-json\/wp\/v2\/pages\/7839"}],"collection":[{"href":"https:\/\/cmfalla-caba.infd.edu.ar\/sitio\/wp-json\/wp\/v2\/pages"}],"about":[{"href":"https:\/\/cmfalla-caba.infd.edu.ar\/sitio\/wp-json\/wp\/v2\/types\/page"}],"author":[{"embeddable":true,"href":"https:\/\/cmfalla-caba.infd.edu.ar\/sitio\/wp-json\/wp\/v2\/users\/3337"}],"replies":[{"embeddable":true,"href":"https:\/\/cmfalla-caba.infd.edu.ar\/sitio\/wp-json\/wp\/v2\/comments?post=7839"}],"version-history":[{"count":3,"href":"https:\/\/cmfalla-caba.infd.edu.ar\/sitio\/wp-json\/wp\/v2\/pages\/7839\/revisions"}],"predecessor-version":[{"id":10709,"href":"https:\/\/cmfalla-caba.infd.edu.ar\/sitio\/wp-json\/wp\/v2\/pages\/7839\/revisions\/10709"}],"wp:attachment":[{"href":"https:\/\/cmfalla-caba.infd.edu.ar\/sitio\/wp-json\/wp\/v2\/media?parent=7839"}],"curies":[{"name":"wp","href":"https:\/\/api.w.org\/{rel}","templated":true}]}}