{"id":8220,"date":"2024-02-15T16:09:15","date_gmt":"2024-02-15T19:09:15","guid":{"rendered":"https:\/\/cmfalla-caba.infd.edu.ar\/sitio\/?page_id=8220"},"modified":"2024-02-15T16:09:17","modified_gmt":"2024-02-15T19:09:17","slug":"plantel-docente-carrera-de-jazz","status":"publish","type":"page","link":"https:\/\/cmfalla-caba.infd.edu.ar\/sitio\/plantel-docente-carrera-de-jazz\/","title":{"rendered":"Plantel Docente &#8211; Carrera de Jazz"},"content":{"rendered":"\n<p class=\"has-contrast-3-background-color has-background\">Piano, Ensamble, Piano complementario &#8211; <strong>Prof. Paula Shocron<\/strong><\/p>\n\n\n\n<p class=\"has-contrast-3-background-color has-background\">Guitarra, Ensamble, Improvisaci\u00f3n, Entrenamiento Auditivo &#8211; <strong>Prof. Juan Pablo Arredondo<\/strong><\/p>\n\n\n\n<p class=\"has-contrast-3-background-color has-background\">Guitarra, Ensamble &#8211; <strong>Prof. Marcelo Gutfraind<\/strong><\/p>\n\n\n\n<p class=\"has-contrast-3-background-color has-background\">Piano, Ensamble, Improvisaci\u00f3n, Composici\u00f3n &#8211; Prof. <strong>Ernesto Jodos<\/strong><\/p>\n\n\n\n<p class=\"has-contrast-3-background-color has-background\">Saxo, Ensamble &#8211; <strong>Prof. Carlos Lastra<\/strong><\/p>\n\n\n\n<p class=\"has-contrast-3-background-color has-background\">Clarinete, Ensamble &#8211; <strong>Prof. Carlos Michelini <\/strong><\/p>\n\n\n\n<p class=\"has-contrast-3-background-color has-background\">Contrabajo, Balo Electrico, Ensamble &#8211; <strong>Prof. Hern\u00e1n Merlo<\/strong><\/p>\n\n\n\n<p class=\"has-contrast-3-background-color has-background\">Bater\u00eda, Bater\u00eda complementaria &#8211; <strong>Prof. Sergio Verdinelli<\/strong><\/p>\n\n\n\n<p class=\"has-contrast-3-background-color has-background\">Bater\u00eda, Ensamble &#8211; <strong>Prof. Eloy Michelini<\/strong><\/p>\n\n\n\n<p class=\"has-contrast-3-background-color has-background\">Trompeta, Ensamble, Arreglos &#8211; <strong>Prof. Mariano Loi\u00e1cono<\/strong><\/p>\n\n\n\n<p class=\"has-contrast-3-background-color has-background\">Tromb\u00f3n &#8211; <strong>Prof. Joaqu\u00edn De Francisco<\/strong><\/p>\n\n\n\n<p class=\"has-contrast-3-background-color has-background\">Ensamble, Elementos T\u00e9cnicos &#8211; <strong>Prof. P\u00eda Hern\u00e1ndez<\/strong><\/p>\n\n\n\n<p class=\"has-contrast-3-background-color has-background\">Flauta &#8211; <strong>Prof. Fernando Lerman<\/strong><\/p>\n\n\n\n<p class=\"has-contrast-3-background-color has-background\">Piano complementario &#8211; <strong>Prof. Ricardo Nol\u00e9<\/strong><\/p>\n\n\n\n<p class=\"has-contrast-3-background-color has-background\">Elementos T\u00e9cnicos &#8211; <strong>Prof. Juan Presas<\/strong><\/p>\n\n\n\n<p class=\"has-contrast-3-background-color has-background\">Vibr\u00e1fono &#8211; <strong>Prof. Agust\u00edn De Martino<\/strong><\/p>\n\n\n\n<p class=\"has-contrast-3-background-color has-background\">Historia Social del Jazz\/Perspectivas est\u00e9ticas &#8211; <strong>Prof. Pablo Gianera<\/strong><\/p>\n","protected":false},"excerpt":{"rendered":"<p>Piano, Ensamble, Piano complementario &#8211; Prof. Paula Shocron Guitarra, Ensamble, Improvisaci\u00f3n, Entrenamiento Auditivo &#8211; Prof. Juan Pablo Arredondo Guitarra, Ensamble &#8211; Prof. Marcelo Gutfraind Piano, Ensamble, Improvisaci\u00f3n, Composici\u00f3n &#8211; Prof. Ernesto Jodos Saxo, Ensamble &#8211; Prof. Carlos Lastra Clarinete, Ensamble &#8211; Prof. Carlos Michelini Contrabajo, Balo Electrico, Ensamble &#8211; Prof. Hern\u00e1n Merlo Bater\u00eda, Bater\u00eda complementaria &#8230; <a title=\"Plantel Docente &#8211; Carrera de Jazz\" class=\"read-more\" href=\"https:\/\/cmfalla-caba.infd.edu.ar\/sitio\/plantel-docente-carrera-de-jazz\/\" aria-label=\"More on Plantel Docente &#8211; Carrera de Jazz\">[+]<\/a><\/p>\n","protected":false},"author":3337,"featured_media":0,"parent":0,"menu_order":0,"comment_status":"closed","ping_status":"closed","template":"","meta":[],"acf":[],"_links":{"self":[{"href":"https:\/\/cmfalla-caba.infd.edu.ar\/sitio\/wp-json\/wp\/v2\/pages\/8220"}],"collection":[{"href":"https:\/\/cmfalla-caba.infd.edu.ar\/sitio\/wp-json\/wp\/v2\/pages"}],"about":[{"href":"https:\/\/cmfalla-caba.infd.edu.ar\/sitio\/wp-json\/wp\/v2\/types\/page"}],"author":[{"embeddable":true,"href":"https:\/\/cmfalla-caba.infd.edu.ar\/sitio\/wp-json\/wp\/v2\/users\/3337"}],"replies":[{"embeddable":true,"href":"https:\/\/cmfalla-caba.infd.edu.ar\/sitio\/wp-json\/wp\/v2\/comments?post=8220"}],"version-history":[{"count":1,"href":"https:\/\/cmfalla-caba.infd.edu.ar\/sitio\/wp-json\/wp\/v2\/pages\/8220\/revisions"}],"predecessor-version":[{"id":8221,"href":"https:\/\/cmfalla-caba.infd.edu.ar\/sitio\/wp-json\/wp\/v2\/pages\/8220\/revisions\/8221"}],"wp:attachment":[{"href":"https:\/\/cmfalla-caba.infd.edu.ar\/sitio\/wp-json\/wp\/v2\/media?parent=8220"}],"curies":[{"name":"wp","href":"https:\/\/api.w.org\/{rel}","templated":true}]}}