{"id":8267,"date":"2024-02-26T16:45:41","date_gmt":"2024-02-26T19:45:41","guid":{"rendered":"https:\/\/cmfalla-caba.infd.edu.ar\/sitio\/?page_id=8267"},"modified":"2026-03-20T15:53:59","modified_gmt":"2026-03-20T18:53:59","slug":"oferta-horaria-sede-central","status":"publish","type":"page","link":"https:\/\/cmfalla-caba.infd.edu.ar\/sitio\/oferta-horaria-sede-central\/","title":{"rendered":"Oferta Horaria 2026 &#8211; SEDE CENTRAL"},"content":{"rendered":"\n<p class=\"has-x-large-font-size\">Nivel Superior y Nivel B\u00e1sico<\/p>\n\n\n\n<p class=\"has-text-align-center has-accent-color has-text-color has-background\" style=\"background-color:#dedede;font-size:29px\"><a href=\"https:\/\/cmfalla-caba.infd.edu.ar\/sitio\/wp-content\/uploads\/2026\/03\/TAP-Nivel-Basico-ult-sede-central.pdf\">Oferta horaria: Nivel B\u00e1sico<\/a><\/p>\n\n\n\n<hr class=\"wp-block-separator has-alpha-channel-opacity\"\/>\n\n\n\n<p class=\"has-large-font-size\">Oferta horaria: Nivel Superior<\/p>\n\n\n\n<div class=\"wp-block-columns is-layout-flex wp-container-4\">\n<div class=\"wp-block-column is-layout-flow\">\n<p class=\"has-text-align-center has-base-3-color has-text-color has-background\" style=\"background-color:#8a8a8a;font-size:22px\"><strong>Profesorados<\/strong><\/p>\n\n\n\n<p class=\"has-text-align-center has-base-background-color has-background\" style=\"font-size:22px\"><a href=\"https:\/\/cmfalla-caba.infd.edu.ar\/sitio\/wp-content\/uploads\/2026\/03\/PLAN-2015-Dir-Coral.pdf\">Direcci\u00f3n Coral<\/a><\/p>\n\n\n\n<p class=\"has-text-align-center has-base-background-color has-background\" style=\"font-size:22px\"><a href=\"https:\/\/cmfalla-caba.infd.edu.ar\/sitio\/wp-content\/uploads\/2026\/03\/PLAN-2015-MPA.pdf\">M\u00fasica Popular Argentina<\/a><\/p>\n\n\n\n<p class=\"has-text-align-center has-base-background-color has-background\" style=\"font-size:22px\"><a href=\"https:\/\/cmfalla-caba.infd.edu.ar\/sitio\/wp-content\/uploads\/2026\/03\/PLAN-2015-PMD.pdf\">Producci\u00f3n Musical Did\u00e1ctica<\/a><\/p>\n\n\n\n<p class=\"has-text-align-center has-base-background-color has-background\" style=\"font-size:22px\"><a href=\"https:\/\/cmfalla-caba.infd.edu.ar\/sitio\/wp-content\/uploads\/2026\/03\/PLAN-2015-Etnomusicologia.pdf\">Etnomusicolog\u00eda<\/a><\/p>\n\n\n\n<p class=\"has-text-align-center has-base-background-color has-background\" style=\"font-size:22px\"><a href=\"https:\/\/cmfalla-caba.infd.edu.ar\/sitio\/wp-content\/uploads\/2026\/03\/PLAN-2015-Dir-Orq.pdf\">Direcci\u00f3n de Orquesta<\/a><\/p>\n\n\n\n<p class=\"has-text-align-center has-base-background-color has-background\" style=\"font-size:22px\"><a href=\"https:\/\/cmfalla-caba.infd.edu.ar\/sitio\/wp-content\/uploads\/2026\/03\/2026-C-Plan2015Composicion-2.pdf\">Composici\u00f3n<\/a><\/p>\n\n\n\n<p class=\"has-text-align-center has-base-background-color has-background\" style=\"font-size:22px\"><a href=\"https:\/\/cmfalla-caba.infd.edu.ar\/sitio\/wp-content\/uploads\/2026\/03\/PLAN-2015-Instrumento-y-Canto.pdf\">Instrumentos\/Canto<\/a><\/p>\n<\/div>\n\n\n\n<div class=\"wp-block-column is-layout-flow\">\n<p class=\"has-text-align-center has-base-3-color has-text-color has-background\" style=\"background-color:#8a8a8a;font-size:22px\"><strong>Tecnicaturas<\/strong><\/p>\n\n\n\n<p class=\"has-text-align-center has-base-background-color has-background\" style=\"font-size:22px\"><a href=\"https:\/\/cmfalla-caba.infd.edu.ar\/sitio\/wp-content\/uploads\/2026\/03\/Oferta-horaria-2026-Tecnicatura-Sup.-Direccion-Coral.pdf\">Direcci\u00f3n Coral<\/a><\/p>\n\n\n\n<p class=\"has-text-align-center has-base-background-color has-background\" style=\"font-size:22px\"><a href=\"https:\/\/cmfalla-caba.infd.edu.ar\/sitio\/wp-content\/uploads\/2026\/03\/Tecnicatura-TyF.pdf\" data-type=\"URL\">Tango<\/a><\/p>\n\n\n\n<p class=\"has-text-align-center has-base-background-color has-background\" style=\"font-size:22px\"><a href=\"https:\/\/cmfalla-caba.infd.edu.ar\/sitio\/wp-content\/uploads\/2026\/03\/Tecnicatura-TyF.pdf\" data-type=\"URL\">Folclore<\/a><\/p>\n\n\n\n<p class=\"has-text-align-center has-base-background-color has-background\" style=\"font-size:22px\"><a href=\"https:\/\/cmfalla-caba.infd.edu.ar\/sitio\/wp-content\/uploads\/2026\/03\/Oferta-horaria-2026-Tecnicatura-Sup.-Etnomusicologia.pdf\">Etnomusicolog\u00eda<\/a><\/p>\n\n\n\n<p class=\"has-text-align-center has-base-background-color has-background\" style=\"font-size:22px\"><a href=\"https:\/\/cmfalla-caba.infd.edu.ar\/sitio\/wp-content\/uploads\/2026\/03\/Oferta-horaria-2026-Tecnicatura-Sup.-Direccion-de-Orquesta.pdf\">Direcci\u00f3n de Orquesta<\/a><\/p>\n\n\n\n<p class=\"has-text-align-center has-base-background-color has-background\" style=\"font-size:22px\"><a href=\"https:\/\/cmfalla-caba.infd.edu.ar\/sitio\/wp-content\/uploads\/2026\/03\/Oferta-horaria-2026-Tecnicatura-Sup.-Interprteacion-instrumentos.pdf\">Instrumentos<\/a><\/p>\n\n\n\n<p class=\"has-text-align-center has-base-background-color has-background\" style=\"font-size:22px\"><a href=\"https:\/\/cmfalla-caba.infd.edu.ar\/sitio\/wp-content\/uploads\/2026\/03\/Nuevo-Oferta-horaria-Tecnicaturas-Superiores-nuevas-T.S.-Canto-Revisado.pdf\">Canto<\/a><\/p>\n\n\n\n<p class=\"has-text-align-center has-base-background-color has-background\" style=\"font-size:22px\"><a href=\"https:\/\/cmfalla-caba.infd.edu.ar\/sitio\/wp-content\/uploads\/2026\/03\/2026-06-Jazz.pdf\" data-type=\"URL\">Jazz<\/a><\/p>\n\n\n\n<p class=\"has-text-align-center has-base-background-color has-background\" style=\"font-size:22px\"><a href=\"https:\/\/cmfalla-caba.infd.edu.ar\/sitio\/wp-content\/uploads\/2026\/03\/2026-06-MusicaAntigua.pdf\" data-type=\"URL\">M\u00fasica Antigua<\/a><\/p>\n<\/div>\n\n\n\n<div class=\"wp-block-column is-layout-flow\">\n<p class=\"has-text-align-center has-base-3-color has-text-color has-background\" style=\"background-color:#8a8a8a;font-size:22px\"><strong>Diplomaturas<\/strong><\/p>\n\n\n\n<p class=\"has-text-align-center has-base-background-color has-background\" style=\"font-size:22px\"><a href=\"https:\/\/cmfalla-caba.infd.edu.ar\/sitio\/wp-content\/uploads\/2026\/03\/Oferta-Horaria-Diplomaturas.xlsx-Diplomatura-Solista.pdf\" data-type=\"URL\">Interpretaci\u00f3n Musical Solista<\/a><\/p>\n\n\n\n<p class=\"has-text-align-center has-base-background-color has-background\" style=\"font-size:22px\"><a href=\"https:\/\/cmfalla-caba.infd.edu.ar\/sitio\/wp-content\/uploads\/2026\/03\/Oferta-Horaria-Diplomaturas.xlsx-Diplomatura-Contemporanea-Interpretacion.pdf\" data-type=\"URL\">Interpretaci\u00f3n de la<strong> <\/strong>M\u00fasica Contempor\u00e1nea<\/a><\/p>\n\n\n\n<p class=\"has-text-align-center has-base-background-color has-background\" style=\"font-size:22px\"><a href=\"https:\/\/cmfalla-caba.infd.edu.ar\/sitio\/wp-content\/uploads\/2026\/03\/Oferta-Horaria-Diplomaturas.xlsx-Diplomatura-Contemporanea-Direccion.pdf\" data-type=\"URL\">Direcci\u00f3n de Ensamble Contempor\u00e1neo<\/a><\/p>\n\n\n\n<p class=\"has-text-align-center has-base-background-color has-background\" style=\"font-size:22px\"><a href=\"https:\/\/cmfalla-caba.infd.edu.ar\/sitio\/wp-content\/uploads\/2026\/03\/Oferta-Horaria-Diplomaturas.xlsx-Diplomatura-Contemporanea-Composicion.pdf\" data-type=\"URL\">Composici\u00f3n con Nuevas Tecnolog\u00edas<\/a><\/p>\n<\/div>\n<\/div>\n\n\n\n<p class=\"has-text-align-center\"><\/p>\n\n\n\n<hr class=\"wp-block-separator has-alpha-channel-opacity\"\/>\n\n\n\n<p class=\"has-text-align-center has-base-3-color has-contrast-2-background-color has-text-color has-background\" style=\"font-size:25px\"><strong>No te olvides de colaborar con la Cooperadora<\/strong>. \u00a1Tu aporte es fundamental!<\/p>\n","protected":false},"excerpt":{"rendered":"<p>Nivel Superior y Nivel B\u00e1sico Oferta horaria: Nivel B\u00e1sico Oferta horaria: Nivel Superior Profesorados Direcci\u00f3n Coral M\u00fasica Popular Argentina Producci\u00f3n Musical Did\u00e1ctica Etnomusicolog\u00eda Direcci\u00f3n de Orquesta Composici\u00f3n Instrumentos\/Canto Tecnicaturas Direcci\u00f3n Coral Tango Folclore Etnomusicolog\u00eda Direcci\u00f3n de Orquesta Instrumentos Canto Jazz M\u00fasica Antigua Diplomaturas Interpretaci\u00f3n Musical Solista Interpretaci\u00f3n de la M\u00fasica Contempor\u00e1nea Direcci\u00f3n de Ensamble Contempor\u00e1neo &#8230; <a title=\"Oferta Horaria 2026 &#8211; SEDE CENTRAL\" class=\"read-more\" href=\"https:\/\/cmfalla-caba.infd.edu.ar\/sitio\/oferta-horaria-sede-central\/\" aria-label=\"More on Oferta Horaria 2026 &#8211; SEDE CENTRAL\">[+]<\/a><\/p>\n","protected":false},"author":3337,"featured_media":0,"parent":0,"menu_order":0,"comment_status":"closed","ping_status":"closed","template":"","meta":[],"acf":[],"_links":{"self":[{"href":"https:\/\/cmfalla-caba.infd.edu.ar\/sitio\/wp-json\/wp\/v2\/pages\/8267"}],"collection":[{"href":"https:\/\/cmfalla-caba.infd.edu.ar\/sitio\/wp-json\/wp\/v2\/pages"}],"about":[{"href":"https:\/\/cmfalla-caba.infd.edu.ar\/sitio\/wp-json\/wp\/v2\/types\/page"}],"author":[{"embeddable":true,"href":"https:\/\/cmfalla-caba.infd.edu.ar\/sitio\/wp-json\/wp\/v2\/users\/3337"}],"replies":[{"embeddable":true,"href":"https:\/\/cmfalla-caba.infd.edu.ar\/sitio\/wp-json\/wp\/v2\/comments?post=8267"}],"version-history":[{"count":95,"href":"https:\/\/cmfalla-caba.infd.edu.ar\/sitio\/wp-json\/wp\/v2\/pages\/8267\/revisions"}],"predecessor-version":[{"id":11669,"href":"https:\/\/cmfalla-caba.infd.edu.ar\/sitio\/wp-json\/wp\/v2\/pages\/8267\/revisions\/11669"}],"wp:attachment":[{"href":"https:\/\/cmfalla-caba.infd.edu.ar\/sitio\/wp-json\/wp\/v2\/media?parent=8267"}],"curies":[{"name":"wp","href":"https:\/\/api.w.org\/{rel}","templated":true}]}}