{"id":8270,"date":"2024-02-26T16:47:50","date_gmt":"2024-02-26T19:47:50","guid":{"rendered":"https:\/\/cmfalla-caba.infd.edu.ar\/sitio\/?page_id=8270"},"modified":"2026-03-20T16:48:10","modified_gmt":"2026-03-20T19:48:10","slug":"oferta-horaria-anexos","status":"publish","type":"page","link":"https:\/\/cmfalla-caba.infd.edu.ar\/sitio\/oferta-horaria-anexos\/","title":{"rendered":"Oferta Horaria 2026 &#8211; ANEXOS"},"content":{"rendered":"\n<p class=\"has-x-large-font-size\">Nivel Superior y Nivel B\u00e1sico<\/p>\n\n\n\n<p class=\"has-text-align-center has-background\" style=\"background-color:#cdcdcd;font-size:22px\"><a href=\"https:\/\/cmfalla-caba.infd.edu.ar\/sitio\/wp-content\/uploads\/2026\/03\/HORARIOS-ANEXO-1-2026-a3.pdf\">Anexo I<\/a><br>Oferta horaria dividida:&nbsp;Lu-Mi-Vi (mayores de 18 a\u00f1os) \/&nbsp;Ma&nbsp;y Ju (menores de 18 a\u00f1os)<\/p>\n\n\n\n<p class=\"has-text-align-center has-background\" style=\"background-color:#cdcdcd;font-size:22px\"><a href=\"https:\/\/cmfalla-caba.infd.edu.ar\/sitio\/wp-content\/uploads\/2026\/03\/OFERTA-HORARIA-Anexo-2-2026-COMPARTIDO-a2.pdf\">Anexo II<\/a><br>Oferta horaria&nbsp;exclusivamente para estudiantes menores de 18 a\u00f1os<\/p>\n\n\n\n<p class=\"has-text-align-center has-background\" style=\"background-color:#cdcdcd;font-size:22px\"><a href=\"https:\/\/cmfalla-caba.infd.edu.ar\/sitio\/wp-content\/uploads\/2026\/03\/Oferta-horaria-Anexo-3-a2.pdf\">Anexo III<\/a><br>Oferta horaria dividida: Lu-Mi-Ju (mayores de 18 a\u00f1os) \/&nbsp;Ma&nbsp;y Vi (menores de 18 a\u00f1os)<\/p>\n\n\n\n<p class=\"has-text-align-center has-background\" style=\"background-color:#cdcdcd;font-size:22px\"><a href=\"https:\/\/cmfalla-caba.infd.edu.ar\/sitio\/wp-content\/uploads\/2026\/03\/Oferta-horaria-2026-Anexo-4.pdf\">Anexo IV<\/a><br>Oferta horaria exclusivamente para estudiantes mayores de 18 a\u00f1os<\/p>\n\n\n\n<p class=\"has-text-align-center has-background\" style=\"background-color:#cdcdcd;font-size:22px\"><a href=\"https:\/\/cmfalla-caba.infd.edu.ar\/sitio\/wp-content\/uploads\/2026\/03\/Oferta-horaria-2026-Sede-Suipacha.pdf\" data-type=\"URL\">Sede Suipacha<\/a><\/p>\n\n\n\n<p class=\"has-text-align-center has-base-3-color has-contrast-2-background-color has-text-color has-background\" style=\"font-size:25px\"><strong>No te olvides de colaborar con la Cooperadora<\/strong>. \u00a1Tu aporte es fundamental!<\/p>\n","protected":false},"excerpt":{"rendered":"<p>Nivel Superior y Nivel B\u00e1sico Anexo IOferta horaria dividida:&nbsp;Lu-Mi-Vi (mayores de 18 a\u00f1os) \/&nbsp;Ma&nbsp;y Ju (menores de 18 a\u00f1os) Anexo IIOferta horaria&nbsp;exclusivamente para estudiantes menores de 18 a\u00f1os Anexo IIIOferta horaria dividida: Lu-Mi-Ju (mayores de 18 a\u00f1os) \/&nbsp;Ma&nbsp;y Vi (menores de 18 a\u00f1os) Anexo IVOferta horaria exclusivamente para estudiantes mayores de 18 a\u00f1os Sede Suipacha &#8230; <a title=\"Oferta Horaria 2026 &#8211; ANEXOS\" class=\"read-more\" href=\"https:\/\/cmfalla-caba.infd.edu.ar\/sitio\/oferta-horaria-anexos\/\" aria-label=\"More on Oferta Horaria 2026 &#8211; ANEXOS\">[+]<\/a><\/p>\n","protected":false},"author":3337,"featured_media":0,"parent":0,"menu_order":0,"comment_status":"closed","ping_status":"closed","template":"","meta":[],"acf":[],"_links":{"self":[{"href":"https:\/\/cmfalla-caba.infd.edu.ar\/sitio\/wp-json\/wp\/v2\/pages\/8270"}],"collection":[{"href":"https:\/\/cmfalla-caba.infd.edu.ar\/sitio\/wp-json\/wp\/v2\/pages"}],"about":[{"href":"https:\/\/cmfalla-caba.infd.edu.ar\/sitio\/wp-json\/wp\/v2\/types\/page"}],"author":[{"embeddable":true,"href":"https:\/\/cmfalla-caba.infd.edu.ar\/sitio\/wp-json\/wp\/v2\/users\/3337"}],"replies":[{"embeddable":true,"href":"https:\/\/cmfalla-caba.infd.edu.ar\/sitio\/wp-json\/wp\/v2\/comments?post=8270"}],"version-history":[{"count":30,"href":"https:\/\/cmfalla-caba.infd.edu.ar\/sitio\/wp-json\/wp\/v2\/pages\/8270\/revisions"}],"predecessor-version":[{"id":11692,"href":"https:\/\/cmfalla-caba.infd.edu.ar\/sitio\/wp-json\/wp\/v2\/pages\/8270\/revisions\/11692"}],"wp:attachment":[{"href":"https:\/\/cmfalla-caba.infd.edu.ar\/sitio\/wp-json\/wp\/v2\/media?parent=8270"}],"curies":[{"name":"wp","href":"https:\/\/api.w.org\/{rel}","templated":true}]}}