{"id":8837,"date":"2024-06-20T19:36:12","date_gmt":"2024-06-20T22:36:12","guid":{"rendered":"https:\/\/cmfalla-caba.infd.edu.ar\/sitio\/?page_id=8837"},"modified":"2026-03-30T11:31:33","modified_gmt":"2026-03-30T14:31:33","slug":"contacto-4","status":"publish","type":"page","link":"https:\/\/cmfalla-caba.infd.edu.ar\/sitio\/contacto-4\/","title":{"rendered":"Contacto"},"content":{"rendered":"<p><style> body {font-family: 'nunito', sans-serif;}<br \/>\n<\/style>\n<\/p>\n<style>\n@import url('https:\/\/fonts.googleapis.com\/css2?family=Nunito:wght@400;700&display=swap');<\/p>\n<p>.mi-tipografia {<br \/>\n    font-family: 'Nunito', sans-serif;<br \/>\n}<br \/>\n<\/style>\n\n\n<p class=\".mi-tipografia-sombreada\"><strong>Mesa de entradas<\/strong>: <a href=\"mailto:mesadeentradasCSMMF@buenosaires.gob.ar\">mesadeentradasCSMMF@buenosaires.gob.ar<\/a><\/p>\n\n\n\n<p><strong>Equipo Directivo<\/strong>:  <a href=\"mailto:equipodirectivoCSMMF@buenosaires.gob.ar\">equipodirectivoCSMMF@buenosaires.gob.ar<\/a><\/p>\n\n\n\n<p><strong>Secretar\u00eda acad\u00e9mica<\/strong>: <a href=\"mailto:secretariaacademica.csmmf@gmail.com\">secretariaacademica.csmmf@gmail.com<\/a> <\/p>\n\n\n\n<p><strong>Equipo Interdisciplinario de Prevenci\u00f3n de Violencia de G\u00e9nero y Convivencia Institucional<\/strong>: <a rel=\"noreferrer noopener\" href=\"mailto:equipogenero.csmmf@gmail.com\" target=\"_blank\">equipogenero.csmmf@gmail.com<\/a><\/p>\n\n\n\n<p><strong>Oficina de personal<\/strong>: <a href=\"mailto:oficinadepersonal.csmmf@gmail.com\">oficinadepersonal.csmmf@gmail.com<\/a><\/p>\n\n\n\n<p><strong>Oficina de Registro<\/strong>: <a href=\"mailto:registrocsmmf@gmail.com\">registrocsmmf@gmail.com<\/a><\/p>\n\n\n\n<p><strong>Difusi\u00f3n<\/strong>: <a href=\"mailto:defalladifusion@gmail.com\">defalladifusion@gmail.com<\/a><\/p>\n\n\n\n<p><strong>Regencia Sede central<\/strong>: <a href=\"mailto:regenciasedecentral@gmail.com\">regenciasedecentral@gmail.com<\/a><\/p>\n\n\n\n<p><strong>Regencia S\u00e1bado Sede central<\/strong>: <a href=\"mailto:regenciasabado@gmail.com\">regenciasabado@gmail.com<\/a><\/p>\n\n\n\n<p><strong>Sede Suipacha<\/strong>: &nbsp;<a rel=\"noreferrer noopener\" href=\"mailto:manueldefallaanexo1@gmail.com\" target=\"_blank\">sedesuipacha@gmail.com<\/a><\/p>\n\n\n\n<p><strong>Anexo 1<\/strong>: <a rel=\"noreferrer noopener\" href=\"mailto:manueldefallaanexo1@gmail.com\" target=\"_blank\">manueldefallaanexo1@gmail.com<\/a><\/p>\n\n\n\n<p><strong>Anexo 2:<\/strong> <a rel=\"noreferrer noopener\" href=\"mailto:regenciaanexo2@gmail.com\" target=\"_blank\">regenciaanexo2@gmail.com<\/a><\/p>\n\n\n\n<p><strong>Anexo 3:<\/strong> <a href=\"mailto:csmmfanexo3@gmail.com\">csmmfanexo3@gmail.com<\/a><\/p>\n\n\n\n<p><strong>Anexo 4<\/strong>: <a href=\"mailto:anexo4manueldefalla@gmail.com\">anexo4manueldefalla@gmail.com<\/a><\/p>\n\n\n\n<p><strong>Biblioteca<\/strong>: <a href=\"mailto:bibliotecamanueldefalla@gmail.com\">bibliotecamanueldefalla@gmail.com<\/a><\/p>\n\n\n\n<p><strong>Campus<\/strong>: <a href=\"mailto:consultas.campuscsmmf@gmail.com\">consultas.campuscsmmf@gmail.com<\/a><\/p>\n\n\n\n<p class=\"has-medium-font-size\"><strong>Coordinaciones de departamentos<\/strong>: <\/p>\n\n\n\n<p>Coordinaci\u00f3n <strong>Movimiento<\/strong>: <a href=\"mailto:departamentomovimiento@gmail.com\">departamentomovimiento@gmail.com<\/a><br>Prof. Graciela Garc\u00eda<\/p>\n\n\n\n<p>Coordinaci\u00f3n <strong>Historia de la M\u00fasica<\/strong>: <a href=\"mailto:dep.historia.falla@gmail.com\">dep.historia.falla@gmail.com<\/a><br>Prof: Adriana Cerletti<\/p>\n\n\n\n<p>Coordinaci\u00f3n <strong>Did\u00e1cticas y Pr\u00e1cticas de la Ense\u00f1anza<\/strong>: <a href=\"mailto:didactica.csmmf@buenosaires.gob.ar\" data-type=\"URL\">didactica.csmmf@buenosaires.gob.ar<\/a><br>Prof. Silvia Juan Bennazar<\/p>\n\n\n\n<p>Coordinaci\u00f3n <strong>Diplomatura M\u00fasica Contempor\u00e1nea<\/strong>: <a href=\"mailto:defallacontemporanea@gmail.com\">defallacontemporanea@gmail.com<\/a><br>Prof. Mat\u00edas Giuliani<\/p>\n\n\n\n<p>Coordinaci\u00f3n <strong>Elementos T\u00e9cnicos del Ciclo Superior<\/strong>: <a href=\"mailto:elementostecnicossuperior@gmail.com\">elementostecnicossuperior@gmail.com<\/a><br>Prof. Eduardo Pugliese<\/p>\n\n\n\n<p>Coordinaci\u00f3n <strong>Elementos T\u00e9cnicos del TAP<\/strong>:  <a href=\"mailto:coordinacionelementostecnicos@gmail.com\">coordinacionelementostecnicos@gmail.com<\/a><br>Prof. Fernando Borr\u00e1s<\/p>\n\n\n\n<p>Coordinaci\u00f3n <strong>Ensambles, Coros y Orquestas<\/strong>: <a href=\"mailto:departamento.ensambles@gmail.com\">departamento.ensambles@gmail.com<\/a><br>Prof. Mat\u00edas Bulgarelli<\/p>\n\n\n\n<p>Coordinaci\u00f3n <strong>Formaci\u00f3n General<\/strong>: <a href=\"mailto:departamentocfg.csmmf@gmail.com\">departamentocfg.csmmf@gmail.com<\/a><br>Prof. Alejandro Band\u00edn<\/p>\n\n\n\n<p>Coordinaci\u00f3n <strong>M\u00fasica de C\u00e1mara<\/strong>: <a href=\"mailto:musicadecamarafalla@gmail.comProf.%20Mar\u00eda%20Laura%20Wirth\">musicadecamarafalla@gmail.com<br><\/a>Prof. Mar\u00eda Laura Wirth<\/p>\n\n\n\n<p>Coordinaci\u00f3n <strong>Composici\u00f3n<\/strong>: <a href=\"mailto:composicion.csmmf@buenosaires.gob.ar\">composicion.csmmf@buenosaires.gob.ar<\/a><br>Prof. Sandra Gonz\u00e1lez<\/p>\n\n\n\n<p>Coordinaci\u00f3n <strong>Direcci\u00f3n Orquestal y Coral<\/strong>: <a href=\"mailto:departamentodireccioncsmmf@gmail.com\">departamentodireccioncsmmf@gmail.com<\/a> <br>Prof. Pablo Piccinni<\/p>\n\n\n\n<p>Coordinaci\u00f3n<strong> Etnomusicolog\u00eda<\/strong>: <a href=\"mailto:carreraetnomusicologia@gmail.com\">carreraetnomusicologia@gmail.com<\/a> <br>Prof. Rosario Haddad<\/p>\n\n\n\n<p>Coordinaci\u00f3n <strong>Jazz<\/strong> (tecnicatura superior): <a href=\"mailto:defallajazz@gmail.com\">defallajazz@gmail.com<\/a> <br>Prof. Ernesto Jodos<\/p>\n\n\n\n<p>Coordinaci\u00f3n <strong>M\u00fasica Antigua<\/strong> (tecnicatura superior): <a href=\"mailto:defalla_tema@yahoo.com.ar\">defalla_tema@yahoo.com.ar<\/a> <br>Prof. Beatriz Moruja<\/p>\n\n\n\n<p>Coordinaci\u00f3n <strong>M\u00fasica Popular Argentina<\/strong>: <a href=\"mailto:coordinaciontangoyfolclore@gmail.com\">coordinaciontangoyfolclore@gmail.com<\/a> <br>Prof. Fabi\u00e1n Bertero<\/p>\n\n\n\n<p>Coordinaci\u00f3n <strong>Producci\u00f3n Musical Did\u00e1ctica<\/strong>: <a href=\"mailto:produccionmusicaldidactica@gmail.com\">produccionmusicaldidactica@gmail.com<\/a> <br>Prof. Magal\u00ed Robledo <\/p>\n\n\n\n<p>Coordinaci\u00f3n <strong>Canto<\/strong>: <a href=\"mailto:coordinacioncanto@gmail.com\">coordinacioncanto@gmail.com<\/a> <br>Prof. Mar\u00eda Eugenia Caretti <\/p>\n\n\n\n<p>Coordinaci\u00f3n <strong>Guitarra<\/strong>: <a href=\"mailto:coordinacionguitarracsmmf@gmail.com\">coordinacionguitarracsmmf@gmail.com<\/a> <br>Prof. Nahuel Laviola <\/p>\n\n\n\n<p>Coordinaci\u00f3n <strong>Instrumentos de Cuerda y Percusi\u00f3n<\/strong>: <a href=\"mailto:cuerdas.percusion.csmmf@gmail.com\">cuerdas.percusion.csmmf@gmail.com<\/a> <br>Prof. Irene Barrantes<\/p>\n\n\n\n<p>Coordinaci\u00f3n <strong>Instrumentos de Viento<\/strong>: <a href=\"mailto:instrumentosdeviento.csmmf@gmail.com\">instrumentosdeviento.csmmf@gmail.com<\/a> <br>Prof. Fabio Goy<\/p>\n\n\n\n<p>Coordinaci\u00f3n <strong>Plan Ni\u00f1os<\/strong>: <a href=\"mailto:departamentonyncsmmf@gmail.com\">departamentonyncsmmf@gmail.com<\/a> <br>Prof. Fabiana Israel <\/p>\n\n\n\n<p>Coordinaci\u00f3n <strong>Teclados<\/strong>: <a href=\"mailto:departamentodeteclados@gmail.com\">departamentodeteclados@gmail.com<\/a> <br>Prof. Laura Daian<\/p>\n","protected":false},"excerpt":{"rendered":"<p>Mesa de entradas: mesadeentradasCSMMF@buenosaires.gob.ar Equipo Directivo: equipodirectivoCSMMF@buenosaires.gob.ar Secretar\u00eda acad\u00e9mica: secretariaacademica.csmmf@gmail.com Equipo Interdisciplinario de Prevenci\u00f3n de Violencia de G\u00e9nero y Convivencia Institucional: equipogenero.csmmf@gmail.com Oficina de personal: oficinadepersonal.csmmf@gmail.com Oficina de Registro: registrocsmmf@gmail.com Difusi\u00f3n: defalladifusion@gmail.com Regencia Sede central: regenciasedecentral@gmail.com Regencia S\u00e1bado Sede central: regenciasabado@gmail.com Sede Suipacha: &nbsp;sedesuipacha@gmail.com Anexo 1: manueldefallaanexo1@gmail.com Anexo 2: regenciaanexo2@gmail.com Anexo 3: csmmfanexo3@gmail.com Anexo 4: &#8230; <a title=\"Contacto\" class=\"read-more\" href=\"https:\/\/cmfalla-caba.infd.edu.ar\/sitio\/contacto-4\/\" aria-label=\"More on Contacto\">[+]<\/a><\/p>\n","protected":false},"author":3337,"featured_media":0,"parent":0,"menu_order":0,"comment_status":"closed","ping_status":"closed","template":"","meta":[],"acf":[],"_links":{"self":[{"href":"https:\/\/cmfalla-caba.infd.edu.ar\/sitio\/wp-json\/wp\/v2\/pages\/8837"}],"collection":[{"href":"https:\/\/cmfalla-caba.infd.edu.ar\/sitio\/wp-json\/wp\/v2\/pages"}],"about":[{"href":"https:\/\/cmfalla-caba.infd.edu.ar\/sitio\/wp-json\/wp\/v2\/types\/page"}],"author":[{"embeddable":true,"href":"https:\/\/cmfalla-caba.infd.edu.ar\/sitio\/wp-json\/wp\/v2\/users\/3337"}],"replies":[{"embeddable":true,"href":"https:\/\/cmfalla-caba.infd.edu.ar\/sitio\/wp-json\/wp\/v2\/comments?post=8837"}],"version-history":[{"count":19,"href":"https:\/\/cmfalla-caba.infd.edu.ar\/sitio\/wp-json\/wp\/v2\/pages\/8837\/revisions"}],"predecessor-version":[{"id":11738,"href":"https:\/\/cmfalla-caba.infd.edu.ar\/sitio\/wp-json\/wp\/v2\/pages\/8837\/revisions\/11738"}],"wp:attachment":[{"href":"https:\/\/cmfalla-caba.infd.edu.ar\/sitio\/wp-json\/wp\/v2\/media?parent=8837"}],"curies":[{"name":"wp","href":"https:\/\/api.w.org\/{rel}","templated":true}]}}