{"id":9402,"date":"2024-10-07T18:01:04","date_gmt":"2024-10-07T21:01:04","guid":{"rendered":"https:\/\/cmfalla-caba.infd.edu.ar\/sitio\/?page_id=9402"},"modified":"2026-02-13T10:21:29","modified_gmt":"2026-02-13T13:21:29","slug":"readmision-2025","status":"publish","type":"page","link":"https:\/\/cmfalla-caba.infd.edu.ar\/sitio\/readmision-2025\/","title":{"rendered":"Readmisi\u00f3n 2026"},"content":{"rendered":"\n<div class=\"wp-block-group has-medium-font-size is-layout-constrained\"><div class=\"wp-block-group__inner-container\">\n<div class=\"wp-block-file\"><a id=\"wp-block-file--media-a6de2f35-dfcc-42b4-bd99-6aceedb748ad\" href=\"https:\/\/cmfalla-caba.infd.edu.ar\/sitio\/wp-content\/uploads\/2025\/08\/Solicitud-de-readmision-2025.pdf\">Solicitud-de-readmision-2025<\/a><a href=\"https:\/\/cmfalla-caba.infd.edu.ar\/sitio\/wp-content\/uploads\/2025\/08\/Solicitud-de-readmision-2025.pdf\" class=\"wp-block-file__button wp-element-button\" download aria-describedby=\"wp-block-file--media-a6de2f35-dfcc-42b4-bd99-6aceedb748ad\">Descarga<\/a><\/div>\n\n\n\n<div style=\"background-color: #f0f9ff; padding: 1em; border-left: 4px solid #2196f3; margin-bottom: 1.5em;\">\n      <strong>Horario de recepci\u00f3n para la entrega de documentaci\u00f3n de readmisi\u00f3n:<\/strong><br>\n    * Lunes, mi\u00e9rcoles y viernes: de 9:00 a 15:30 hs.<br>\n    * Martes y jueves: de 12:00 a 20:00 hs.<br>\n      <em>Sede central, Gallo 238<\/em><br>\n      <a href=\"mailto:mesadeentradasCSMMF@buenosaires.gob.ar\">mesadeentradasCSMMF@buenosaires.gob.ar<\/a>\n      <strong>Prof. Andrea Zavaroni<\/strong><br>\n    <\/div>\n\n\n\n<div style=\"background-color: #e8f5e9; padding: 1em; border-left: 4px solid #4caf50; margin-bottom: 1em;\">\n      <strong>Per\u00edodo habilitado:<\/strong> del <strong>15 de septiembre<\/strong> al <strong>21 de octubre de 2025<\/strong>. \n    <\/div>\n<\/div><\/div>\n\n\n\n<p><strong>Readmisi\u00f3n<\/strong><\/p>\n\n\n\n<p>Los\/as estudiantes que han perdido la condici\u00f3n de estudiante regular del CSMMF podr\u00e1n reinscribirse en la carrera, invocando causa justificada.&nbsp;<\/p>\n\n\n\n<p>Se establecen dos modalidades de readmisi\u00f3n en funci\u00f3n del tiempo transcurrido desde el momento en que dejaron de ser estudiantes regulares:<\/p>\n\n\n\n<p>Estudiantes que perdieron la regularidad en la carrera <strong>hasta 2 (dos) a\u00f1os<\/strong>, deben:<\/p>\n\n\n\n<ul>\n<li>Completar el formulario correspondiente y enviarlo por correo electr\u00f3nico a Mesa de Entradas (<a href=\"mailto:mesadeentradasCSMMF@buenosaires.gob.ar\">mesadeentradasCSMMF@buenosaires.gob.ar<\/a>)<\/li>\n<\/ul>\n\n\n\n<p>Dicho formulario ser\u00e1 recepcionado y se deber\u00e1 aguardar el correo de aceptaci\u00f3n para proceder con la matriculaci\u00f3n, conforme al calendario acad\u00e9mico.<\/p>\n\n\n\n<p>Estudiantes que perdieron la regularidad en la carrera <strong>m\u00e1s de 2 (dos) a\u00f1os<\/strong>, deben:&nbsp;<\/p>\n\n\n\n<ul>\n<li>Completar el formulario correspondiente y enviarlo por correo electr\u00f3nico a Mesa de Entradas (<a href=\"mailto:mesadeentradasCSMMF@buenosaires.gob.ar\">mesadeentradasCSMMF@buenosaires.gob.ar<\/a>) para iniciar el tr\u00e1mite administrativo.&nbsp;<\/li>\n\n\n\n<li>Presentarse de manera presencial en el per\u00edodo de inscripci\u00f3n a ex\u00e1menes (<strong>del 27\/10 al 1\/11<\/strong>, sin excepci\u00f3n) en la sede en la que realizar\u00e1n el examen de readmisi\u00f3n. Deben llevar una copia del formulario completo impreso para constatar la solicitud y cada Regencia asignar\u00e1 una mesa de examen (d\u00eda, fecha, hora).<\/li>\n\n\n\n<li>Rendir un examen correspondiente al \u00faltimo espacio curricular troncal aprobado en la instituci\u00f3n. El d\u00eda del examen deber\u00e1n presentar nuevamente el formulario. La mesa integradora evaluar\u00e1 y decidir\u00e1 la readmisi\u00f3n a la carrera o reubicaci\u00f3n al espacio curricular troncal.&nbsp;&nbsp;&nbsp;<\/li>\n<\/ul>\n\n\n\n<p><strong>En todos los casos, se aclara que la presentaci\u00f3n y recepci\u00f3n del formulario no implica la readmisi\u00f3n formal, y que la reasignaci\u00f3n de la vacante estar\u00e1 supeditada a la matriculaci\u00f3n de estudiantes regulares.&nbsp;<\/strong><\/p>\n\n\n\n<figure class=\"wp-block-image size-large\"><img decoding=\"async\" loading=\"lazy\" width=\"1241\" height=\"1900\" src=\"https:\/\/cmfalla-caba.infd.edu.ar\/sitio\/wp-content\/uploads\/2025\/08\/Solicitud-de-readmision-2025-1241x1900.jpg\" alt=\"\" class=\"wp-image-10568\" srcset=\"https:\/\/cmfalla-caba.infd.edu.ar\/sitio\/wp-content\/uploads\/2025\/08\/Solicitud-de-readmision-2025-1241x1900.jpg 1241w, https:\/\/cmfalla-caba.infd.edu.ar\/sitio\/wp-content\/uploads\/2025\/08\/Solicitud-de-readmision-2025-653x1000.jpg 653w, https:\/\/cmfalla-caba.infd.edu.ar\/sitio\/wp-content\/uploads\/2025\/08\/Solicitud-de-readmision-2025-768x1175.jpg 768w, https:\/\/cmfalla-caba.infd.edu.ar\/sitio\/wp-content\/uploads\/2025\/08\/Solicitud-de-readmision-2025-1004x1536.jpg 1004w, https:\/\/cmfalla-caba.infd.edu.ar\/sitio\/wp-content\/uploads\/2025\/08\/Solicitud-de-readmision-2025-1338x2048.jpg 1338w, https:\/\/cmfalla-caba.infd.edu.ar\/sitio\/wp-content\/uploads\/2025\/08\/Solicitud-de-readmision-2025-scaled.jpg 1673w\" sizes=\"(max-width: 1241px) 100vw, 1241px\" \/><\/figure>\n\n\n\n<p><\/p>\n","protected":false},"excerpt":{"rendered":"<p>Horario de recepci\u00f3n para la entrega de documentaci\u00f3n de readmisi\u00f3n: * Lunes, mi\u00e9rcoles y viernes: de 9:00 a 15:30 hs. * Martes y jueves: de 12:00 a 20:00 hs. Sede central, Gallo 238 mesadeentradasCSMMF@buenosaires.gob.ar Prof. Andrea Zavaroni Per\u00edodo habilitado: del 15 de septiembre al 21 de octubre de 2025. Readmisi\u00f3n Los\/as estudiantes que han perdido &#8230; <a title=\"Readmisi\u00f3n 2026\" class=\"read-more\" href=\"https:\/\/cmfalla-caba.infd.edu.ar\/sitio\/readmision-2025\/\" aria-label=\"More on Readmisi\u00f3n 2026\">[+]<\/a><\/p>\n","protected":false},"author":3337,"featured_media":0,"parent":0,"menu_order":0,"comment_status":"closed","ping_status":"closed","template":"","meta":[],"acf":[],"_links":{"self":[{"href":"https:\/\/cmfalla-caba.infd.edu.ar\/sitio\/wp-json\/wp\/v2\/pages\/9402"}],"collection":[{"href":"https:\/\/cmfalla-caba.infd.edu.ar\/sitio\/wp-json\/wp\/v2\/pages"}],"about":[{"href":"https:\/\/cmfalla-caba.infd.edu.ar\/sitio\/wp-json\/wp\/v2\/types\/page"}],"author":[{"embeddable":true,"href":"https:\/\/cmfalla-caba.infd.edu.ar\/sitio\/wp-json\/wp\/v2\/users\/3337"}],"replies":[{"embeddable":true,"href":"https:\/\/cmfalla-caba.infd.edu.ar\/sitio\/wp-json\/wp\/v2\/comments?post=9402"}],"version-history":[{"count":20,"href":"https:\/\/cmfalla-caba.infd.edu.ar\/sitio\/wp-json\/wp\/v2\/pages\/9402\/revisions"}],"predecessor-version":[{"id":11286,"href":"https:\/\/cmfalla-caba.infd.edu.ar\/sitio\/wp-json\/wp\/v2\/pages\/9402\/revisions\/11286"}],"wp:attachment":[{"href":"https:\/\/cmfalla-caba.infd.edu.ar\/sitio\/wp-json\/wp\/v2\/media?parent=9402"}],"curies":[{"name":"wp","href":"https:\/\/api.w.org\/{rel}","templated":true}]}}