{"id":9884,"date":"2025-02-28T16:37:01","date_gmt":"2025-02-28T19:37:01","guid":{"rendered":"https:\/\/cmfalla-caba.infd.edu.ar\/sitio\/?page_id=9884"},"modified":"2026-04-16T10:57:17","modified_gmt":"2026-04-16T13:57:17","slug":"matriculacion-nivel-basico","status":"publish","type":"page","link":"https:\/\/cmfalla-caba.infd.edu.ar\/sitio\/matriculacion-nivel-basico\/","title":{"rendered":"Matriculaci\u00f3n 2026 &#8211; Nivel B\u00e1sico"},"content":{"rendered":"\n<div class=\"wp-block-columns is-layout-flex wp-container-2\">\n<div class=\"wp-block-column is-layout-flow\"><\/div>\n<\/div>\n\n\n\n<p><em>*Leer hasta el final (inclu\u00eddas las im\u00e1genes)<\/em><\/p>\n\n\n\n<p class=\"has-large-font-size\"><strong><u>ESTUDIANT<\/u><\/strong><strong><u>ES DE&nbsp;PREGRADO 2, PREGRADO 1, INICIACI\u00d3N 2<\/u>:<\/strong><\/p>\n\n\n\n<p><strong>Paso 1:&nbsp;<\/strong><\/p>\n\n\n\n<p>Para matricularte&nbsp;<strong>ONLINE<\/strong>&nbsp;ten\u00e9s que ingresar al siguiente link:<\/p>\n\n\n\n<p><a href=\"https:\/\/www.dgeart.com\/loginfalla.php\">https:\/\/www.dgeart.com\/loginfalla.php<\/a><\/p>\n\n\n\n<p>Pon\u00e9s tu DNI y en el PIN repet\u00eds tu DNI<\/p>\n\n\n\n<p>(el link estar\u00e1 habilitado&nbsp;<strong><u>a partir del 20 de marzo<\/u><\/strong>)<\/p>\n\n\n\n<p><strong>Paso 2:<\/strong><\/p>\n\n\n\n<p>Ten\u00e9s que&nbsp;matricularte de&nbsp;<strong>manera PRESENCIAL<\/strong>&nbsp;solamente&nbsp;en&nbsp;<strong>Canto\/Instrumento<\/strong>&nbsp;en la sede que vas a cursar:<\/p>\n\n\n\n<p>Viernes 20\/3: 2\u00ba Pregrado<\/p>\n\n\n\n<p>Mi\u00e9rcoles 25\/3: 1\u00ba Pregrado<\/p>\n\n\n\n<p>Jueves 26\/3: Iniciaci\u00f3n 2<\/p>\n\n\n\n<p>S\u00e1bado 28\/3: Solo quienes cursan el d\u00eda s\u00e1bado (todos los a\u00f1os)&nbsp;<\/p>\n\n\n\n<p class=\"has-large-font-size\"><strong><u>ESTUDIANT<\/u><\/strong><strong><u>ES DE INICIACI\u00d3N 1<\/u>&nbsp;(Ingresantes al Nivel B\u00e1sico)<\/strong><\/p>\n\n\n\n<p>La matriculaci\u00f3n se realizar\u00e1 de manera PRESENCIAL en todos los espacios curriculares en la sede asignada por cada coordinador\/a para cursar Instrumento\/Canto.<\/p>\n\n\n\n<p>Viernes 27\/3<\/p>\n\n\n\n<p>S\u00e1bado 28\/3 (Solo quienes cursan el d\u00eda s\u00e1bado)<\/p>\n\n\n\n<p>Lunes 30\/3<\/p>\n\n\n\n<p><\/p>\n\n\n\n<p><\/p>\n\n\n\n<p class=\"has-medium-font-size\"><em>Posteriormente a la matriculaci\u00f3n<\/em><\/p>\n\n\n\n<p class=\"has-large-font-size\"><strong>Entrega f\u00edsica en folio:<\/strong><br>Del 15 al 24 de abril de 11 a 19 hs<\/p>\n\n\n\n<p class=\"has-medium-font-size\">*<em>S\u00e1bado 18 de abril solo de 10 a 13 hs \/ 14 a 17 hs<\/em><br>Mesa de entradas, Sede Central (Gallo 238, 2do piso)<\/p>\n\n\n\n<p>\u2022 Constancia de inscripci\u00f3n del Siu Guaran\u00ed<br>\u2022 Ficha de salud <em>(mayores o menores de edad seg\u00fan corresponda)<\/em><br>\u2022 Fotocopia del DNI<br>\u2022 T\u00edtulo secundario <em>(si se posee)<\/em> o Constancia de t\u00edtulo en tr\u00e1mite<br>\u2022 En el caso de seguir cursando en la secundaria, traer constancia de alumno\/a regular<\/p>\n\n\n\n<p><\/p>\n\n\n\n<p><\/p>\n\n\n\n<div class=\"wp-block-columns is-layout-flex wp-container-5\">\n<div class=\"wp-block-column is-layout-flow\"><\/div>\n\n\n\n<div class=\"wp-block-column is-layout-flow\"><\/div>\n<\/div>\n","protected":false},"excerpt":{"rendered":"<p>*Leer hasta el final (inclu\u00eddas las im\u00e1genes) ESTUDIANTES DE&nbsp;PREGRADO 2, PREGRADO 1, INICIACI\u00d3N 2: Paso 1:&nbsp; Para matricularte&nbsp;ONLINE&nbsp;ten\u00e9s que ingresar al siguiente link: https:\/\/www.dgeart.com\/loginfalla.php Pon\u00e9s tu DNI y en el PIN repet\u00eds tu DNI (el link estar\u00e1 habilitado&nbsp;a partir del 20 de marzo) Paso 2: Ten\u00e9s que&nbsp;matricularte de&nbsp;manera PRESENCIAL&nbsp;solamente&nbsp;en&nbsp;Canto\/Instrumento&nbsp;en la sede que vas a cursar: &#8230; <a title=\"Matriculaci\u00f3n 2026 &#8211; Nivel B\u00e1sico\" class=\"read-more\" href=\"https:\/\/cmfalla-caba.infd.edu.ar\/sitio\/matriculacion-nivel-basico\/\" aria-label=\"More on Matriculaci\u00f3n 2026 &#8211; Nivel B\u00e1sico\">[+]<\/a><\/p>\n","protected":false},"author":3337,"featured_media":0,"parent":0,"menu_order":0,"comment_status":"closed","ping_status":"closed","template":"","meta":[],"acf":[],"_links":{"self":[{"href":"https:\/\/cmfalla-caba.infd.edu.ar\/sitio\/wp-json\/wp\/v2\/pages\/9884"}],"collection":[{"href":"https:\/\/cmfalla-caba.infd.edu.ar\/sitio\/wp-json\/wp\/v2\/pages"}],"about":[{"href":"https:\/\/cmfalla-caba.infd.edu.ar\/sitio\/wp-json\/wp\/v2\/types\/page"}],"author":[{"embeddable":true,"href":"https:\/\/cmfalla-caba.infd.edu.ar\/sitio\/wp-json\/wp\/v2\/users\/3337"}],"replies":[{"embeddable":true,"href":"https:\/\/cmfalla-caba.infd.edu.ar\/sitio\/wp-json\/wp\/v2\/comments?post=9884"}],"version-history":[{"count":22,"href":"https:\/\/cmfalla-caba.infd.edu.ar\/sitio\/wp-json\/wp\/v2\/pages\/9884\/revisions"}],"predecessor-version":[{"id":11767,"href":"https:\/\/cmfalla-caba.infd.edu.ar\/sitio\/wp-json\/wp\/v2\/pages\/9884\/revisions\/11767"}],"wp:attachment":[{"href":"https:\/\/cmfalla-caba.infd.edu.ar\/sitio\/wp-json\/wp\/v2\/media?parent=9884"}],"curies":[{"name":"wp","href":"https:\/\/api.w.org\/{rel}","templated":true}]}}